{"id":9596,"date":"2025-08-24T20:40:39","date_gmt":"2025-08-24T20:40:39","guid":{"rendered":"https:\/\/hubertpietka.bialystok.pl\/?page_id=9596"},"modified":"2025-08-24T20:40:39","modified_gmt":"2025-08-24T20:40:39","slug":"bandycie-bestie-podle-ciagle-obludnie-oblednie-daza-do-szatanskich-zbrodni","status":"publish","type":"page","link":"https:\/\/hubertpietka.bialystok.pl\/?page_id=9596","title":{"rendered":"Bandycie bestie pod\u0142e \/ ci\u0105gle ob\u0142udnie ob\u0142\u0119dnie d\u0105\u017c\u0105 &#8211; do szata\u0144skich zbrodni"},"content":{"rendered":"\n<p>Nawet je\u015bli ona by si\u0119<br>Mnie wyrzek\u0142a m\u00f3wi\u0142a wszystko tak<br>Przeciwko mnie to ja<br>Si\u0119 jej nie wyrzekn\u0119<br>\u0141ajdacy bestialscy bandyccy<br>Je\u015bli j\u0105 cokolwiek z\u0142ego spotka<br>I jakkolwiek jakkolwiek powiedzia\u0142em \u0142ajdacy<br>Zap\u0142aci za wasze bestialskie \u0142ajdactwa<br>Ten ca\u0142y \u015bwiat<br>Na takiej te\u017c zasadzie<br>\u017be B\u00f3g nigdy nie wyrzeka<br>Si\u0119 Mu wiernych<br>\u017be Sam Sobie nie mo\u017ce<br>On \u0142ajdacy szata\u0144scy wszelacy zaprzeczy\u0107<br>I wed\u0142ug postanowie\u0144 odwiecznych Bo\u017cych<br>\u017be tak mam post\u0105pi\u0107<br>W walce z ob\u0142ud\u0105 pod\u0142\u0105<br>Tego ca\u0142ego \u0142ajdacko bydlackiego bandyctwa<br>Na zasadzie \u015bwiadectwa wierno\u015bci<br>Przysi\u0119dze ma\u0142\u017ce\u0144stwa w obliczu wszelkiego<br>Ob\u0142\u0119dnego bestialstwa kt\u00f3re nie mo\u017ce<br>Zazna\u0107 \u0142ajdackiego spokoju dop\u00f3ki<br>Nie sfinalizuje zbrodni szata\u0144skich swoich<\/p>\n\n\n\n<p>I to nawet je\u015bli<br>Ona czy ktokolwiek nie widzi<br>\u017be od kilku lat codziennie<br>Oddaj\u0119 za ni\u0105 swoje \u017cycie<br>Wed\u0142ug przykazania Jezusowego<br>&#8222;\u017be nie ma wi\u0119kszej mi\u0142o\u015bci&#8221;<br>Ni\u017c w\u0142a\u015bnie to<br>Tak\u017ce \u0142ajdacy szata\u0144scy bandyci bestialscy<br>Spr\u00f3bujcie tylko to zobaczycie<br>Wy wszelkie bestie<br>Jak \u015bwiat si\u0119 sko\u0144czy<br>I jaka jest kar\u0105 Bo\u017ca<br>Za szata\u0144skie \u0142ajdackie bestialskie zbrodnie<br>Zreszt\u0105 wszelkie najpierw do niej<br>Ale tak\u017ce wobec nas wszystkich<br>Naszych i naszego<br>My\u015blicie bydlacy \u017ce mo\u017cecie wszystko<br>Bo dysponujecie \u0142ajdack\u0105 wszelk\u0105 przemoc\u0105<br>B\u00f3g was bestie bydlackie<br>Mo\u017ce zdmuchn\u0105\u0107 w jednym momencie<br>Cho\u0107by w tej formie<br>Zap\u0142aty za wszelkie ob\u0142udne k\u0142amstwa<br>I ob\u0142\u0119dne bestialsko zbrodnie bandyckie<\/p>\n\n\n\n<p>Koniec kropka powiedzia\u0142em<br>I to si\u0119 nie zmieni<br>Na przek\u00f3r waszym \u0142ajdackim ob\u0142udnym<br>Wszelkim k\u0142amstwom i zbrodniczym po\u017c\u0105daniom<br>Nie ma w tym \u015bwiecie<br>Chyba wi\u0119kszych bestii ni\u017c te<br>Kt\u00f3re ci\u0105gle ob\u0142\u0119dnie ob\u0142udnie k\u0142amliwie<br>D\u0105\u017c\u0105 do realizacji zbrodni szata\u0144skich<br>Skoro szatan jest besti\u0105 najwi\u0119ksz\u0105<br>To oni s\u0105 te pomniejsze<br>Kt\u00f3re zreszt\u0105 pod\u0142ug niego wszystko<\/p>\n\n\n\n<figure class=\"wp-block-gallery has-nested-images columns-default is-cropped wp-block-gallery-1 is-layout-flex wp-block-gallery-is-layout-flex\">\n<figure class=\"wp-block-image size-large\"><a href=\"https:\/\/hubertpietka.bialystok.pl\/wp-content\/uploads\/2025\/08\/1000020618.jpg\"><img loading=\"lazy\" decoding=\"async\" width=\"1024\" height=\"771\" data-id=\"9597\" src=\"https:\/\/hubertpietka.bialystok.pl\/wp-content\/uploads\/2025\/08\/1000020618-1024x771.jpg\" alt=\"\" class=\"wp-image-9597\" srcset=\"https:\/\/hubertpietka.bialystok.pl\/wp-content\/uploads\/2025\/08\/1000020618-1024x771.jpg 1024w, https:\/\/hubertpietka.bialystok.pl\/wp-content\/uploads\/2025\/08\/1000020618-300x226.jpg 300w, https:\/\/hubertpietka.bialystok.pl\/wp-content\/uploads\/2025\/08\/1000020618-768x578.jpg 768w, https:\/\/hubertpietka.bialystok.pl\/wp-content\/uploads\/2025\/08\/1000020618-1536x1157.jpg 1536w, https:\/\/hubertpietka.bialystok.pl\/wp-content\/uploads\/2025\/08\/1000020618.jpg 1599w\" sizes=\"auto, (max-width: 1024px) 100vw, 1024px\" \/><\/a><\/figure>\n<\/figure>\n\n\n\n<p><em>Na zdj. <strong>Jakkolwiek jej si\u0119 to stanie<\/strong><br><strong>JAKKOLWIEK powiedzia\u0142em<\/strong><br>Czy nam naszemu i naszym<br>Ca\u0142y \u015bwiat zap\u0142aci za bandyckie<br>Ob\u0142\u0119dnie szata\u0144skie zbrodni po\u017c\u0105dania<br>Tych \u0142ajdak\u00f3w najpodlejszych z pod\u0142ych<br>Powiedzia\u0142em<br>Bo tak si\u0119 Bogu spodoba\u0142o<br>To Jego bestie bandyckie postanowienie<br>Nie moje bynajmniej lecz Boga<br>Tak jak wasze bestialstwa<br>S\u0105 analogicznie pod\u0142ug szatana<br>I jego ob\u0142udnych klamstw<br>Tak te\u017c ta Bo\u017ca prawda<br>Wspomagaj Panie ave Maria<br>Amen<\/em><\/p>\n\n\n\n<p><strong><em>I nawet je\u015bli czasem<br>Si\u0119 do siebie ty\u0142em odwracamy<br>To w niczym \u0142ajdaccy ob\u0142udnicy<br>Nie neguje przysi\u0119gi ma\u0142\u017ce\u0144skiej<br>W Bogu i wszelkich spraw<br>Pod\u0142ug Jego prawd<br>Nie wszelkich bestialskich szata\u0144skich k\u0142amstw<\/em><\/strong><\/p>\n","protected":false},"excerpt":{"rendered":"<p>Nawet je\u015bli ona by si\u0119Mnie wyrzek\u0142a m\u00f3wi\u0142a wszystko takPrzeciwko mnie to jaSi\u0119 jej nie wyrzekn\u0119\u0141ajdacy bestialscy bandyccyJe\u015bli j\u0105 cokolwiek z\u0142ego spotkaI jakkolwiek jakkolwiek powiedzia\u0142em \u0142ajdacyZap\u0142aci&hellip; <\/p>\n","protected":false},"author":1,"featured_media":0,"parent":0,"menu_order":0,"comment_status":"closed","ping_status":"closed","template":"","meta":{"footnotes":""},"class_list":["post-9596","page","type-page","status-publish","hentry"],"_links":{"self":[{"href":"https:\/\/hubertpietka.bialystok.pl\/index.php?rest_route=\/wp\/v2\/pages\/9596","targetHints":{"allow":["GET"]}}],"collection":[{"href":"https:\/\/hubertpietka.bialystok.pl\/index.php?rest_route=\/wp\/v2\/pages"}],"about":[{"href":"https:\/\/hubertpietka.bialystok.pl\/index.php?rest_route=\/wp\/v2\/types\/page"}],"author":[{"embeddable":true,"href":"https:\/\/hubertpietka.bialystok.pl\/index.php?rest_route=\/wp\/v2\/users\/1"}],"replies":[{"embeddable":true,"href":"https:\/\/hubertpietka.bialystok.pl\/index.php?rest_route=%2Fwp%2Fv2%2Fcomments&post=9596"}],"version-history":[{"count":1,"href":"https:\/\/hubertpietka.bialystok.pl\/index.php?rest_route=\/wp\/v2\/pages\/9596\/revisions"}],"predecessor-version":[{"id":9598,"href":"https:\/\/hubertpietka.bialystok.pl\/index.php?rest_route=\/wp\/v2\/pages\/9596\/revisions\/9598"}],"wp:attachment":[{"href":"https:\/\/hubertpietka.bialystok.pl\/index.php?rest_route=%2Fwp%2Fv2%2Fmedia&parent=9596"}],"curies":[{"name":"wp","href":"https:\/\/api.w.org\/{rel}","templated":true}]}}