{"id":9600,"date":"2025-08-28T08:33:03","date_gmt":"2025-08-28T08:33:03","guid":{"rendered":"https:\/\/hubertpietka.bialystok.pl\/?page_id=9600"},"modified":"2025-08-28T08:33:03","modified_gmt":"2025-08-28T08:33:03","slug":"wartosc-slowa-jako-asygnaty-znaczen-a-zamiary-obludne-bestialskie-bandytow","status":"publish","type":"page","link":"https:\/\/hubertpietka.bialystok.pl\/?page_id=9600","title":{"rendered":"Warto\u015b\u0107 s\u0142owa jako asygnaty znacze\u0144 \/ a zamiary ob\u0142udne bestialskie bandyt\u00f3w"},"content":{"rendered":"\n<p>S\u0142usznie powiedzia\u0142 Jezus przecie\u017c<br>O tych ob\u0142udnikach bandyckich<br>I im podobnych wszelkich<br>Na zasadzie paraboli faryzejskiej \u017ce<br>&#8222;Przecedzaj\u0105 komara<br>A po\u0142ykaj\u0105 wielb\u0142\u0105da&#8221;<\/p>\n\n\n\n<p>Bo cedz\u0105 \u0142ajdacy ob\u0142udni s\u0142owa<br>Byleby tylko mie\u0107<br>O co oskar\u017ca\u0107 niewinnych<br>Broni\u0105cych si\u0119 przecie\u017c przed ich<br>Wszelk\u0105 totaln\u0105 przemoc\u0105 i ob\u0142ud\u0105<br>I im podobnych<br>A to wcale im bynajmniej<br>Nie przeszkadza czyni\u0107 wszelkich zbrodni<br>Nieustannie d\u0105\u017cy\u0107 do wojny<br>Z wszelkimi niewinnymi dzie\u0107mi Bo\u017cymi<br>I do zbrodni na nich<\/p>\n\n\n\n<p>I dalej to nie znaczy<br>\u017be ich wsp\u00f3\u0142pracownicy pope\u0142niaj\u0105 zawsze<br>Zbrodnie takie jak ci bandyci<br>Ale poprzez wsp\u00f3lnot\u0119 \u0142ajdack\u0105<br>W ob\u0142udzie bandyckiej<br>Staj\u0105 si\u0119 tacy jak oni<br>A nawet jak powiedzia\u0142 Jezus<br>&#8222;Czyni\u0105 takich dwakro\u0107 bardziej<br>Winnymi piek\u0142a ni\u017c oni sami&#8221;<br>W\u0142a\u015bnie poprzez \u0142ajdackie wsp\u00f3\u0142dzia\u0142anie<br>We wszelkiej ob\u0142udzie pod\u0142ej piekielnej<br>Bo ona tam ma \u017ar\u00f3d\u0142o<br>I tam te\u017c zmierza nieustannie<\/p>\n\n\n\n<p>Cho\u0107by te r\u00f3\u017cne bydlaki<br>Tam ta podwija a tu<br>Wykoleje\u0144cy szemrani zajadli czy jacy<br>Tacy bohaterowie ob\u0142udy bandyckiej<br>I pod\u0142ej przemocy bo \u0142atwo<br>Jest przecie\u017c napada\u0107 na kobiet\u0119<br>Zreszt\u0105 \u0142ajdacy bandyccy tak to<br>Rozgrywaj\u0105 wsz\u0119dzie tam cho\u0107by ta\u0142atajstwo<br>To chach\u0142ackie te\u017c tak mia\u0142o<br>Tacy bohaterowie wspaniali bandyckiej ob\u0142udy<br>Pastwi\u0107 si\u0119 nad s\u0142abszymi<br>Cho\u0107by poprzez parametry zwyk\u0142e p\u0142ci<\/p>\n\n\n\n<p>I dalej i jeszcze<br>Czy tych kt\u00f3rzy jak cho\u0107by<br>Wczoraj w nocy g\u00f3wniarzy r\u00f3\u017cnych<br>Kt\u00f3rzy oczywi\u015bcie na m\u0142yn bandycki<br>By ci mieli o co oskar\u017ca\u0107 niewinnych<br>Si\u0119 tu ustawili ko\u0142o rod\u00f3wki<br>By prowokowa\u0107 psy do szczekania<br>Przez dwie godziny czy cho\u0107by<br>Takich g\u00f3wniarzy \u0142ajdackich nie mo\u017cna<br>Nazwa\u0107 *<strong>zasra\u0144cami<\/strong>* je\u015bli s\u0105 oni<br>*<strong>Zasta\u0144cami<\/strong>* w z\u0142u w prowokacji<br>Na ten m\u0142yn oskar\u017ce\u0144 bandyckich<br>A przecie\u017c te s\u0142owa \u015bci\u0105gni\u0119ciem<br>By\u0107 j\u0119zykowym mog\u0105 to zwyk\u0142y<br>Zabieg jest gramatyczny i fonetyczny<br>O \u0142ajdacy bandyccy<br>Zreszt\u0105 wszystkich kt\u00f3rzy tak w\u0142a\u015bnie<br>W z\u0142u si\u0119 ob\u0142udnym zastali<br>Mo\u017cna tak nazwa\u0107 *<strong>zasta\u0144cami &#8211; zasra\u0144cam<\/strong><em>i<\/em>*<br>Bo przy okazji innych obsrywaj\u0105<br>Pod\u0142ug ob\u0142udy bandyckiej i przemocy<br>Tak\u017ce pod\u0142ug warto\u015bci asygnaty s\u0142\u00f3w<br>Czyli znacze\u0144 im te\u017c przydanych<br>Tak mo\u017cna nazywa\u0107 cho\u0107by takich<br>I wszelkich w z\u0142u ob\u0142udnym<br>Zatwardzia\u0142ych i z nim kolaboruj\u0105cych<\/p>\n\n\n\n<p class=\"has-text-align-right\"><em>Nie dla dzieci\u00f3w! <\/em> &#8211;<\/p>\n\n\n\n<p class=\"has-text-align-right\">( <strong><em><a href=\"https:\/\/youtu.be\/bFxDJ2rAIHs\">T.Love &#8211; Szara m\u0142odzie\u017c <\/a><\/em><\/strong> )<\/p>\n\n\n\n<p><em>Dzi\u015b \u015bw. *<strong>Her-mes<\/strong>* wspominany jest<br>Ja jej *<strong>her mi\u015b<\/strong>*<br>A ona moja *<strong>miss<\/strong>*<br>Na zasadzie serca wybrania<br>I w sakramencie bezwarunkowego potwierdzenia<br>Innej \u0142ajdacy bandyccy i wszelcy<br>Bynajmniej nie b\u0119dzie<br>Zreszt\u0105 nie b\u0119dzie nic<br>Je\u015bli ci osi\u0105gn\u0105 swe bestialstwa<br>Ich \u0142ajdacki i ob\u0142udy szczyt<br>Ani mi Ani<br>Z nami naszymi i naszym<br>I niech spadaj\u0105 wszelcy ob\u0142udnicy<br>W \u0142ajdactwach bandyckich wsp\u00f3\u0142udzia\u0142 maj\u0105cy<br>Wszystko jedno zawodowi prywatni s\u0142u\u017cbowi<\/em><\/p>\n\n\n\n<figure class=\"wp-block-gallery has-nested-images columns-default is-cropped wp-block-gallery-1 is-layout-flex wp-block-gallery-is-layout-flex\">\n<figure class=\"wp-block-image size-large\"><a href=\"https:\/\/hubertpietka.bialystok.pl\/wp-content\/uploads\/2025\/08\/1000021436.jpg\"><img loading=\"lazy\" decoding=\"async\" width=\"771\" height=\"1024\" data-id=\"9601\" src=\"https:\/\/hubertpietka.bialystok.pl\/wp-content\/uploads\/2025\/08\/1000021436-771x1024.jpg\" alt=\"\" class=\"wp-image-9601\" srcset=\"https:\/\/hubertpietka.bialystok.pl\/wp-content\/uploads\/2025\/08\/1000021436-771x1024.jpg 771w, https:\/\/hubertpietka.bialystok.pl\/wp-content\/uploads\/2025\/08\/1000021436-226x300.jpg 226w, https:\/\/hubertpietka.bialystok.pl\/wp-content\/uploads\/2025\/08\/1000021436-768x1021.jpg 768w, https:\/\/hubertpietka.bialystok.pl\/wp-content\/uploads\/2025\/08\/1000021436-1156x1536.jpg 1156w, https:\/\/hubertpietka.bialystok.pl\/wp-content\/uploads\/2025\/08\/1000021436.jpg 1204w\" sizes=\"auto, (max-width: 771px) 100vw, 771px\" \/><\/a><\/figure>\n<\/figure>\n\n\n\n<p><strong>Na zdj. Maryja czysto\u015bci w Bogu symbol<br>&#8222;Dla czystego wszystko jest czyste<br>A dla brudnych z\u0142em analogicznie&#8221;<br>M\u00f3wi S\u0142owo Bo\u017ce<br>Bo ci oskar\u017caj\u0105 za s\u0142owa<br>Kt\u00f3re mo\u017ce czasem i mocne<br>Ale s\u0105 tylko obron\u0105 zwyk\u0142\u0105<br>Przed bandyck\u0105 przemoc\u0105 i ob\u0142ud\u0105<br>A przecie\u017c dla nich<br>Skala\u0107 niewinno\u015b\u0107 trzeba zawsze<br>Po to by m\u00f3c<br>Spe\u0142nia\u0107 swe po\u017c\u0105dania zbrodni szata\u0144skich<br>Czy nie widzicie tu niewsp\u00f3\u0142mierno\u015bci<br>W tych wszelkich oskar\u017ceniach \u0142ajdackich<br>I d\u0105\u017ceniach do zbrodni<br>Na wszelkich niewinnych<br>Tych tak\u017ce wobec tego w\u0142a\u015bnie<br>Nominalnie bestii bandyckich<br>I im podobnych wszelakich<br>W realizacji ob\u0142udy pod\u0142ej zamierze\u0144<br>Je\u017ce ufam Tobie<br>Na przek\u00f3r wszelkiej ob\u0142udy pod\u0142ej<br>Ave Maryja wobec przemocy bandyckiej<\/strong><\/p>\n","protected":false},"excerpt":{"rendered":"<p>S\u0142usznie powiedzia\u0142 Jezus przecie\u017cO tych ob\u0142udnikach bandyckichI im podobnych wszelkichNa zasadzie paraboli faryzejskiej \u017ce&#8222;Przecedzaj\u0105 komaraA po\u0142ykaj\u0105 wielb\u0142\u0105da&#8221; Bo cedz\u0105 \u0142ajdacy ob\u0142udni s\u0142owaByleby tylko mie\u0107O co&hellip; <\/p>\n","protected":false},"author":1,"featured_media":0,"parent":0,"menu_order":0,"comment_status":"closed","ping_status":"closed","template":"","meta":{"footnotes":""},"class_list":["post-9600","page","type-page","status-publish","hentry"],"_links":{"self":[{"href":"https:\/\/hubertpietka.bialystok.pl\/index.php?rest_route=\/wp\/v2\/pages\/9600","targetHints":{"allow":["GET"]}}],"collection":[{"href":"https:\/\/hubertpietka.bialystok.pl\/index.php?rest_route=\/wp\/v2\/pages"}],"about":[{"href":"https:\/\/hubertpietka.bialystok.pl\/index.php?rest_route=\/wp\/v2\/types\/page"}],"author":[{"embeddable":true,"href":"https:\/\/hubertpietka.bialystok.pl\/index.php?rest_route=\/wp\/v2\/users\/1"}],"replies":[{"embeddable":true,"href":"https:\/\/hubertpietka.bialystok.pl\/index.php?rest_route=%2Fwp%2Fv2%2Fcomments&post=9600"}],"version-history":[{"count":1,"href":"https:\/\/hubertpietka.bialystok.pl\/index.php?rest_route=\/wp\/v2\/pages\/9600\/revisions"}],"predecessor-version":[{"id":9602,"href":"https:\/\/hubertpietka.bialystok.pl\/index.php?rest_route=\/wp\/v2\/pages\/9600\/revisions\/9602"}],"wp:attachment":[{"href":"https:\/\/hubertpietka.bialystok.pl\/index.php?rest_route=%2Fwp%2Fv2%2Fmedia&parent=9600"}],"curies":[{"name":"wp","href":"https:\/\/api.w.org\/{rel}","templated":true}]}}