{"id":9605,"date":"2025-08-30T19:54:51","date_gmt":"2025-08-30T19:54:51","guid":{"rendered":"https:\/\/hubertpietka.bialystok.pl\/?page_id=9605"},"modified":"2025-08-30T19:54:51","modified_gmt":"2025-08-30T19:54:51","slug":"lewackie-wszelkie-bestie-w-zbrodniczym-postepowaniu-ku-antywartosciom-ideologicznym-szatanskim-wszelkich-cywilizacji-smierci","status":"publish","type":"page","link":"https:\/\/hubertpietka.bialystok.pl\/?page_id=9605","title":{"rendered":"Lewackie wszelkie bestie \/ w zbrodniczym post\u0119powaniu &#8211; ku antywarto\u015bciom ideologicznym szata\u0144skim \/ wszelkich cywilizacji \u015bmierci"},"content":{"rendered":"\n<p>1.<br>Nie do\u015b\u0107 \u017ce mordercy<br>Bo byle tylko zabi\u0107 \u017con\u0119<br>Te zwierz\u0119ta mnie przy okazji<br>Bliskich i innych niewinnych<br>Nie do\u015b\u0107 \u017ce napastnicy<br>Bo byle tylko nasy\u0142a\u0107 r\u00f3\u017cnych<br>\u0141ajdak\u00f3w bydlackich zawodowych prywatnych s\u0142u\u017cbowych<br>Na nas razem czy osobno<br>Tacy bohaterowie bestialscy \u017ce lubi\u0105<br>Te\u017c na kobiet\u0119 napa\u015bci bandyci<br>Nie do\u015b\u0107 \u017ce siewcy zniszczenia<br>Bo byle tylko uderza\u0107<br>W nasze miejsca samochody dobra<br>To jeszcze zwykli prostaccy z\u0142odzieje<br>Bo ju\u017c chyba i<br>Po raz trzeci kilkuset z\u0142otych<br>Znika mi z konta<br>\u017be o drobnych sumkach<br>Nawet nie wspomn\u0119<br>Takie to s\u0105 bestie bandyckie<br>Mordercy napastnicy niszczyciele i<br>Prostaccy z\u0142odzieje perfidia i ob\u0142uda<br>Totalna ich cechuje bardzo prostacka<br>Ich i im podobnych wszelkich<br>To jak\u017ce\u017c to nie s\u0105<br>Szata\u0144skie wymiernie bestie<br>Podl\u0105ce si\u0119 i \u0142ajdacz\u0105ce<br>W tym wszystkim co wymieni\u0142em<br>Bo byle tylko<br>W nas naszych i nasze<br>Uderza\u0107 \u0142ajdacko<br>Przez takich czy innych<br>W taki czy inny spos\u00f3b<br>Bestie wymiernie prostackie i szata\u0144skie<br>Z\u0142odzieje mordercy napastnicy<br>Taka to bandycka bestialska elita<br>Ci lepsi w szata\u0144stwach wszelkich<\/p>\n\n\n\n<p>2.<br>Czyli jedna ze sta\u0142ych strategii<br>Bestii bandyckich to w naszym<br>Wsz\u0119dzie s\u0105siedztwie zainstalowa\u0107 odpowiednich \u0142ajdak\u00f3w<br>Kt\u00f3rzy b\u0119d\u0105 wszystko pod\u0142ug tych<br>Szata\u0144skich bandyt\u00f3w i ich bestialstw<br>Tak z t\u0105 podwij\u0105 przecie\u017c<br>Bo to by\u0142o po tych<br>Pierwocinach akcji r\u00f3\u017cnych bandyckich<br>Tak na jednej i tej<br>Drugiej te\u017c wsi zantagonizowa\u0107<br>Do nas odpowiednich<br>Tak na tamtej rod\u00f3wce<br>I przecie\u017c i na tej<br>Te\u017c trzeba zainstalowa\u0107 \u0142ajdak\u00f3w bandyckich<br>Odpowiednich po s\u0105siedzku poza tymi<br>Kt\u00f3rzy tu s\u0105 wok\u00f3\u0142 ju\u017c<br>I zreszt\u0105 ale to przecie\u017c<br>Chodzi o to s\u0105siedztwo najbli\u017csze<\/p>\n\n\n\n<p>A poza tym to<br>Przecie\u017c mo\u017cna wsz\u0119dzie i zawsze<br>R\u00f3\u017cnych na nas \u0142ajdak\u00f3w lewackich<br>Zawodowych s\u0142u\u017cbowych i prywatnych<br>Od misi\u00f3w bandyckich po jakichkolwiek<br>Tak to si\u0119 ustawili<br>\u0141ajdaccy szata\u0144scy i bestialscy bandyci<br>Z r\u00f3\u017cnymi na nas napastnikami<br>Najlepiej w s\u0105siedztwie te\u017c przecie\u017c<br>I to tym najbli\u017cszym wsz\u0119dzie<br>Totalne bestie bandyckie s\u0105 przecie\u017c<br>A to poza przecie\u017c innymi<br>Cho\u0107by \u015brodkami morderczymi r\u00f3\u017cnymi<br>Na nas naszych i nasze<br>Bestie bandyckie szata\u0144skie totalnie<\/p>\n\n\n\n<p>3.<br>To jacy tu by\u0107 maj\u0105<br>Czy tam czy gdziekolwiek zreszt\u0105<br>Bandyccy \u0142ajdacy jak znam \u017cycie<br>To tacy czy inni lewacy<br>Pieprzeni pieprzem nieprawo\u015bci bo tacy<br>Najch\u0119tniej wsp\u00f3\u0142pracuj\u0105 z bestialstwem bandyckim<br>Ich antywarto\u015bci s\u0105 tym bydlakom<br>Na r\u0119k\u0119 i wyst\u0119powanie przeciwko<br>Dzieciom Bo\u017cym w \u0142ajdactwie wszelkim<br>Pod byle pozorem zreszt\u0105<br>Takim czy innym bydlacko \u0142ajdackim<\/p>\n\n\n\n<p>4.<br>Co za r\u00f3\u017cnica bestiom bandyckim<br>Gdzie z\u0142o czyni\u0107<br>St\u0105d w\u0142a\u015bnie ich bestialstwo<br>W nienasyceniu z\u0142em szata\u0144skim<br>Byleby zabi\u0107 zniszczy\u0107 zniewoli\u0107<br>Misie \u017con\u0119 bliskich jakichkolwiek<br>Bestie w z\u0142u niesko\u0144czone<br>Jak to sprawa drugorz\u0119dna przecie\u017c<br>W naszych miejscach w ko\u015bcio\u0142ach<br>I we wszelkich innych<br>Nawet na koncercie<br>Gdzie miasto chce si\u0119 ucieszy\u0107<br>Takie \u0142ajdackie szata\u0144skie bestie<br>Byleby tylko ku z\u0142u zbrodniom<br>Bestie to wymiernie tak skoro<br>I skore ku z\u0142u zawsze<br>I im podobni w tym<br>Niesko\u0144czonym bandyckim bestialstwie<br>W szata\u0144stwie bestialstwie perfidnym \u0142ajdackim<br>Te\u017c mo\u017cna si\u0119 przecie\u017c zatraci\u0107<br>A szatan si\u0119 cieszy<br>Na pewno jest z nich<br>Z ich \u0142ajdackiego d\u0105\u017cenia<br>Do wszelkich zbrodni dumny bestialsko<br>Na pewno zas\u0142uguj\u0105 na uznanie<br>Demon\u00f3w i szatana te bestie<br>Kt\u00f3re nie mog\u0105 si\u0119 zatrzyma\u0107<br>We wszelkim z\u0142oczynieniu ob\u0142udnym perfidnie<br>Jezu ufam Tobie<br>Wbrew bestialstwu bandyckiemu niepohamowanemy<br>W zbrodniach pod\u0142ych \u0142ajdackich wszelkich<\/p>\n\n\n\n<figure class=\"wp-block-gallery has-nested-images columns-default is-cropped wp-block-gallery-1 is-layout-flex wp-block-gallery-is-layout-flex\">\n<figure class=\"wp-block-image size-large\"><a href=\"https:\/\/hubertpietka.bialystok.pl\/wp-content\/uploads\/2025\/08\/1000021998.jpg\"><img loading=\"lazy\" decoding=\"async\" width=\"1024\" height=\"771\" data-id=\"9606\" src=\"https:\/\/hubertpietka.bialystok.pl\/wp-content\/uploads\/2025\/08\/1000021998-1024x771.jpg\" alt=\"\" class=\"wp-image-9606\" srcset=\"https:\/\/hubertpietka.bialystok.pl\/wp-content\/uploads\/2025\/08\/1000021998-1024x771.jpg 1024w, https:\/\/hubertpietka.bialystok.pl\/wp-content\/uploads\/2025\/08\/1000021998-300x226.jpg 300w, https:\/\/hubertpietka.bialystok.pl\/wp-content\/uploads\/2025\/08\/1000021998-768x578.jpg 768w, https:\/\/hubertpietka.bialystok.pl\/wp-content\/uploads\/2025\/08\/1000021998-1536x1156.jpg 1536w, https:\/\/hubertpietka.bialystok.pl\/wp-content\/uploads\/2025\/08\/1000021998.jpg 1600w\" sizes=\"auto, (max-width: 1024px) 100vw, 1024px\" \/><\/a><\/figure>\n<\/figure>\n\n\n\n<p>Na zdj. Bestie w bestialstwie si\u0119 rozbestwiaj\u0105ce<br>Taka jest prawda nominalna wertykalna<br>O tych bandytach i im<br>Podobnych wszelakich w \u0142ajdactwach<br>Prywatnych zawodowych czy s\u0142u\u017cbowych<br>Wszystko jedno zreszt\u0105 o jakich<br>Zepsutych lewakach<br>*<strong>Mzuri<\/strong>* nazwa polskiej firmy<br>Bez kryptoreklamy bo to s\u0142owo<br>Z afryka\u0144skiego j\u0119zyka *<strong>dobry<\/strong>* znaczy<br>Powiem im jak Jezus<br>Tym wszystkim bandytom i \u0142ajdakom<br>Tym bestiom w zbrodniach zapami\u0119ta\u0142ym<br>&#8222;Czy na to patrzysz<br>Z\u0142ym okiem \u017ce jestem dobry&#8221;<br>Mog\u0119 da\u0107 przecie\u017c wy bestie<br>Komu co chc\u0119<\/p>\n","protected":false},"excerpt":{"rendered":"<p>1.Nie do\u015b\u0107 \u017ce mordercyBo byle tylko zabi\u0107 \u017con\u0119Te zwierz\u0119ta mnie przy okazjiBliskich i innych niewinnychNie do\u015b\u0107 \u017ce napastnicyBo byle tylko nasy\u0142a\u0107 r\u00f3\u017cnych\u0141ajdak\u00f3w bydlackich zawodowych prywatnych&hellip; <\/p>\n","protected":false},"author":1,"featured_media":0,"parent":0,"menu_order":0,"comment_status":"closed","ping_status":"closed","template":"","meta":{"footnotes":""},"class_list":["post-9605","page","type-page","status-publish","hentry"],"_links":{"self":[{"href":"https:\/\/hubertpietka.bialystok.pl\/index.php?rest_route=\/wp\/v2\/pages\/9605","targetHints":{"allow":["GET"]}}],"collection":[{"href":"https:\/\/hubertpietka.bialystok.pl\/index.php?rest_route=\/wp\/v2\/pages"}],"about":[{"href":"https:\/\/hubertpietka.bialystok.pl\/index.php?rest_route=\/wp\/v2\/types\/page"}],"author":[{"embeddable":true,"href":"https:\/\/hubertpietka.bialystok.pl\/index.php?rest_route=\/wp\/v2\/users\/1"}],"replies":[{"embeddable":true,"href":"https:\/\/hubertpietka.bialystok.pl\/index.php?rest_route=%2Fwp%2Fv2%2Fcomments&post=9605"}],"version-history":[{"count":1,"href":"https:\/\/hubertpietka.bialystok.pl\/index.php?rest_route=\/wp\/v2\/pages\/9605\/revisions"}],"predecessor-version":[{"id":9607,"href":"https:\/\/hubertpietka.bialystok.pl\/index.php?rest_route=\/wp\/v2\/pages\/9605\/revisions\/9607"}],"wp:attachment":[{"href":"https:\/\/hubertpietka.bialystok.pl\/index.php?rest_route=%2Fwp%2Fv2%2Fmedia&parent=9605"}],"curies":[{"name":"wp","href":"https:\/\/api.w.org\/{rel}","templated":true}]}}