{"id":9609,"date":"2025-09-01T08:07:19","date_gmt":"2025-09-01T08:07:19","guid":{"rendered":"https:\/\/hubertpietka.bialystok.pl\/?page_id=9609"},"modified":"2025-09-01T10:08:28","modified_gmt":"2025-09-01T10:08:28","slug":"zlodzieje-niszczyciele-mordercy-obludni-klamcy-jakzez-nie-bestie-w-szatanstwach","status":"publish","type":"page","link":"https:\/\/hubertpietka.bialystok.pl\/?page_id=9609","title":{"rendered":"Z\u0142odzieje niszczyciele mordercy ob\u0142udni k\u0142amcy \/ jak\u017ce\u017c nie bestie w szata\u0144stwach"},"content":{"rendered":"\n<p>Nie do\u015b\u0107 \u017ce mordercy napastnicy<br>I im podobni wszelcy<br>To jeszcze prostaccy z\u0142odzieje<br>Skoro kradn\u0105 nam pieni\u0105dze<br>Z banku bez s\u0142owa<br>Po raz kolejny zreszt\u0105<br>Nie mog\u0105 si\u0119 nachapa\u0107<br>Te bandyckie bestie<br>A najlepiej zabiera\u0107 przecie\u017c biednym<br>I bezbronnym kt\u00f3rzy sami<br>Przecie\u017c niewiele maj\u0105<br>Bo te bestie tak bogate<br>Nie mog\u0105 si\u0119 nachapa\u0107 jako\u015b<br>Nie do\u015b\u0107 \u017ce mordercy niszczyciele<br>Bo byle tylko te\u017c<br>Przy okazji zniszczy\u0107 nasze mienie<br>To jeszcze perfidnie ob\u0142udni z\u0142odzieje<br>Bo kradn\u0105 bez s\u0142owa bezczelnie<\/p>\n\n\n\n<p><strong><em><a href=\"https:\/\/youtu.be\/t2khdgaMBJQ\">Houk &#8211; Pieni\u0105dz <\/a><\/em><\/strong><\/p>\n\n\n\n<p>Bestie bandyckie bo mordowa\u0107 im<br>Te\u017c zawsze ma\u0142o<br>\u017bon\u0119 mnie zwierz\u0119ta nasze bliskich<br>Tyle te\u017c niewinnych ludzkich istnie\u0144<br>Bestie pod\u0142ug tych szata\u0144stw bandyckich<br>Wszelakich kt\u00f3re realizuj\u0105 po\u017c\u0105dliwie nieustannie<br>Bestie skoro nigdy im<br>Nie do\u015b\u0107 morderstw k\u0142amstw ob\u0142udnych<br>Wszelkich zbrodni zabor\u00f3w mienia zniszczenia<br>Bestie ca\u0142kowicie pod\u0142ug szatana<br>W tych istotowo si\u0142ach z\u0142a<br>Pod\u0142ug przemocy i ob\u0142udy wszechmocy<br>W ich mniemaniu<br>\u017be tak mo\u017cna z\u0142o ka\u017cde<\/p>\n\n\n\n<p>Co do \u017cony to ja<br>Jeszcze raz powt\u00f3rz\u0119 wy bestie<br>Nie b\u0119dzie innej pindzi<br>Pedzia a fuj czy dzidzi<br>Czy co tam i jeszcze<br>Powt\u00f3rz\u0119 tu raz jeszcze<br>Nic nie b\u0119dzie wy bestie<br>Bo ja na \u017cony grobie<br>Wbrew waszej ob\u0142udzie pod\u0142ej<br>Nie b\u0119d\u0119 budowa\u0142 nowego zwi\u0105zku<br>Na przek\u00f3r tym bestiom<br>Bo oni po prostu<br>Chc\u0105 niszczy\u0107 wszystko<br>Co jest z nas<br>W jakikolwiek spos\u00f3b<br>Wi\u0119c to samo by zrobili<br>Z kolejn\u0105 jakby si\u0119 okaza\u0142o<br>\u017be im nie s\u0142u\u017cy<br>Ich bestialstwom r\u00f3\u017cnym przeciwko mnie<br>I ja ju\u017c dzi\u0119ki dzia\u0142aniom<br>Wszelkim tych bandyckich bestii<br>Nie jestem w stanie zaufa\u0107<br>Nikomu tak jak \u017conie<br>Bo oni wszystko i wszystkich<br>Pr\u00f3buj\u0105 przeciwko nam wykorzystywa\u0107<br>W ka\u017cdym z\u0142u szata\u0144skim<br>Skoro nie mo\u017cna ju\u017c powiedzie\u0107<br>&#8222;Masz to jak w banku&#8221;<br>Tak u nich chyba<br>Ze z\u0142em zbrodniczym wszelkim haniebnym<br>Koniec kropka powiedzia\u0142em<br>I B\u00f3g te\u017c to powiedzia\u0142<\/p>\n\n\n\n<p>I niech spadaj\u0105 wszelcy ob\u0142udnicy<br>Ci bandyccy realizuj\u0105cy ich \u0142ajdactwa<br>I ani mi Ani<br>Z nami naszymi naszym<br>Za bestialstwa \u0142ajdackie tych bandyt\u00f3w<br>I im podobnych bydlak\u00f3w jakichkolwiek<br>Wszyscy zap\u0142ac\u0105 \u015bwiat ten ca\u0142y<\/p>\n\n\n\n<figure class=\"wp-block-gallery has-nested-images columns-default is-cropped wp-block-gallery-1 is-layout-flex wp-block-gallery-is-layout-flex\">\n<figure class=\"wp-block-image size-large\"><a href=\"https:\/\/hubertpietka.bialystok.pl\/wp-content\/uploads\/2025\/09\/1000022194.jpg\"><img loading=\"lazy\" decoding=\"async\" width=\"1024\" height=\"771\" data-id=\"9610\" src=\"https:\/\/hubertpietka.bialystok.pl\/wp-content\/uploads\/2025\/09\/1000022194-1024x771.jpg\" alt=\"\" class=\"wp-image-9610\" srcset=\"https:\/\/hubertpietka.bialystok.pl\/wp-content\/uploads\/2025\/09\/1000022194-1024x771.jpg 1024w, https:\/\/hubertpietka.bialystok.pl\/wp-content\/uploads\/2025\/09\/1000022194-300x226.jpg 300w, https:\/\/hubertpietka.bialystok.pl\/wp-content\/uploads\/2025\/09\/1000022194-768x578.jpg 768w, https:\/\/hubertpietka.bialystok.pl\/wp-content\/uploads\/2025\/09\/1000022194-1536x1156.jpg 1536w, https:\/\/hubertpietka.bialystok.pl\/wp-content\/uploads\/2025\/09\/1000022194.jpg 1600w\" sizes=\"auto, (max-width: 1024px) 100vw, 1024px\" \/><\/a><\/figure>\n<\/figure>\n\n\n\n<p><em>Na zdj. Kapliczka Maryjna przy augustowskim<br>Pa\u0142acyku na wodzie<br>Te bestie r\u00f3\u017cne chc\u0105 nieustannie<br>Uderza\u0107 w nas naszych nasze<br>Cho\u0107by w jej prac\u0119 moj\u0105<br>A grafik trzeba jej przecie\u017c<br>Tak ustawi\u0107 w tej szkole<br>By by\u0142 jak najmniej funkcjonalny<br>Wobec niej czy \u017cycia naszego<br>Te bestie przecie\u017c chc\u0105 ci\u0105gle<br>W ka\u017cd\u0105 nasz\u0105 rzeczywisto\u015b\u0107 uderza\u0107<br>Jezu ufam Tobie wbrew szata\u0144stwom<br>Wszelkim tych bestii bandyckich<br>I im podobnych w \u0142ajdactwach<br>Jakichkolwiek i zreszt\u0105 zawsze ob\u0142udnych<br>Bo to jest te\u017c wyraz<br>Bestialstwa k\u0142amliwego tych \u0142ajdackich bandyt\u00f3w<\/em><\/p>\n\n\n\n<hr class=\"wp-block-separator has-alpha-channel-opacity\"\/>\n\n\n\n<p><strong>Sprostowanie<\/strong><br>Jednak si\u0119 okaza\u0142o<br>\u017be z tymi sprawami bankowymi<br>To moje niezrozumienie<br>A raczej niedostateczne doinformowanie mnie<br>O tak zwanym automatycznym debacie<br>Kt\u00f3ry jest zale\u017cny od wp\u0142ywu<br>Tak zwanych \u015brodk\u00f3w sta\u0142ych<br>Tak \u017ce przepraszam bank<br>I tych bandyt\u00f3w za to<br>Nie mniej jednak i tak\u017ce<\/p>\n","protected":false},"excerpt":{"rendered":"<p>Nie do\u015b\u0107 \u017ce mordercy napastnicyI im podobni wszelcyTo jeszcze prostaccy z\u0142odziejeSkoro kradn\u0105 nam pieni\u0105dzeZ banku bez s\u0142owaPo raz kolejny zreszt\u0105Nie mog\u0105 si\u0119 nachapa\u0107Te bandyckie bestieA&hellip; <\/p>\n","protected":false},"author":1,"featured_media":0,"parent":0,"menu_order":0,"comment_status":"closed","ping_status":"closed","template":"","meta":{"footnotes":""},"class_list":["post-9609","page","type-page","status-publish","hentry"],"_links":{"self":[{"href":"https:\/\/hubertpietka.bialystok.pl\/index.php?rest_route=\/wp\/v2\/pages\/9609","targetHints":{"allow":["GET"]}}],"collection":[{"href":"https:\/\/hubertpietka.bialystok.pl\/index.php?rest_route=\/wp\/v2\/pages"}],"about":[{"href":"https:\/\/hubertpietka.bialystok.pl\/index.php?rest_route=\/wp\/v2\/types\/page"}],"author":[{"embeddable":true,"href":"https:\/\/hubertpietka.bialystok.pl\/index.php?rest_route=\/wp\/v2\/users\/1"}],"replies":[{"embeddable":true,"href":"https:\/\/hubertpietka.bialystok.pl\/index.php?rest_route=%2Fwp%2Fv2%2Fcomments&post=9609"}],"version-history":[{"count":2,"href":"https:\/\/hubertpietka.bialystok.pl\/index.php?rest_route=\/wp\/v2\/pages\/9609\/revisions"}],"predecessor-version":[{"id":9614,"href":"https:\/\/hubertpietka.bialystok.pl\/index.php?rest_route=\/wp\/v2\/pages\/9609\/revisions\/9614"}],"wp:attachment":[{"href":"https:\/\/hubertpietka.bialystok.pl\/index.php?rest_route=%2Fwp%2Fv2%2Fmedia&parent=9609"}],"curies":[{"name":"wp","href":"https:\/\/api.w.org\/{rel}","templated":true}]}}