{"id":9615,"date":"2025-09-01T17:07:20","date_gmt":"2025-09-01T17:07:20","guid":{"rendered":"https:\/\/hubertpietka.bialystok.pl\/?page_id=9615"},"modified":"2025-09-01T17:07:20","modified_gmt":"2025-09-01T17:07:20","slug":"w-kluczu-prawdy-bozej-w-slowie-bestie-zamykaja-sie-klamstwa-i-zbrodnie-wszelkie","status":"publish","type":"page","link":"https:\/\/hubertpietka.bialystok.pl\/?page_id=9615","title":{"rendered":"W kluczu prawdy Bo\u017cej \/ w s\u0142owie bestie zamykaj\u0105 si\u0119 \/ k\u0142amstwa i zbrodnie wszelkie"},"content":{"rendered":"\n<p>Nic dziwnego \u017ce si\u0119 burz\u0105<br>Te bandyckie bestie<br>I im podobni wszelcy<br>\u017be ich tak nazywam<br>Czyli w\u0142a\u015bnie nominalnie \u0142ajdakami bydlakami<br>Nikt nie lubi kiedy si\u0119<br>O nim \u017ale m\u00f3wi<br>A szczeg\u00f3lnie ci bandyci itp<br>Kt\u00f3rzy maj\u0105 tak wspania\u0142e zapewne<br>I niezachwiane w pysze<br>Mniemanie o sobie samych<br>A ja m\u00f3wi\u0119 tak tylko<br>Pod\u0142ug prawdy Bo\u017cej niezmiennej wymiernej<br>\u017be kto pope\u0142nia bestialstwa jest besti\u0105<br>Jak morderca jest te\u017c morderc\u0105<br>Napastnik agresorem a ob\u0142udnie czyni\u0105cy<br>Wszelcy s\u0105 najgorszymi k\u0142amcami<br>Bo udaj\u0105 co\u015b pod pozorem<br>Czego\u015b zupe\u0142nie innego<br>Udaj\u0105 niewinno\u015b\u0107 niewiedz\u0119 byleby tylko<br>Komu\u015b konkretnemu celowe z\u0142o wyrz\u0105dzi\u0107<br>Najcz\u0119\u015bciej pod\u0142ug po\u017c\u0105da\u0144 bandyckich w\u0142a\u015bnie<br>Tak naprawd\u0119 uczyni\u0107<br>Cho\u0107by znamiennym rykoszetem uderzy\u0107<br>I m\u00f3wi\u0119 tak pod\u0142ug Jezusa<br>&#8222;\u017be cho\u0107 \u017ali jeste\u015bcie<br>Umiecie dobrze czyni\u0107 swoim dzieciom&#8221;<br>Czy podobnym sobie<br>Nie wszystko w was jest<br>Z\u0142e i mo\u017ce ale bestialstwa<br>Zbrodni wszelkich i ob\u0142udnych klamstw<br>Domagaj\u0105 si\u0119 stawania w prawdzie<br>Pod\u0142ug te\u017c s\u0142usznej sprawiedliwej obrony<br>Siebie swojego i niewinnych swoich<br>Tej nienawi\u015bci z\u0142owrogiej wszelkiej szata\u0144skiej<\/p>\n\n\n\n<p><strong>I ani mi Ani bydlacy<br>Z nami naszymi i naszym<br>Wszelkie bestie szata\u0144skie i niech<br>Spadaj\u0105 si\u0119 od nas odpieprz\u0105<br>R\u00f3\u017cni tam tacy gdziekolwiek \u0142ajdacy<br>Gdzie pod\u0142ug ob\u0142udy bandyckiej wszystko<\/strong><\/p>\n\n\n\n<figure class=\"wp-block-gallery has-nested-images columns-default is-cropped wp-block-gallery-1 is-layout-flex wp-block-gallery-is-layout-flex\">\n<figure class=\"wp-block-image size-large\"><a href=\"https:\/\/hubertpietka.bialystok.pl\/wp-content\/uploads\/2025\/09\/1000022298-scaled.jpg\"><img loading=\"lazy\" decoding=\"async\" width=\"771\" height=\"1024\" data-id=\"9616\" src=\"https:\/\/hubertpietka.bialystok.pl\/wp-content\/uploads\/2025\/09\/1000022298-771x1024.jpg\" alt=\"\" class=\"wp-image-9616\" srcset=\"https:\/\/hubertpietka.bialystok.pl\/wp-content\/uploads\/2025\/09\/1000022298-771x1024.jpg 771w, https:\/\/hubertpietka.bialystok.pl\/wp-content\/uploads\/2025\/09\/1000022298-226x300.jpg 226w, https:\/\/hubertpietka.bialystok.pl\/wp-content\/uploads\/2025\/09\/1000022298-768x1020.jpg 768w, https:\/\/hubertpietka.bialystok.pl\/wp-content\/uploads\/2025\/09\/1000022298-1157x1536.jpg 1157w, https:\/\/hubertpietka.bialystok.pl\/wp-content\/uploads\/2025\/09\/1000022298-1542x2048.jpg 1542w, https:\/\/hubertpietka.bialystok.pl\/wp-content\/uploads\/2025\/09\/1000022298-scaled.jpg 1928w\" sizes=\"auto, (max-width: 771px) 100vw, 771px\" \/><\/a><\/figure>\n<\/figure>\n\n\n\n<p><em>Na zdj. Zdaj\u0119 sobie spraw\u0119 \u017ce tam<br>R\u00f3\u017cni tam tacy chcieliby mnie<br>Mo\u017ce nas rozsieka\u0107 po prostu<br>Jak \u015bw. Stanis\u0142awa z\u0142oczy\u0144cy pos\u0142ani<br>Bo przecie\u017c nas si\u0119<br>O wszystko oskar\u017ca<br>Tak\u017ce o to bestialskie z\u0142o<br>Kt\u00f3re czyni\u0105 ci \u0142ajdaccy bandyci<br>Czy kt\u00f3re chc\u0105 nieustannie czyni\u0107<br>Jakby\u015bmy to my komu\u015b z\u0142o<br>Czynili jakie\u015b a nie tylko<br>M\u00f3wili Bo\u017c\u0105 prawd\u0119 pod\u0142ug<br>Nazywania moralnego w\u0142a\u015bciwego \u017cycia paradygmat\u00f3w<br>Bestie tak w\u0142a\u015bnie<br>Skoro nie mo\u017cna nam nawet<br>Si\u0119 broni\u0107 przed zbrodni agresj\u0105<br>Po prostu \u0142ajdackie szata\u0144skie bestie<br>Bo to chc\u0105 czyni\u0107 ci\u0105gle<br>Oni i im w \u0142ajdactwie<br>Wszelkim podobni wobec nas naszego<br>Naszych i innych niewinnych tak\u017ce<\/em><\/p>\n","protected":false},"excerpt":{"rendered":"<p>Nic dziwnego \u017ce si\u0119 burz\u0105Te bandyckie bestieI im podobni wszelcy\u017be ich tak nazywamCzyli w\u0142a\u015bnie nominalnie \u0142ajdakami bydlakamiNikt nie lubi kiedy si\u0119O nim \u017ale m\u00f3wiA szczeg\u00f3lnie&hellip; <\/p>\n","protected":false},"author":1,"featured_media":0,"parent":0,"menu_order":0,"comment_status":"closed","ping_status":"closed","template":"","meta":{"footnotes":""},"class_list":["post-9615","page","type-page","status-publish","hentry"],"_links":{"self":[{"href":"https:\/\/hubertpietka.bialystok.pl\/index.php?rest_route=\/wp\/v2\/pages\/9615","targetHints":{"allow":["GET"]}}],"collection":[{"href":"https:\/\/hubertpietka.bialystok.pl\/index.php?rest_route=\/wp\/v2\/pages"}],"about":[{"href":"https:\/\/hubertpietka.bialystok.pl\/index.php?rest_route=\/wp\/v2\/types\/page"}],"author":[{"embeddable":true,"href":"https:\/\/hubertpietka.bialystok.pl\/index.php?rest_route=\/wp\/v2\/users\/1"}],"replies":[{"embeddable":true,"href":"https:\/\/hubertpietka.bialystok.pl\/index.php?rest_route=%2Fwp%2Fv2%2Fcomments&post=9615"}],"version-history":[{"count":1,"href":"https:\/\/hubertpietka.bialystok.pl\/index.php?rest_route=\/wp\/v2\/pages\/9615\/revisions"}],"predecessor-version":[{"id":9617,"href":"https:\/\/hubertpietka.bialystok.pl\/index.php?rest_route=\/wp\/v2\/pages\/9615\/revisions\/9617"}],"wp:attachment":[{"href":"https:\/\/hubertpietka.bialystok.pl\/index.php?rest_route=%2Fwp%2Fv2%2Fmedia&parent=9615"}],"curies":[{"name":"wp","href":"https:\/\/api.w.org\/{rel}","templated":true}]}}