{"id":9619,"date":"2025-09-02T09:48:03","date_gmt":"2025-09-02T09:48:03","guid":{"rendered":"https:\/\/hubertpietka.bialystok.pl\/?page_id=9619"},"modified":"2025-09-02T09:48:03","modified_gmt":"2025-09-02T09:48:03","slug":"oaze-tu-zniszczyc-otworzyc-wrota-dla-bandyckiego-piekla","status":"publish","type":"page","link":"https:\/\/hubertpietka.bialystok.pl\/?page_id=9619","title":{"rendered":"Oaz\u0119 tu zniszczy\u0107 \/ otworzy\u0107 wrota &#8211; dla bandyckiego piek\u0142a"},"content":{"rendered":"\n<p>Ach jak przeszkadza bestiom bandyckim<br>Ta rod\u00f3wka nasza ach<br>Jak strasznie przeszkadza ta oaza<br>Wi\u0119c chc\u0105 nas st\u0105d wykurzy\u0107<br>Standardowe dzia\u0142ania bestii bandyckich<br>I r\u00f3\u017cnych bydlak\u00f3w pod\u0142ug nich<br>Co\u015b co jest dla nas<br>Dobrem jakim\u015b to przecie\u017c trzeba<br>Koniecznie zniszczy\u0107 pod\u0142ug bestialstw bandyckich<\/p>\n\n\n\n<p>Dobrze my st\u0105d odejdziemy<br>I by\u0107 mo\u017ce<br>Ale biada tym kt\u00f3rzy<br>Si\u0119 do tego przyczyniaj\u0105 biada<br>Nie od siebie to m\u00f3wi\u0119<br>Lecz od Boga<br>Strz\u0105\u015bniemy i tu<br>Proch z niewinnych zawi\u015bci bandyckiej<br>Naszych st\u00f3p i naszych ps\u00f3w<\/p>\n\n\n\n<p>Bo to pewnie jest pow\u00f3d<br>Wezwania do z\u0142o\u017cenia wyja\u015bnie\u0144<br>Bo oczywi\u015bcie pod\u0142ug przykaz\u00f3w bandyckich<br>Go nie wskazano<br>Za to mo\u017ce by\u0107<br>Dla nas jaka\u015b kara<br>Bo bardzo tym bestiom bandyckim<br>Te psy przeszkadzaj\u0105 w ich<br>I im podobnych wszelakich napa\u015bciach<br>Wiadomo \u017ce bez nich byliby\u015bmy<br>Bezbronni nie tylko zreszt\u0105 tu<\/p>\n\n\n\n<p>Ale tego \u017ce tu \u0142a\u017c\u0105<br>Po naszej w\u0142asno\u015bci<br>Bezprawnie r\u00f3\u017cne \u0142ajzy<br>To oczywi\u015bcie nikt ma ju\u017c<br>Nie widzie\u0107 podobnie zreszt\u0105<br>Jak z tym tam<br>Po naszym mieszkaniu<br>Przecie\u017c nienawi\u015b\u0107 bandycka musi by\u0107<br>W spos\u00f3b jedynie s\u0142uszny zrealizowana<\/p>\n\n\n\n<p>A mo\u017ce nam zaka\u017c\u0105<br>Tu tych ps\u00f3w<br>R\u00f3wnie dobrze mogliby nam nakaza\u0107<br>Podda\u0107 si\u0119 przemocy bandyckiej<br>Bo na jedno tu wyjdzie<br>A przecie\u017c szlachetna pani prezes<br>Dobrze wiedzia\u0142a \u017ce tu b\u0119d\u0105<br>Psy bo nie kryli\u015bmy<br>Si\u0119 z zamiarem tym<br>A podczas zawarcia umowy<br>W zarz\u0105dzie by\u0142 obecny piesek<br>Poprzedniego w\u0142a\u015bciciela (sic!)<br>C\u00f3\u017c za paradoks niew\u0142a\u015bciwy<\/p>\n\n\n\n<p>A mo\u017ce chodzi tu<br>O te samochody<br>Parkowane przy rod\u00f3wce na \u015bcie\u017cce<br>W lesie kt\u00f3r\u0105 wytyczyli energetycy<br>Bo przecie\u017c nie my<br>Wcze\u015bniej wszyscy tu tak parkowali<br>Wok\u00f3\u0142 i jako\u015b to nikomu<br>Wtedy nie przeszkadza\u0142o<br>Ale wiadomo sytuacja si\u0119 zmieni\u0142a<br>Po bandycku kiedy my si\u0119<br>Tu pojawili\u015bmy z tym<br>Co wcze\u015bniej robili tu wszyscy<\/p>\n\n\n\n<p>A mo\u017ce chodzi te\u017c<br>O t\u0105 bramk\u0119 te\u017c przeszkadza<br>Przecie\u017c tym \u0142ajdakom<br>A mo\u017ce o kompost le\u015bny<br>Do wszystkiego lubi\u0105 si\u0119 przecie\u017c<br>Przyczepi\u0107 bandyckie bestie<br>Byleby tylko dla nas<br>Z odpowiedni\u0105 szkod\u0105<\/p>\n\n\n\n<p>Suma summarum trzeba nas<br>Tej rod\u00f3wki pozbawi\u0107<br>Albo po prostu uniemo\u017cliwi\u0107 nam<br>Przebywanie tu spokojne<br>Tak w\u0142a\u015bnie te bestie<br>I im podobni<br>Trzeba przecie\u017c uderza\u0107<br>W ka\u017cde nasze dobro<br>Podobnie i z tym<br>Zwyk\u0142a strategia to przecie\u017c dzia\u0142a\u0144<br>Nienawistnych i z\u0142owrogich tego bandyctwa<br>I im przyporz\u0105dkowanych<\/p>\n\n\n\n<figure class=\"wp-block-gallery has-nested-images columns-default is-cropped wp-block-gallery-1 is-layout-flex wp-block-gallery-is-layout-flex\">\n<figure class=\"wp-block-image size-large\"><a href=\"https:\/\/hubertpietka.bialystok.pl\/wp-content\/uploads\/2025\/09\/1000022391-scaled.jpg\"><img loading=\"lazy\" decoding=\"async\" width=\"1024\" height=\"771\" data-id=\"9620\" src=\"https:\/\/hubertpietka.bialystok.pl\/wp-content\/uploads\/2025\/09\/1000022391-1024x771.jpg\" alt=\"\" class=\"wp-image-9620\" srcset=\"https:\/\/hubertpietka.bialystok.pl\/wp-content\/uploads\/2025\/09\/1000022391-1024x771.jpg 1024w, https:\/\/hubertpietka.bialystok.pl\/wp-content\/uploads\/2025\/09\/1000022391-300x226.jpg 300w, https:\/\/hubertpietka.bialystok.pl\/wp-content\/uploads\/2025\/09\/1000022391-768x578.jpg 768w, https:\/\/hubertpietka.bialystok.pl\/wp-content\/uploads\/2025\/09\/1000022391-1536x1157.jpg 1536w, https:\/\/hubertpietka.bialystok.pl\/wp-content\/uploads\/2025\/09\/1000022391-2048x1542.jpg 2048w\" sizes=\"auto, (max-width: 1024px) 100vw, 1024px\" \/><\/a><\/figure>\n<\/figure>\n\n\n\n<p><em>Na zdj. Chc\u0105 zniszczy\u0107 nam oaz\u0119<br>A z ziemi uczyni\u0107 piek\u0142o<br>I wbrew pozorom to dotknie<br>Najbardziej tych kt\u00f3rzy s\u0142u\u017c\u0105 \u0142ajdactwom<br>Trzeba b\u0119dzie to si\u0119<br>I st\u0105d zabierzemy \u0142ajdactwo zwyci\u0119\u017cy<br>Ale tylko &#8222;do czasu czas\u00f3w<br>I po\u0142owy czas\u00f3w&#8221; wed\u0142ug nieodwo\u0142alnych<br>Zamys\u0142\u00f3w Bo\u017cych naprzeciw po\u017c\u0105da\u0144 piekielnych<br>Tych bandyckich bestii<br>I te\u017c \u0142ajdak\u00f3w wszelakich<\/em><\/p>\n","protected":false},"excerpt":{"rendered":"<p>Ach jak przeszkadza bestiom bandyckimTa rod\u00f3wka nasza achJak strasznie przeszkadza ta oazaWi\u0119c chc\u0105 nas st\u0105d wykurzy\u0107Standardowe dzia\u0142ania bestii bandyckichI r\u00f3\u017cnych bydlak\u00f3w pod\u0142ug nichCo\u015b co jest&hellip; <\/p>\n","protected":false},"author":1,"featured_media":0,"parent":0,"menu_order":0,"comment_status":"closed","ping_status":"closed","template":"","meta":{"footnotes":""},"class_list":["post-9619","page","type-page","status-publish","hentry"],"_links":{"self":[{"href":"https:\/\/hubertpietka.bialystok.pl\/index.php?rest_route=\/wp\/v2\/pages\/9619","targetHints":{"allow":["GET"]}}],"collection":[{"href":"https:\/\/hubertpietka.bialystok.pl\/index.php?rest_route=\/wp\/v2\/pages"}],"about":[{"href":"https:\/\/hubertpietka.bialystok.pl\/index.php?rest_route=\/wp\/v2\/types\/page"}],"author":[{"embeddable":true,"href":"https:\/\/hubertpietka.bialystok.pl\/index.php?rest_route=\/wp\/v2\/users\/1"}],"replies":[{"embeddable":true,"href":"https:\/\/hubertpietka.bialystok.pl\/index.php?rest_route=%2Fwp%2Fv2%2Fcomments&post=9619"}],"version-history":[{"count":1,"href":"https:\/\/hubertpietka.bialystok.pl\/index.php?rest_route=\/wp\/v2\/pages\/9619\/revisions"}],"predecessor-version":[{"id":9621,"href":"https:\/\/hubertpietka.bialystok.pl\/index.php?rest_route=\/wp\/v2\/pages\/9619\/revisions\/9621"}],"wp:attachment":[{"href":"https:\/\/hubertpietka.bialystok.pl\/index.php?rest_route=%2Fwp%2Fv2%2Fmedia&parent=9619"}],"curies":[{"name":"wp","href":"https:\/\/api.w.org\/{rel}","templated":true}]}}