{"id":9623,"date":"2025-09-03T08:37:04","date_gmt":"2025-09-03T08:37:04","guid":{"rendered":"https:\/\/hubertpietka.bialystok.pl\/?page_id=9623"},"modified":"2025-09-03T08:37:04","modified_gmt":"2025-09-03T08:37:04","slug":"jasne-uczucia-i-postawa-serca-a-wszelka-obluda-bandycka-lajdacka","status":"publish","type":"page","link":"https:\/\/hubertpietka.bialystok.pl\/?page_id=9623","title":{"rendered":"Jasne uczucia i postawa serca \/ a wszelka ob\u0142uda bandycka \u0142ajdacka"},"content":{"rendered":"\n<p>1.<br>Mi\u0142o\u015b\u0107 jest stanem duszy<br>Jest pewn\u0105 sta\u0142\u0105 trwa\u0142\u0105 postaw\u0105<br>Intencji dobra jest ponad uczuciami<br>Bo mi\u0142o\u015b\u0107 to wierno\u015b\u0107 czysto\u015b\u0107<br>Ale czasem jest tak te\u017c<br>\u017be ogarnia mnie ogromne uczucie<br>Mi\u0142o\u015bci do mojej \u017cony<br>I b\u0142ogos\u0142awi\u0119 wtedy ten<br>Nasz wsp\u00f3lny trud walki<br>Z wszelkimi przeciwno\u015bciami z nie\u017cyczliwymi<br>M\u00f3wi\u0105c ogl\u0119dnie \u017ce ka\u017cdy<br>Jej krok odruch serca b\u0142ogos\u0142awi\u0119<br>W duszy pod\u0142ug naszej drogi<br>Trwania w sakramencie w Bogu<br>Podobnie z tymi zwierz\u0119tami<br>B\u0142ogos\u0142awi\u0119 Pana \u017ce s\u0105 takie<br>Jakie s\u0105 po prostu<br>Wobec nas w swej naturze<br>I z bliskimi nawet tymi<br>Kt\u00f3rzy zb\u0142\u0105dzili kt\u00f3rzy id\u0105<br>Po bezdro\u017cach w zgodzie<br>Z jakim\u015b \u0142ajdactwem bandyckim<br>Czy tego \u015bwiata<br>I nawet tych wszystkich \u0142ajdak\u00f3w<br>\u017bal mi ich bo wsp\u00f3\u0142pracuj\u0105c<br>Z bestialstwem bandyckim wystawiaj\u0105<br>Sw\u0105 dusz\u0119 na niebezpiecze\u0144stwo wieczne<br>\u017be nie wspomn\u0119 o deprawacji<br>Tej wewn\u0119trznej i zgorszeniu dzia\u0142a\u0144<br>Wszelkich bandyckich przeciwko wszelkim niewinnym<br>B\u0142ogos\u0142awi\u0119 ten ca\u0142y Ko\u015bci\u00f3\u0142 cierpi\u0105cy<br>B\u0142ogos\u0142awi\u0119 wszystkich ludzi dobrej woli<\/p>\n\n\n\n<p>2.<br>A teraz zmiana nastroj\u00f3w<br>Bo przecie\u017c te bestie bandyckie<br>Na swe \u0142ajdactwa musz\u0105 mie\u0107<br>Zawsze wszelkie podk\u0142adki pod\u0142ug nieprawo\u015bci<br>Wsp\u00f3\u0142pracuj\u0105cych z ich \u0142ajdactwem wszelakich<br>Tak z t\u0105 rod\u00f3wk\u0105<br>Z t\u0105 skarg\u0105 w zarz\u0105dzie<br>Jest jedna podk\u0142adka to trzeba<br>Sfabrykowa\u0107 inn\u0105 znajd\u0105 si\u0119 przecie\u017c<br>Zawsze odpowiednio ob\u0142udnicy<br>Cho\u0107by ci szarzy w z\u0142u<br>Tu ludzie z tych szereg\u00f3wek<br>Kt\u00f3rym zapewne tak bardzo<br>Przeszkadza ps\u00f3w szczekanie<br>A nie przeszkadza im jako\u015b<br>Wsp\u00f3\u0142praca z bestialstwem bandyckim<br>Przeciwko tym niewinnym bo psy<br>Powinny przecie\u017c nie by\u0107 zgodne<br>Ze sw\u0105 natur\u0105 piesk\u0105<br>Jest jedna podk\u0142adka \u0142ajdacka<br>To mo\u017ce by\u0107 i druga<br>Byleby tylko nas st\u0105d wykurzy\u0107<br>Bo wiadomo przecie\u017c \u017ce nasze<br>Przebywanie na tej rod\u00f3wce<br>Bez piesk\u00f3w mija si\u0119<br>Z celem i wystawia nas<br>Zreszt\u0105 jak wsz\u0119dzie i zawsze<br>Na r\u00f3\u017cne napa\u015bci bandyckich \u0142ajdak\u00f3w<\/p>\n\n\n\n<figure class=\"wp-block-gallery has-nested-images columns-default is-cropped wp-block-gallery-1 is-layout-flex wp-block-gallery-is-layout-flex\">\n<figure class=\"wp-block-image size-large\"><a href=\"https:\/\/hubertpietka.bialystok.pl\/wp-content\/uploads\/2025\/09\/1000022663.jpg\"><img loading=\"lazy\" decoding=\"async\" width=\"1024\" height=\"771\" data-id=\"9624\" src=\"https:\/\/hubertpietka.bialystok.pl\/wp-content\/uploads\/2025\/09\/1000022663-1024x771.jpg\" alt=\"\" class=\"wp-image-9624\" srcset=\"https:\/\/hubertpietka.bialystok.pl\/wp-content\/uploads\/2025\/09\/1000022663-1024x771.jpg 1024w, https:\/\/hubertpietka.bialystok.pl\/wp-content\/uploads\/2025\/09\/1000022663-300x226.jpg 300w, https:\/\/hubertpietka.bialystok.pl\/wp-content\/uploads\/2025\/09\/1000022663-768x578.jpg 768w, https:\/\/hubertpietka.bialystok.pl\/wp-content\/uploads\/2025\/09\/1000022663-1536x1156.jpg 1536w, https:\/\/hubertpietka.bialystok.pl\/wp-content\/uploads\/2025\/09\/1000022663.jpg 1600w\" sizes=\"auto, (max-width: 1024px) 100vw, 1024px\" \/><\/a><\/figure>\n<\/figure>\n\n\n\n<p><em>Na zdj. Obrazek podpisany odpowiednio<br>*<strong>\u0141dc<\/strong>* to w skr\u00f3cie *<strong>\u0142ajdactwo<\/strong>*<br>Wszelcy wsp\u00f3\u0142pracuj\u0105cy z bestialstwem bandyckim<br>Przecie\u017c te pieski to tylko<br>Kolejny pretekst \u0142ajdacki i bandycki<br>Byleby tylko uderza\u0107 w nasze<br>R\u00f3\u017cne dobra byleby tylko pozbawi\u0107<br>Nas mo\u017cliwo\u015bci przebywania w miejscach<br>Dogodnych dla nas<br>Co nie przeszkadza te\u017c<br>Tym bestiom bandyckim i innym<br>Wszelkim \u0142ajdakom uderza\u0107 w nas<br>Naszych i nasze inaczej zawsze<br>Wszelkimi zbrodniami i k\u0142amstwami ob\u0142udnymi<br>\u017be niby my jeste\u015bmy<br>Tego sami sobie winni<br>Ob\u0142uda bandycka po prostu jest<br>Ponad wszystko a bo \u017ce<br>Oni wszyscy niby nic<br>Niby przypadkiem wielokrotnie powtarzam<br>A tak naprawd\u0119 perfidnie<br>I zbrodnie z premedytacj\u0105 to<br>Pod\u0142ug bestialstw bandyckich i wszelkich<br>Znieprawionych lewacko w antywarto\u015bciach<br>I z\u0142oczynieniu nienawistnym wobec niewinnych<br>Jezu ufam Tobie wbrew tej<br>Ob\u0142udzie bandyckiej pod\u0142ej i perfidii<br>I wszelkich post\u0119puj\u0105cych z\u0142owrogo wobec<br>Tych i innych niewinnych<br>Ufam Tobie mimo wszystko<br>A mo\u017ce i dlatego w\u0142a\u015bnie<\/em><\/p>\n","protected":false},"excerpt":{"rendered":"<p>1.Mi\u0142o\u015b\u0107 jest stanem duszyJest pewn\u0105 sta\u0142\u0105 trwa\u0142\u0105 postaw\u0105Intencji dobra jest ponad uczuciamiBo mi\u0142o\u015b\u0107 to wierno\u015b\u0107 czysto\u015b\u0107Ale czasem jest tak te\u017c\u017be ogarnia mnie ogromne uczucieMi\u0142o\u015bci do&hellip; <\/p>\n","protected":false},"author":1,"featured_media":0,"parent":0,"menu_order":0,"comment_status":"closed","ping_status":"closed","template":"","meta":{"footnotes":""},"class_list":["post-9623","page","type-page","status-publish","hentry"],"_links":{"self":[{"href":"https:\/\/hubertpietka.bialystok.pl\/index.php?rest_route=\/wp\/v2\/pages\/9623","targetHints":{"allow":["GET"]}}],"collection":[{"href":"https:\/\/hubertpietka.bialystok.pl\/index.php?rest_route=\/wp\/v2\/pages"}],"about":[{"href":"https:\/\/hubertpietka.bialystok.pl\/index.php?rest_route=\/wp\/v2\/types\/page"}],"author":[{"embeddable":true,"href":"https:\/\/hubertpietka.bialystok.pl\/index.php?rest_route=\/wp\/v2\/users\/1"}],"replies":[{"embeddable":true,"href":"https:\/\/hubertpietka.bialystok.pl\/index.php?rest_route=%2Fwp%2Fv2%2Fcomments&post=9623"}],"version-history":[{"count":1,"href":"https:\/\/hubertpietka.bialystok.pl\/index.php?rest_route=\/wp\/v2\/pages\/9623\/revisions"}],"predecessor-version":[{"id":9625,"href":"https:\/\/hubertpietka.bialystok.pl\/index.php?rest_route=\/wp\/v2\/pages\/9623\/revisions\/9625"}],"wp:attachment":[{"href":"https:\/\/hubertpietka.bialystok.pl\/index.php?rest_route=%2Fwp%2Fv2%2Fmedia&parent=9623"}],"curies":[{"name":"wp","href":"https:\/\/api.w.org\/{rel}","templated":true}]}}