{"id":9628,"date":"2025-09-04T18:27:28","date_gmt":"2025-09-04T18:27:28","guid":{"rendered":"https:\/\/hubertpietka.bialystok.pl\/?page_id=9628"},"modified":"2025-09-04T18:27:28","modified_gmt":"2025-09-04T18:27:28","slug":"bestialstwo-bandyckie-ma-przenikac-wszystko-w-antywartosciach-wszelakich-podlug-ideologizacji-zycia-lewactwa-byleby-dzieciom-bozym-na-przekor","status":"publish","type":"page","link":"https:\/\/hubertpietka.bialystok.pl\/?page_id=9628","title":{"rendered":"Bestialstwo bandyckie ma przenika\u0107 wszystko \/ w antywarto\u015bciach wszelakich pod\u0142ug &#8211; ideologizacji \u017cycia lewactwa \/ byleby dzieciom Bo\u017cym na przek\u00f3r"},"content":{"rendered":"\n<p>1.<br>Skoro szatan jest besti\u0105 najwi\u0119ksz\u0105<br>Bo jak m\u00f3wi S\u0142owo Bo\u017ce<br>I tradycja Ko\u015bcio\u0142a jest zawsze<br>Morderc\u0105 i k\u0142amc\u0105 i nieustannie d\u0105\u017cy<br>Do zniewalania na wszelkie sposoby<br>To jak niby nazwa\u0107 tych<br>Kt\u00f3rzy s\u0142u\u017c\u0105 tym procederom zbrodniczym<br>Zabi\u0107 zniszczy\u0107 zniewoli\u0107 mnie \u017con\u0119<br>Bliskich nasze nieustannie uderza\u0107 w\u0142a\u015bnie<br>W niewinnych wszelkich nienawi\u015bci diabelskiej<br>Skoro oni i im podobni<br>Tak w\u0142a\u015bnie ci\u0105gle i<br>Na wszelkie sposoby z\u0142oczyni\u0107 chc\u0105<br>Nam to jak ich nazwa\u0107<br>Pod\u0142ug zreszt\u0105 Bo\u017cego S\u0142owa<br>\u017be dzie\u0107mi diab\u0142a s\u0105 ci<br>Kt\u00f3rzy czyni\u0105 jego z\u0142a zasoby<\/p>\n\n\n\n<p>A poza tym je\u015bli im<br>Tak przeszkadzaj\u0105 wszelkie \u015bwi\u0119to\u015bci prawdziwe<br>I w nie uderzaj\u0105 te\u017c<br>To jak\u017ce\u017c to nie bestie<\/p>\n\n\n\n<p>2.<br><em>Dzi\u015b \u015bw. Bonifacego mimo wszystko<br>Okaza\u0107 pogodne oblicze cho\u0107 mg\u0142a<br>Tak\u017ce nad \u015bwiatem kt\u00f3ra ma<br>Sprzyja\u0107 wszelkiemu z\u0142u pope\u0142nianego noc\u0105<br>Ale nie tylko<br>Jak cho\u0107by z tymi samochodami<br>Mg\u0142a niczym smole\u0144ska nie przyr\u00f3wnuj\u0105c<br>\u0179li zawsze szukaj\u0105 sposobno\u015bci<br>Do pope\u0142niania wszelkich zbrodni<br>Wywo\u0142ywania r\u00f3\u017cnych rozboj\u00f3w przeciwko niewinnym<br>Prowokuj\u0105c wszelk\u0105 k\u0142amliw\u0105 ob\u0142ud\u0105 powoduj\u0105<br>Szczucie te\u017c nieustannie na nich<\/em><\/p>\n\n\n\n<p>3.<br>Kontynuuj\u0105c temat bestialstwa bandyckiego<br>I im podobnych wszelakich<br>To polega te\u017c na tym<br>\u017be tacy nie ceni\u0105 \u017cycia<br>Czyjego\u015b zw\u0142aszcza tych kt\u00f3rzy sprzeciwiaj\u0105<br>Si\u0119 jako\u015b bestialstwom bandyckim<br>Kt\u00f3rzy s\u0105 nie w zgodzie<br>Z bandyck\u0105 lewack\u0105 ideologi\u0105<br>W takich mo\u017cna uderza\u0107<br>Na wszelkie sposoby<br>Czego my jeste\u015bmy przyk\u0142adem tylko<\/p>\n\n\n\n<p>Ale i (sic!) lewactwo ideologiczne<br>Mo\u017ce mie\u0107 te\u017c swych hmm<br>M\u0119czennik\u00f3w antywarto\u015bci ideologicznych lewackich<br>Byleby tylko cho\u0107by spowodowa\u0107 nam<br>Tak zwan\u0105 szkod\u0119 jak\u0105\u015b<br>Ile razy przy cofaniu<br>Kto\u015b mi drog\u0119 zachodzi\u0142 odpowiednio<br>A dzisiaj dziewczynka<br>Na swym czerwonym \u015bwietle<br>Chcia\u0142a mi wej\u015b\u0107 pod samoch\u00f3d<br>\u017be nie wspomn\u0119 cho\u0107by<br>O \u015bcinaniu odpowiednim zakr\u0119t\u00f3w<br>Ale to trzeba mie\u0107<br>Chyba zryty \u0142eb \u017ceby si\u0119<br>Po\u015bwi\u0119ca\u0107 w imi\u0119 antywarto\u015bci<br>To chyba pewien rodzaj choroby<br>Ta sekta lewacka te betony<br>Do kt\u00f3rych nie dochodzi<br>Chyba \u017cadne \u015bwiat\u0142o poza t\u0105<br>Ideologiczn\u0105 papk\u0105 by po\u015bwi\u0119ca\u0107<br>\u017bycie swoje i zdrowie<br>Byleby tylko komu\u015b odpowiednio zaszkodzi\u0107<br>To s\u0105 samozwa\u0144czy m\u0119czennicy<br>Tak ale chyba szatana<br>I bestialstwa bandyt\u00f3w<br>Kt\u00f3re robi sieczk\u0119 ludziom znieprawionym<br>W g\u0142owach to tylko<br>Taki przyk\u0142ad paranoi lewackiej bandyckiej<\/p>\n\n\n\n<p>A i \u017ceby zabi\u0107 odpowiednie<br>Osoby cho\u0107by \u017con\u0119 to pewnie<br>Od tych bestii bandyckich<br>Ma by\u0107 za to jaka\u015b<br>\u0141ajdacka nagroda albo cho\u0107by nimb<br>Po\u015bwi\u0119cenia si\u0119 diabelskiego antywarto\u015bciom bestialskim<br>Tych bandyt\u00f3w i lewak\u00f3w wszelakich<br>Taka jaka\u015b chora wybitnie satysfakcja<\/p>\n\n\n\n<p>4.<br><em>Ale nale\u017cy si\u0119 te\u017c tu<br>Jaki\u015b troch\u0119 pozytywny te\u017c aspekt<br>Bo dzi\u015b te\u017c \u015bw. *<strong>Rozalii<\/strong>*<br>Jej imi\u0119 naturalnie kojarzy si\u0119<br>Z *<strong>r\u00f3\u017ca\u0144cem<\/strong>* kt\u00f3ry mo\u017ce by\u0107<br>Kt\u00f3ry jest modlitw\u0105 pozytywn\u0105<br>W kt\u00f3rej mo\u017cna zmie\u015bci\u0107 wszystko<br>A nie pod\u0142ug lewactwa wszelkiego<br>Odklepywaniem Zdrowasiek tylko<br>Mo\u017ce by\u0107 jasnym odd\u017awi\u0119kiem duszy<br>Przenikaj\u0105cym wszystko na wskro\u015b<br>Tym Bo\u017cym Duchem w Maryi<\/em><\/p>\n\n\n\n<figure class=\"wp-block-gallery has-nested-images columns-default is-cropped wp-block-gallery-1 is-layout-flex wp-block-gallery-is-layout-flex\">\n<figure class=\"wp-block-image size-large\"><a href=\"https:\/\/hubertpietka.bialystok.pl\/wp-content\/uploads\/2025\/09\/1000023044.jpg\"><img loading=\"lazy\" decoding=\"async\" width=\"798\" height=\"601\" data-id=\"9629\" src=\"https:\/\/hubertpietka.bialystok.pl\/wp-content\/uploads\/2025\/09\/1000023044.jpg\" alt=\"\" class=\"wp-image-9629\" srcset=\"https:\/\/hubertpietka.bialystok.pl\/wp-content\/uploads\/2025\/09\/1000023044.jpg 798w, https:\/\/hubertpietka.bialystok.pl\/wp-content\/uploads\/2025\/09\/1000023044-300x226.jpg 300w, https:\/\/hubertpietka.bialystok.pl\/wp-content\/uploads\/2025\/09\/1000023044-768x578.jpg 768w\" sizes=\"auto, (max-width: 798px) 100vw, 798px\" \/><\/a><\/figure>\n<\/figure>\n\n\n\n<p><strong>Na zdj. Bestialstwo bandyckie i im uleg\u0142e<br>To lewactwo ca\u0142e maj\u0105 pewne<br>Swoje obiekty do zniszczenia<br>Wobec \u017cycia naszego d\u00f3br naszych<br>Czy bliskich i innych niewinnych<br>Bestialstwo nie ceni sobie<br>Warto\u015bci \u017cycia chyba \u017ce swojego<br>Pod\u0142ug egoizmu pychy zadufania swoistego<br>I dlatego te\u017c uwa\u017ca<br>\u017be poza uderzaniem w nas<br>Mo\u017cna uderza\u0107 a nawet trzeba<br>W nasze obiekty czyli dobra<br>Wspomina\u0142em ju\u017c nie raz<br>O naszych samochodach zwierz\u0119tach miejscach<br>Bo przecie\u017c w \u017cycie zdrowie<br>Nasze naszego naszych mo\u017cna uderza\u0107<br>Te\u017c w spos\u00f3b nieustanny<br>A teraz chc\u0105 zniszczy\u0107<br>Tej rod\u00f3wki naszej rzeczywisto\u015b\u0107<br>Tu nasze przebywania z pieskami<br>Bardzo nie pasuje przecie\u017c tym<br>R\u00f3\u017cnym \u0142ajdakom bandyckim nasza tu<br>Swoista swoboda odpowiednio bo przecie\u017c<br>Sk\u0105din\u0105d wiadomo \u017ce chc\u0105 nas<br>Napada\u0107 i tu tacy<br>Czy inni probandyccy \u0142ajdacy<br>Ale najlepiej przecie\u017c uniemo\u017cliwi\u0107 nam<br>Tu przebywanie cho\u0107by przez zakaz<br>Ps\u00f3w tu trzymania<br>Co w naszym przypadku<br>Mija si\u0119 z celem<br>Wiedz\u0105 o tym \u0142ajdacy<br>Dlatego doprowadzili do tego<br>I zobacz przeszkadzaj\u0105 im pieski<br>A jako\u015b nie przeszkadza im<br>W\u0142asne \u0142ajdactwo no wiadomo<br>Mo\u017ce za to b\u0119dzie jaka\u015b<br>\u0141ajdacka bandycka nagroda<br>Cho\u0107by gwarancja od spokoju bandyckiemu<br>Bo oczywi\u015bcie lewaccy \u0142ajdacy<br>Nie bior\u0105 tego pod uwag\u0119<br>\u017be Alf\u0105 i Omeg\u0105 jest B\u00f3g<br>Dla nich dora\u017ane warto\u015bci egoistyczne<br>S\u0105 wa\u017cniejsze ni\u017c cho\u0107by<br>\u015awiat ten ca\u0142y<br>Wi\u0119c chc\u0105 nam tu<br>Zamkn\u0105\u0107 furtk\u0119 na t\u0105 rod\u00f3wk\u0105<br>Pod\u0142ug po\u017c\u0105da\u0144 bestialskich bandyt\u00f3w<br>C\u00f3\u017c my przecie\u017c tam<br>I Pan B\u00f3g czy sumienie<br>Bandyci to jest si\u0142a dopiero<\/strong><\/p>\n","protected":false},"excerpt":{"rendered":"<p>1.Skoro szatan jest besti\u0105 najwi\u0119ksz\u0105Bo jak m\u00f3wi S\u0142owo Bo\u017ceI tradycja Ko\u015bcio\u0142a jest zawszeMorderc\u0105 i k\u0142amc\u0105 i nieustannie d\u0105\u017cyDo zniewalania na wszelkie sposobyTo jak niby nazwa\u0107&hellip; <\/p>\n","protected":false},"author":1,"featured_media":0,"parent":0,"menu_order":0,"comment_status":"closed","ping_status":"closed","template":"","meta":{"footnotes":""},"class_list":["post-9628","page","type-page","status-publish","hentry"],"_links":{"self":[{"href":"https:\/\/hubertpietka.bialystok.pl\/index.php?rest_route=\/wp\/v2\/pages\/9628","targetHints":{"allow":["GET"]}}],"collection":[{"href":"https:\/\/hubertpietka.bialystok.pl\/index.php?rest_route=\/wp\/v2\/pages"}],"about":[{"href":"https:\/\/hubertpietka.bialystok.pl\/index.php?rest_route=\/wp\/v2\/types\/page"}],"author":[{"embeddable":true,"href":"https:\/\/hubertpietka.bialystok.pl\/index.php?rest_route=\/wp\/v2\/users\/1"}],"replies":[{"embeddable":true,"href":"https:\/\/hubertpietka.bialystok.pl\/index.php?rest_route=%2Fwp%2Fv2%2Fcomments&post=9628"}],"version-history":[{"count":1,"href":"https:\/\/hubertpietka.bialystok.pl\/index.php?rest_route=\/wp\/v2\/pages\/9628\/revisions"}],"predecessor-version":[{"id":9630,"href":"https:\/\/hubertpietka.bialystok.pl\/index.php?rest_route=\/wp\/v2\/pages\/9628\/revisions\/9630"}],"wp:attachment":[{"href":"https:\/\/hubertpietka.bialystok.pl\/index.php?rest_route=%2Fwp%2Fv2%2Fmedia&parent=9628"}],"curies":[{"name":"wp","href":"https:\/\/api.w.org\/{rel}","templated":true}]}}