{"id":9632,"date":"2025-09-05T06:54:19","date_gmt":"2025-09-05T06:54:19","guid":{"rendered":"https:\/\/hubertpietka.bialystok.pl\/?page_id=9632"},"modified":"2025-09-05T06:54:19","modified_gmt":"2025-09-05T06:54:19","slug":"lewactwo-wszelkie-i-bestialstwo-bandyckie-ida-zgodnie-perfidnie-ku-zlu-dla-nas-naszego-i-naszych","status":"publish","type":"page","link":"https:\/\/hubertpietka.bialystok.pl\/?page_id=9632","title":{"rendered":"Lewactwo wszelkie i bestialstwo bandyckie \/ id\u0105 zgodnie perfidnie ku z\u0142u &#8211; dla nas naszego i naszych"},"content":{"rendered":"\n<p>Oczekuj\u0105 ode mnie \u0142ajdacy bandyccy<br>Precyzji w wyra\u017caniu si\u0119<br>Wr\u0119cz tej matematycznej<br>Jakby poetyka by\u0142a stricte logik\u0105<br>I nie mia\u0142a warstwy metaforycznej<br>I jakby kto\u015b ju\u017c<br>Przede mn\u0105 przeciera\u0142 te szlaki<br>Nieustannej s\u0142owem walki a raczej<br>Obrony przed wszelk\u0105 przemoc\u0105 bestialsk\u0105<br>Zbrodni i k\u0142amstw ob\u0142udnych najob\u0142udniejszych<\/p>\n\n\n\n<p>A teraz z t\u0105 mg\u0142\u0105<br>Czy mi chodzi\u0142o o sytuacj\u0119<br>T\u0105 tylko z wczoraj a<br>Mo\u017ce kryje si\u0119 w tym<br>Pewna potencjalno\u015b\u0107 \u0142ajdackich bandyckich dzia\u0142a\u0144<br>\u017be co mo\u017cna zrobi\u0107<br>Pod takiej mg\u0142y niczym smole\u0144ska<br>Nie przymierzaj\u0105c jak ze smo\u0142y<br>Co mo\u017cna wtedy gdzie zrobi\u0107<br>A mo\u017ce skutki dzia\u0142a\u0144 wszelkich<br>Tych ukrytych w sensie parabolicznym<br>Maj\u0105 nas dotkn\u0105\u0107 i potem<br>Wyj\u015b\u0107 te\u017c po pewnym czasie<br>\u0141ajdacy byleby tylko s\u0142owem uderza\u0107<br>Te\u017c w nas zawsze<\/p>\n\n\n\n<p>I teraz dalej \u017ce ja<br>Si\u0119 \u017ale o lewakach wyra\u017cam<br>A jak mam si\u0119 niby<br>Skoro ich dzia\u0142ania i k\u0142amstwa<br>Przecz\u0105 zdrowym zmys\u0142om i logice<br>\u017be o rozumowym przywo\u0142ywaniu dobra<br>Ju\u017c nawet i nie wspomn\u0119<br>Bo przecie\u017c to m\u0119cze\u0144stwo lewackie<br>Przypomina terrorystyczne dzia\u0142ania bojuj\u0105cych islamist\u00f3w<br>Kt\u00f3re dla choro rozumianego m\u0119cze\u0144stwa<br>S\u0105 w stanie wysadzi\u0107<br>W kosmos p\u00f3\u0142 \u015bwiata<br>W tym \u017ale rozumianym po\u015bwi\u0119ceniu<br>Samych siebie tak naprawd\u0119 byleby<br>Tylko ku z\u0142u dla nas<br>A \u017ce Pan B\u00f3g powiedzia\u0142<br>\u017be ca\u0142y \u015bwiat za to<br>Te \u0142ajdactwa wszelkie bandyckie lewackie<br>Zap\u0142aci to ju\u017c przecie\u017c<br>W tej antylogice antywarto\u015bci ideologicznych<br>Nie jest wa\u017cne<\/p>\n\n\n\n<p>I jeszcze oskar\u017caj\u0105 mnie nas<br>Ci\u0105gle o r\u00f3\u017cne s\u0142abo\u015bci<br>Tak nie jeste\u015bmy monolitami<br>Jak oni betonami w d\u0105\u017ceniach<br>Ku z\u0142u dla nas naszego<br>I naszych i niewinnych innych<br>Nie jeste\u015bmy to prawda<br>Wr\u0119cz przeciwnie jeste\u015bmy s\u0142abi chybliwi<br>Ale tak si\u0119 spodoba\u0142o Bogu<br>Bo jeste\u015bmy tylko pewnymi przedstawicielami<br>Rasy ludzkiej kt\u00f3ra nie jest<br>Wolna od b\u0142\u0119d\u00f3w i s\u0142abo\u015bci<br>A jest tak po to<br>By\u015bmy bardziej liczyli na to<br>Bo\u017ce mi\u0142osierdzie ni\u017c na samych siebie<br>My sami z siebie rzeczywi\u015bcie<br>Nie wiele mo\u017cemy<br>A s\u0142abo\u015b\u0107 nasza jest wyrazem<br>Og\u00f3lnej kondycji ludzkiej w walce<br>Tu ze z\u0142em pod\u0142ym wszelakim<\/p>\n\n\n\n<figure class=\"wp-block-image size-large\"><a href=\"https:\/\/hubertpietka.bialystok.pl\/wp-content\/uploads\/2025\/09\/1000023065.jpg\"><img loading=\"lazy\" decoding=\"async\" width=\"771\" height=\"1024\" src=\"https:\/\/hubertpietka.bialystok.pl\/wp-content\/uploads\/2025\/09\/1000023065-771x1024.jpg\" alt=\"\" class=\"wp-image-9633\" srcset=\"https:\/\/hubertpietka.bialystok.pl\/wp-content\/uploads\/2025\/09\/1000023065-771x1024.jpg 771w, https:\/\/hubertpietka.bialystok.pl\/wp-content\/uploads\/2025\/09\/1000023065-226x300.jpg 226w, https:\/\/hubertpietka.bialystok.pl\/wp-content\/uploads\/2025\/09\/1000023065-768x1021.jpg 768w, https:\/\/hubertpietka.bialystok.pl\/wp-content\/uploads\/2025\/09\/1000023065-1156x1536.jpg 1156w, https:\/\/hubertpietka.bialystok.pl\/wp-content\/uploads\/2025\/09\/1000023065.jpg 1204w\" sizes=\"auto, (max-width: 771px) 100vw, 771px\" \/><\/a><\/figure>\n\n\n\n<p><em>Na zdj. Dzi\u015b \u015bw. Matki Teresy jest<br>Tej z Kalkuty a tu<br>Ma\u0142a Tereska &#8222;ufnie z mi\u0142o\u015bci\u0105&#8221;<br>Tak trzeba w\u0142a\u015bnie mimo s\u0142abo\u015bci<br>Mimo pewnej krucho\u015bci natury ludzkiej<br>A mo\u017ce dlatego w\u0142a\u015bnie<br>A jednak trzeba te\u017c<br>Ze z\u0142em wszelkim niesprawiedliwym \u0142ajdackim<br>Stara\u0107 si\u0119 walczy\u0107 s\u0142owami Boga<br>Bo te bestie bandyckie nieustannie chc\u0105<br>Czyni\u0107 nam wszelkie pod\u0142e z\u0142o<br>Przy okazji oskar\u017caj\u0105c nas chyba<br>Za wszystko co tylko mo\u017cliwe<br>Byleby tylko nas odpowiednio niszczy\u0107<br>I mentalnie moralnie i wprost<br>Jak cho\u0107by z t\u0105 rod\u00f3wk\u0105<br>Tu dzi\u015b zapewne rozstrzygni\u0119cia b\u0119d\u0105<br>\u0141ajdackie odpowiednio by nam uniemo\u017cliwi\u0107<br>Przebywanie tu bo przecie\u017c<br>Tym bestiom bandyckim zaprzedanym z\u0142u<br>I w nim zagwo\u017cd\u017conym totalnie<br>Bardzo przeszkadza ta nasza oaza<br>Zreszt\u0105 ka\u017cde miejsce gdzie znale\u017a\u0107<br>Mo\u017cemy jakikolwiek spok\u00f3j jak i<br>Inne nasze dobra przeszkadzaj\u0105 bardzo<br>Bestiom bandyckim i lewakom wszelakim<br>\u017be o \u017cyciu naszym<br>Zdrowiu wolno\u015bci nas naszego naszych<br>Ju\u017c nie wspomn\u0119 i nawet<br>Jezu ufam Tobie ave Maria<br>Wbrew wszelkiej nienawistnej z\u0142o\u015bci<br>Zreszt\u0105 wszelakich \u0142ajdak\u00f3w<\/em><\/p>\n","protected":false},"excerpt":{"rendered":"<p>Oczekuj\u0105 ode mnie \u0142ajdacy bandyccyPrecyzji w wyra\u017caniu si\u0119Wr\u0119cz tej matematycznejJakby poetyka by\u0142a stricte logik\u0105I nie mia\u0142a warstwy metaforycznejI jakby kto\u015b ju\u017cPrzede mn\u0105 przeciera\u0142 te szlakiNieustannej&hellip; <\/p>\n","protected":false},"author":1,"featured_media":0,"parent":0,"menu_order":0,"comment_status":"closed","ping_status":"closed","template":"","meta":{"footnotes":""},"class_list":["post-9632","page","type-page","status-publish","hentry"],"_links":{"self":[{"href":"https:\/\/hubertpietka.bialystok.pl\/index.php?rest_route=\/wp\/v2\/pages\/9632","targetHints":{"allow":["GET"]}}],"collection":[{"href":"https:\/\/hubertpietka.bialystok.pl\/index.php?rest_route=\/wp\/v2\/pages"}],"about":[{"href":"https:\/\/hubertpietka.bialystok.pl\/index.php?rest_route=\/wp\/v2\/types\/page"}],"author":[{"embeddable":true,"href":"https:\/\/hubertpietka.bialystok.pl\/index.php?rest_route=\/wp\/v2\/users\/1"}],"replies":[{"embeddable":true,"href":"https:\/\/hubertpietka.bialystok.pl\/index.php?rest_route=%2Fwp%2Fv2%2Fcomments&post=9632"}],"version-history":[{"count":1,"href":"https:\/\/hubertpietka.bialystok.pl\/index.php?rest_route=\/wp\/v2\/pages\/9632\/revisions"}],"predecessor-version":[{"id":9634,"href":"https:\/\/hubertpietka.bialystok.pl\/index.php?rest_route=\/wp\/v2\/pages\/9632\/revisions\/9634"}],"wp:attachment":[{"href":"https:\/\/hubertpietka.bialystok.pl\/index.php?rest_route=%2Fwp%2Fv2%2Fmedia&parent=9632"}],"curies":[{"name":"wp","href":"https:\/\/api.w.org\/{rel}","templated":true}]}}