{"id":9636,"date":"2025-09-05T21:40:07","date_gmt":"2025-09-05T21:40:07","guid":{"rendered":"https:\/\/hubertpietka.bialystok.pl\/?page_id=9636"},"modified":"2025-09-05T21:40:07","modified_gmt":"2025-09-05T21:40:07","slug":"przeblyski-jasnosci-w-tej-walce-naszej-smiertelnej-z-wszelkim-szatanstwem","status":"publish","type":"page","link":"https:\/\/hubertpietka.bialystok.pl\/?page_id=9636","title":{"rendered":"Przeb\u0142yski jasno\u015bci \/ w tej walce naszej \u015bmiertelnej &#8211; z wszelkim szata\u0144stwem"},"content":{"rendered":"\n<p>Nie jest \u0142atwo \u017cy\u0107 nieustannie<br>Na tak zwanym bandyckim przypale<\/p>\n\n\n\n<p>Cho\u0107 ja naprawd\u0119 nie znajduj\u0119<br>Przyjemno\u015bci w samej tej obronie<\/p>\n\n\n\n<p>Ale co podda\u0107 si\u0119<br>Bandyckiej przemocy<br>Tak by ten \u015bwiat zgin\u0105\u0142<\/p>\n\n\n\n<p>Bo my \u017cyjemy niejako<br>Na bombie nieustannie jak saperzy<\/p>\n\n\n\n<p>W tej bandyckiej chorej erze<br>Pr\u00f3buj\u0105c nieustannie rozbraja\u0107 wszelkie lonty<\/p>\n\n\n\n<p>Przemocy przeciwko nam naszemu naszym<br>A nie jest to \u0142atwe<\/p>\n\n\n\n<p>Wola\u0142bym uwierzcie zaj\u0105\u0107 si\u0119<br>Czym\u015b znacznie przyjemniejszym ni\u017c tropieniem<\/p>\n\n\n\n<p>Tych bestialstw wszelkich kt\u00f3re ci<br>I im podobni serwuj\u0105 bezwzgl\u0119dnie<\/p>\n\n\n\n<p>Dlatego musz\u0119 trzyma\u0107 r\u0119k\u0119<br>Na pulsie by bestialstwo bandyckie<\/p>\n\n\n\n<p>Nas i \u015bwiata nie zniszczy\u0142o<br>By mog\u0142y przetrwa\u0107 Bo\u017ce warto\u015bci<\/p>\n\n\n\n<p>W obliczu tego wszelkiego szata\u0144stwa<br>K\u0142amstw zbrodni zniewolenia \u015bmierci zepsucia<\/p>\n\n\n\n<p>A jednak to nie jest<br>Tak \u017ce my\u015bl\u0119 o sobie<\/p>\n\n\n\n<p>Tylko i wy\u0142\u0105cznie potrafi\u0119 by\u0107<br>Wdzi\u0119czny za ka\u017cde dobro serca<\/p>\n\n\n\n<p>Za ka\u017cd\u0105 normalno\u015b\u0107 wobec nas<br>Nawet je\u015bli nie zawsze mog\u0119<\/p>\n\n\n\n<p>Mam mo\u017cliwo\u015b\u0107 to doceni\u0107 punktowo<br>A B\u00f3g te\u017c odda wam<\/p>\n\n\n\n<p>To wszelkie dobro kt\u00f3re czynicie<br>Wobec niewinnych przecie\u017c bandyckiej przemocy<\/p>\n\n\n\n<p>A ci pr\u00f3buj\u0105 przecie\u017c uderza\u0107<br>W nas na wszelkie sposoby<\/p>\n\n\n\n<p>A \u017ce maj\u0105 s\u0142ugi nieprawe<br>I r\u00f3\u017cne mordercze dzia\u0142ania<\/p>\n\n\n\n<p>To sobie mo\u017cecie przys\u0142owiowo wyobrazi\u0107<br>Jak nie urok to ta bandycka sraczka<\/p>\n\n\n\n<p>Bo maj\u0105 przecie\u017c du\u017co mo\u017cliwo\u015bci<br>Do nienawistnego z\u0142oczynieniu wobec nas naszych i naszego<\/p>\n\n\n\n<p>Jak nie gazowanie to injektowanie<br>Jak nie wypadek niby nieszcz\u0119\u015bliwy<\/p>\n\n\n\n<p>Tak wszelkie na nas z\u0142o to bandyckie<br>Niby przypadkiem \u017ce oni nic<\/p>\n\n\n\n<p>A byleby tylko nas nasze<br>I naszych jako\u015b perfidnie zniszczy\u0107<\/p>\n\n\n\n<p>Jak nie bydlak podwija \u0142ajdacka<br>To tam wykoleje\u0144cy czy szemra\u0144cy<\/p>\n\n\n\n<p>Jak nie misie bandyckie<br>To znowu jacy\u015b s\u0142u\u017calcy inni<\/p>\n\n\n\n<p>Ci\u0119\u017cko jest to nawet wszystko<br>Zebra\u0107 w ca\u0142o\u015b\u0107 tyle tego<\/p>\n\n\n\n<p>Oni i inni pod\u0142ug nich<br>Wszelcy \u0142ajdacy na nas maj\u0105<\/p>\n\n\n\n<p>A teraz chcia\u0142bym doceni\u0107 te\u017c<br>Moj\u0105 \u017con\u0119 bo nie jest \u0142atwo<\/p>\n\n\n\n<p>\u017by\u0107 w grozie \u015bmierci zniewolenia<br>Tych wszelkich \u0142ajdak\u00f3w ich napa\u015bci<\/p>\n\n\n\n<p>Wiem to po sobie<br>Nawet je\u015bli ona to tak jako\u015b lekcewa\u017cy<\/p>\n\n\n\n<p>Nie przypadkowo j\u0105 B\u00f3g<br>Tak ukszta\u0142towa\u0142 bo my\u015bl\u0119 \u017ce ma\u0142o kto<\/p>\n\n\n\n<p>Potrafi\u0142 by to unie\u015b\u0107 psychicznie<br>I to nawet je\u015bli si\u0119<\/p>\n\n\n\n<p>Czasem upada nawet je\u015bli czasem<br>G\u0142\u00f3wn\u0105 rol\u0119 maj\u0105 odgrywa\u0107 s\u0142abo\u015bci<\/p>\n\n\n\n<p>Co te\u017c jest na m\u0142yn<br>Bandycki bo oni przecie\u017c chc\u0105<\/p>\n\n\n\n<p>To robi\u0105 uderzaj\u0105 w nas<br>Nieustannie tak\u017ce r\u00f3\u017cnymi oskar\u017ceniami<\/p>\n\n\n\n<p>Byleby tylko nas skompromitowa\u0107 oszpeci\u0107<br>Jako\u015b w oczach tego \u015bwiata<\/p>\n\n\n\n<p>Tak\u017ce pod\u0142ymi k\u0142amstwami i ob\u0142ud\u0105<br>T\u0105 najgorsza bo oni sami<\/p>\n\n\n\n<p>Z\u0142oczyni\u0105c nieustanie i bezwzgl\u0119dnie<br>\u015ami\u0105 ocenia\u0107 perfidnie tych w\u0142a\u015bnie<\/p>\n\n\n\n<p>Kt\u00f3rzy tylko przecie\u017c si\u0119 broni\u0105<br>Przed wszelk\u0105 bestialsk\u0105 pod\u0142\u0105 przemoc\u0105<\/p>\n\n\n\n<p>Dlatego te\u017c my\u015bl\u0119 \u017ce ona<br>Moja \u017cona zas\u0142u\u017cy\u0142a ju\u017c specjalnie<\/p>\n\n\n\n<p>Na ten tytu\u0142 wspominanego dzi\u015b<br>&#8222;<strong>Herkul-i-Ana*<\/strong><br>Bo to Herkulesowej si\u0142y wymaga<\/p>\n\n\n\n<p>Opieranie si\u0119 tym wszelkim bestialstwom<br>\u0141ajdactwom ob\u0142udzie k\u0142amliwej pod\u0142ej zbrodniom<\/p>\n\n\n\n<figure class=\"wp-block-gallery has-nested-images columns-default is-cropped wp-block-gallery-1 is-layout-flex wp-block-gallery-is-layout-flex\">\n<figure class=\"wp-block-image size-large\"><a href=\"https:\/\/hubertpietka.bialystok.pl\/wp-content\/uploads\/2025\/09\/1000023318.jpg\"><img loading=\"lazy\" decoding=\"async\" width=\"771\" height=\"1024\" data-id=\"9637\" src=\"https:\/\/hubertpietka.bialystok.pl\/wp-content\/uploads\/2025\/09\/1000023318-771x1024.jpg\" alt=\"\" class=\"wp-image-9637\" srcset=\"https:\/\/hubertpietka.bialystok.pl\/wp-content\/uploads\/2025\/09\/1000023318-771x1024.jpg 771w, https:\/\/hubertpietka.bialystok.pl\/wp-content\/uploads\/2025\/09\/1000023318-226x300.jpg 226w, https:\/\/hubertpietka.bialystok.pl\/wp-content\/uploads\/2025\/09\/1000023318-768x1021.jpg 768w, https:\/\/hubertpietka.bialystok.pl\/wp-content\/uploads\/2025\/09\/1000023318-1156x1536.jpg 1156w, https:\/\/hubertpietka.bialystok.pl\/wp-content\/uploads\/2025\/09\/1000023318.jpg 1204w\" sizes=\"auto, (max-width: 771px) 100vw, 771px\" \/><\/a><\/figure>\n<\/figure>\n\n\n\n<p><em>Na zdj. My\u015bl\u0119 \u017ce te\u017c t\u0105 si\u0142\u0119<br>Wbrew ich k\u0142amstwom wszelkim \u0142ajdackim<br>Daje te\u017c sakrament ma\u0142\u017ce\u0144stwa<br>I wierna czysta go realizacja<br>Bo tu moc wtedy p\u0142ynie<br>Z Chrystusowego krzy\u017ca a gdyby<br>Nie to mi te\u017c pewnie<br>Unie\u015b\u0107 by to by\u0142o trudno<br>I mimo \u017ce si\u0119 powoli<br>Te\u017c jako\u015b dziadzieje \u017ce s\u0142abszy<br>Si\u0119 robi cz\u0142owiek nie wolno<br>Spocz\u0105\u0107 bo to walka \u015bmiertelna<br>Nie tylko o nasze \u017cycie<br>Nas naszego naszych ale te\u017c<br>O \u017cycie \u015bwiata tego<br>O warto\u015bci w nim<br>Na przek\u00f3r wszelkiemu szata\u0144stwu bandyckiemu<br>I im podobnych zamykaj\u0105cymu si\u0119<br>W k\u0142amstwach ob\u0142udnych zbrodniach pod\u0142ych<br>Jezu ufam Tobie wspomagaj prowad\u017a<br>Nas naszych i nasze<br>Braci i siostry w wierze<br>Pod\u0142ug dobrej woli tego narodu<br>I wszystkich solidaryzuj\u0105cych si\u0119<br>W prawdzie z tymi niewinnymi<\/em><\/p>\n","protected":false},"excerpt":{"rendered":"<p>Nie jest \u0142atwo \u017cy\u0107 nieustannieNa tak zwanym bandyckim przypale Cho\u0107 ja naprawd\u0119 nie znajduj\u0119Przyjemno\u015bci w samej tej obronie Ale co podda\u0107 si\u0119Bandyckiej przemocyTak by ten&hellip; <\/p>\n","protected":false},"author":1,"featured_media":0,"parent":0,"menu_order":0,"comment_status":"closed","ping_status":"closed","template":"","meta":{"footnotes":""},"class_list":["post-9636","page","type-page","status-publish","hentry"],"_links":{"self":[{"href":"https:\/\/hubertpietka.bialystok.pl\/index.php?rest_route=\/wp\/v2\/pages\/9636","targetHints":{"allow":["GET"]}}],"collection":[{"href":"https:\/\/hubertpietka.bialystok.pl\/index.php?rest_route=\/wp\/v2\/pages"}],"about":[{"href":"https:\/\/hubertpietka.bialystok.pl\/index.php?rest_route=\/wp\/v2\/types\/page"}],"author":[{"embeddable":true,"href":"https:\/\/hubertpietka.bialystok.pl\/index.php?rest_route=\/wp\/v2\/users\/1"}],"replies":[{"embeddable":true,"href":"https:\/\/hubertpietka.bialystok.pl\/index.php?rest_route=%2Fwp%2Fv2%2Fcomments&post=9636"}],"version-history":[{"count":1,"href":"https:\/\/hubertpietka.bialystok.pl\/index.php?rest_route=\/wp\/v2\/pages\/9636\/revisions"}],"predecessor-version":[{"id":9638,"href":"https:\/\/hubertpietka.bialystok.pl\/index.php?rest_route=\/wp\/v2\/pages\/9636\/revisions\/9638"}],"wp:attachment":[{"href":"https:\/\/hubertpietka.bialystok.pl\/index.php?rest_route=%2Fwp%2Fv2%2Fmedia&parent=9636"}],"curies":[{"name":"wp","href":"https:\/\/api.w.org\/{rel}","templated":true}]}}