{"id":9640,"date":"2025-09-06T21:30:06","date_gmt":"2025-09-06T21:30:06","guid":{"rendered":"https:\/\/hubertpietka.bialystok.pl\/?page_id=9640"},"modified":"2025-09-06T21:30:06","modified_gmt":"2025-09-06T21:30:06","slug":"swiadkowie-prawd-bozych-wobec-bandyckich-klamstw-i-zbrodni","status":"publish","type":"page","link":"https:\/\/hubertpietka.bialystok.pl\/?page_id=9640","title":{"rendered":"\u015awiadkowie prawd Bo\u017cych \/ wobec bandyckich k\u0142amstw i zbrodni"},"content":{"rendered":"\n<p>A teraz je\u015bli ja jestem<br>Przewra\u017cliwiony to oni ca\u0142y czas<br>Swobodnie \u0142ajdaczy\u0107 sobie mog\u0105<\/p>\n\n\n\n<p>Bardzo to wygodne takie orzeczenie<br>Przecie\u017c nikt nie b\u0119dzie siebie<br>Swojego i swoich nara\u017ca\u0142 lekkomy\u015blnie<\/p>\n\n\n\n<p>Na przemoc bandyck\u0105 w obliczu<br>Szanta\u017cu mog\u0105cego by\u0107 realizowanego<br>Realnie bardzo a\u017c na wskro\u015b<\/p>\n\n\n\n<p>Ka\u017cdy b\u0119dzie papla\u0142 jak mu<br>Naka\u017c\u0105 bandyci tak w\u0142a\u015bnie<br>I r\u0119k\u0105 r\u0119k\u0119 myje<\/p>\n\n\n\n<p>Lubi\u0105 oni tak w\u0142a\u015bnie<br>Byleby tylko m\u00f3c spokojnie<br>Realizowa\u0107 wszelkie swoje pod\u0142o\u015bci<\/p>\n\n\n\n<p>Przez takich czy innych<br>Wobec nas naszych i naszego<br>I innych niewinnych przemocy bandyckiej<\/p>\n\n\n\n<p>Tak\u017ce podwija mo\u017ce sobie dalej<br>Spokojnie tam \u0142ajdaczy\u0107 napada\u0107 cho\u0107by<br>Na kobiet\u0119 taki bandycki bohater<\/p>\n\n\n\n<p>A jak nie ma nikogo<br>Pod spodem to mo\u017cna by<br>Pewnie nawet to mieszkanie podpali\u0107<\/p>\n\n\n\n<p>A tutaj na rod\u00f3wce podobnie<br>\u0141ajdaczy\u0107 sobie mog\u0105 spokojnie<br>Wykoleje\u0144cy czy szemra\u0144cy bandyccy<\/p>\n\n\n\n<p>Przecie\u017c nikt za r\u0119k\u0119<br>Nie z\u0142apa\u0142 nikogo a je\u015bli<br>To m\u00f3w \u017ce nie twoja ta r\u0119ka<\/p>\n\n\n\n<p>Ob\u0142uda bandycka ma si\u0119 wi\u0119c<br>Wobec tego wsz\u0119dzie \u015bwietnie<br>A ju\u017c si\u0119 przekonali bydlacy<\/p>\n\n\n\n<p>\u017be ob\u0142ud\u0105 przemoc\u0105 i szanta\u017cem<br>Mo\u017cna na ludziach osi\u0105gn\u0105\u0107 wszystko<br>Co si\u0119 chce tylko<\/p>\n\n\n\n<p>I te mi\u015bki inni s\u0142u\u017calcy<br>Realizuj\u0105 te\u017c nieustannie zalecenia bandyckie<br>Cho\u0107 udaj\u0105 \u017ce nie<\/p>\n\n\n\n<p>Czy wobec mnie czy \u017cony<br>Maj\u0105 przecie\u017c du\u017co zapewne<br>Spreparowanych \u0142ajdacko niby dowod\u00f3w odpowiednich<\/p>\n\n\n\n<p>Byleby tylko wszystko s\u0142u\u017cy\u0142o po\u017c\u0105daniom<br>Tych bandyt\u00f3w \u015bmierci zniewoleniu zniszczeniu<br>Wobec nas naszych i naszego<\/p>\n\n\n\n<p>Bo przecie\u017c oni te\u017c mog\u0105<br>Rozprzestrzeni\u0107 totalnie sw\u0105 przemoc szata\u0144sk\u0105<br>To lepiej ju\u017c po\u015bwi\u0119ci\u0107 tych niewinnych przecie\u017c<\/p>\n\n\n\n<p>A \u017ce \u015bwiat si\u0119 sko\u0144czy<br>Nie lepiej wierzy\u0107 w k\u0142amstwa szata\u0144skie bandyt\u00f3w<br>\u017be tak wcale nie b\u0119dzie<\/p>\n\n\n\n<p>\u017be dopiero b\u0119dzie wszystko pi\u0119knie<br>Jak znikniemy z powierzchni ziemi<br>\u017be wtedy b\u0119dzie super dopiero<\/p>\n\n\n\n<p>I tak oni perfidnie wszystko<br>Ju\u017c zrobii te\u017c porz\u0105dek przecie\u017c<br>Ten \u0142ajdacki z nasz\u0105 rod\u00f3wk\u0105<\/p>\n\n\n\n<p>Bo zobacz dostali\u015bmy zalecenie wymowne<br>\u017be psy tu maj\u0105 by\u0107<br>W kaga\u0144cu i na smyczy<\/p>\n\n\n\n<p>My\u015bl\u0119 \u017ce mogliby jeszcze zaleci\u0107<br>Ci \u0142ajdaccy bandyci by cho\u0107by<br>Zwi\u0105za\u0107 im te\u017c nogi<\/p>\n\n\n\n<p>I by otwarte by\u0142y tu bramki wszystkie<br>Cho\u0107by z przyczyn bezpiecze\u0144stwa s\u0142usznych a jak\u017ce<br>Jak\u0105 by mieli wtedy oni pi\u0119kn\u0105 napa\u015b\u0107 spokojn\u0105<\/p>\n\n\n\n<p>Do kt\u00f3rej przecie\u017c wsz\u0119dzie d\u0105\u017c\u0105<br>Przez takich czy innych \u0142ajdackich sk\u00f3rsyn\u00f3w bandyckich<br>Mo\u017ce w mieszkaniu by si\u0119 te\u017c przyda\u0142o to samo<\/p>\n\n\n\n<p>Tak\u017ce si\u0119 nie \u0142udz\u0119 wcale<br>\u017be kto\u015b przeciwko sobie samemu<br>B\u0119dzie zeznawa\u0142 na przek\u00f3r \u0142ajdackim bandyckim bestialstwom<\/p>\n\n\n\n<p>Ka\u017cdy chce zachowa\u0107 przecie\u017c<br>To co ma i ryzykowa\u0107 nie b\u0119dzie<br>Wobec przemocy wszelkiej bandyckich bestii<\/p>\n\n\n\n<figure class=\"wp-block-image size-large\"><a href=\"https:\/\/hubertpietka.bialystok.pl\/wp-content\/uploads\/2025\/09\/1000023427.jpg\"><img loading=\"lazy\" decoding=\"async\" width=\"771\" height=\"1024\" src=\"https:\/\/hubertpietka.bialystok.pl\/wp-content\/uploads\/2025\/09\/1000023427-771x1024.jpg\" alt=\"\" class=\"wp-image-9641\" srcset=\"https:\/\/hubertpietka.bialystok.pl\/wp-content\/uploads\/2025\/09\/1000023427-771x1024.jpg 771w, https:\/\/hubertpietka.bialystok.pl\/wp-content\/uploads\/2025\/09\/1000023427-226x300.jpg 226w, https:\/\/hubertpietka.bialystok.pl\/wp-content\/uploads\/2025\/09\/1000023427-768x1021.jpg 768w, https:\/\/hubertpietka.bialystok.pl\/wp-content\/uploads\/2025\/09\/1000023427-1156x1536.jpg 1156w, https:\/\/hubertpietka.bialystok.pl\/wp-content\/uploads\/2025\/09\/1000023427.jpg 1204w\" sizes=\"auto, (max-width: 771px) 100vw, 771px\" \/><\/a><\/figure>\n\n\n\n<p><em>Na zdj. Chrystusa krzy\u017cuj\u0105 w nas<br>Na wszelkie mo\u017cliwe sposoby<br>Przemoc\u0105 \u0142ajdack\u0105 podpart\u0105 wszelk\u0105 ob\u0142ud\u0105<br>Rozcz\u0142onkowuj\u0105 nas te\u017c sprzedajnie pod\u0142o\u015bciami<br>Niezmiernymi jak na tym witra\u017cu<br>C\u00f3\u017c nam zostaje mimo wszystko<br>S\u0142uszna obrona swojego i swoich<br>W obliczu k\u0142amstw i zbrodni<br>By\u0107 \u015bwiadkami tej Bo\u017cej prawdy<br>I wszelkich normalnych ludzkich warto\u015bci<br>Bo nikt tu prawdy bynajmniej<br>Nie powie ryzykuj\u0105c sob\u0105 swojem<br>Mimo wszystko Jezu ufam Tobie<br>To Ty Panie uczyni\u0142e\u015b nas<br>Twoimi \u015bwiadkami na przek\u00f3r<br>K\u0142amstwom ob\u0142udnym szata\u0144skim tych bandyt\u00f3w<br>I im podobnych na przek\u00f3r<br>Te\u017c zbrodniom bestialskim szanta\u017com wszelkim<\/em><\/p>\n","protected":false},"excerpt":{"rendered":"<p>A teraz je\u015bli ja jestemPrzewra\u017cliwiony to oni ca\u0142y czasSwobodnie \u0142ajdaczy\u0107 sobie mog\u0105 Bardzo to wygodne takie orzeczeniePrzecie\u017c nikt nie b\u0119dzie siebieSwojego i swoich nara\u017ca\u0142 lekkomy\u015blnie&hellip; <\/p>\n","protected":false},"author":1,"featured_media":0,"parent":0,"menu_order":0,"comment_status":"closed","ping_status":"closed","template":"","meta":{"footnotes":""},"class_list":["post-9640","page","type-page","status-publish","hentry"],"_links":{"self":[{"href":"https:\/\/hubertpietka.bialystok.pl\/index.php?rest_route=\/wp\/v2\/pages\/9640","targetHints":{"allow":["GET"]}}],"collection":[{"href":"https:\/\/hubertpietka.bialystok.pl\/index.php?rest_route=\/wp\/v2\/pages"}],"about":[{"href":"https:\/\/hubertpietka.bialystok.pl\/index.php?rest_route=\/wp\/v2\/types\/page"}],"author":[{"embeddable":true,"href":"https:\/\/hubertpietka.bialystok.pl\/index.php?rest_route=\/wp\/v2\/users\/1"}],"replies":[{"embeddable":true,"href":"https:\/\/hubertpietka.bialystok.pl\/index.php?rest_route=%2Fwp%2Fv2%2Fcomments&post=9640"}],"version-history":[{"count":1,"href":"https:\/\/hubertpietka.bialystok.pl\/index.php?rest_route=\/wp\/v2\/pages\/9640\/revisions"}],"predecessor-version":[{"id":9642,"href":"https:\/\/hubertpietka.bialystok.pl\/index.php?rest_route=\/wp\/v2\/pages\/9640\/revisions\/9642"}],"wp:attachment":[{"href":"https:\/\/hubertpietka.bialystok.pl\/index.php?rest_route=%2Fwp%2Fv2%2Fmedia&parent=9640"}],"curies":[{"name":"wp","href":"https:\/\/api.w.org\/{rel}","templated":true}]}}