{"id":9644,"date":"2025-09-08T07:40:35","date_gmt":"2025-09-08T07:40:35","guid":{"rendered":"https:\/\/hubertpietka.bialystok.pl\/?page_id=9644"},"modified":"2025-09-08T07:40:35","modified_gmt":"2025-09-08T07:40:35","slug":"perfidia-i-obluda-bestii-bandyckich-i-im-podleglych-lajdakow-wszelkich","status":"publish","type":"page","link":"https:\/\/hubertpietka.bialystok.pl\/?page_id=9644","title":{"rendered":"Perfidia i ob\u0142uda bestii bandyckich \/ i im podleg\u0142ych \u0142ajdak\u00f3w wszelkich"},"content":{"rendered":"\n<p>Jak\u017ce\u017c to nie s\u0105 totalnie bestie<br>Skoro im ob\u0142udniej tym lepiej<br>Im bardziej podle i perfidnie<br>Bo tak w\u0142a\u015bnie si\u0119 z\u0142o szata\u0144skie realizuje<\/p>\n\n\n\n<p>Tych bestii bandyckich i im<br>Podobnych ob\u0142udnik\u00f3w wszelakich<br>A skoro przewidzia\u0142em chyba niemal<br>Wszystkie opcje ich dzia\u0142a\u0144 szata\u0144skich<\/p>\n\n\n\n<p>To z\u0142o bestialskie ma<br>Tak w\u0142a\u015bnie najlepiej by\u0107 powtarzalnym<br>Szermowa\u0107 pod\u0142ymi ob\u0142udnymi perfidnymi dzia\u0142aniami<br>Pod\u0142ug upodobania w z\u0142u szata\u0144skim<\/p>\n\n\n\n<p>Bo przecie\u017c to z\u0142o bandyckie<br>Ma wiele opcji i cel\u00f3w<br>Szata\u0144skich dzia\u0142a\u0144 tych \u0142ajdak\u00f3w wszelkich<br>Jak nie z tej to z tamtej uderzy\u0107<\/p>\n\n\n\n<p>Jak nie w to<br>To w tamto wiele ma<br>Te\u017c przecie\u017c opcji i metod<br>Nie tylko cel\u00f3w z\u0142o szata\u0144skie<br>Pod\u0142ug wariacji upodobania w z\u0142u<\/p>\n\n\n\n<p>Tych bandyckich bestii i r\u00f3\u017cnych<br>Pod\u0142ug nich ob\u0142udnik\u00f3w perfidnych<br>Przecie\u017c w nas naszych nasze<br>Uderza\u0107 mo\u017cna ze stron r\u00f3\u017cnych<br>I na wiele \u0142ajdackich sposob\u00f3w<\/p>\n\n\n\n<p>Trudno to nawet wszystko ogarn\u0105\u0107<br>Bo to przypomina metod\u0119 gwiazdow\u0105<br>Wiele opcji r\u00f3\u017cnych uderze\u0144 ob\u0142udnych<br>W te wszystkie obiekty nasze<\/p>\n\n\n\n<p>Jak nie kijem to kamieniem<br>Jak nie przez takich<br>To przez innych \u0142ajdak\u00f3w<br>Jak nie skrycie to wprost<br>I najlepiej ob\u0142uda pod p\u0142aszczykiem<\/p>\n\n\n\n<p>Niby jakiego\u015b innego dobra<br>Albo owiana nimbem przypadkowo\u015bci<br>Cho\u0107 wypowiadam to wszystko wielokrotnie<br>Tak maj\u0105 w\u0142a\u015bnie te bestie<\/p>\n\n\n\n<p>Te bandyckie i \u0142ajdaki wszelakie<br>A wszystko tu zakorzenione<br>W ob\u0142udzie ob\u0142\u0119dnej i pod\u0142ej<br>I perfidii bestialstw bandyt\u00f3w wszelkiej<\/p>\n\n\n\n<p>A prawda jeszcze nie wypowiedzia\u0142em<br>Tego przecie\u017c \u017ce mo\u017cna uderza\u0107<br>Przez ukochanych bandyckich skarbeczk\u00f3w<br>W ten spos\u00f3b cho\u0107by \u017ce<\/p>\n\n\n\n<p>Chocia\u017c ci nieustannie chc\u0105 nam<br>Bandyccy \u0142ajdacy wszelacy wytr\u0105ci\u0107<br>T\u0105 podpor\u0119 chleba to przecie\u017c<br>Mo\u017cna nas oskar\u017cy\u0107 i ukara\u0107<\/p>\n\n\n\n<p>\u017be jakie\u015b niby nieprawe zyski<br>Niepost\u0119powanie w zgodzie z prawem<br>Wiadomo \u017ce bandyckim bestiom wszelakim<br>Naj\u0142atwiej uderza\u0107 w ten spos\u00f3b<\/p>\n\n\n\n<p>W tych ma\u0142ych wszelk\u0105 przemoc\u0105<br>Zreszt\u0105 i oskar\u017ca\u0107 nas jeszcze<br>Ca za niewymowne bestie<br>\u017be niby my sami jeste\u015bmy tu tego winni<\/p>\n\n\n\n<p>Piekielne bestie tak w\u0142a\u015bnie<br>A \u017ce im te\u017c zawsze<br>Jest ma\u0142o bo bogac\u0105 si\u0119<br>Na nieprawych zyskach to najlepiej<\/p>\n\n\n\n<p>Uderza\u0107 w tych ma\u0142ych finansowo<br>Przez r\u00f3\u017cne podporz\u0105dkowane tym bestiom<br>Organy z egzekucj\u0105 bandyck\u0105 zawsze przecie\u017c<br>Jedynie s\u0142uszn\u0105 \u0142ajdacko i bestialsko<\/p>\n\n\n\n<p>Wszelkie s\u0142u\u017cby przecie\u017c maj\u0105 podporz\u0105dkowane<br>To co tam dla nich<br>A wyk\u0142adnia bandycka ma by\u0107<br>Przecie\u017c jedynie s\u0142uszna nam przeciwko<\/p>\n\n\n\n<p>Ze szkod\u0105 dla nas<br>Byleby tylko prawn\u0105 finansow\u0105 jak\u0105kolwiek<br>Tak maj\u0105 w\u0142a\u015bnie bestie bandyckie<br>I im podporz\u0105dkowani \u0142ajdacy wszelacy<\/p>\n\n\n\n<p>Zawodowi s\u0142u\u017cbowi prywatni<br>Czy tam jacy<br>Wiele przecie\u017c podporz\u0105dkowali sobie podmiot\u00f3w<br>Bestie bandyckie z wyk\u0142adni\u0105 \u0142ajdack\u0105<\/p>\n\n\n\n<p>Jedynie s\u0142uszn\u0105 szata\u0144sko<br>Byleby tylko wszystko nam przeciwko<br>Bestie bandyckie bo przecie\u017c<br>Ju\u017c cho\u0107by tak utrudnili nam<\/p>\n\n\n\n<p>Oni i ob\u0142udnicy ichni r\u00f3\u017cni<br>Przebywanie na tej rod\u00f3wce<br>Ale tak w\u0142a\u015bnie maj\u0105<br>Bestie bandyckie i im podobni<\/p>\n\n\n\n<p>W z\u0142u szata\u0144skim byleby tylko<br>Z\u0142o jakie\u015b przecie\u017c dla nas<br>Naszego i naszych niewinnych innych<br>Tak si\u0119 w\u0142a\u015bnie objawia<br>W pe\u0142ni bestialstwo tych bandyt\u00f3w<\/p>\n\n\n\n<figure class=\"wp-block-gallery has-nested-images columns-default is-cropped wp-block-gallery-1 is-layout-flex wp-block-gallery-is-layout-flex\">\n<figure class=\"wp-block-image size-large\"><a href=\"https:\/\/hubertpietka.bialystok.pl\/wp-content\/uploads\/2025\/09\/1000023494.jpg\"><img loading=\"lazy\" decoding=\"async\" width=\"771\" height=\"1024\" data-id=\"9645\" src=\"https:\/\/hubertpietka.bialystok.pl\/wp-content\/uploads\/2025\/09\/1000023494-771x1024.jpg\" alt=\"\" class=\"wp-image-9645\" srcset=\"https:\/\/hubertpietka.bialystok.pl\/wp-content\/uploads\/2025\/09\/1000023494-771x1024.jpg 771w, https:\/\/hubertpietka.bialystok.pl\/wp-content\/uploads\/2025\/09\/1000023494-226x300.jpg 226w, https:\/\/hubertpietka.bialystok.pl\/wp-content\/uploads\/2025\/09\/1000023494-768x1021.jpg 768w, https:\/\/hubertpietka.bialystok.pl\/wp-content\/uploads\/2025\/09\/1000023494-1156x1536.jpg 1156w, https:\/\/hubertpietka.bialystok.pl\/wp-content\/uploads\/2025\/09\/1000023494.jpg 1204w\" sizes=\"auto, (max-width: 771px) 100vw, 771px\" \/><\/a><\/figure>\n<\/figure>\n\n\n\n<p><em>Na zdj. Dzi\u015b Narodzenia Maryi<br>Maryjo sprzyjaj mimo tej totalno\u015bci<br>Bandyckiego z\u0142a ich d\u0105\u017cenia k\u0142amliwego ob\u0142udnie<br>Do zbrodni wszelakich na nas<br>Naszych i naszym w perfidii<br>Pod\u0142ej szata\u0144skiej te\u017c i\u015bcie<br>Bo przecie\u017c ja to wszystko<br>Wypowiedzia\u0142em i wypowiadam wielokrotnie<br>Ale tak maj\u0105 w\u0142a\u015bnie<br>Bandyckie bestie i im podobni<br>Ob\u0142udni \u0142ajdacy we wszystkim<br>Byleby tylko uczyni\u0107 z\u0142o szata\u0144skie<br>Obiektom nienawi\u015bci tych bandyt\u00f3w<br>Tych bestii i ob\u0142udnik\u00f3w wszelkich<br>Pod\u0142ug paradygmatu przemocy dost\u0119pnej wszelkiej<br>Przeciwko tym ma\u0142ym i niewinnym<\/em><\/p>\n","protected":false},"excerpt":{"rendered":"<p>Jak\u017ce\u017c to nie s\u0105 totalnie bestieSkoro im ob\u0142udniej tym lepiejIm bardziej podle i perfidnieBo tak w\u0142a\u015bnie si\u0119 z\u0142o szata\u0144skie realizuje Tych bestii bandyckich i imPodobnych&hellip; <\/p>\n","protected":false},"author":1,"featured_media":0,"parent":0,"menu_order":0,"comment_status":"closed","ping_status":"closed","template":"","meta":{"footnotes":""},"class_list":["post-9644","page","type-page","status-publish","hentry"],"_links":{"self":[{"href":"https:\/\/hubertpietka.bialystok.pl\/index.php?rest_route=\/wp\/v2\/pages\/9644","targetHints":{"allow":["GET"]}}],"collection":[{"href":"https:\/\/hubertpietka.bialystok.pl\/index.php?rest_route=\/wp\/v2\/pages"}],"about":[{"href":"https:\/\/hubertpietka.bialystok.pl\/index.php?rest_route=\/wp\/v2\/types\/page"}],"author":[{"embeddable":true,"href":"https:\/\/hubertpietka.bialystok.pl\/index.php?rest_route=\/wp\/v2\/users\/1"}],"replies":[{"embeddable":true,"href":"https:\/\/hubertpietka.bialystok.pl\/index.php?rest_route=%2Fwp%2Fv2%2Fcomments&post=9644"}],"version-history":[{"count":1,"href":"https:\/\/hubertpietka.bialystok.pl\/index.php?rest_route=\/wp\/v2\/pages\/9644\/revisions"}],"predecessor-version":[{"id":9646,"href":"https:\/\/hubertpietka.bialystok.pl\/index.php?rest_route=\/wp\/v2\/pages\/9644\/revisions\/9646"}],"wp:attachment":[{"href":"https:\/\/hubertpietka.bialystok.pl\/index.php?rest_route=%2Fwp%2Fv2%2Fmedia&parent=9644"}],"curies":[{"name":"wp","href":"https:\/\/api.w.org\/{rel}","templated":true}]}}