{"id":9650,"date":"2025-09-11T11:14:46","date_gmt":"2025-09-11T11:14:46","guid":{"rendered":"https:\/\/hubertpietka.bialystok.pl\/?page_id=9650"},"modified":"2025-09-11T11:14:46","modified_gmt":"2025-09-11T11:14:46","slug":"zbrodniarze-bestie-klamstw-systemow","status":"publish","type":"page","link":"https:\/\/hubertpietka.bialystok.pl\/?page_id=9650","title":{"rendered":"Zbrodniarze \/ bestie k\u0142amstw system\u00f3w"},"content":{"rendered":"\n<p>Jak wyt\u0142umacz\u0105 bandyccy \u0142ajdacy<br>I im podobni zdegenerowani ideologicznie<br>\u017be ja wiem o ich<br>Zamiarach zbrodni cho\u0107by wobec \u017cony<br>Bliskich naszego mnie te\u017c zniewolenia<br>Jak wyt\u0142umacz\u0105 to te bestie<br>Skoro to wszystko mia\u0142o by\u0107<br>Przede mn\u0105 ukryte a jednak<br>I nikt mi o tym<br>Te\u017c nie powiedzia\u0142<br>Bo by nie \u015bmia\u0142<br>Wobec szanta\u017cu \u015bmierci bandyckiej przemocy<br>B\u00f3g pozwala czasem przenikn\u0105\u0107 r\u00f3\u017cne<br>Piekielne zamiary ku obronie niewinnych<br>Zreszt\u0105 wszelkich tej bestialskiej nienawi\u015bci bandyckiej<br>I te bestie perfidnie ob\u0142udnie<br>D\u0105\u017c\u0105 do swoich szata\u0144skich zbrodni<br>Mimo \u017ce przenikn\u0105\u0142em to<br>Z Bo\u017c\u0105 pomoc\u0105 \u017ce powtarzam<br>Ci\u0105gle i wielokro\u0107 przeciwko nim<br>Bo bestie bandyckie si\u0119<br>W zbrodniach i k\u0142amstwach ob\u0142udnych<br>Nie umiej\u0105 zatrzyma\u0107<br>To szatan sprzyja zbrodniom k\u0142amstwami<br>B\u00f3g jest zawsze przeciwko temu<br>Czego ja jestem tylko wyrazem<\/p>\n\n\n\n<p>A jak wyt\u0142umacz\u0105 bestie bandyckie<br>Ten wsp\u00f3\u0142czesny holocaust na niewinnych<br>Historyczn\u0105 konieczno\u015bci\u0105 jak zbrodniarze hitlerowscy<br>A mo\u017ce w\u0142asn\u0105 jak\u0105\u015b lepszo\u015bci\u0105<br>W czym\u015b niby jak tu<br>Ponownie rasi\u015bci niemieccy z czas\u00f3w<br>Drugiej apokalipsy<br>A w czym oni s\u0105<br>Lepsi niby chyba w zbrodniach<br>Szata\u0144skich i bestialskich kt\u00f3re chc\u0105<br>Pope\u0142nia\u0107 na innych kt\u00f3rzy jako\u015b<br>Sprzeciwiaj\u0105 si\u0119 ich zamiarom<br>Panowania nad tym \u015bwiatem<br>Podobnie zreszt\u0105 jak czynili zbrodniarze<br>Z hitlerowskich Niemiec czy te\u017c<br>Stalinowscy i p\u00f3\u017aniejsi oprawcy sowieccy<\/p>\n\n\n\n<p>A czym wyt\u0142umacz\u0105 lewacy<br>Holocaust na nienarodzonych<br>Aborcj\u0119 eutanazj\u0119 itd. jak\u0105 konieczno\u015bci\u0105<br>Te\u017c niby w\u0142asn\u0105 lepszo\u015bci\u0105<br>Ich prawami kt\u00f3re maj\u0105 by\u0107<br>Kosztem tych niewinnych i ma\u0142ych<br>Ich wygod\u0105 egoizmem hedonizmem pieni\u0105dzem w\u0142adz\u0105<br>To wszystko tu chyba<br>Jest te\u017c do pary<\/p>\n\n\n\n<p>A teraz bandyckie bestie<br>I im podobni<br>B\u00f3g si\u0119 zawsze sprzeciwia<br>Wszelkim zbrodniom na niewinnych<br>W przeciwie\u0144stwie do szatana<br>Kt\u00f3ry temu sprzyja wszelkimi k\u0142amstwami<br>A teraz bestie bandyckie lewackie<br>Czy tam jakie<br>Zbrodniczo\u015b\u0107 i ob\u0142uda k\u0142amstw t\u0142umacz\u0105cych<br>Zbrodnie okre\u015bla w\u0142a\u015bnie bestialstwo<br>A teraz ani mi Ani<br>Z nami naszymi i naszym<br>Bo zobaczycie bestie jak si\u0119<br>Ko\u0144czy \u015bwiat ten i was wszelkich<br>L\u0105dowanie w piekle pod\u0142ug k\u0142amliwych<br>Niby wy\u017cszych lot\u00f3w ale zbrodniczych<br>Powiedzia\u0142em i nic tego<br>Ju\u017c nie zmieni we mnie<br>B\u00f3g uczyni\u0142 mnie narz\u0119dziem sprawiedliwo\u015bci<br>W\u0142a\u015bnie w tym celu<br>Przeciwko wszelkim k\u0142amstwom ob\u0142udnym zbrodniarzy<br>Tak mu si\u0119 spodoba\u0142o<br>Tak mnie On ukszta\u0142towa\u0142<br>W przeciwie\u0144stwie do was r\u00f3\u017cne<br>Bestie kszta\u0142towane k\u0142amstwami i zbrodniami<br>Przez szatana dlatego nabieracie wyraz<br>W\u0142a\u015bnie taki bestialski wyrazi\u015bcie<\/p>\n\n\n\n<p><\/p>\n\n\n\n<figure class=\"wp-block-image size-large\"><a href=\"https:\/\/hubertpietka.bialystok.pl\/wp-content\/uploads\/2025\/09\/1000024306-scaled.jpg\"><img loading=\"lazy\" decoding=\"async\" width=\"771\" height=\"1024\" src=\"https:\/\/hubertpietka.bialystok.pl\/wp-content\/uploads\/2025\/09\/1000024306-771x1024.jpg\" alt=\"\" class=\"wp-image-9651\" srcset=\"https:\/\/hubertpietka.bialystok.pl\/wp-content\/uploads\/2025\/09\/1000024306-771x1024.jpg 771w, https:\/\/hubertpietka.bialystok.pl\/wp-content\/uploads\/2025\/09\/1000024306-226x300.jpg 226w, https:\/\/hubertpietka.bialystok.pl\/wp-content\/uploads\/2025\/09\/1000024306-768x1020.jpg 768w, https:\/\/hubertpietka.bialystok.pl\/wp-content\/uploads\/2025\/09\/1000024306-1157x1536.jpg 1157w, https:\/\/hubertpietka.bialystok.pl\/wp-content\/uploads\/2025\/09\/1000024306-1542x2048.jpg 1542w, https:\/\/hubertpietka.bialystok.pl\/wp-content\/uploads\/2025\/09\/1000024306-scaled.jpg 1928w\" sizes=\"auto, (max-width: 771px) 100vw, 771px\" \/><\/a><\/figure>\n\n\n\n<p><em>Na zdj. A teraz te\u017c bandyckie mi\u015bki<br>I inni bandyccy s\u0142u\u017calcy<br>Ochraniaczyki systemu totalno\u015bci z\u0142a bandyckiego<br>Jak wyt\u0142umaczycie prowokowanie niewinnych<br>W celach zniewolenia \u0142ajdackich bandyctwa<br>S\u0142u\u017cb\u0105 prawu kt\u00f3re totalitarnie znieprawiaj\u0105<br>A mo\u017ce pos\u0142usze\u0144stwem totalnej w\u0142adzy<br>Tego z\u0142a bandyckiego jak wyt\u0142umaczycie<br>Mo\u017ce tak jak po zab\u00f3jstwie<br>Na ksi\u0119dzu Jerzym Popie\u0142uszko<br>Dzi\u015b b\u0142ogos\u0142awionym pos\u0142usze\u0144stwem z\u0142a systemowi<br>I wy chcecie dope\u0142ni\u0107 te<br>Wszystkie zbrodnie bandyckie sta\u0107 si\u0119<br>Judaszami sprzedaj\u0105cymi niewinnych braci<br>Wy chcecie kropk\u0119 nad i<br>Po\u0142o\u017cy\u0107 na \u017cyciu tego \u015bwiata<br>W zgodzie z \u0142ajdactwem bandyckim<br>I k\u0142amstwami wszelkimi tych bestii<br>Tego chcecie czy tego chcecie<\/em><\/p>\n","protected":false},"excerpt":{"rendered":"<p>Jak wyt\u0142umacz\u0105 bandyccy \u0142ajdacyI im podobni zdegenerowani ideologicznie\u017be ja wiem o ichZamiarach zbrodni cho\u0107by wobec \u017conyBliskich naszego mnie te\u017c zniewoleniaJak wyt\u0142umacz\u0105 to te bestieSkoro to&hellip; <\/p>\n","protected":false},"author":1,"featured_media":0,"parent":0,"menu_order":0,"comment_status":"closed","ping_status":"closed","template":"","meta":{"footnotes":""},"class_list":["post-9650","page","type-page","status-publish","hentry"],"_links":{"self":[{"href":"https:\/\/hubertpietka.bialystok.pl\/index.php?rest_route=\/wp\/v2\/pages\/9650","targetHints":{"allow":["GET"]}}],"collection":[{"href":"https:\/\/hubertpietka.bialystok.pl\/index.php?rest_route=\/wp\/v2\/pages"}],"about":[{"href":"https:\/\/hubertpietka.bialystok.pl\/index.php?rest_route=\/wp\/v2\/types\/page"}],"author":[{"embeddable":true,"href":"https:\/\/hubertpietka.bialystok.pl\/index.php?rest_route=\/wp\/v2\/users\/1"}],"replies":[{"embeddable":true,"href":"https:\/\/hubertpietka.bialystok.pl\/index.php?rest_route=%2Fwp%2Fv2%2Fcomments&post=9650"}],"version-history":[{"count":1,"href":"https:\/\/hubertpietka.bialystok.pl\/index.php?rest_route=\/wp\/v2\/pages\/9650\/revisions"}],"predecessor-version":[{"id":9652,"href":"https:\/\/hubertpietka.bialystok.pl\/index.php?rest_route=\/wp\/v2\/pages\/9650\/revisions\/9652"}],"wp:attachment":[{"href":"https:\/\/hubertpietka.bialystok.pl\/index.php?rest_route=%2Fwp%2Fv2%2Fmedia&parent=9650"}],"curies":[{"name":"wp","href":"https:\/\/api.w.org\/{rel}","templated":true}]}}