{"id":9668,"date":"2025-09-13T21:45:21","date_gmt":"2025-09-13T21:45:21","guid":{"rendered":"https:\/\/hubertpietka.bialystok.pl\/?page_id=9668"},"modified":"2025-09-13T21:45:21","modified_gmt":"2025-09-13T21:45:21","slug":"lajdactwo-bestialstwo-lewactwo-trojca-raczej-szatanska-skoro-przeciwko-czlowiekowi-i-bogu","status":"publish","type":"page","link":"https:\/\/hubertpietka.bialystok.pl\/?page_id=9668","title":{"rendered":"\u0141ajdactwo bestialstwo lewactwo \/ tr\u00f3jca raczej szata\u0144ska &#8211; skoro przeciwko cz\u0142owiekowi i Bogu"},"content":{"rendered":"\n<p>1.<br>Jak\u017ce\u017c to nie bestie<br>Skoro oni koordynuj\u0105 \u0142ajdactwa wszelkie<br>\u017baden krok tych bydlak\u00f3w wszelakich<br>Nie mo\u017ce by\u0107 przecie\u017c<br>Poczyniony bez akceptacji tych bestii<br>Wobec nas naszych i naszego<br>I innych niewinnych bestialskiej<br>Krwio\u017cerczo\u015bci bandyckiej i \u0142ajdak\u00f3w wszelkich<br>Prywatnych zawodowych i s\u0142u\u017cbowych<br>A przecie\u017c r\u00f3\u017cne \u0142ajdaki lewaki<br>Tak w sercu skoro wsp\u00f3\u0142wyznaj\u0105<br>Antywarto\u015bci bestii i akceptuj\u0105 zbrodnie<br>A tak maj\u0105 dop\u00f3ki ich<br>Samych nie dotknie atak jaki\u015b<br>Z\u0142a zbrodniczego w\u0142a\u015bnie \u0142ajdak\u00f3w r\u00f3\u017cnych<br>Bo przecie\u017c dla takich<br>Tych lepszych lewak\u00f3w nale\u017cy si\u0119<br>Zawsze wisienka na torcie<br>A \u017cycie bywa niestety przewrotne<br>Wszystko jest ok dop\u00f3ki<br>Z\u0142o nie b\u0119dzie chcia\u0142o<br>Im si\u0119 odp\u0142aci\u0107 jako\u015b<br>A sta\u0107 si\u0119 tak mo\u017ce<br>Niestety i pod\u0142ug sprawiedliwo\u015bci Bo\u017cej<br>W my\u015bl zasady te\u017c tej<br>Szatan niestety uderza tak\u017ce<br>W takich kt\u00f3rzy mu s\u0142u\u017cyli<br>W swoim czasie<br>Zbrodniami i ob\u0142udnymi k\u0142amstwami<br>Oraz oboj\u0119tno\u015bci\u0105 wobec cierpienia niewinnych<br>Tej bestialskiej nienawi\u015bci bandyckiej cho\u0107by<br>Szatan jest jak \u015bwinia niestety<br>Kt\u00f3ra w okre\u015blonym momencie<br>Obraca si\u0119 przeciwko swym dzieciom<br>By te\u017c je pok\u0105sa\u0107<\/p>\n\n\n\n<p>2.<br>Maj\u0105 to do siebie<br>Bestie bandyckie i \u0142ajdaki wszelakie<br>\u017be nie spoczn\u0105 dop\u00f3ki<br>Nie zrealizuj\u0105 swych zbrodni wszelakich<br>Pod\u0142ug szatana bo on jest<br>Przecie\u017c panem totalno\u015bci z\u0142a<br>W taki czy inny spos\u00f3b<br>Przez takich czy jakich<br>Co za r\u00f3\u017cnica dla bestii<br>Co za r\u00f3\u017cnica dla szatana<\/p>\n\n\n\n<figure class=\"wp-block-gallery has-nested-images columns-default is-cropped wp-block-gallery-1 is-layout-flex wp-block-gallery-is-layout-flex\">\n<figure class=\"wp-block-image size-large\"><a href=\"https:\/\/hubertpietka.bialystok.pl\/wp-content\/uploads\/2025\/09\/1000024691-scaled.jpg\"><img loading=\"lazy\" decoding=\"async\" width=\"771\" height=\"1024\" data-id=\"9669\" src=\"https:\/\/hubertpietka.bialystok.pl\/wp-content\/uploads\/2025\/09\/1000024691-771x1024.jpg\" alt=\"\" class=\"wp-image-9669\" srcset=\"https:\/\/hubertpietka.bialystok.pl\/wp-content\/uploads\/2025\/09\/1000024691-771x1024.jpg 771w, https:\/\/hubertpietka.bialystok.pl\/wp-content\/uploads\/2025\/09\/1000024691-226x300.jpg 226w, https:\/\/hubertpietka.bialystok.pl\/wp-content\/uploads\/2025\/09\/1000024691-768x1020.jpg 768w, https:\/\/hubertpietka.bialystok.pl\/wp-content\/uploads\/2025\/09\/1000024691-1157x1536.jpg 1157w, https:\/\/hubertpietka.bialystok.pl\/wp-content\/uploads\/2025\/09\/1000024691-1542x2048.jpg 1542w, https:\/\/hubertpietka.bialystok.pl\/wp-content\/uploads\/2025\/09\/1000024691-scaled.jpg 1928w\" sizes=\"auto, (max-width: 771px) 100vw, 771px\" \/><\/a><\/figure>\n<\/figure>\n\n\n\n<p><em>Na zdj. Jak z ks. Jerzym przecie\u017c<br>Potem si\u0119 przedstawi odpowiedni\u0105 wersj\u0119<br>Pod\u0142ug zapatrywa\u0144 lewak\u00f3w i bandyt\u00f3w<br>Wszystko b\u0119dzie pewnie spoko<br>Ciekawe tylko czy Pan B\u00f3g<br>Te\u017c si\u0119 zgodzi na k\u0142amstwa<br>Tych bestii i wszelkie zbrodnie<br>Jezu ufam Tobie wbrew bestialstwu<br>Wbrew \u0142ajdactwu wszelkiemu wbrew k\u0142amstwom<br>Ty jeste\u015b Bogiem i Panem<br>A szatan ma tylko<br>Takie czy inne bestie<br>Takich czy innych \u0142ajdak\u00f3w<br>Czy tam lewak\u00f3w<br>Skoro wsp\u00f3\u0142wyznawc\u00f3w ideologicznych cywilizacji \u015bmierci<br>I wszelkich antyboskich przeciwwarto\u015bci<\/em><\/p>\n","protected":false},"excerpt":{"rendered":"<p>1.Jak\u017ce\u017c to nie bestieSkoro oni koordynuj\u0105 \u0142ajdactwa wszelkie\u017baden krok tych bydlak\u00f3w wszelakichNie mo\u017ce by\u0107 przecie\u017cPoczyniony bez akceptacji tych bestiiWobec nas naszych i naszegoI innych niewinnych&hellip; <\/p>\n","protected":false},"author":1,"featured_media":0,"parent":0,"menu_order":0,"comment_status":"closed","ping_status":"closed","template":"","meta":{"footnotes":""},"class_list":["post-9668","page","type-page","status-publish","hentry"],"_links":{"self":[{"href":"https:\/\/hubertpietka.bialystok.pl\/index.php?rest_route=\/wp\/v2\/pages\/9668","targetHints":{"allow":["GET"]}}],"collection":[{"href":"https:\/\/hubertpietka.bialystok.pl\/index.php?rest_route=\/wp\/v2\/pages"}],"about":[{"href":"https:\/\/hubertpietka.bialystok.pl\/index.php?rest_route=\/wp\/v2\/types\/page"}],"author":[{"embeddable":true,"href":"https:\/\/hubertpietka.bialystok.pl\/index.php?rest_route=\/wp\/v2\/users\/1"}],"replies":[{"embeddable":true,"href":"https:\/\/hubertpietka.bialystok.pl\/index.php?rest_route=%2Fwp%2Fv2%2Fcomments&post=9668"}],"version-history":[{"count":1,"href":"https:\/\/hubertpietka.bialystok.pl\/index.php?rest_route=\/wp\/v2\/pages\/9668\/revisions"}],"predecessor-version":[{"id":9670,"href":"https:\/\/hubertpietka.bialystok.pl\/index.php?rest_route=\/wp\/v2\/pages\/9668\/revisions\/9670"}],"wp:attachment":[{"href":"https:\/\/hubertpietka.bialystok.pl\/index.php?rest_route=%2Fwp%2Fv2%2Fmedia&parent=9668"}],"curies":[{"name":"wp","href":"https:\/\/api.w.org\/{rel}","templated":true}]}}