{"id":9681,"date":"2025-09-15T14:03:04","date_gmt":"2025-09-15T14:03:04","guid":{"rendered":"https:\/\/hubertpietka.bialystok.pl\/?page_id=9681"},"modified":"2025-09-15T14:03:04","modified_gmt":"2025-09-15T14:03:04","slug":"nie-zbuduje-sie-swiata-przyszlosci-podlug-klamstw-na-zbrodniach-wszelkich-tych-bestii-bandyckich-jakichkolwiek","status":"publish","type":"page","link":"https:\/\/hubertpietka.bialystok.pl\/?page_id=9681","title":{"rendered":"Nie zbuduje si\u0119 \u015bwiata przysz\u0142o\u015bci \/ pod\u0142ug k\u0142amstw, na zbrodniach wszelkich &#8211; tych bestii bandyckich (jakichkolwiek)"},"content":{"rendered":"\n<p>Se niby wybieg znale\u017ali bydlacy<br>Tacy czy owacy \u017ce niby<br>Dzieci mia\u0142yby tu co\u015b zmieni\u0107<br>To nie ma bydlacy znaczenia<br>Czy ja je mam<br>Czy ich nie mam<br>Bo to chodzi o mnie<br>O nas naszych i nasze<br>Na tym B\u00f3g po\u0142o\u017cy\u0142 bydlacy<br>\u017bycie tego \u015bwiata<br>A ja bestie bandyckie<br>I jacykolwiek \u0142ajdacy nie b\u0119d\u0119<br>Budowa\u0142 na zbrodniach cho\u0107by \u017cony<br>Akceptuj\u0105c tym samym szata\u0144stwa<br>Bestialskich zbrodni wszelkich<br>W tym \u015bwiecie pod\u0142ug bandyt\u00f3w<br>I bydlak\u00f3w wszelkich niesko\u0144czonych bestialsko<br>Bo nigdy im nie do\u015b\u0107<br>Zbrodni chyba tym bestiom bandyckim<br>A przypomnijcie sobie \u0142ajdacy<br>Tacy siacy i owacy<br>Co Jezus powiedzia\u0142 w Ewangelii<br>&#8222;B\u0119d\u0105 sadzi\u0107 budowa\u0107 bra\u0107 \u015bluby<br>Kupowa\u0107 sprzedawa\u0107 jakby nigdy nic<br>I wtedy nadejdzie \u015bwiata koniec&#8221;<br>Zastan\u00f3wcie si\u0119 nad tym<br>I nie wierzcie w k\u0142amstwa<br>Ob\u0142udy tych bandyt\u00f3w i \u0142ajdak\u00f3w<br>I wszelkich fa\u0142szywych prorok\u00f3w niby<br>I chyba ich kompletnie poj\u2026cha\u0142o<br>\u017be ja mia\u0142bym zosta\u0107 peda\u0142em<br>Ju\u017c nie wiedz\u0105 co wymy\u015bla\u0107<br>Z ob\u0142udy pod\u0142ej i d\u0105\u017ce\u0144<br>Nienawistnych do zbrodni na niewinnych<br>Albo b\u0119dzie koniec bestialstwa \u0142ajdactwa<br>Wszelkiego w p\u0119dzie do zbrodni<br>Pod\u0142ug ob\u0142udy ob\u0142\u0119dnie pod\u0142ej<br>Albo m\u00f3j i \u015bwiata tego<br>Zastan\u00f3wcie si\u0119 dobrze czego chcecie<br>\u015awiata opartego na k\u0142amstwach zbrodniach<br>I jego i waszego ko\u0144ca<br>Czy odnowy moralnej w Bogu<br>Bo ja nigdy nie zatoleruje<br>Wszelkich zbrodni bestialskich tego bandyctwa<br>I im przyklaskuj\u0105cego \u0142ajdactwa wszelkiego<br>Nic nie nauczy\u0142a historia<br>Tego \u015bwiata \u017ce nie mo\u017cna<br>Budowa\u0107 czyjego\u015b \u017cycia na holocau\u015bcie niewinnych<br>Koniec kropka Amen<br>Tak mi Bo\u017ce dopom\u00f3\u017c<br>Na przek\u00f3r szata\u0144stwom bestii bandyckich<br>I im podobnych zreszt\u0105 jakichkolwiek<br>Jezu ufam Tobie<\/p>\n\n\n\n<figure class=\"wp-block-gallery has-nested-images columns-default is-cropped wp-block-gallery-1 is-layout-flex wp-block-gallery-is-layout-flex\">\n<figure class=\"wp-block-image size-large\"><a href=\"https:\/\/hubertpietka.bialystok.pl\/wp-content\/uploads\/2025\/09\/1000025338-scaled.jpg\"><img loading=\"lazy\" decoding=\"async\" width=\"771\" height=\"1024\" data-id=\"9682\" src=\"https:\/\/hubertpietka.bialystok.pl\/wp-content\/uploads\/2025\/09\/1000025338-771x1024.jpg\" alt=\"\" class=\"wp-image-9682\" srcset=\"https:\/\/hubertpietka.bialystok.pl\/wp-content\/uploads\/2025\/09\/1000025338-771x1024.jpg 771w, https:\/\/hubertpietka.bialystok.pl\/wp-content\/uploads\/2025\/09\/1000025338-226x300.jpg 226w, https:\/\/hubertpietka.bialystok.pl\/wp-content\/uploads\/2025\/09\/1000025338-768x1020.jpg 768w, https:\/\/hubertpietka.bialystok.pl\/wp-content\/uploads\/2025\/09\/1000025338-1157x1536.jpg 1157w, https:\/\/hubertpietka.bialystok.pl\/wp-content\/uploads\/2025\/09\/1000025338-1542x2048.jpg 1542w, https:\/\/hubertpietka.bialystok.pl\/wp-content\/uploads\/2025\/09\/1000025338-scaled.jpg 1928w\" sizes=\"auto, (max-width: 771px) 100vw, 771px\" \/><\/a><\/figure>\n<\/figure>\n\n\n\n<p><em>Ile ju\u017c te krwio\u017cercze bestie<br>Bo syc\u0105 si\u0119 \u015bmierci\u0105 innych<br>Zamordowa\u0142y niewinnych ludzkich istnie\u0144<br>Tak\u017ce tych wa\u017cnych i znanych<br>I ci\u0105gle im ma\u0142o<br>Pod\u0142ug szatana kt\u00f3remu nigdy<br>Nie do\u015b\u0107 cierpienia ludzkiego \u015bmierci<br>Przecie\u017c potwornym bestialstwem jest \u017cy\u0107<br>By zabija\u0107 innych dookre\u015blaj\u0105c to<br>Wszelk\u0105 pod\u0142\u0105 k\u0142amliw\u0105 ob\u0142ud\u0105<br>\u017be niby czyje\u015b \u017cycie<br>Tych niby lepszych jest pe\u0142nowarto\u015bciowe<br>W stosunku do ofiar m\u0119cze\u0144stwa<\/em><\/p>\n","protected":false},"excerpt":{"rendered":"<p>Se niby wybieg znale\u017ali bydlacyTacy czy owacy \u017ce nibyDzieci mia\u0142yby tu co\u015b zmieni\u0107To nie ma bydlacy znaczeniaCzy ja je mamCzy ich nie mamBo to chodzi&hellip; <\/p>\n","protected":false},"author":1,"featured_media":0,"parent":0,"menu_order":0,"comment_status":"closed","ping_status":"closed","template":"","meta":{"footnotes":""},"class_list":["post-9681","page","type-page","status-publish","hentry"],"_links":{"self":[{"href":"https:\/\/hubertpietka.bialystok.pl\/index.php?rest_route=\/wp\/v2\/pages\/9681","targetHints":{"allow":["GET"]}}],"collection":[{"href":"https:\/\/hubertpietka.bialystok.pl\/index.php?rest_route=\/wp\/v2\/pages"}],"about":[{"href":"https:\/\/hubertpietka.bialystok.pl\/index.php?rest_route=\/wp\/v2\/types\/page"}],"author":[{"embeddable":true,"href":"https:\/\/hubertpietka.bialystok.pl\/index.php?rest_route=\/wp\/v2\/users\/1"}],"replies":[{"embeddable":true,"href":"https:\/\/hubertpietka.bialystok.pl\/index.php?rest_route=%2Fwp%2Fv2%2Fcomments&post=9681"}],"version-history":[{"count":1,"href":"https:\/\/hubertpietka.bialystok.pl\/index.php?rest_route=\/wp\/v2\/pages\/9681\/revisions"}],"predecessor-version":[{"id":9683,"href":"https:\/\/hubertpietka.bialystok.pl\/index.php?rest_route=\/wp\/v2\/pages\/9681\/revisions\/9683"}],"wp:attachment":[{"href":"https:\/\/hubertpietka.bialystok.pl\/index.php?rest_route=%2Fwp%2Fv2%2Fmedia&parent=9681"}],"curies":[{"name":"wp","href":"https:\/\/api.w.org\/{rel}","templated":true}]}}