{"id":9686,"date":"2025-09-16T15:43:26","date_gmt":"2025-09-16T15:43:26","guid":{"rendered":"https:\/\/hubertpietka.bialystok.pl\/?page_id=9686"},"modified":"2025-09-16T15:43:26","modified_gmt":"2025-09-16T15:43:26","slug":"byleby-tylko-oszpecic-jakos-chocby-byleby-uderzac-w-tych-niewinnych","status":"publish","type":"page","link":"https:\/\/hubertpietka.bialystok.pl\/?page_id=9686","title":{"rendered":"Byleby tylko oszpeci\u0107 jako\u015b cho\u0107by \/ byleby uderza\u0107 &#8211; w tych niewinnych"},"content":{"rendered":"\n<p>Bo\u017ce m\u00f3j co to za<br>\u0141ajdaki s\u0105 co za bestie<br>Jak podwiji \u0142ajdaczy\u0107 jako\u015b nieskoro<br>Tam wykoleje\u0144com czy szemra\u0144com zajad\u0142ym<br>To mo\u017cna przecie\u017c zawsze inaczej<br>Jeszcze jako\u015b cho\u0107by te ca\u0142e<br>Mi\u015bki bandyckie cho\u0107 tak si\u0119 staraj\u0105<br>Nie mog\u0105 mnie jako\u015b<br>Na niczym bezwarunkowym z\u0142apa\u0107 cho\u0107 kombinuj\u0105<br>Wszyscy na ekspres\u00f3wce cho\u0107by jad\u0105 sobie<br>Zdecydowanie wolniej ni\u017c pr\u0119dko\u015b\u0107 dopuszczalna<br>\u017beby wygl\u0105da\u0142o \u017ce ja jad\u0119<br>Jak wariat cho\u0107 prawie przepis\u00f3w<br>Nie przekraczam wcale<br>Ale dla wszelkich \u0142ajdak\u00f3w bandyckich<br>To nie jest wa\u017cne<br>Licz\u0105 si\u0119 tylko pozory<br>\u017beby co\u015b odpowiednio wygl\u0105da\u0142o<br>To potem ideologi\u0119 si\u0119 dorobi<br>Podobnie co za bydlacy<br>Brak s\u0142\u00f3w po prostu<br>Byleby tylko wlepi\u0107 nam mandat<br>Chyba \u0142ajdaki nie widzieli jeszcze<br>Takiego samochodu cho\u0107by z offroadu<br>Kt\u00f3ry rzeczywi\u015bcie &#8222;mia\u0142by wygl\u0105d nieesteczny&#8221;<br>Bo dla tych bydlak\u00f3w przecie\u017c<br>Zwykle normalne u\u017cytkowanie<br>W naszym przypadku ma tego<br>Znamiona oczywi\u015bcie na zasadzie pretekstu<br>Byleby si\u0119 tylko przyczepi\u0107 \u0142ajdacko<br>Byleby tylko nam zaszkodzi\u0107 jako\u015b<br>Co za bydlaki bo jak<br>To niby inaczej nazwa\u0107<br>Skoro oni wyolbrzymiaj\u0105c pozory<br>Chc\u0105 nam byle tylko szkodzi\u0107<br>I oczywi\u015bcie r\u00f3\u017cnym takim \u0142ajdakom<br>Nie przeszkadza \u017ce zbrodnie pope\u0142niaj\u0105<br>Bo byleby tylko wykorzysta\u0107 co\u015b<br>Czego\u015b md\u0142e znamiona do pretekstu<br>Nam z\u0142oczynienia takie to bestie<\/p>\n\n\n\n<p>Jak nie zabi\u0107 napa\u015b\u0107<br>Czy zniewoli\u0107 to chocia\u017c tak<br>Byleby tylko jako\u015b zaszkodzi\u0107<br>Byleby tylko uderza\u0107 w nasz\u0105<br>Rzeczywisto\u015b\u0107 dla nas ze szkod\u0105<br>Jak\u017ce to nie bestie bydlaki<br>Skoro tak w\u0142a\u015bnie<\/p>\n\n\n\n<p>A \u017ce maj\u0105 poza tymi<br>\u0141ajdakami prywatnymi r\u00f3\u017cnych s\u0142u\u017calc\u00f3w bandyckich<br>Z przemoc\u0105 r\u00f3\u017cn\u0105 do dyspozycji<br>To trzeba to wykorzysta\u0107<br>Do uderzania w nas jakiego\u015b<br>Zreszt\u0105 te\u017c do wszelkich zbrodni<br>Nie tylko zniszczenia szkodzenia<br>Ale i \u015bmierci i zniewolenia<br>\u017bongluj\u0105 oni przecie\u017c te bestie<br>Wszelkimi tymi atrybutami diab\u0142a<br>Czyli z\u0142em zbrodniami i k\u0142amstwami<br>Ob\u0142ud\u0105 ob\u0142\u0119dna wszelk\u0105 jak chc\u0105<br>Przy okazji \u0142ajdacz\u0105c r\u00f3\u017cnych<br>Takich czy innych zawodowych s\u0142u\u017cbowych<br>Umaczaj\u0105c ich w szata\u0144skim z\u0142u<br>Wobec nas naszego i naszych<br>Ale i nie tylko<br>Ca\u0142kowicie na miar\u0119 pod\u0142\u0105<br>Tych bandyckich bestii wobec niewinnych<\/p>\n\n\n\n<figure class=\"wp-block-gallery has-nested-images columns-default is-cropped wp-block-gallery-1 is-layout-flex wp-block-gallery-is-layout-flex\">\n<figure class=\"wp-block-image size-large\"><a href=\"https:\/\/hubertpietka.bialystok.pl\/wp-content\/uploads\/2025\/09\/1000025477-scaled.jpg\"><img loading=\"lazy\" decoding=\"async\" width=\"1024\" height=\"771\" data-id=\"9687\" src=\"https:\/\/hubertpietka.bialystok.pl\/wp-content\/uploads\/2025\/09\/1000025477-1024x771.jpg\" alt=\"\" class=\"wp-image-9687\" srcset=\"https:\/\/hubertpietka.bialystok.pl\/wp-content\/uploads\/2025\/09\/1000025477-1024x771.jpg 1024w, https:\/\/hubertpietka.bialystok.pl\/wp-content\/uploads\/2025\/09\/1000025477-300x226.jpg 300w, https:\/\/hubertpietka.bialystok.pl\/wp-content\/uploads\/2025\/09\/1000025477-768x578.jpg 768w, https:\/\/hubertpietka.bialystok.pl\/wp-content\/uploads\/2025\/09\/1000025477-1536x1157.jpg 1536w, https:\/\/hubertpietka.bialystok.pl\/wp-content\/uploads\/2025\/09\/1000025477-2048x1542.jpg 2048w\" sizes=\"auto, (max-width: 1024px) 100vw, 1024px\" \/><\/a><\/figure>\n<\/figure>\n\n\n\n<p><em>Na zdj. Co za \u0142ajdacy bydlacy bestie<br>Byleby tylko w nas uderza\u0107<br>Nas jako\u015b oszpeca\u0107 szkalowa\u0107 ob\u0142\u0119dnie<br>Ob\u0142ud\u0105 pod\u0142\u0105 pod\u0142ug bandyckich pozor\u00f3w<br>Tak nas naszych i nasze<br>Jak nie mog\u0105 jako\u015b inaczej<br>W materii ci\u0119\u017ckiej \u015bmierci zniewolenia<br>Od razu bezpo\u015brednio i finalnie<br>Co za bestie kt\u00f3re oczywi\u015bcie<br>Maj\u0105 mi te\u017c za z\u0142e<br>\u017be si\u0119 broni\u0119 tu odpowiednio<br>Bo bardzo przeszkadza im to<br>Moje pisanie prawdy<br>&#8222;Wyk\u0142adanie kawy na \u0142aw\u0119&#8221;<br>Trzeba mnie przecie\u017c uciszy\u0107<br>Tak\u017ce m\u00f3j g\u0142os ten tutaj<br>Totalitaryzm przecie\u017c szata\u0144ski tych bestii<br>Nie zak\u0142ada takiej opcji by<br>Kto\u015b kto podpad\u0142 ich szata\u0144skiej nienawi\u015bci<br>M\u00f3g\u0142 si\u0119 broni\u0107 jako\u015b skutecznie<br>Dlatego te\u017c sk\u0105d in\u0105d<br>Chc\u0105 przez r\u00f3\u017cnych \u0142ajdak\u00f3w<br>Post\u0119powa\u0107 wobec nas a\u017c tak<br>Podle perfidnie ob\u0142udnie ob\u0142\u0119dnie<br>D\u0105\u017c\u0105c z diabelsk\u0105 premedytacj\u0105<br>Do wszelkich swych piekielnych zbrodni<br>Na nas naszych i naszym<br>Przy okazji te\u017c piek\u0142o gotuj\u0105c<br>Ca\u0142emu temu \u015bwiatu<br>Jak\u017ce\u017c to nie bestie \u0142ajdacy<br>No jak\u017ce\u017c<\/em><\/p>\n","protected":false},"excerpt":{"rendered":"<p>Bo\u017ce m\u00f3j co to za\u0141ajdaki s\u0105 co za bestieJak podwiji \u0142ajdaczy\u0107 jako\u015b nieskoroTam wykoleje\u0144com czy szemra\u0144com zajad\u0142ymTo mo\u017cna przecie\u017c zawsze inaczejJeszcze jako\u015b cho\u0107by te ca\u0142eMi\u015bki&hellip; <\/p>\n","protected":false},"author":1,"featured_media":0,"parent":0,"menu_order":0,"comment_status":"closed","ping_status":"closed","template":"","meta":{"footnotes":""},"class_list":["post-9686","page","type-page","status-publish","hentry"],"_links":{"self":[{"href":"https:\/\/hubertpietka.bialystok.pl\/index.php?rest_route=\/wp\/v2\/pages\/9686","targetHints":{"allow":["GET"]}}],"collection":[{"href":"https:\/\/hubertpietka.bialystok.pl\/index.php?rest_route=\/wp\/v2\/pages"}],"about":[{"href":"https:\/\/hubertpietka.bialystok.pl\/index.php?rest_route=\/wp\/v2\/types\/page"}],"author":[{"embeddable":true,"href":"https:\/\/hubertpietka.bialystok.pl\/index.php?rest_route=\/wp\/v2\/users\/1"}],"replies":[{"embeddable":true,"href":"https:\/\/hubertpietka.bialystok.pl\/index.php?rest_route=%2Fwp%2Fv2%2Fcomments&post=9686"}],"version-history":[{"count":1,"href":"https:\/\/hubertpietka.bialystok.pl\/index.php?rest_route=\/wp\/v2\/pages\/9686\/revisions"}],"predecessor-version":[{"id":9688,"href":"https:\/\/hubertpietka.bialystok.pl\/index.php?rest_route=\/wp\/v2\/pages\/9686\/revisions\/9688"}],"wp:attachment":[{"href":"https:\/\/hubertpietka.bialystok.pl\/index.php?rest_route=%2Fwp%2Fv2%2Fmedia&parent=9686"}],"curies":[{"name":"wp","href":"https:\/\/api.w.org\/{rel}","templated":true}]}}