{"id":9691,"date":"2025-09-17T11:22:14","date_gmt":"2025-09-17T11:22:14","guid":{"rendered":"https:\/\/hubertpietka.bialystok.pl\/?page_id=9691"},"modified":"2025-09-17T11:22:14","modified_gmt":"2025-09-17T11:22:14","slug":"lajdaczki-bydlaczki-bestyjki-czy-to-ich-wina-przeciez-ze-maja-za-pazucha-diabelka","status":"publish","type":"page","link":"https:\/\/hubertpietka.bialystok.pl\/?page_id=9691","title":{"rendered":"\u0141ajdaczki bydlaczki bestyjki \/ czy to ich wina przecie\u017c &#8211; \u017ce maj\u0105 za pazuch\u0105 diabe\u0142ka"},"content":{"rendered":"\n<p>1.<br>Ca\u0142\u0105 noc grasowali ko\u0142o tej<br>Rod\u00f3wki oczywi\u015bcie z efektem odpowiednim<br>Psa reakcji na prowokacje<br>A mo\u017ce raczej ch\u0119\u0107 napa\u015bci<br>Ale przecie\u017c czy to wina<br>\u0141ajdaczk\u00f3w r\u00f3\u017cnych \u017ce s\u0105 \u0142ajdaczkami<br>I chc\u0105 post\u0119powa\u0107 pod\u0142ug polece\u0144<br>\u015aci\u015ble tych bandyckich bestyjek<br>I oczekiwa\u0144 szatanka<\/p>\n\n\n\n<p>Wielkie mi halo jak s\u0105<br>To s\u0105 \u0142ajdaczkami tacy owacy<br>Tam wykolejenieczki r\u00f3\u017cne szemraczyczki jacy\u015b<br>Tu za\u015b ta podwijeczka bydlaczunia<br>Jak si\u0119 zaprzeda\u0142o dusz\u0119 bestyjkom<br>Tym bandyckim to trzeba<br>Nie ma rady by<br>Na wszelkie sposoby nie \u0142ajdaczy\u0107<\/p>\n\n\n\n<p>Czy to ich wina \u017ce s\u0105<br>Czy si\u0119 stali pod\u0142ug po\u017c\u0105da\u0144<br>Bandyckich bestyjek takimi w\u0142a\u015bnie \u0142ajdaczkami<br>A \u0142ajdacko\u015b\u0107 ma przecie\u017c swoje<br>Bezwarunkowe wymogi wi\u0119c<br>O co chodzi<\/p>\n\n\n\n<p>Albo te bandyckie misiaczki<br>Czy inni s\u0142u\u017caleczki bandyccy<br>Czy to ich wina przecie\u017c<br>\u017be by\u0107 maj\u0105 obro\u0144cami zbrodni<br>Tych bestyjek bandyckich pod\u0142ug ob\u0142udy<br>Chroni\u0105cej ich wszelkie k\u0142amstwa<br>Maj\u0105 jaki\u015b nakaz to<br>Nie ma rady trzeba \u0142ajdaczy\u0107<br>A \u017ce to wszystko przeciwko niewinnym<br>Oj tam oj tam<br>Nie pierwsi i nie ostatni<br>A \u0142ajdacz\u0105cy przecie\u017c pod\u0142ug przemocy<br>Totalno\u015bci tych bandyckich bestyjek<br>Tylko sobie musz\u0105 zwyczajnie uczestniczy\u0107<br>W totalitaryzmie szata\u0144skiego z\u0142a<br>Na zasadzie do\u015b\u0107 znanej prezydenckiej<br>&#8222;Nie chc\u0119 ale b\u0119d\u0119&#8221;<br>A \u017ce pod\u0142ug antypraw wobec<br>Niewinnych no c\u00f3\u017c taki system<br>Tego szata\u0144skiego z\u0142a tych bestyjek<\/p>\n\n\n\n<p>2.<br>A teraz dalej troch\u0119 inaczej<br>Czy to wina ruseczk\u00f3w jest te\u017c<br>\u017be w zgodzie z niemiecusiami<br>Na Polsk\u0119 17 wrze\u015bnia napadli<br>Czy to ich wina przecie\u017c<br>\u017be maj\u0105 we krwi chyba<br>Wpisan\u0105 dominacj\u0119 nad \u015bwiatem wszelk\u0105<br>Albo \u017ce zawsze im ma\u0142o<br>Bo dzisiaj chyba chc\u0105 ruseczki<br>Podobn\u0105 histori\u0119 pisa\u0107 znowu napa\u015bci\u0105<br>Na Polsk\u0119 a mo\u017ce by\u0142oby<br>Te\u017c warto dogada\u0107 si\u0119 z<br>Niemiecusiami znowu by\u0142oby pewnie \u0142atwiej<br>Tak\u017ce tego przecie\u017c to narody<br>Tych lepszych wybra\u0144c\u00f3w wi\u0119c mog\u0105<br>Co chc\u0105 robi\u0107 w stosunku<br>Do tych narod\u00f3w gorszych s\u0142abszych<br>Kt\u00f3re maj\u0105 by\u0107 im poddane<br>Ja\u015bniepanuj\u0105cym ideologicznie ale co tam<br>Tak czy inaczej tym lepszym<br>Zrobi\u0107 trzeba przecie\u017c i tu<br>Co zrobili na Ukrainie ruseczki<br>Takie to s\u0142odkie s\u0105 rusa\u0142eczki<br>Chc\u0105 to mog\u0105 bo chc\u0105<br>No logika prosta<br>A im przecie\u017c panom \u015bwiata<br>Wszystko mo\u017cna<\/p>\n\n\n\n<figure class=\"wp-block-image size-large\"><a href=\"https:\/\/hubertpietka.bialystok.pl\/wp-content\/uploads\/2025\/09\/1000025610.jpg\"><img loading=\"lazy\" decoding=\"async\" width=\"1024\" height=\"771\" src=\"https:\/\/hubertpietka.bialystok.pl\/wp-content\/uploads\/2025\/09\/1000025610-1024x771.jpg\" alt=\"\" class=\"wp-image-9692\" srcset=\"https:\/\/hubertpietka.bialystok.pl\/wp-content\/uploads\/2025\/09\/1000025610-1024x771.jpg 1024w, https:\/\/hubertpietka.bialystok.pl\/wp-content\/uploads\/2025\/09\/1000025610-300x226.jpg 300w, https:\/\/hubertpietka.bialystok.pl\/wp-content\/uploads\/2025\/09\/1000025610-768x578.jpg 768w, https:\/\/hubertpietka.bialystok.pl\/wp-content\/uploads\/2025\/09\/1000025610-1536x1157.jpg 1536w, https:\/\/hubertpietka.bialystok.pl\/wp-content\/uploads\/2025\/09\/1000025610.jpg 1599w\" sizes=\"auto, (max-width: 1024px) 100vw, 1024px\" \/><\/a><\/figure>\n\n\n\n<p><em>Na zdj. Bestie jak nie zniewoli\u0107 mnie<br>\u017bon\u0119 to zabija\u0107 tak\u017ce bliskich<br>Uderza\u0107 tak czy inaczej<br>W nas naszych i nasze<br>\u015amierci\u0105 zniewoleniem i zniszczeniem<br>I innych niewinnych nienawi\u015bci bestii<br>A maj\u0105 na to tamto<br>R\u00f3\u017cnych ob\u0142udnych \u0142ajdak\u00f3w zawodowych prywatnych<br>I chyba nie tylko tutaj<br>Chyba wsz\u0119dzie a teraz bestie<br>Nie tylko \u017cona Ula czy<br>Wszyscy z naszej rodziny bliscy<br>Te\u017c dalsi przyjaciele znajomi \u017cyczliwi<br>Nie s\u0105 wasi wbrew roszczeniom<br>Szata\u0144skim kt\u00f3re sobie ro\u015bcicie<br>Do wszystkiego i wszystkich<br>W\u0142a\u015bnie na zasadzie bestii<br>Czyli przemocy totalnej wam dost\u0119pnej<br>Oni s\u0105 nasi a my<br>Boga jeste\u015bmy wi\u0119c nic wam<br>Do nas bestie ale oczywi\u015bcie<br>Na zasadzie szata\u0144skiej \u017ce bestie<br>Pod\u0142ug tego zawsze walcz\u0105<br>Z dzie\u0107mi Bo\u017cymi nie odst\u0105picie<br>Bo jeste\u015bcie bestie totalnie ewidentnie<br>Jednak z Bo\u017c\u0105 pomoc\u0105<br>Przeciwko tym si\u0142om piek\u0142a wszelkim<br>Ufam \u017ce przetrwamy szata\u0144skie napa\u015bci<br>Wszelkie tych bestii i r\u00f3\u017cnych<br>Podleg\u0142ych w z\u0142u \u0142ajdak\u00f3w wszelkich<br>S\u0142u\u017calc\u00f3w zawodowych prywatnych s\u0142u\u017cbowych bestii<\/em><\/p>\n\n\n\n<p><strong><em><a href=\"https:\/\/youtu.be\/9V_nvs3Jfas\">Psalm 42 &#8211; BMP Harmony <\/a><\/em><\/strong><\/p>\n\n\n\n<p class=\"has-text-align-center\"><strong><em><a href=\"https:\/\/youtu.be\/taAlwtmHOaA\">Psalm 46 &#8211; BMP Harmony<\/a><\/em><\/strong><\/p>\n","protected":false},"excerpt":{"rendered":"<p>1.Ca\u0142\u0105 noc grasowali ko\u0142o tejRod\u00f3wki oczywi\u015bcie z efektem odpowiednimPsa reakcji na prowokacjeA mo\u017ce raczej ch\u0119\u0107 napa\u015bciAle przecie\u017c czy to wina\u0141ajdaczk\u00f3w r\u00f3\u017cnych \u017ce s\u0105 \u0142ajdaczkamiI chc\u0105&hellip; <\/p>\n","protected":false},"author":1,"featured_media":0,"parent":0,"menu_order":0,"comment_status":"closed","ping_status":"closed","template":"","meta":{"footnotes":""},"class_list":["post-9691","page","type-page","status-publish","hentry"],"_links":{"self":[{"href":"https:\/\/hubertpietka.bialystok.pl\/index.php?rest_route=\/wp\/v2\/pages\/9691","targetHints":{"allow":["GET"]}}],"collection":[{"href":"https:\/\/hubertpietka.bialystok.pl\/index.php?rest_route=\/wp\/v2\/pages"}],"about":[{"href":"https:\/\/hubertpietka.bialystok.pl\/index.php?rest_route=\/wp\/v2\/types\/page"}],"author":[{"embeddable":true,"href":"https:\/\/hubertpietka.bialystok.pl\/index.php?rest_route=\/wp\/v2\/users\/1"}],"replies":[{"embeddable":true,"href":"https:\/\/hubertpietka.bialystok.pl\/index.php?rest_route=%2Fwp%2Fv2%2Fcomments&post=9691"}],"version-history":[{"count":1,"href":"https:\/\/hubertpietka.bialystok.pl\/index.php?rest_route=\/wp\/v2\/pages\/9691\/revisions"}],"predecessor-version":[{"id":9693,"href":"https:\/\/hubertpietka.bialystok.pl\/index.php?rest_route=\/wp\/v2\/pages\/9691\/revisions\/9693"}],"wp:attachment":[{"href":"https:\/\/hubertpietka.bialystok.pl\/index.php?rest_route=%2Fwp%2Fv2%2Fmedia&parent=9691"}],"curies":[{"name":"wp","href":"https:\/\/api.w.org\/{rel}","templated":true}]}}