{"id":9695,"date":"2025-09-17T18:27:26","date_gmt":"2025-09-17T18:27:26","guid":{"rendered":"https:\/\/hubertpietka.bialystok.pl\/?page_id=9695"},"modified":"2025-09-17T18:37:02","modified_gmt":"2025-09-17T18:37:02","slug":"co-tam-madrosc-boza-liczy-sie-przeciez-tylko-egoizm-wygoda-mamona-komfortu-wlasnego-pokoj-i-bezpieczenstwo","status":"publish","type":"page","link":"https:\/\/hubertpietka.bialystok.pl\/?page_id=9695","title":{"rendered":"Co tam m\u0105dro\u015b\u0107 Bo\u017ca \/ liczy si\u0119 przecie\u017c tylko \/ egoizm wygoda mamona &#8211; komfortu w\u0142asnego ( pok\u00f3j i bezpiecze\u0144stwo)"},"content":{"rendered":"\n<p>M\u00f3wi\u0142em humorystycznie roz\u015bmiesza\u0142em<br>Nie rusza\u0142o was to wcale<br>Surowo prawd\u0119 nazywa\u0142em ku nawr\u00f3ceniu<br>Si\u0119 nie podoba\u0142o wprost m\u00f3wienie<br>Zagra\u0142em za\u015bpiewa\u0142em pracowa\u0142em si\u0119 \u015bmia\u0142em<br>Czy p\u0142aka\u0142em zawsze ma\u0142o<br>Zawsze by\u0142o jakie\u015b ale<\/p>\n\n\n\n<p>I co mam zrobi\u0107<br>Ja z wami<br>A co B\u00f3g zrobi<br>Bo czasem ju\u017c si\u0142 brakuje<br>By wstrzymywa\u0107 Jego surow\u0105 r\u0119k\u0119<\/p>\n\n\n\n<p>\u0141atwiej wam przecie\u017c si\u0119 godzi\u0107<br>Na bestialskie wszelkie zbrodnie<br>Ni\u017c przyzna\u0107 racj\u0119 tym niewinnym<br>W duchu cho\u0107by<br>\u0141atwiej wam chyba akceptowa\u0107<br>A mo\u017ce i popiera\u0107 niekt\u00f3rym<br>\u0141ajdactwa te wszelkie w d\u0105\u017ceniach<br>Do \u015bmierci zniewolenia uderzania w nas<br>Naszych i nasze zreszt\u0105 jakichkolwiek<br>\u0141atwiej si\u0119 godzi\u0107 na bydlactwa<br>Tej podwiji tam wykoleje\u0144c\u00f3w szemra\u0144c\u00f3w<br>To znowu misi\u00f3w bandyckch<br>Czy jakich bandyckich s\u0142u\u017calc\u00f3w<br>Przecie\u017c za nimi przemoc bestialska<\/p>\n\n\n\n<p>A mo\u017ce sobie poradzi poradz\u0105<br>A jak si\u0142 mo\u017ce braknie<br>Pomy\u015bleli\u015bcie co B\u00f3g zrobi<br>Z wami i tym \u015bwiatem<\/p>\n\n\n\n<p>Bo perfidia i ob\u0142uda<br>Tych bestii i \u0142ajdak\u00f3w wszelkich<br>Przekracza ju\u017c chyba szczyt najwy\u017cszy<br>Fajnie przecie\u017c se lekcewa\u017cy\u0107 co<br>M\u00f3wi\u0119 by nienawistnie z\u0142owrogo<br>D\u0105\u017cy\u0107 do swoich wszelkich zbrodni<\/p>\n\n\n\n<p>&#8222;A jednak wszystkie dzieci m\u0105dro\u015bci<br>Przyzna\u0142y jej s\u0142uszno\u015b\u0107&#8221;<br>A ile ich jest<br>I gdzie oni<br>I czy\u017c oni te\u017c<br>Nie maj\u0105 by\u0107 czasem<br>Poddani eksterminacji bandyt\u00f3w bestialskiej<br>Jak ju\u017c zrobiono z tylu<\/p>\n\n\n\n<figure class=\"wp-block-gallery has-nested-images columns-default is-cropped wp-block-gallery-1 is-layout-flex wp-block-gallery-is-layout-flex\">\n<figure class=\"wp-block-image size-large\"><a href=\"https:\/\/hubertpietka.bialystok.pl\/wp-content\/uploads\/2025\/09\/1000025671-scaled.jpg\"><img loading=\"lazy\" decoding=\"async\" width=\"771\" height=\"1024\" data-id=\"9696\" src=\"https:\/\/hubertpietka.bialystok.pl\/wp-content\/uploads\/2025\/09\/1000025671-771x1024.jpg\" alt=\"\" class=\"wp-image-9696\" srcset=\"https:\/\/hubertpietka.bialystok.pl\/wp-content\/uploads\/2025\/09\/1000025671-771x1024.jpg 771w, https:\/\/hubertpietka.bialystok.pl\/wp-content\/uploads\/2025\/09\/1000025671-226x300.jpg 226w, https:\/\/hubertpietka.bialystok.pl\/wp-content\/uploads\/2025\/09\/1000025671-768x1020.jpg 768w, https:\/\/hubertpietka.bialystok.pl\/wp-content\/uploads\/2025\/09\/1000025671-1157x1536.jpg 1157w, https:\/\/hubertpietka.bialystok.pl\/wp-content\/uploads\/2025\/09\/1000025671-1542x2048.jpg 1542w, https:\/\/hubertpietka.bialystok.pl\/wp-content\/uploads\/2025\/09\/1000025671-scaled.jpg 1928w\" sizes=\"auto, (max-width: 771px) 100vw, 771px\" \/><\/a><\/figure>\n<\/figure>\n\n\n\n<p><em>Na zdj. To wszystko dla niekt\u00f3rych slogany<br>Jak za\u015bwieci bandycka mamona<br>Albo popoczwarz\u0105 szanta\u017cem oni<br>Uderza\u0107 w komfort czy wygod\u0119<br>Tam r\u00f3\u017cnych takich<br>\u0141atwiej by\u0107 \u0142ajdakiem i relatywizowa\u0107<br>\u017be mo\u017ce zbrodnie na tych<br>Zapobiegn\u0105 innych jak by B\u00f3g<br>Nie powiedzia\u0142 \u017ce tak by\u0107<br>Nie mo\u017ce<br>Nie chc\u0119 by\u0107 zgry\u017aliwy<br>Ale jeste\u015bmy tylko lud\u017ami<br>A czasem wydaje mi si\u0119<br>\u017be chc\u0105 nas po\u015bwi\u0119ci\u0107<br>W ofierze tym bestiom<br>Bo my\u015bl\u0105 \u017ce tak zapobiegn\u0105<br>Z\u0142a przemocy eskalacji nie zapobiegn\u0105<br>Wtedy dopiero b\u0119dzie eskalacja totalna<br>Tak jak ju\u017c jest poniek\u0105d<br>Taka ob\u0142udy \u0142ajdak\u00f3w bandyckich wszelkich<\/em><\/p>\n\n\n\n<p class=\"has-text-align-right\"><strong><em><a href=\"https:\/\/youtu.be\/vqh2NUbMnZQ\">Psalm 53 &#8211; BMP Harmony <\/a><\/em><\/strong><\/p>\n","protected":false},"excerpt":{"rendered":"<p>M\u00f3wi\u0142em humorystycznie roz\u015bmiesza\u0142emNie rusza\u0142o was to wcaleSurowo prawd\u0119 nazywa\u0142em ku nawr\u00f3ceniuSi\u0119 nie podoba\u0142o wprost m\u00f3wienieZagra\u0142em za\u015bpiewa\u0142em pracowa\u0142em si\u0119 \u015bmia\u0142emCzy p\u0142aka\u0142em zawsze ma\u0142oZawsze by\u0142o jakie\u015b ale&hellip; <\/p>\n","protected":false},"author":1,"featured_media":0,"parent":0,"menu_order":0,"comment_status":"closed","ping_status":"closed","template":"","meta":{"footnotes":""},"class_list":["post-9695","page","type-page","status-publish","hentry"],"_links":{"self":[{"href":"https:\/\/hubertpietka.bialystok.pl\/index.php?rest_route=\/wp\/v2\/pages\/9695","targetHints":{"allow":["GET"]}}],"collection":[{"href":"https:\/\/hubertpietka.bialystok.pl\/index.php?rest_route=\/wp\/v2\/pages"}],"about":[{"href":"https:\/\/hubertpietka.bialystok.pl\/index.php?rest_route=\/wp\/v2\/types\/page"}],"author":[{"embeddable":true,"href":"https:\/\/hubertpietka.bialystok.pl\/index.php?rest_route=\/wp\/v2\/users\/1"}],"replies":[{"embeddable":true,"href":"https:\/\/hubertpietka.bialystok.pl\/index.php?rest_route=%2Fwp%2Fv2%2Fcomments&post=9695"}],"version-history":[{"count":3,"href":"https:\/\/hubertpietka.bialystok.pl\/index.php?rest_route=\/wp\/v2\/pages\/9695\/revisions"}],"predecessor-version":[{"id":9700,"href":"https:\/\/hubertpietka.bialystok.pl\/index.php?rest_route=\/wp\/v2\/pages\/9695\/revisions\/9700"}],"wp:attachment":[{"href":"https:\/\/hubertpietka.bialystok.pl\/index.php?rest_route=%2Fwp%2Fv2%2Fmedia&parent=9695"}],"curies":[{"name":"wp","href":"https:\/\/api.w.org\/{rel}","templated":true}]}}