{"id":9701,"date":"2025-09-18T22:30:00","date_gmt":"2025-09-18T22:30:00","guid":{"rendered":"https:\/\/hubertpietka.bialystok.pl\/?page_id=9701"},"modified":"2025-09-18T22:30:00","modified_gmt":"2025-09-18T22:30:00","slug":"bestie-i-lajdacy-w-zlu-szatanskim-zbrodni-kamraci-choc-sie-tego-wypieraja-probujac-za-wszystko-obciazyc-jakas-wina-niewinnych-tej-obludzie-oblednie-podlej-bandyckiej","status":"publish","type":"page","link":"https:\/\/hubertpietka.bialystok.pl\/?page_id=9701","title":{"rendered":"Bestie i \u0142ajdacy \/ w z\u0142u szata\u0144skim zbrodni kamraci &#8211; cho\u0107 si\u0119 tego wypieraj\u0105 \/ pr\u00f3buj\u0105c za wszystko obci\u0105\u017cy\u0107 jaka\u015b win\u0105 niewinnych &#8211; tej ob\u0142udzie ob\u0142\u0119dnie pod\u0142ej bandyckiej"},"content":{"rendered":"\n<p>Ale\u017c to s\u0105 bestie bandyckie<br>Tam to chyba na rod\u00f3wce<br>Zainstalowali jakich\u015b \u0142ajdak\u00f3w nie wiem<br>Chyba gdzie\u015b w pobliskich krzakach<br>\u017beby te psy szczeka\u0142y nieustannie<br>Tam b\u0119d\u0105c ja czy \u017cona<br>Byleby tylko r\u00f3\u017cne \u0142ajdaki mia\u0142y<br>Odpowiedni pretekst bestialski do swych<br>Pod\u0142ych napa\u015bci albo s\u0142u\u017cb bandytowskich<br>R\u00f3wnie pod\u0142ej reakcji jedynie s\u0142usznej<br>Pod\u0142ug pod\u0142o\u015bci i ob\u0142udy tych<br>Bestii bandyckich i \u0142ajdak\u00f3w odpowiednich<\/p>\n\n\n\n<p>A mo\u017ce to samo te<br>Bestie bandyckie zainstaluj\u0105 tam<br>Na tej wsi by podobnie<br>\u0141ajdackie ta\u0142atajstwo chach\u0142ackie mia\u0142o pretekst<br>Na podobnie ob\u0142udnej zasadzie<br>A najlepiej przecie\u017c napa\u015b\u0107 kobiet\u0119<br>Zw\u0142aszcza gdy jest tam sama<br>Beze mnie takie to bestie<br>I \u0142ajdacy podli niewymownie wszelacy<\/p>\n\n\n\n<p>A tutaj przecie\u017c podobnie bestialsk\u0105<br>Rol\u0119 ma ta bydlacka podwija<br>Wiadomo \u017ce ja nie odpuszcz\u0119<br>Tym \u0142ajdakom wi\u0119c najlepiej<br>Tak w\u0142a\u015bnie napada\u0107 bezbronn\u0105 kobiet\u0119<br>Co za \u0142ajdacy pod\u0142ug tych<br>Bandyckich bestii r\u00f3wnie podli ob\u0142\u0119dnie<\/p>\n\n\n\n<p>A w tym samym czasie<br>Trzeba wy\u0142\u0105czy\u0107 przecie\u017c \u017conie lokalizacj\u0119<br>Bym nie wiedzia\u0142 gdzie jest<br>A tutaj prymitywnie wyprowadzi\u0107<br>Mnie na min\u0119 przy parkowaniu<br>Czy wobec tego *<strong>b\u0142\u0119ki-tnego<\/strong>* samochodziku<br>Wiadomo \u017ce bestie i \u0142ajdacy<br>Lubi\u0105 r\u00f3\u017cne *<strong>ob\u0142\u0119dne kity<\/strong>* wciska\u0107<br>Albo tak inne samochody ustawia\u0107<br>By mnie na b\u0142\u0119dzie parkingowym<br>Jakim\u015b z\u0142apa\u0107<br>Co za bestie i \u0142ajdacy<br>Wszelacy niepoj\u0119ci w pod\u0142ych d\u0105\u017ceniach<br>Do wszelkich zbrodni<\/p>\n\n\n\n<p>\u017be o s\u0142u\u017cbistach bandyckich r\u00f3\u017cnych<br>W czasie mego wyjazdu weekendowego<br>Ju\u017c nawet nie wspomn\u0119<br>Czy wobec mnie czy \u017cony<br>Przecie\u017c te bestie bandyckie<br>Byleby tylko uderza\u0107<br>Przez takich czy innych<br>W nas naszych nasze odpowiednio<br>Bo wiadomo \u017ce gazowa\u0107 injektowa\u0107<br>Prowokowa\u0107 jaki\u015b niby nieszcz\u0119\u015bliwy wypadek<br>Mo\u017cna przecie\u017c po \u0142ajdacku czy<br>Po bestialsku wsz\u0119dzie i zawsze<\/p>\n\n\n\n<p>Oni s\u0105 ju\u017c chyba chorzy<br>Totalnie z tej nienawi\u015bci<br>Zar\u00f3wno bestialskiej jak i \u0142ajdackiej<br>Chyba ich ju\u017c wszystkich zupe\u0142nie<br>Popier&#8230; dzieli\u0142o w d\u0105\u017ceniach wszelkich z\u0142owrogich<br>Do wszelkich zbrodni<br>\u015amierci zniewolenia i zniszczenia<br>Wobec nas naszych i naszego<br>I innych tak\u017ce<\/p>\n\n\n\n<p>Taki jest w\u0142a\u015bnie mniej wi\u0119cej<br>Wymiar dzia\u0142ania tych partykularnie bestii<br>I \u0142ajdak\u00f3w wielkich pod\u0142ug nich<br>\u017be wszystko to zamyka si\u0119<br>W szata\u0144skim perfidnym ob\u0142\u0119dnie z\u0142u<br>I w ob\u0142udzie najgorszej<br>Bo wobec niewinnych pr\u00f3buj\u0105c jednocze\u015bnie<br>Win\u0119 im jak\u0105\u015b podle przypisa\u0107<br>Bestie i wszelcy \u0142ajdacy<br>Zawodowi prywatni s\u0142u\u017cbowi<br>To w z\u0142u przecie\u017c kamraci<br>Na zasadzie wsp\u00f3lnoty diabelskiej<br>W z\u0142u wszelkim pod\u0142ym ob\u0142udnie<\/p>\n\n\n\n<figure class=\"wp-block-gallery has-nested-images columns-default is-cropped wp-block-gallery-1 is-layout-flex wp-block-gallery-is-layout-flex\">\n<figure class=\"wp-block-image size-large\"><a href=\"https:\/\/hubertpietka.bialystok.pl\/wp-content\/uploads\/2025\/09\/1000025753-scaled.jpg\"><img loading=\"lazy\" decoding=\"async\" width=\"1024\" height=\"771\" data-id=\"9702\" src=\"https:\/\/hubertpietka.bialystok.pl\/wp-content\/uploads\/2025\/09\/1000025753-1024x771.jpg\" alt=\"\" class=\"wp-image-9702\" srcset=\"https:\/\/hubertpietka.bialystok.pl\/wp-content\/uploads\/2025\/09\/1000025753-1024x771.jpg 1024w, https:\/\/hubertpietka.bialystok.pl\/wp-content\/uploads\/2025\/09\/1000025753-300x226.jpg 300w, https:\/\/hubertpietka.bialystok.pl\/wp-content\/uploads\/2025\/09\/1000025753-768x578.jpg 768w, https:\/\/hubertpietka.bialystok.pl\/wp-content\/uploads\/2025\/09\/1000025753-1536x1157.jpg 1536w, https:\/\/hubertpietka.bialystok.pl\/wp-content\/uploads\/2025\/09\/1000025753-2048x1542.jpg 2048w\" sizes=\"auto, (max-width: 1024px) 100vw, 1024px\" \/><\/a><\/figure>\n<\/figure>\n\n\n\n<p><em>Na zdj. B\u00f3g widzi pod\u0142o\u015bci ob\u0142ud\u0119 wszelk\u0105<br>Cho\u0107 wydaje si\u0119 \u017ce nie<br>\u0141ajdakom i bestiom tym wszelkim<br>Lepiej \u017ceby nie dosz\u0142o<br>Do jakiego\u015b z\u0142a zbrodniczego eskalacji<br>Bo za to zap\u0142ac\u0105<br>Wobec Boga nie tylko<br>Te bestie i wszelcy \u0142ajdacy<br>Ale wszyscy poszczeg\u00f3lnie \u015bwiat ca\u0142y<br>Lepiej by si\u0119 bestialskie \u0142ajdactwa<br>Nie zrealizowa\u0142y \u017cadne wobec nas<br>Naszego i naszych innych niewinnych<br>Jezu ufam Tobie ave Maryja<\/em><\/p>\n","protected":false},"excerpt":{"rendered":"<p>Ale\u017c to s\u0105 bestie bandyckieTam to chyba na rod\u00f3wceZainstalowali jakich\u015b \u0142ajdak\u00f3w nie wiemChyba gdzie\u015b w pobliskich krzakach\u017beby te psy szczeka\u0142y nieustannieTam b\u0119d\u0105c ja czy \u017conaByleby&hellip; <\/p>\n","protected":false},"author":1,"featured_media":0,"parent":0,"menu_order":0,"comment_status":"closed","ping_status":"closed","template":"","meta":{"footnotes":""},"class_list":["post-9701","page","type-page","status-publish","hentry"],"_links":{"self":[{"href":"https:\/\/hubertpietka.bialystok.pl\/index.php?rest_route=\/wp\/v2\/pages\/9701","targetHints":{"allow":["GET"]}}],"collection":[{"href":"https:\/\/hubertpietka.bialystok.pl\/index.php?rest_route=\/wp\/v2\/pages"}],"about":[{"href":"https:\/\/hubertpietka.bialystok.pl\/index.php?rest_route=\/wp\/v2\/types\/page"}],"author":[{"embeddable":true,"href":"https:\/\/hubertpietka.bialystok.pl\/index.php?rest_route=\/wp\/v2\/users\/1"}],"replies":[{"embeddable":true,"href":"https:\/\/hubertpietka.bialystok.pl\/index.php?rest_route=%2Fwp%2Fv2%2Fcomments&post=9701"}],"version-history":[{"count":1,"href":"https:\/\/hubertpietka.bialystok.pl\/index.php?rest_route=\/wp\/v2\/pages\/9701\/revisions"}],"predecessor-version":[{"id":9703,"href":"https:\/\/hubertpietka.bialystok.pl\/index.php?rest_route=\/wp\/v2\/pages\/9701\/revisions\/9703"}],"wp:attachment":[{"href":"https:\/\/hubertpietka.bialystok.pl\/index.php?rest_route=%2Fwp%2Fv2%2Fmedia&parent=9701"}],"curies":[{"name":"wp","href":"https:\/\/api.w.org\/{rel}","templated":true}]}}