{"id":9705,"date":"2025-09-21T06:50:16","date_gmt":"2025-09-21T06:50:16","guid":{"rendered":"https:\/\/hubertpietka.bialystok.pl\/?page_id=9705"},"modified":"2025-09-21T06:50:16","modified_gmt":"2025-09-21T06:50:16","slug":"gowno-obludy-najgorszym-gownem-bo-ma-oblepiac-ludzkie-dusze","status":"publish","type":"page","link":"https:\/\/hubertpietka.bialystok.pl\/?page_id=9705","title":{"rendered":"G\u00f3wno ob\u0142udy najgorszym g\u00f3wnem \/ bo ma oblepia\u0107 ludzkie dusze"},"content":{"rendered":"\n<p>Nie ma wi\u0119kszego g\u00f3wna<br>Ni\u017c ob\u0142\u0119dna ob\u0142uda diab\u0142a<br>I s\u0142ug jego wszelakich<br>Od tych bestii bandyckich<br>Po wszelkich im podleg\u0142ych \u0142ajdak\u00f3w<\/p>\n\n\n\n<p>Bo to k\u0142amliwe bronienie zbrodni<br>Niby w imi\u0119 jakiego\u015b dobra<br>A tak naprawd\u0119 ni\u0105 ziej\u0105<br>Ci wskazani wy\u017cej wszelacy<br>Ku zniszczeniu zniewoleniu i \u015bmierci<br>Dla wszelkich Bo\u017cych dzieci<\/p>\n\n\n\n<p>Nie ma wi\u0119kszego g\u00f3wna<br>Ni\u017c ob\u0142uda bo ona chce<br>Wszystko i wszystkich oblepi\u0107<br>Tym k\u0142amliwym g\u00f3wnem<br>By znieprawia\u0107 te\u017c wszystkich<br>Niemoralno\u015bci\u0105 pod\u0142\u0105 relatywizacj\u0105 Bo\u017cych warto\u015bci<\/p>\n\n\n\n<p>Tak z nami naszymi naszym<br>Maj\u0105 przecie\u017c ob\u0142udnik\u00f3w \u0142ajdackich wszelakich<br>Te bestie bandyckie i szatan<br>By uderza\u0107 w nas wsz\u0119dzie<br>Napada\u0107 prowokowa\u0107 cho\u0107by<br>Od tego ta\u0142atajstwa chach\u0142ackiego tam<br>Kt\u00f3rzy ci\u0105gle pod\u0142ug bandyckch zbrodni<br>Po tam t\u0105 podwij\u0119<br>Szemra\u0144c\u00f3w zajad\u0142ych i wykoleje\u0144c\u00f3w<\/p>\n\n\n\n<p>Maj\u0105 zreszt\u0105 r\u00f3\u017cnych \u0142ajdak\u00f3w wsz\u0119dzie<br>Od prywatnych po s\u0142u\u017cbowych zawodowych<br>Kt\u00f3rzy s\u0142u\u017c\u0105 przemoc\u0105 zorganizowan\u0105<br>Bandyckich bestii zbrodniom i k\u0142amstwom<br>Od misi\u00f3w bandyckich po innych<\/p>\n\n\n\n<p>I oczywi\u015bcie te bestie bandyckie<br>Maj\u0105 te\u017c wszelkie sposoby oddzia\u0142ywania<br>Bezpo\u015bredniego na nasze<br>\u017bycie i zdrowie<br>Maj\u0105 r\u00f3\u017cne \u015brodki mordercze przecie\u017c<br>Od gazowania po injektowanie wsz\u0119dzie<br>I wsz\u0119dzie te\u017c mo\u017cna<br>Jaki\u015b niby nieszcz\u0119\u015bliwy wypadek spreparowa\u0107<br>I tru\u0107 nas na wszelkie<br>Chyba mo\u017cliwe sposoby<br>Od jedzenia po napoje tak\u017ce<\/p>\n\n\n\n<p>Takie to bestie bandyckie<br>I ich \u0142ajdacy wszelacy<br>Niesko\u0144czeni w tej ob\u0142udzie piekielnej<br>Ku z\u0142u dla nas<br>Naszego naszych i niewinnych innych<\/p>\n\n\n\n<p>Bo mo\u017cna przecie\u017c te\u017c bezpo\u015brednio<br>Zabija\u0107 jak ofiary te bestialstw<br>Szatana i tych bandyckich bestii<\/p>\n\n\n\n<figure class=\"wp-block-image size-large\"><a href=\"https:\/\/hubertpietka.bialystok.pl\/wp-content\/uploads\/2025\/09\/1000026388.jpg\"><img loading=\"lazy\" decoding=\"async\" width=\"771\" height=\"1024\" src=\"https:\/\/hubertpietka.bialystok.pl\/wp-content\/uploads\/2025\/09\/1000026388-771x1024.jpg\" alt=\"\" class=\"wp-image-9706\" srcset=\"https:\/\/hubertpietka.bialystok.pl\/wp-content\/uploads\/2025\/09\/1000026388-771x1024.jpg 771w, https:\/\/hubertpietka.bialystok.pl\/wp-content\/uploads\/2025\/09\/1000026388-226x300.jpg 226w, https:\/\/hubertpietka.bialystok.pl\/wp-content\/uploads\/2025\/09\/1000026388-768x1021.jpg 768w, https:\/\/hubertpietka.bialystok.pl\/wp-content\/uploads\/2025\/09\/1000026388-1156x1536.jpg 1156w, https:\/\/hubertpietka.bialystok.pl\/wp-content\/uploads\/2025\/09\/1000026388.jpg 1204w\" sizes=\"auto, (max-width: 771px) 100vw, 771px\" \/><\/a><\/figure>\n\n\n\n<p><em>Na zdj. Jezu ufam Tobie w *<strong>Miech-owie<\/strong>*<br>*<strong>Miech<\/strong>* szatana i tych bestii<br>Bandyckich i ich \u0142ajdak\u00f3w wszelkich<br>Nieustannie truje nas naszych nasze<br>I ten ca\u0142y \u015bwiat ob\u0142ud\u0105<br>Oblepi\u0107 chce tym k\u0142amliwym g\u00f3wnem<br>Ku zbrodniach na niewinnych<br>Wszystko i wszystkich<br>Byleby tylko by\u0142o \u015brodowisko w\u0142a\u015bciwe<br>Dla zbrodni szata\u0144skich wszelkich<br>Tych bandyckich bestii<br>Wobec nas naszego i naszych<br>I innych niewinnych nienawi\u015bci<br>I z\u0142owrogo\u015bci bandyckiej tudzie\u017c wszelakich<br>Jezu ufam Tobie ave Maria<\/em><\/p>\n","protected":false},"excerpt":{"rendered":"<p>Nie ma wi\u0119kszego g\u00f3wnaNi\u017c ob\u0142\u0119dna ob\u0142uda diab\u0142aI s\u0142ug jego wszelakichOd tych bestii bandyckichPo wszelkich im podleg\u0142ych \u0142ajdak\u00f3w Bo to k\u0142amliwe bronienie zbrodniNiby w imi\u0119 jakiego\u015b&hellip; <\/p>\n","protected":false},"author":1,"featured_media":0,"parent":0,"menu_order":0,"comment_status":"closed","ping_status":"closed","template":"","meta":{"footnotes":""},"class_list":["post-9705","page","type-page","status-publish","hentry"],"_links":{"self":[{"href":"https:\/\/hubertpietka.bialystok.pl\/index.php?rest_route=\/wp\/v2\/pages\/9705","targetHints":{"allow":["GET"]}}],"collection":[{"href":"https:\/\/hubertpietka.bialystok.pl\/index.php?rest_route=\/wp\/v2\/pages"}],"about":[{"href":"https:\/\/hubertpietka.bialystok.pl\/index.php?rest_route=\/wp\/v2\/types\/page"}],"author":[{"embeddable":true,"href":"https:\/\/hubertpietka.bialystok.pl\/index.php?rest_route=\/wp\/v2\/users\/1"}],"replies":[{"embeddable":true,"href":"https:\/\/hubertpietka.bialystok.pl\/index.php?rest_route=%2Fwp%2Fv2%2Fcomments&post=9705"}],"version-history":[{"count":1,"href":"https:\/\/hubertpietka.bialystok.pl\/index.php?rest_route=\/wp\/v2\/pages\/9705\/revisions"}],"predecessor-version":[{"id":9707,"href":"https:\/\/hubertpietka.bialystok.pl\/index.php?rest_route=\/wp\/v2\/pages\/9705\/revisions\/9707"}],"wp:attachment":[{"href":"https:\/\/hubertpietka.bialystok.pl\/index.php?rest_route=%2Fwp%2Fv2%2Fmedia&parent=9705"}],"curies":[{"name":"wp","href":"https:\/\/api.w.org\/{rel}","templated":true}]}}