{"id":9709,"date":"2025-09-23T15:54:10","date_gmt":"2025-09-23T15:54:10","guid":{"rendered":"https:\/\/hubertpietka.bialystok.pl\/?page_id=9709"},"modified":"2025-09-23T15:54:10","modified_gmt":"2025-09-23T15:54:10","slug":"obluda-w-sluzbie-przemocy-lajdakow-wszelkich-podlug-bandyckich-bestii","status":"publish","type":"page","link":"https:\/\/hubertpietka.bialystok.pl\/?page_id=9709","title":{"rendered":"Ob\u0142uda w s\u0142u\u017cbie przemocy \/ \u0142ajdak\u00f3w wszelkich pod\u0142ug bandyckich bestii"},"content":{"rendered":"\n<p>Ale to jest bydle<br>Ta podwija pod\u0142e i perfidne<br>G(n)ojek jest prawie 2 razy<br>Od nas m\u0142odszy a przynajmniej<br>O jedno pokolenie<br>A my mamy temu bydlakowi<br>I jego gwie\u017adzie bi\u0107 pok\u0142ony<br>Najlepiej uni\u017cone bo inaczej ta<br>Probandycka bestia was napada\u0107 b\u0119dzie<br>Ugrywaj\u0105c tym samym sobie \u0142ask\u0119<br>U tych bestii i nominalnie<br>Korzy\u015bci r\u00f3\u017cne te\u017c inaczej<br>O czym ju\u017c wcze\u015bniej pisa\u0142em<br>Bydlak si\u0119 m\u015bci bo wiem<br>O jego procederze tutaj \u0142a\u017cenia<br>Oczywi\u015bcie nie w celach go\u015bcinnych<\/p>\n\n\n\n<p>Podobnie te bydlaki tam prostackie<br>To ta\u0142atajstwo chach\u0142ackie za co<br>Ma si\u0119 m\u015bci\u0107 na nas<br>\u017be temu byd\u0142u stan\u0119li\u015bmy okoniem<br>W bezprawnym zabraniu nam ziemi<br>Przez urz\u0119dow\u0105 ob\u0142udn\u0105 sciem\u0119<br>A tak naprawd\u0119 to chodzi<br>O to \u017ce te bestie<br>Te bandyckie zawsze sobie upatrz\u0105<br>R\u00f3\u017cnych \u0142ajdak\u00f3w kt\u00f3rzy maj\u0105 nas<br>Napada\u0107 odpowiednio pod pozorem zreszt\u0105<br>Tam jakim byle<br>Byleby tylko by\u0142y spe\u0142niane po\u017c\u0105dania<br>Tych bestii bandyckich i \u0142ajdak\u00f3w<br>Innych wszelkich najlepiej z pozorem<br>Ob\u0142udy niesko\u0144czenie pod\u0142ej \u017ce to<br>Mu jeste\u015bmy winni napa\u015bci tych<br>Bydlak\u00f3w r\u00f3\u017cnych<\/p>\n\n\n\n<p>Ob\u0142uda tych bestii i im<br>Podporz\u0105dkowanych w z\u0142u nienawistnym<br>\u0141ajdak\u00f3w wszelkich tych prywatnych<br>Zawodowych i s\u0142u\u017cbowych<br>I perfidia w ich d\u0105\u017ceniach<br>Napastliwych ju\u017c do Boga<br>G\u0142o\u015bno wo\u0142a bo jest wobec<br>Tych niewinnych nienawi\u015bci z\u0142owrogiej<br>Tych bestii i \u0142ajdak\u00f3w wszelkich<\/p>\n\n\n\n<p>A \u017ce te bestie<br>I \u0142ajdacy wszelcy maj\u0105 te\u017c<br>Inne mo\u017cliwo\u015bci szata\u0144skiego oddzia\u0142ywania<br>Wobec nas naszego i naszych<br>Wobec zdrowia naszego i \u017cycia<br>Nawet to zamyka si\u0119 ten<br>Kr\u0105g przekl\u0119ty \u0142ajdactwa i bestii<br>W tym \u017ce byleby tylko<br>Ku z\u0142u dla nas naszego<br>I naszych no przecie\u017c<br>Takie to bestie i \u0142ajdacy<br>Totalnie zepsuci z\u0142em szata\u0144skim<br>Kt\u00f3re chc\u0105 czyni\u0107 nieustannie<br>Pod\u0142ug z\u0142ych intencji i ob\u0142udy<br>W d\u0105\u017ceniach wszelkich przemocowych<\/p>\n\n\n\n<figure class=\"wp-block-image size-large\"><a href=\"https:\/\/hubertpietka.bialystok.pl\/wp-content\/uploads\/2025\/09\/1000027011.jpg\"><img loading=\"lazy\" decoding=\"async\" width=\"771\" height=\"1024\" src=\"https:\/\/hubertpietka.bialystok.pl\/wp-content\/uploads\/2025\/09\/1000027011-771x1024.jpg\" alt=\"\" class=\"wp-image-9710\" srcset=\"https:\/\/hubertpietka.bialystok.pl\/wp-content\/uploads\/2025\/09\/1000027011-771x1024.jpg 771w, https:\/\/hubertpietka.bialystok.pl\/wp-content\/uploads\/2025\/09\/1000027011-226x300.jpg 226w, https:\/\/hubertpietka.bialystok.pl\/wp-content\/uploads\/2025\/09\/1000027011-768x1021.jpg 768w, https:\/\/hubertpietka.bialystok.pl\/wp-content\/uploads\/2025\/09\/1000027011-1156x1536.jpg 1156w, https:\/\/hubertpietka.bialystok.pl\/wp-content\/uploads\/2025\/09\/1000027011.jpg 1204w\" sizes=\"auto, (max-width: 771px) 100vw, 771px\" \/><\/a><\/figure>\n\n\n\n<p><em>Na zdj. Patrzy na to wszystko<br>Jezus Frasobliwy na t\u0105 przemoc<br>Motywowan\u0105 ob\u0142ud\u0105 zbrodni z premedytacj\u0105<br>Jak si\u0119 obroni\u0107 skoro oni<br>Chc\u0105 nas napada\u0107 u\u015bmierca\u0107 niemal<br>Na ka\u017cdym kroku i wsz\u0119dzie<br>Jak mo\u017cna udowodni\u0107 inaczej<br>Ich bestialstwo i \u0142ajdactwo wszelkich<br>Zaanga\u017cowanych w proceder przemocy<br>Pod\u0142ug ob\u0142udy tych bestii perfidnej<br>Jezu ufam Tobie dopom\u00f3\u017c<br>Bo czasem to wydaje<br>Mi si\u0119 \u017ce jeste\u015bmy sami<br>W walce z bestialstwem bandyckim<br>I \u0142ajdactwem tych wszystkich<br>Kt\u00f3rzy zaprzedali si\u0119 bandyckiemu bydlactwu<br>Kt\u00f3rzy zaprzedali si\u0119 szata\u0144skiemu z\u0142u<br>Przeciwko tym niewinnym ichniemu wszystkiemu<br>I ichnim kt\u00f3rzy nie s\u0105<br>W z\u0142u wszelkim im przeciwko<br>Wspieraj Maryjo nas naszych nasze<br>W walce sprawiedliwej naszej<br>Bo w obronie w\u0142asnej s\u0142usznej<\/em><\/p>\n","protected":false},"excerpt":{"rendered":"<p>Ale to jest bydleTa podwija pod\u0142e i perfidneG(n)ojek jest prawie 2 razyOd nas m\u0142odszy a przynajmniejO jedno pokolenieA my mamy temu bydlakowiI jego gwie\u017adzie bi\u0107&hellip; <\/p>\n","protected":false},"author":1,"featured_media":0,"parent":0,"menu_order":0,"comment_status":"closed","ping_status":"closed","template":"","meta":{"footnotes":""},"class_list":["post-9709","page","type-page","status-publish","hentry"],"_links":{"self":[{"href":"https:\/\/hubertpietka.bialystok.pl\/index.php?rest_route=\/wp\/v2\/pages\/9709","targetHints":{"allow":["GET"]}}],"collection":[{"href":"https:\/\/hubertpietka.bialystok.pl\/index.php?rest_route=\/wp\/v2\/pages"}],"about":[{"href":"https:\/\/hubertpietka.bialystok.pl\/index.php?rest_route=\/wp\/v2\/types\/page"}],"author":[{"embeddable":true,"href":"https:\/\/hubertpietka.bialystok.pl\/index.php?rest_route=\/wp\/v2\/users\/1"}],"replies":[{"embeddable":true,"href":"https:\/\/hubertpietka.bialystok.pl\/index.php?rest_route=%2Fwp%2Fv2%2Fcomments&post=9709"}],"version-history":[{"count":1,"href":"https:\/\/hubertpietka.bialystok.pl\/index.php?rest_route=\/wp\/v2\/pages\/9709\/revisions"}],"predecessor-version":[{"id":9711,"href":"https:\/\/hubertpietka.bialystok.pl\/index.php?rest_route=\/wp\/v2\/pages\/9709\/revisions\/9711"}],"wp:attachment":[{"href":"https:\/\/hubertpietka.bialystok.pl\/index.php?rest_route=%2Fwp%2Fv2%2Fmedia&parent=9709"}],"curies":[{"name":"wp","href":"https:\/\/api.w.org\/{rel}","templated":true}]}}