{"id":9714,"date":"2025-09-24T11:35:01","date_gmt":"2025-09-24T11:35:01","guid":{"rendered":"https:\/\/hubertpietka.bialystok.pl\/?page_id=9714"},"modified":"2025-09-24T11:37:05","modified_gmt":"2025-09-24T11:37:05","slug":"tropy-modlitwy","status":"publish","type":"page","link":"https:\/\/hubertpietka.bialystok.pl\/?page_id=9714","title":{"rendered":"Tropy modlitwy"},"content":{"rendered":"\n<p>Po dodaniu przez<br>\u015aw. Jana Paw\u0142a II<br>*<em><strong>Cz\u0119\u015bci \u015bwiat\u0142a*<\/strong><\/em> do 3 tradycyjnych<br>*<strong>Radosnych Bolesnych i Chwalebnych<\/strong>*<br>I dodaniu przeze mnie<br>*<strong>Prologu Niepokalane Pocz\u0119cie NMP<\/strong>*<br>I *<strong>Epilogu Powt\u00f3rne przyj\u015bcie Pana<\/strong>*<br>W mocy spu\u015bcizny \u015bw. Paw\u0142a<br>Jako Aposto\u0142a Narod\u00f3w<br>Wydaje mi si\u0119 s\u0142uszne<br>Rozwini\u0119cie tych rozwa\u017ca\u0144 r\u00f3\u017ca\u0144cowych<br>O 2 kolejne cz\u0119\u015bci<br>Kt\u00f3re stworz\u0105 ca\u0142o\u015b\u0107 wyk\u0142adni Bo\u017cej<br>Drogi Ewangelii w \u015bwiecie<\/p>\n\n\n\n<p>Mianowicie przed Prologiem doda\u0107<br>*<strong>Tajemnice Protoewangelii<\/strong>* brzmi\u0105ce<br>Jak nast\u0119puje<\/p>\n\n\n\n<ol class=\"wp-block-list\">\n<li><em>Genesis<\/em> (Stworzenie \u015bwiata i cz\u0142owieka)<br>\/ Bo B\u00f3g stworzy\u0142 cz\u0142owieka w \u015bwiecie, aby ten czerpa\u0142 z niego wszelkie drogi ku spoczynkowi w Bogu, jako zwie\u0144czeniu wysi\u0142k\u00f3w ludzkich.<\/li>\n\n\n\n<li><em>Grzech pierworodny<\/em><br>\/ Bo niestety, ale przez grzech pierwszych rodzic\u00f3w rodzaju ludzkiego &#8211; natura ludzka ma sk\u0142onno\u015b\u0107 do grzechu i s\u0142abo\u015bci, kt\u00f3re nale\u017cy przezwyci\u0119\u017ca\u0107 w Bogu.<\/li>\n\n\n\n<li><em>Przej\u015bcie przez Morze Czerwone<\/em><br>\/ Bo grzech tak si\u0119 wzmaga czasem, \u017ce zalewa ten \u015bwiat jak morze, jak je przej\u015b\u0107 nienaruszonym &#8211; tylko w Bogu.<\/li>\n\n\n\n<li><em>Kr\u00f3lestwo Izreala<\/em><br>\/ B\u0119dzie ono nowe pod\u0142ug ducha, warto\u015bci Bo\u017cych, albo nie b\u0119dzie go wcale i \u015bwiata tego.<\/li>\n\n\n\n<li><em>Proroctwa mesja\u0144skie<\/em><br>\/ Bo w Jezusie Chrystusie wype\u0142nia si\u0119 ca\u0142e Bo\u017ce Objawienie, tylko w Nim mo\u017ce cz\u0142owiek znale\u017a\u0107 odpowiedzi na pytania wra\u017ce ca\u0142ej trudnej ludzkiej egzystencji.<\/li>\n<\/ol>\n\n\n\n<p>A po Epilogu mo\u017cna doda\u0107<br>*<strong>Tajemnice Eschatologiczne<\/strong>* brzmi\u0105ce jak nast\u0119puje<\/p>\n\n\n\n<ol class=\"wp-block-list\">\n<li><em>Exodus<\/em><br>\/ Czyli wyj\u015bcie cz\u0142owieka do wi\u0119kszych spraw Bo\u017cych &#8211; pod\u0142ug prawdy w mi\u0142o\u015bci, a nie eskalacji grzechu, z\u0142a, zbrodni, wszelkiej przemocy.<\/li>\n\n\n\n<li><em>Chrzest<\/em><br>Bo dzi\u0119ki niemu cz\u0142owiek odzyskuje godno\u015b\u0107 dziecka Bo\u017cego i jego czysto\u015b\u0107, utracon\u0105 wraz z grzechem pierworodnym. A inne sakramenty ko\u015bcio\u0142a prze\u017cywane w prawdzie Bo\u017cej umacniaj\u0105 nieomylnie na tej drodze.<\/li>\n\n\n\n<li><em>Upadek Babilonu<\/em><br>\/ Jako siedliska z\u0142a wszelkiego, zepsucia. Stolica z\u0142a musi upa\u015b\u0107.<\/li>\n\n\n\n<li><em>Powr\u00f3t Maryi z pustyni<\/em><br>\/ \u2026Z pustyni dusz ludzkich, kt\u00f3re wybiera\u0142y s\u0142u\u017cb\u0119 z\u0142u, a nie Bogu. Wtedy rozkwitn\u0105 serca moc\u0105 niebiesk\u0105.<\/li>\n\n\n\n<li><em>Niebo Nowe i Nowa Ziemia<\/em><br>\/ Tylko po spe\u0142nieniu tych wszystkich warunk\u00f3w nast\u0105pi Bo\u017ca odnowa, \u017cycia i chrze\u015bcija\u0144stwa wiosna &#8211; gdy ludzie odwr\u00f3c\u0105 si\u0119 od s\u0142u\u017cbie k\u0142amstwom i zbrodniom.<\/li>\n<\/ol>\n\n\n\n<p>Ps. My\u015bl\u0119 \u017ce te bestie bandyckie<br>Pod\u0142ug szatana maj\u0105 inne tajemnice<\/p>\n\n\n\n<ol class=\"wp-block-list\">\n<li><em>K\u0142amstwa<\/em> wyj\u015bciowe &#8211; pod\u0142ug ideologii zniszczenia i cywilizacji \u015bmierci<\/li>\n\n\n\n<li><em>Zbrodnie<\/em> &#8211; do kt\u00f3rych d\u0105\u017c\u0105 nieustannie te wszelkie bestie<\/li>\n\n\n\n<li><em>Ob\u0142uda<\/em> ob\u0142\u0119dnie chora &#8211; kt\u00f3ra ma usprawiedliwia\u0107 pokr\u0119tnie d\u0105\u017cenia zbrodnicze wszelkie<\/li>\n\n\n\n<li><em>Wojna<\/em> &#8211; jako eskalacja totalna zbrodni &#8211; skumulowanie \u015bmierci zniewole\u0144 i zniszcze\u0144 wszelkich<\/li>\n\n\n\n<li><em>Pycha i zadufanie w sobie<\/em> &#8211; jako punkt wyj\u015bcia wszelkich k\u0142amstw i zbrodni, bo wydaje si\u0119 bestiom i im podobnym, \u017ce s\u0105 ni\u017c inni lepsi i mog\u0105 &#8211; jak B\u00f3g decydowa\u0107 i \u017cyciu czyim\u015b &#8211; pod\u0142ug priorytety wszelkiej przemocy<\/li>\n<\/ol>\n\n\n\n<p>A to wszystko wobec nas<br>Naszego i naszych ale i<br>Innych niewinnych wreszcie ca\u0142ego \u015bwiata<br>Wybierajcie wi\u0119c sami<br>Komu chcenie s\u0142u\u017cy\u0107 czy Bogu<br>I odnowie nawr\u00f3ceniu w Nim<br>Czy bestiom i szatanowi<br>Czyli zniszczeniu niewinnych ludzi<br>I ca\u0142ego tego \u015bwiata<br>I to wbrew przecie\u017c<br>Ob\u0142\u0119dnym k\u0142amstwom bestii kt\u00f3re<br>\u015amier\u0107 zniszczenie zniewolenia g\u0142osz\u0105 jako<br>Jakie\u015b niby wi\u0119ksze dobro wolno\u015b\u0107<br>Do tego droga jakby<br>W Ewangelii nie by\u0142o napisane<br>&#8222;\u017be dobre drzewa przynosz\u0105 te\u017c<br>Dobre owoce a z\u0142e te z\u0142e w\u0142a\u015bnie<br>I \u017ce tak si\u0119 rozpoznaje<br>Odr\u00f3\u017cnia dobrych od z\u0142ych&#8221;<br>S\u0142ugi z\u0142a od s\u0142ug Boga<br>Wybierajcie wi\u0119c kt\u00f3r\u0119dy droga<br>Ale te\u017c pami\u0119tajcie \u017ce co<br>Wybieraj\u0105 ludzie to te\u017c odziedzicz\u0105<br>I tu w tym \u015bwiecie<br>I na wieczno\u015b\u0107<\/p>\n\n\n\n<figure class=\"wp-block-gallery has-nested-images columns-default is-cropped wp-block-gallery-1 is-layout-flex wp-block-gallery-is-layout-flex\">\n<figure class=\"wp-block-image size-large\"><a href=\"https:\/\/hubertpietka.bialystok.pl\/wp-content\/uploads\/2025\/09\/1000027081.jpg\"><img loading=\"lazy\" decoding=\"async\" width=\"771\" height=\"1024\" data-id=\"9715\" src=\"https:\/\/hubertpietka.bialystok.pl\/wp-content\/uploads\/2025\/09\/1000027081-771x1024.jpg\" alt=\"\" class=\"wp-image-9715\" srcset=\"https:\/\/hubertpietka.bialystok.pl\/wp-content\/uploads\/2025\/09\/1000027081-771x1024.jpg 771w, https:\/\/hubertpietka.bialystok.pl\/wp-content\/uploads\/2025\/09\/1000027081-226x300.jpg 226w, https:\/\/hubertpietka.bialystok.pl\/wp-content\/uploads\/2025\/09\/1000027081-768x1021.jpg 768w, https:\/\/hubertpietka.bialystok.pl\/wp-content\/uploads\/2025\/09\/1000027081-1156x1536.jpg 1156w, https:\/\/hubertpietka.bialystok.pl\/wp-content\/uploads\/2025\/09\/1000027081.jpg 1204w\" sizes=\"auto, (max-width: 771px) 100vw, 771px\" \/><\/a><\/figure>\n<\/figure>\n","protected":false},"excerpt":{"rendered":"<p>Po dodaniu przez\u015aw. Jana Paw\u0142a II*Cz\u0119\u015bci \u015bwiat\u0142a* do 3 tradycyjnych*Radosnych Bolesnych i Chwalebnych*I dodaniu przeze mnie*Prologu Niepokalane Pocz\u0119cie NMP*I *Epilogu Powt\u00f3rne przyj\u015bcie Pana*W mocy spu\u015bcizny&hellip; <\/p>\n","protected":false},"author":1,"featured_media":0,"parent":0,"menu_order":0,"comment_status":"closed","ping_status":"closed","template":"","meta":{"footnotes":""},"class_list":["post-9714","page","type-page","status-publish","hentry"],"_links":{"self":[{"href":"https:\/\/hubertpietka.bialystok.pl\/index.php?rest_route=\/wp\/v2\/pages\/9714","targetHints":{"allow":["GET"]}}],"collection":[{"href":"https:\/\/hubertpietka.bialystok.pl\/index.php?rest_route=\/wp\/v2\/pages"}],"about":[{"href":"https:\/\/hubertpietka.bialystok.pl\/index.php?rest_route=\/wp\/v2\/types\/page"}],"author":[{"embeddable":true,"href":"https:\/\/hubertpietka.bialystok.pl\/index.php?rest_route=\/wp\/v2\/users\/1"}],"replies":[{"embeddable":true,"href":"https:\/\/hubertpietka.bialystok.pl\/index.php?rest_route=%2Fwp%2Fv2%2Fcomments&post=9714"}],"version-history":[{"count":2,"href":"https:\/\/hubertpietka.bialystok.pl\/index.php?rest_route=\/wp\/v2\/pages\/9714\/revisions"}],"predecessor-version":[{"id":9718,"href":"https:\/\/hubertpietka.bialystok.pl\/index.php?rest_route=\/wp\/v2\/pages\/9714\/revisions\/9718"}],"wp:attachment":[{"href":"https:\/\/hubertpietka.bialystok.pl\/index.php?rest_route=%2Fwp%2Fv2%2Fmedia&parent=9714"}],"curies":[{"name":"wp","href":"https:\/\/api.w.org\/{rel}","templated":true}]}}