{"id":9719,"date":"2025-09-25T22:04:12","date_gmt":"2025-09-25T22:04:12","guid":{"rendered":"https:\/\/hubertpietka.bialystok.pl\/?page_id=9719"},"modified":"2025-09-25T22:09:26","modified_gmt":"2025-09-25T22:09:26","slug":"przemoc-i-obluda-pod-reke-jak-lajdacy-i-bandyckie-bestie","status":"publish","type":"page","link":"https:\/\/hubertpietka.bialystok.pl\/?page_id=9719","title":{"rendered":"Przemoc i ob\u0142uda pod r\u0119k\u0119 \/ jak \u0142ajdacy i bandyckie bestie"},"content":{"rendered":"\n<p>Idea\u0142 tych bestii piekielny<br>Zantagonizowa\u0107 do nas wszystkich<br>A tych \u017cyczliwych<br>Je\u015bli s\u0105 tacy gdzie\u015b jeszcze<br>Wyeliminowa\u0107 jak pana Hen ja \u017burka<br>Cho\u0107by i kto tam dalej<br>Jest w kolejce<br>Albo przekabaci\u0107 szanta\u017cem czy przekupstwem<br>Idea\u0142 szata\u0144ski tych bestii przecie\u017c<br>By\u015bmy byli wsz\u0119dzie<br><em>Persona non grata <\/em>osoby niepo\u017c\u0105dane<br>Tak to wszystko rozgrywaj\u0105<br>A tych kt\u00f3rzy<br>Nie pod\u0142ug tej szata\u0144skiej tendencji<br>Wyeliminowa\u0107 trzeba a mo\u017ce to<br>Te\u017c jest cz\u0119\u015bci\u0105 tego bestialskiego<br>Holocaustu wsp\u00f3\u0142czesnego jako\u015b<br>W razie na przyk\u0142ad plebiscytu<br>Szata\u0144skiego takiego czy mamy \u017cy\u0107<\/p>\n\n\n\n<p>Tak ju\u017c przekabacili tego s\u0105siada<br>Tam na wsi szanta\u017cem obietnic\u0105<br>Mo\u017ce wszystko razem<br>A przecie\u017c by ju\u017c<br>On nie \u017cy\u0142<br>Ale pami\u0119\u0107 jest kr\u00f3tka przecie\u017c<br>Lepiej zaufa\u0107 bestiom<br>By nam szkodzi\u0107 odpowiednio<br>A samemu pozyskiwa\u0107 jakie\u015b korzy\u015bci<br>Ja ju\u017c mu nie ufam<br>W ka\u017cdym b\u0105d\u017a razie<\/p>\n\n\n\n<p>A ta podwija bydlacka bestyja<br>Jeszcze si\u0119 nie nachodzi\u0142 tu<br>Jeszcze si\u0119 nie do\u015b\u0107 naszkodzi\u0142<br>Za ma\u0142o popsu\u0142 czy podtru\u0142<br>Bydlak ma napada\u0107 bo wiem<br>O tym jego bandyckim procederze<br>Pod\u0142ug tych bandyckich bestii<br>I to od lat tylu<br>Od kiedy si\u0119 tu wprowadzi\u0142<br>Ten gnojek on tu wszystko<br>Pod\u0142ug tych bestii bandyckich<br>Wiedzia\u0142 to Hen jaki dlatego ju\u017c<br>Go nie ma<br>A kto dalej w kolejce<br>Do eliminacji przez bandyckie bestie<br>A tego bydlaka jak nas<br>Tu napadnie to prze\u017cegnam odpowiednio<br>Tak jak to bydle<br>Na to zas\u0142uguje<br>Ju\u017c tak si\u0119 zas\u0142u\u017cy\u0142 bandytom<br>Wi\u0119c i ja si\u0119 zas\u0142u\u017c\u0119<br>Mu odpowiednio pod\u0142ug tego<br>W akcie samoobrony sprawiedliwej s\u0142usznej<\/p>\n\n\n\n<p>I tak jak wida\u0107 wsz\u0119dzie<br>Rozgrywaj\u0105 to te bestie<br>Byleby tylko wszyscy i wszystko<br>Nam przeciwne by\u0142o<br>A \u017ce \u0142ajdak\u00f3w pozyskiwa\u0107 \u0142atwo<br>W taki czy inny spos\u00f3b<br>To oni si\u0119 odwdzi\u0119czaj\u0105 ob\u0142ud\u0105<br>Ukartowan\u0105 odpowiednio i godn\u0105<br>Ob\u0142udy ob\u0142\u0119dnej totalnej tych bestii<br>Bo w tym g\u00f3ruj\u0105 przecie\u017c<br>Te bestie i \u0142ajdacy wszelcy<br>Aspiranci w z\u0142u szata\u0144skim jacykolwiek<br>I pod\u0142ug przemocy jaka akurat<br>Jest w dyspozycji \u0142ajdak\u00f3w r\u00f3\u017cnych<br>C\u00f3\u017c powiem wi\u0119cej tak wszysto<br>Ci \u0142ajdacy i bestie<br>Z przemoc\u0105 \u0142ajdack\u0105 pod\u0142ug ob\u0142udy<br>Rodem te\u017c z piek\u0142a<\/p>\n\n\n\n<figure class=\"wp-block-image size-large\"><a href=\"https:\/\/hubertpietka.bialystok.pl\/wp-content\/uploads\/2025\/09\/1000027255.jpg\"><img loading=\"lazy\" decoding=\"async\" width=\"771\" height=\"1024\" src=\"https:\/\/hubertpietka.bialystok.pl\/wp-content\/uploads\/2025\/09\/1000027255-771x1024.jpg\" alt=\"\" class=\"wp-image-9720\" srcset=\"https:\/\/hubertpietka.bialystok.pl\/wp-content\/uploads\/2025\/09\/1000027255-771x1024.jpg 771w, https:\/\/hubertpietka.bialystok.pl\/wp-content\/uploads\/2025\/09\/1000027255-226x300.jpg 226w, https:\/\/hubertpietka.bialystok.pl\/wp-content\/uploads\/2025\/09\/1000027255-768x1021.jpg 768w, https:\/\/hubertpietka.bialystok.pl\/wp-content\/uploads\/2025\/09\/1000027255-1156x1536.jpg 1156w, https:\/\/hubertpietka.bialystok.pl\/wp-content\/uploads\/2025\/09\/1000027255.jpg 1204w\" sizes=\"auto, (max-width: 771px) 100vw, 771px\" \/><\/a><\/figure>\n\n\n\n<p><em>Na zdj. \u015aw. Franciszek<br>To wszystko nie wydaje<br>Bynajmniej mi si\u0119<br>Bestie i w parze \u0142ajdacy<br>Pod\u0142ug ob\u0142udy i przemocy<br>Te\u017c w parze chc\u0105 uderza\u0107<br>W nas naszych i nasze nieustannie<br>I cho\u0107 wydaje si\u0119<br>\u017be tylko tacy si\u0119 ochroni\u0105<br>Kt\u00f3rzy wsp\u00f3\u0142pracuj\u0105 z bestii bandyckich<br>Ob\u0142ud\u0105 i przemoc\u0105 to \u017ceby<br>Nie okaza\u0142o si\u0119 czasem<br>\u017be b\u0119dzie wprost przeciwnie<br>Na pewno w sensie eschatologicznym<br>Bo gdy my zginiemy<br>Zgin\u0105 te\u017c wszyscy<br>A \u0142ajdacy i bestie wiecznie<br>Cho\u0107 ich to nie wzrusza<br>Wcale na razie<br>Nie znaczy to \u017ce tak<br>Si\u0119 nie stanie<br>Szatan si\u0119 upomni o wszystkie<br>Swoje s\u0142ugi w czasie swoim<br>Bo to co oni wyczyniaj\u0105<br>To jest eskalacja ob\u0142udnej przemocy<br>Z ka\u017cdej chyba strony<br>Wobec niewinnych dzieci Bo\u017cych<\/em><\/p>\n","protected":false},"excerpt":{"rendered":"<p>Idea\u0142 tych bestii piekielnyZantagonizowa\u0107 do nas wszystkichA tych \u017cyczliwychJe\u015bli s\u0105 tacy gdzie\u015b jeszczeWyeliminowa\u0107 jak pana Hen ja \u017burkaCho\u0107by i kto tam dalejJest w kolejceAlbo przekabaci\u0107&hellip; <\/p>\n","protected":false},"author":1,"featured_media":0,"parent":0,"menu_order":0,"comment_status":"closed","ping_status":"closed","template":"","meta":{"footnotes":""},"class_list":["post-9719","page","type-page","status-publish","hentry"],"_links":{"self":[{"href":"https:\/\/hubertpietka.bialystok.pl\/index.php?rest_route=\/wp\/v2\/pages\/9719","targetHints":{"allow":["GET"]}}],"collection":[{"href":"https:\/\/hubertpietka.bialystok.pl\/index.php?rest_route=\/wp\/v2\/pages"}],"about":[{"href":"https:\/\/hubertpietka.bialystok.pl\/index.php?rest_route=\/wp\/v2\/types\/page"}],"author":[{"embeddable":true,"href":"https:\/\/hubertpietka.bialystok.pl\/index.php?rest_route=\/wp\/v2\/users\/1"}],"replies":[{"embeddable":true,"href":"https:\/\/hubertpietka.bialystok.pl\/index.php?rest_route=%2Fwp%2Fv2%2Fcomments&post=9719"}],"version-history":[{"count":4,"href":"https:\/\/hubertpietka.bialystok.pl\/index.php?rest_route=\/wp\/v2\/pages\/9719\/revisions"}],"predecessor-version":[{"id":9725,"href":"https:\/\/hubertpietka.bialystok.pl\/index.php?rest_route=\/wp\/v2\/pages\/9719\/revisions\/9725"}],"wp:attachment":[{"href":"https:\/\/hubertpietka.bialystok.pl\/index.php?rest_route=%2Fwp%2Fv2%2Fmedia&parent=9719"}],"curies":[{"name":"wp","href":"https:\/\/api.w.org\/{rel}","templated":true}]}}