{"id":9726,"date":"2025-09-26T16:35:19","date_gmt":"2025-09-26T16:35:19","guid":{"rendered":"https:\/\/hubertpietka.bialystok.pl\/?page_id=9726"},"modified":"2025-09-26T16:35:19","modified_gmt":"2025-09-26T16:35:19","slug":"na-kazdym-kroku-i-wszedzie-prowokacje-i-napasci-czyny-mordercze-roznych-lajdakow-wszelkich-calkowicie-podlug-tych-bestii","status":"publish","type":"page","link":"https:\/\/hubertpietka.bialystok.pl\/?page_id=9726","title":{"rendered":"Na ka\u017cdym kroku i wsz\u0119dzie \/ prowokacje i napa\u015bci czyny mordercze &#8211; r\u00f3\u017cnych \u0142ajdak\u00f3w wszelkich \/ ca\u0142kowicie pod\u0142ug tych bestii"},"content":{"rendered":"\n<p>Ro\u015bnie wida\u0107 niechybnie zamo\u017cno\u015b\u0107 bestii<br>Nie tylko w nieprawe zyski<br>Na zasadach z\u0142odziejskich<br>Ale i w zas\u00f3b<br>R\u00f3\u017cnych \u0142ajdak\u00f3w napastnik\u00f3w i prowokator\u00f3w<br>Ale i szpieg\u00f3w se mno\u017c\u0105<br>Kt\u00f3rzy nawet jak nie zobacz\u0105<br>Tego co po\u017c\u0105daj\u0105 bestie bestialsko<br>To mo\u017ce sobie to wymy\u015bl\u0105<br>Byleby by\u0142o jak pasuje bestiom<\/p>\n\n\n\n<p>Czy\u017c nie mam racji<br>\u017be to s\u0105 bestie<br>Skoro z naszych miejsc<br>I wszelkich miejsc miast tych<br>Uczynili d\u017cungl\u0119 gdzie r\u00f3\u017cne \u0142ajdaki<br>Mog\u0105 sobie napada\u0107 spokojnie<br>Czy prowokowa\u0107 jednako do r\u00f3\u017cnych<br>Bestialskich atak\u00f3w bo ja<br>Nie mam w\u0105tpliwo\u015bci<br>\u017be to wszystko motywowane jest<br>Przez bestie te<br>Kt\u00f3re nie mog\u0105 si\u0119 zaspokoi\u0107<br>W z\u0142u szata\u0144skim dla nas<br>Naszego i naszych<\/p>\n\n\n\n<p>Podobnie zreszt\u0105 z miejsami modlitwy<br>Uczynili bestialsko jaskinie zb\u00f3jc\u00f3w wszelakich<br>Kt\u00f3rzy i tam mog\u0105<br>Prowokowa\u0107 zabija\u0107 czy atakowa\u0107<br>Pod przykrywk\u0105 najlepiej niby pobo\u017cno\u015bci<br>Takie to s\u0105 te bestie<br>I \u0142ajdacy wszelcy im podobni<\/p>\n\n\n\n<p>Wsz\u0119dzie przecie\u017c mog\u0105 r\u00f3\u017cne \u0142ajdaki<br>Najpierw prowokowa\u0107 by potem<br>Pod\u0142ug tych bestii zaatakowa\u0107 odpowiednio<br>Ze skutkiem szata\u0144skim jedynie s\u0142usznym<br>\u015amierci zniewolenia zniszczenia<br>Dla nas naszych i naszego<br>A maj\u0105 i na to<br>Nie tylko r\u00f3\u017cnych prowokator\u00f3w \u0142ajdak\u00f3w<br>Ob\u0142udnik\u00f3w wszelakich ale i tak\u017ce<br>R\u00f3\u017cne \u015brodki mordercze a jak\u017ce<br>Od gazowania (dlatego tak<br>Nie lubi\u0105 okiem wsz\u0119dzie otwierania)<br>Po injektor\u00f3w pod\u0142ych zbrodniczych bydlak\u00f3w<br>Kimkolwiek by nie byli<br>I w wieku jakim<\/p>\n\n\n\n<p>Mog\u0105 oczywi\u015bcie te\u017c powodowa\u0107 jakie\u015b<br>Niby nieszcz\u0119\u015bliwe wypadki a najlepiej<br>Jak dzisiaj by obcokrajowiec<br>We mnie uderzy\u0142 to b\u0119dzie<br>Problem z egzekwowania odszkodowanie<br>Co jest bardzo mile przecie\u017c<br>Widziane przez te bestie<\/p>\n\n\n\n<p>Tak\u017ce jak wida\u0107 jest weso\u0142o<br>Dla tych bestii raczej<br>Kt\u00f3rzy czerpi\u0105 jaka\u015b chor\u0105 ob\u0142\u0119dnie<br>Satysfakcj\u0119 ze z\u0142a bandyckiej przemocy<br>I to wsz\u0119dzie dla nas<br>Niemal na ka\u017cdym kroku<br>Rozbestwi\u0142y si\u0119 te bestie<br>Roz\u0142ajdaczaj\u0105 te\u017c r\u00f3\u017cne \u0142ajdaki odpowiednio<br>Bo oczywi\u015bcie te\u017c na drogach<br>Czy na parkingu mo\u017cna<br>Na nas bandycko nasy\u0142a\u0107<br>Te mi\u015bki jakiekolwiek zreszt\u0105<br>Przecie\u017c drogi to \u0142ajdacki bestii<br>Dziki zach\u00f3d na antyprawach odpowiednich<br>Przeciwko tym niewinnym konkretnym<\/p>\n\n\n\n<p>Tak\u017ce takie to mniej wi\u0119cej<br>Spektrum codziennego dzia\u0142ania bandyckich bestii<br>I \u017cycia wobec tej<br>Przemocy i ob\u0142udy ob\u0142\u0119dnej wszelkiej<br>I r\u00f3\u017cnych \u0142ajdak\u00f3w prowokator\u00f3w ob\u0142udnych<br>Te\u017c zawsze pod\u0142ug tych bestii<br>I oczywi\u015bcie dope\u0142nia jeszcze wszystko<br>Szko\u0142a jako miejsce zepsucia<br>Gdzie te\u017c powinno si\u0119 z\u0142o<br>Czyni\u0107 tym kt\u00f3rzy podpadli nienawi\u015bci<br>Tych bestii bandyckich i \u0142ajdak\u00f3w<br>Zreszt\u0105 wszelakich w jakimkolwiek wieku<br>I kimkolwiek by nie byli<br>Wiadomo przecie\u017c \u017ce z\u0142o<br>Dla nas naszych i naszego<br>Jest dobrze widziane przez te<br>Bestie w bestialstwie niesko\u0144czone zreszt\u0105<br>I za rzeczy takie nagroda<br>Si\u0119 mo\u017ce trafi\u0107 za \u0142ajdactwa<br>Od tych bestii a mo\u017ce<br>Te\u017c koniec \u015bwiata dla wszystkich<br>Te\u017c cho\u0107by ale tego<br>Te bestie nie powiedz\u0105<br>Wol\u0105 szata\u0144sko ob\u0142udnie k\u0142ama\u0107<br>\u017be przecie\u017c b\u0119dzie inaczej<br>Czemu te\u017c \u0142ajdacy wierz\u0105<br>W spos\u00f3b prosty<br>Bo zepsute znieprawione maj\u0105 serca<br>I zatrute jadem z\u0142a umys\u0142y<br>Tak zreszt\u0105 jak te bestie<\/p>\n\n\n\n<figure class=\"wp-block-gallery has-nested-images columns-default is-cropped wp-block-gallery-1 is-layout-flex wp-block-gallery-is-layout-flex\">\n<figure class=\"wp-block-image size-large\"><a href=\"https:\/\/hubertpietka.bialystok.pl\/wp-content\/uploads\/2025\/09\/1000027333.jpg\"><img loading=\"lazy\" decoding=\"async\" width=\"771\" height=\"1024\" data-id=\"9727\" src=\"https:\/\/hubertpietka.bialystok.pl\/wp-content\/uploads\/2025\/09\/1000027333-771x1024.jpg\" alt=\"\" class=\"wp-image-9727\" srcset=\"https:\/\/hubertpietka.bialystok.pl\/wp-content\/uploads\/2025\/09\/1000027333-771x1024.jpg 771w, https:\/\/hubertpietka.bialystok.pl\/wp-content\/uploads\/2025\/09\/1000027333-226x300.jpg 226w, https:\/\/hubertpietka.bialystok.pl\/wp-content\/uploads\/2025\/09\/1000027333-768x1021.jpg 768w, https:\/\/hubertpietka.bialystok.pl\/wp-content\/uploads\/2025\/09\/1000027333-1156x1536.jpg 1156w, https:\/\/hubertpietka.bialystok.pl\/wp-content\/uploads\/2025\/09\/1000027333.jpg 1204w\" sizes=\"auto, (max-width: 771px) 100vw, 771px\" \/><\/a><\/figure>\n<\/figure>\n","protected":false},"excerpt":{"rendered":"<p>Ro\u015bnie wida\u0107 niechybnie zamo\u017cno\u015b\u0107 bestiiNie tylko w nieprawe zyskiNa zasadach z\u0142odziejskichAle i w zas\u00f3bR\u00f3\u017cnych \u0142ajdak\u00f3w napastnik\u00f3w i prowokator\u00f3wAle i szpieg\u00f3w se mno\u017c\u0105Kt\u00f3rzy nawet jak nie&hellip; <\/p>\n","protected":false},"author":1,"featured_media":0,"parent":0,"menu_order":0,"comment_status":"closed","ping_status":"closed","template":"","meta":{"footnotes":""},"class_list":["post-9726","page","type-page","status-publish","hentry"],"_links":{"self":[{"href":"https:\/\/hubertpietka.bialystok.pl\/index.php?rest_route=\/wp\/v2\/pages\/9726","targetHints":{"allow":["GET"]}}],"collection":[{"href":"https:\/\/hubertpietka.bialystok.pl\/index.php?rest_route=\/wp\/v2\/pages"}],"about":[{"href":"https:\/\/hubertpietka.bialystok.pl\/index.php?rest_route=\/wp\/v2\/types\/page"}],"author":[{"embeddable":true,"href":"https:\/\/hubertpietka.bialystok.pl\/index.php?rest_route=\/wp\/v2\/users\/1"}],"replies":[{"embeddable":true,"href":"https:\/\/hubertpietka.bialystok.pl\/index.php?rest_route=%2Fwp%2Fv2%2Fcomments&post=9726"}],"version-history":[{"count":1,"href":"https:\/\/hubertpietka.bialystok.pl\/index.php?rest_route=\/wp\/v2\/pages\/9726\/revisions"}],"predecessor-version":[{"id":9728,"href":"https:\/\/hubertpietka.bialystok.pl\/index.php?rest_route=\/wp\/v2\/pages\/9726\/revisions\/9728"}],"wp:attachment":[{"href":"https:\/\/hubertpietka.bialystok.pl\/index.php?rest_route=%2Fwp%2Fv2%2Fmedia&parent=9726"}],"curies":[{"name":"wp","href":"https:\/\/api.w.org\/{rel}","templated":true}]}}