{"id":9730,"date":"2025-09-27T22:00:58","date_gmt":"2025-09-27T22:00:58","guid":{"rendered":"https:\/\/hubertpietka.bialystok.pl\/?page_id=9730"},"modified":"2025-09-27T22:00:58","modified_gmt":"2025-09-27T22:00:58","slug":"lajdacy-i-bestie-dogaduja-sie-najlepiej-w-zlu-przeciwko-bozym-dzieciom","status":"publish","type":"page","link":"https:\/\/hubertpietka.bialystok.pl\/?page_id=9730","title":{"rendered":"\u0141ajdacy i bestie \/ dogaduj\u0105 si\u0119 najlepiej &#8211; w z\u0142u przeciwko Bo\u017cym dzieciom"},"content":{"rendered":"\n<p>1.<br>To bydle podwijskie ju\u017c<br>Tak si\u0119 zas\u0142u\u017cy\u0142o tym bestiom<br>Bandyckim przez lat tyle<br>\u017be ju\u017c zas\u0142uguje na miano<br>Odpowiednio bestyji bo ju\u017c si\u0119<br>Niejako r\u00f3wna z ich bestialstwem<br>I jeszcze mu ma\u0142o<br>Mo\u017ce zas\u0142u\u017cy na miano *<strong>besti-acha<\/strong>*<br>Tak nad nim b\u0119d\u0105 te<br>*<strong>Bestie achy<\/strong>* i ochy<br>Za jego \u0142ajdactwa szata\u0144skie riztrz\u0105sa\u0107<\/p>\n\n\n\n<p>Podobnie tam ci wykoleje\u0144cy czy<br>Szemra\u0144cy zajadli zas\u0142u\u017cyli ju\u017c chyba<br>Na miano *<strong>zajobow<\/strong>* nie inaczej<br>Za przeproszeniem tak i w\u0142a\u015bnie<br>Skoro za psie *<strong>joby<\/strong>* czyli<br>Ich naszczekiwania zreszt\u0105 na typowe<br>Pod\u0142ug tych bestii prowokacje \u0142ajdackie<br>Chc\u0105 tacy *<strong>zajeb&#8230;\u0107<\/strong>* odpowiednio<br>Tych nienawistnych bestialstwu i \u0142ajdactwu<br>I wszelkiemu pod\u0142emu szata\u0144skiemu z\u0142u<\/p>\n\n\n\n<p>Tak\u017ce bestyja i zajeby mog\u0105<br>Sobie poda\u0107 w \u0142ajdactwie r\u0119ce<br>Jeszcze z tym chach\u0142actwem ta\u0142atajskim<br>I tak\u017ce i bandyckimi s\u0142u\u017calcami<br>Te\u017c r\u00f3\u017cnymi w apoteozie \u0142ajdactw<br>Pod\u0142ug tych bestii<br>I w zgodzie z ich<br>Tez\u0105 prowokacji r\u00f3\u017cnych jedynie odpowiednich<br>I oczywi\u015bcie \u017ce skutkiem<br>Te\u017c bestialsko i \u0142ajdacko<br>Tym jedynie szata\u0144sko s\u0142usznym<\/p>\n\n\n\n<p>2.<br>I jeszcze s\u0142owo o w\u0105tpliwej<br>Chyba jednak dobroci tych bestii<br>Jak oni mog\u0105 m\u00f3wi\u0107<br>\u017be maj\u0105 dobre intencje<br>Skoro w knajpie rozpija\u0107 si\u0119<br>Mog\u0105 wszyscy oczywi\u015bcie ale<br>Ju\u017c je\u015b\u0107 to nie<br>Chyba za kar\u0119 \u017ce ja<br>Tam chodz\u0119 takie to bestie<br>Jak oni maj\u0105 dobre intencje<br>Skoro rozpija\u0107 nar\u00f3d to owszem<br>Ale ju\u017c da\u0107 je\u015b\u0107<br>To nie przecie\u017c i to<br>Ku\u017awa nie za pieni\u0105dze<br>Tych bestii no to wszystko<\/p>\n\n\n\n<p>I tak dalej jak mog\u0105<br>M\u00f3wi\u0107 o niby dobrych intencjach<br>Swoich skoro zabijaj\u0105 cz\u0142onk\u00f3w<br>Tej spo\u0142eczno\u015bci ludzkiej<br>Jak mog\u0105 m\u00f3wi\u0107 skoro<br>Dzieci i m\u0142odzie\u017c te\u017c psuj\u0105<br>Pod\u0142ug ideologii wszelkich bo wiedz\u0105<br>\u017be tak os\u0142abia\u0107 najlepiej moc<br>Ludu tego \u017ce o pacynkowstwie<br>Ju\u017c nawet nie wspomn\u0119<br>Nie chc\u0105 pozwoli\u0107 narodowi zaspokoi\u0107<br>Potrzeb zwyczajnych fizycznych \u017cyciowych<br>To co dopiero tych duchownych<br>Jak\u017ce\u017c to nie bestie<br>Skoro wspieraj\u0105 ohydy spustoszenia pacynek<br>Jednocze\u015bnie utrudniaj\u0105c albo uniemo\u017cliwiaj\u0105c<br>Ten pokarm Bo\u017cy dla ducha<br>Ten prawdziwy niebieski Cia\u0142o Chrystusa<\/p>\n\n\n\n<figure class=\"wp-block-gallery has-nested-images columns-default is-cropped wp-block-gallery-1 is-layout-flex wp-block-gallery-is-layout-flex\">\n<figure class=\"wp-block-image size-large\"><a href=\"https:\/\/hubertpietka.bialystok.pl\/wp-content\/uploads\/2025\/09\/1000027502.jpg\"><img loading=\"lazy\" decoding=\"async\" width=\"1024\" height=\"771\" data-id=\"9731\" src=\"https:\/\/hubertpietka.bialystok.pl\/wp-content\/uploads\/2025\/09\/1000027502-1024x771.jpg\" alt=\"\" class=\"wp-image-9731\" srcset=\"https:\/\/hubertpietka.bialystok.pl\/wp-content\/uploads\/2025\/09\/1000027502-1024x771.jpg 1024w, https:\/\/hubertpietka.bialystok.pl\/wp-content\/uploads\/2025\/09\/1000027502-300x226.jpg 300w, https:\/\/hubertpietka.bialystok.pl\/wp-content\/uploads\/2025\/09\/1000027502-768x578.jpg 768w, https:\/\/hubertpietka.bialystok.pl\/wp-content\/uploads\/2025\/09\/1000027502-1536x1156.jpg 1536w, https:\/\/hubertpietka.bialystok.pl\/wp-content\/uploads\/2025\/09\/1000027502.jpg 1600w\" sizes=\"auto, (max-width: 1024px) 100vw, 1024px\" \/><\/a><\/figure>\n<\/figure>\n\n\n\n<p><em>Co si\u0119 dzieje z tym<br>Ca\u0142ym \u015bwiatem co si\u0119<br>Z lud\u017ami dzieje \u017ce wsz\u0119dzie<br>Maj\u0105 r\u00f3\u017cnych swoich \u0142ajdak\u00f3w<br>Te bandyckie bestie kt\u00f3rzy pr\u00f3buj\u0105<br>Prowokowa\u0107 na wszelkie sposoby<br>Niby przypadkiem niby niewinnie<br>Co za \u0142ajdacy co za<br>Bestie na ka\u017cdym prawie kroku<br>I niemal wsz\u0119dzie te\u017c mo\u017cna<br>Szata\u0144sko nam z\u0142o czyni\u0107 wszelkie<br>Nie tylko napada\u0107 jak te<br>\u0141ajdaki wszelkie odbandyckie<br>I to gdzie by\u015bmy<br>Nie byli si\u0119 nie ruszyli<\/em><\/p>\n\n\n\n<p><em>Maj\u0105 tych sta\u0142ych \u0142ajdak\u00f3w<br>Te bestie z wypracowanymi ju\u017c<br>Szata\u0144sko prowokacjami jak ten bydlak<br>Podwija czy wykoleje\u0144cy szemra\u0144cy zajadli<br>Tam znowu maj\u0105 tych prywatnych<br>I maj\u0105 i s\u0142u\u017cbowych zawodowych<br>\u0141ajdak\u00f3w jak te mi\u015bki bandyckie<br>Kt\u00f3rzy wiedz\u0105c o wszelkich zbrodniach<br>Tych bestii sobie im s\u0142u\u017c\u0105<br>\u0141ajdactwami r\u00f3\u017cnymi zreszt\u0105 jacytamkolwiek<br>\u0141ajdaccy bandyccy s\u0142u\u017calcy czy ochraniaczyki<br>Totalno\u015bci z\u0142a szata\u0144skiego tych bandyt\u00f3w<br>Najlepiej przecie\u017c okazywa\u0107 bestialsk\u0105 przemoc<br>Wobec tych niewinnych kt\u00f3rzy podpadli<br>Tak strasznie tym bestiom bandyckim<br>I \u0142ajdakom wszelkim<br>Co za \u0142ajdacy co za<br>Bestie co si\u0119 sta\u0142o<br>Z tym \u015bwiatem<br>Co oni zrobili z lud\u017ami<br>A mo\u017ce raczej co czyni<br>Z nich z\u0142o\u015bliwa pod\u0142a z\u0142o\u015b\u0107<br>I zawi\u015b\u0107 ob\u0142\u0119dnie chyba ob\u0142udna<br>Z\u0142o\u015b\u0107 \u0142ajdak\u00f3w i bestii ta<br>Szata\u0144ska najlepiej przecie\u017c przeciwko tym<br>Ma\u0142ym i niewinnym objawia\u0107 przemoc\u0105<br>Zdeterminowan\u0105 ku wszelkim szata\u0144skim zbrodniom<br>\u015amierci zniewolenia i zniszczenia<br>Dla nas naszych i naszego<br>A niekt\u00f3rzy nie do\u015b\u0107 \u017ce<br>Zgadzaj\u0105 si\u0119 na te bestialskie zbrodnie<br>To je chwal\u0105 ku chwale<br>Szatana te\u017c zreszt\u0105<br>Nie tylko tych bestii<br>Kt\u00f3re bestialstwem wszelkim i \u0142ajdactwem<br>S\u0142u\u017c\u0105 szatanowi wiernie i nieustannie<br>To te\u017c i odziedzicz\u0105<br>Szatana w\u0142a\u015bnie te bestie i wszelcy<br>\u0141ajdacy z\u0142em niewymownie chyba skorumpowani<br>Jezu ufam Tobie amen powiedzia\u0142em<\/em><\/p>\n","protected":false},"excerpt":{"rendered":"<p>1.To bydle podwijskie ju\u017cTak si\u0119 zas\u0142u\u017cy\u0142o tym bestiomBandyckim przez lat tyle\u017be ju\u017c zas\u0142uguje na mianoOdpowiednio bestyji bo ju\u017c si\u0119Niejako r\u00f3wna z ich bestialstwemI jeszcze mu&hellip; <\/p>\n","protected":false},"author":1,"featured_media":0,"parent":0,"menu_order":0,"comment_status":"closed","ping_status":"closed","template":"","meta":{"footnotes":""},"class_list":["post-9730","page","type-page","status-publish","hentry"],"_links":{"self":[{"href":"https:\/\/hubertpietka.bialystok.pl\/index.php?rest_route=\/wp\/v2\/pages\/9730","targetHints":{"allow":["GET"]}}],"collection":[{"href":"https:\/\/hubertpietka.bialystok.pl\/index.php?rest_route=\/wp\/v2\/pages"}],"about":[{"href":"https:\/\/hubertpietka.bialystok.pl\/index.php?rest_route=\/wp\/v2\/types\/page"}],"author":[{"embeddable":true,"href":"https:\/\/hubertpietka.bialystok.pl\/index.php?rest_route=\/wp\/v2\/users\/1"}],"replies":[{"embeddable":true,"href":"https:\/\/hubertpietka.bialystok.pl\/index.php?rest_route=%2Fwp%2Fv2%2Fcomments&post=9730"}],"version-history":[{"count":1,"href":"https:\/\/hubertpietka.bialystok.pl\/index.php?rest_route=\/wp\/v2\/pages\/9730\/revisions"}],"predecessor-version":[{"id":9732,"href":"https:\/\/hubertpietka.bialystok.pl\/index.php?rest_route=\/wp\/v2\/pages\/9730\/revisions\/9732"}],"wp:attachment":[{"href":"https:\/\/hubertpietka.bialystok.pl\/index.php?rest_route=%2Fwp%2Fv2%2Fmedia&parent=9730"}],"curies":[{"name":"wp","href":"https:\/\/api.w.org\/{rel}","templated":true}]}}