{"id":9734,"date":"2025-09-28T22:07:08","date_gmt":"2025-09-28T22:07:08","guid":{"rendered":"https:\/\/hubertpietka.bialystok.pl\/?page_id=9734"},"modified":"2025-09-28T22:07:08","modified_gmt":"2025-09-28T22:07:08","slug":"onomastyka-mocna-podlug-boga-nie-kwilenia-niemowlecia","status":"publish","type":"page","link":"https:\/\/hubertpietka.bialystok.pl\/?page_id=9734","title":{"rendered":"Onomastyka mocna &#8211; pod\u0142ug Boga \/ nie kwilenia niemowl\u0119cia"},"content":{"rendered":"\n<p>Wola\u0142bym nie u\u017cywa\u0107 tego s\u0142ownictwa<br>Nazywa\u0107 ich bestiami ob\u0142udnikami \u0142ajdakami szatanami<br>Ale musi by\u0107 logiczna zgodno\u015b\u0107<br>W nazywaniu odpowiednim asygnatem podmiotu<br>Bo to te\u017c porz\u0105dkuje moralnie<br>A w obliczu tej eskalacji<br>Ob\u0142udy przemocy k\u0142amstw d\u0105\u017ce\u0144 zbrodniczych<br>Nie mam wyj\u015bcia jak tylko<br>Nazywa\u0107 odpowiednio stawiaj\u0105cych nas takich<br>W sytuacjach ekstremalnych kra\u0144cowo granicznych<br>&#8222;Staj\u0105c si\u0119 m\u0119\u017cem wyzbywam si\u0119<br>Tego co dziecinne&#8221; i infantylne<br>Wi\u0119c wybaczcie okre\u015blenia \u017ali ludzie<br>Czy niegrzeczni ch\u0142opcy by\u0142yby \u015bmieszne<br>Po\u017ca\u0142owania godne i wywo\u0142a\u0142yby u\u015bmieszek<br>Politywania u nich nawet samych<br>Cho\u0107 woleliby by ich tak<br>Okre\u015bla\u0107 nie pod\u0142ug zasady odpowiednio\u015bci<br>Przypisywania okre\u015blenia w\u0142a\u015bciwego do meterii<br>A tu oni powoduj\u0105 t\u0105<br>Bardzo ci\u0119\u017ck\u0105 do uniesienia trudn\u0105<br>Dybi\u0105c niemal nieustannie na nas<br>Naszych i nasze niewinnych innych<br>A rzeczy trzeba nazywa\u0107<br>Po imieniu pod\u0142ug prawdy Bo\u017cej<br>Nawet jak to si\u0119 komu\u015b<br>Nie podoba m\u00f3g\u0142bym tiutia\u0107<br>Bez sensu oni by to<br>Woleli ale wtedy r\u00f3wnie dobrze<br>M\u00f3g\u0142bym postawi\u0107 nas pod \u015bcian\u0105<br>\u017beby nas bez pardonu rozstrzelali<\/p>\n\n\n\n<p>T\u0105 sytuacj\u0105 z nimi sk\u0105din\u0105d<br>Przypomina mi troch\u0119 nazewnictwo Rosji<br>W sensie wprost odwrotnym<br>Kiedy napa\u015b\u0107 agresj\u0119 i spowodowanie<br>Wojny na Ukrainie nazywaj\u0105 oni<br>Operacj\u0105 militarn\u0105 eufemistycznie jakby to<br>By\u0142 jaki\u015b bezbolesny zabieg medyczny<br>A nie eskalacja przemocy \u015bmierci<br>I zniszczenia wobec niewinnego kraju<br>A i \u017ce oni jeszcze<br>T\u0142umacz\u0105 to (sic) niby dobrem<br>Swoich dzieci \u017ce to robi\u0105<br>Dla nich czego si\u0119 ucz\u0105<br>Takie dzieci \u017ce mo\u017cna zabija\u0107<br>Napada\u0107 niszczy\u0107 kogo si\u0119 spodoba<br>Im tylko chyba pod\u0142ug imperializmu<br>Tego kraju czy uwa\u017cania si\u0119<br>Za jakich\u015b lepszych kt\u00f3rzy mog\u0105<br>Si\u0142\u0105 przemocy ca\u0142y \u015bwiat podporz\u0105dkowa\u0107<br>Widocznie poj\u0119cie hegemoni Rosji<br>Ma by\u0107 przekazywane dzieciom ich<br>I ch\u0119\u0107 robienia z\u0142a<br>Komu si\u0119 tylko zechce<\/p>\n\n\n\n<p>To zasada tu troch\u0119 odwrotna<br>Ale wobec tego powiedzcie mi<br>Niby jak mia\u0142bym ich nazywa\u0107<br>By to by\u0142o skuteczne<br>I da\u0107 odpowiedni op\u00f3r z\u0142u<br>Jak mia\u0142bym ich nazywa\u0107<br>Skoro oni nieustanne oni i<br>Im podobni chc\u0105 nas naszych<br>I nasze niszczy\u0107 zabija\u0107 zniewala\u0107<br>Jak mia\u0142bym nazywa\u0107 to z\u0142o<br>Jak nie szata\u0144skie skoro si\u0119<br>Chce nieustannie eskalowa\u0107 przemoc<br>Wobec nas na sposoby wszelkie<br>Przecie\u017c \u015bmier\u0107 zniewolenie gwa\u0142ty zniszczenia<br>To s\u0105 najwi\u0119ksze najgorsze z\u0142o<br>A wobec te\u017c tego<br>Kto je czyni bez pardonu<br>Jak nie bestie kt\u00f3re<br>Nie chc\u0105 si\u0119 w tym<br>Zatrzyma\u0107 lecz to eskalowa\u0107 jeszcze<br>A kto ich wspiera jak<br>Nie \u0142ajdacy kt\u00f3rzy sprzedaj\u0105 warto\u015bci<br>Uniwersalne i Bo\u017ce ludzkie zwyczajnie<br>Dla partykularnych zysk\u00f3w chwili spokoju<br>I je\u015bli B\u00f3g powiedzia\u0142<br>Nie zabijaj a oni chc\u0105<br>To nieustannie czyni\u0107 wi\u0119c s\u0105<br>Boga przeciwnikami wi\u0119c nominalnie szatanami<br>I wszystko motywuj\u0105 ob\u0142ud\u0105 pokr\u0119tn\u0105<br>Przebiegle i przewrotnie wi\u0119c jak\u017ce\u017c<br>To nie bestie szata\u0144skie wywrotowe<br>Przekr\u0119caj\u0105ce odwieczny porz\u0105dek ludzki uniwersalny<br>I spo\u0142eczny na mod\u0142\u0119 titalitaryzm\u00f3w<br>Xx-wiecznych bo eskalacja przemocy<br>Wobec tych niewinnych dzieci Bo\u017cych<br>Ma by\u0107 totalna przecie\u017c i<br>Z ka\u017cdej strony<br>Wszystko i wszyscy na nich<br>To chyba idea\u0142 tych bestii<br>Wobec wszelkich \u0142ajdak\u00f3w zawodowych prywatnych<br>Kt\u00f3rzy niestety maj\u0105 udzia\u0142<br>W czynach i k\u0142amstwach<br>Tych bestii w ob\u0142udzie i<br>Przemocy z\u0142a pod\u0142ug nich<\/p>\n\n\n\n<figure class=\"wp-block-gallery has-nested-images columns-default is-cropped wp-block-gallery-1 is-layout-flex wp-block-gallery-is-layout-flex\">\n<figure class=\"wp-block-image size-large\"><a href=\"https:\/\/hubertpietka.bialystok.pl\/wp-content\/uploads\/2025\/09\/1000027629.jpg\"><img loading=\"lazy\" decoding=\"async\" width=\"1024\" height=\"771\" data-id=\"9735\" src=\"https:\/\/hubertpietka.bialystok.pl\/wp-content\/uploads\/2025\/09\/1000027629-1024x771.jpg\" alt=\"\" class=\"wp-image-9735\" srcset=\"https:\/\/hubertpietka.bialystok.pl\/wp-content\/uploads\/2025\/09\/1000027629-1024x771.jpg 1024w, https:\/\/hubertpietka.bialystok.pl\/wp-content\/uploads\/2025\/09\/1000027629-300x226.jpg 300w, https:\/\/hubertpietka.bialystok.pl\/wp-content\/uploads\/2025\/09\/1000027629-768x578.jpg 768w, https:\/\/hubertpietka.bialystok.pl\/wp-content\/uploads\/2025\/09\/1000027629-1536x1156.jpg 1536w, https:\/\/hubertpietka.bialystok.pl\/wp-content\/uploads\/2025\/09\/1000027629.jpg 1600w\" sizes=\"auto, (max-width: 1024px) 100vw, 1024px\" \/><\/a><\/figure>\n<\/figure>\n\n\n\n<p><em>Na zdj. Jezu ufam Tobie<br>I Alfa Omega czy\u017c przypadkowo<br>Te greckie litery alfabetu<br>Nie brzmi\u0105 czasem jak *<strong>AN<\/strong>*<br>Wed\u0142ug alfabetu arabskiego<br>Czy\u017c nie wyda si\u0119 to<br>Znamienne skoro oni te bestie<br>Za cel g\u0142\u00f3wny se obrali<br>Zabi\u0107 \u017con\u0119 zniewoli\u0107 i m\u0119\u017ca<br>A ja przecie\u017c tylko walcz\u0119<br>W tym \u015bwiecie o szacunek<br>Do Bo\u017cych rzeczy o warto\u015bci<br>Uniwersalne i przyzwoito\u015b\u0107 zwyk\u0142\u0105 ludzk\u0105<br>By nie \u015bmier\u0107 by\u0142a predysponowana<br>I wszelkie z\u0142o lecz dobro<br>Prawda mi\u0142o\u015b\u0107 i \u017cycie<br>Do tego mnie B\u00f3g motywuje<br>Do tych rzeczy tak jak<br>Szatan do z\u0142a motywuje te<br>Bestie i \u0142ajdak\u00f3w te\u017c wszelkich<br>Jezu ufam Tobie Bo\u017ce dopom\u00f3\u017c<br>By ludzie zrozumieli \u017ce wszystko<br>U nich polega na przekr\u0119cie<br>Byleby tylko z\u0142o m\u00f3c czyni\u0107<\/em><\/p>\n","protected":false},"excerpt":{"rendered":"<p>Wola\u0142bym nie u\u017cywa\u0107 tego s\u0142ownictwaNazywa\u0107 ich bestiami ob\u0142udnikami \u0142ajdakami szatanamiAle musi by\u0107 logiczna zgodno\u015b\u0107W nazywaniu odpowiednim asygnatem podmiotuBo to te\u017c porz\u0105dkuje moralnieA w obliczu tej&hellip; <\/p>\n","protected":false},"author":1,"featured_media":0,"parent":0,"menu_order":0,"comment_status":"closed","ping_status":"closed","template":"","meta":{"footnotes":""},"class_list":["post-9734","page","type-page","status-publish","hentry"],"_links":{"self":[{"href":"https:\/\/hubertpietka.bialystok.pl\/index.php?rest_route=\/wp\/v2\/pages\/9734","targetHints":{"allow":["GET"]}}],"collection":[{"href":"https:\/\/hubertpietka.bialystok.pl\/index.php?rest_route=\/wp\/v2\/pages"}],"about":[{"href":"https:\/\/hubertpietka.bialystok.pl\/index.php?rest_route=\/wp\/v2\/types\/page"}],"author":[{"embeddable":true,"href":"https:\/\/hubertpietka.bialystok.pl\/index.php?rest_route=\/wp\/v2\/users\/1"}],"replies":[{"embeddable":true,"href":"https:\/\/hubertpietka.bialystok.pl\/index.php?rest_route=%2Fwp%2Fv2%2Fcomments&post=9734"}],"version-history":[{"count":1,"href":"https:\/\/hubertpietka.bialystok.pl\/index.php?rest_route=\/wp\/v2\/pages\/9734\/revisions"}],"predecessor-version":[{"id":9736,"href":"https:\/\/hubertpietka.bialystok.pl\/index.php?rest_route=\/wp\/v2\/pages\/9734\/revisions\/9736"}],"wp:attachment":[{"href":"https:\/\/hubertpietka.bialystok.pl\/index.php?rest_route=%2Fwp%2Fv2%2Fmedia&parent=9734"}],"curies":[{"name":"wp","href":"https:\/\/api.w.org\/{rel}","templated":true}]}}