{"id":9738,"date":"2025-09-29T20:47:59","date_gmt":"2025-09-29T20:47:59","guid":{"rendered":"https:\/\/hubertpietka.bialystok.pl\/?page_id=9738"},"modified":"2025-09-29T21:32:28","modified_gmt":"2025-09-29T21:32:28","slug":"przemoc-szantaze-oskarzenia-zbrodnie-prowokacje-obraz-bestii-i-lajdakow-dopelnia-tu-jeszcze-obluda-klamstw-podlug-tego-wszystkiego","status":"publish","type":"page","link":"https:\/\/hubertpietka.bialystok.pl\/?page_id=9738","title":{"rendered":"Przemoc szanta\u017ce oskar\u017cenia zbrodnie prowokacje \/ obraz bestii i \u0142ajdak\u00f3w dope\u0142nia tu jeszcze &#8211; ob\u0142uda k\u0142amstw pod\u0142ug tego wszystkiego"},"content":{"rendered":"\n<p>Czym si\u0119 najch\u0119tniej pos\u0142uguj\u0105 bestie<br>Poza zbrodniami szanta\u017cem ku przemocy<br>Stawianiem ludzi w sytuacji kt\u00f3ra<br>Si\u0119 wydaje bez wyj\u015bcia<br>Mi\u0119dzy m\u0142otem a kowad\u0142em<br>I oskar\u017caniem niewinnych za przemoc<br>Zbrodnicz\u0105 i szata\u0144sk\u0105 kt\u00f3r\u0105 chc\u0105<br>Czyni\u0107 i czyni\u0105 te\u017c podle<br>Nieustannie jak\u017ce\u017c to nie<br>S\u0105 bestie skoro tak w\u0142a\u015bnie<\/p>\n\n\n\n<p>Oskar\u017caj\u0105 j\u0105 i szanta\u017cuj\u0105 bestie<br>\u017be je\u015bli nie podda si\u0119<br>Ich przemocy diabelskiej to zrobi\u0105<br>Krzywd\u0119 komu\u015b innemu i \u017ce<br>Niby ona b\u0119dzie odpowiedzialna za<br>Ich pod\u0142o\u015b\u0107 i piekielne zbrodnie<br>Je\u015bli si\u0119 tym bestiom i szatanowi<br>Ona nie wyda a wiadomo<br>\u017be niewinny cz\u0142owiek tej nienawi\u015bci<br>Szata\u0144skiej tych bestii nie chce<br>Cierpienia innych i w swej<br>Naiwno\u015bci zechce si\u0119 im po\u015bwi\u0119ci\u0107<br>Jakby to mia\u0142o spowodowa\u0107 \u017ce<br>Te bestie zatrzymaj\u0105 si\u0119 w<br>Swych szata\u0144skich zbrodniach k\u0142amstwach szanta\u017cach<br>Nie zatrzymaj\u0105 si\u0119 i ja<br>Te\u017c nie pozwol\u0119 na to<br>By bestie po szata\u0144sku uk\u0142ada\u0142y<br>Cho\u0107by t\u0105 moj\u0105 rzeczywisto\u015b\u0107<br>Bo jestem \u015bwiadomy tych bestii<br>Pod\u0142o\u015bci wszelkiej i zrzucania odpowiedzialno\u015bci<br>Za z\u0142o szata\u0144skie kt\u00f3re<br>Czyni\u0105 nieustannie sami na kogo\u015b<br>Nigdy na to nie pozwol\u0119<br>Nawet je\u015bli by to mia\u0142<br>By\u0107 \u015bwiata tego koniec<br>Jakkolwiek by manipulowali szanta\u017cami<br>I przemoc\u0105 pod\u0142ug niej<br>Powiedzia\u0142em i tego nie zmieni\u0119<br>A sw\u0105 przemoc chc\u0105 coraz<br>Bardziej eskalowa\u0107 te ob\u0142\u0119dne bestie<\/p>\n\n\n\n<p>Bo te bestie mszcz\u0105 si\u0119<br>Na niewinnych za dobro<br>Dla nas wyrz\u0105dzone czy chocia\u017c<br>Brak dla nas z\u0142ych intencji<br>I z\u0142ej wobec nas woli<\/p>\n\n\n\n<p>Jakby nie manipulowali szanta\u017cami przemoc\u0105<br>Pod\u0142ug niej tym cho\u0107by \u017ce<br>Zrobi\u0105 krzywd\u0119 jej bliskim czy<br>Mo\u017ce przyjacio\u0142om czy cho\u0107by \u017cyczliwym<br>I \u017ce za to j\u0105<br>Te bestie odpowiedzialno\u015bci\u0105 obci\u0105\u017c\u0105<br>Za z\u0142o szata\u0144skie i zbrodnie<br>Kt\u00f3re czyni\u0105 sami jakkolwiek by<br>To zrobi\u0107 te bestie chcia\u0142y<br>I szanta\u017cuj\u0105c j\u0105 tym cho\u0107by<br>By przyj\u0119\u0142a dla siebie niekorzystne<br>Rozwi\u0105zania w jej pracach<br>Czy w czymkolwiek za to<br>Wszystko zap\u0142ac\u0105 te bestie<br>Za ka\u017cd\u0105 przemoc wobec niewinnych<br>I za oskar\u017cenia diabelskie fa\u0142szywe<\/p>\n\n\n\n<p>A szanta\u017c i przemoc zbrodni<br>To w\u0142a\u015bnie ca\u0142kowicie domena bestii<br>Podobnie szanta\u017cuj\u0105 zreszt\u0105 ten lud<br>\u017be je\u015bli mnie nie wydadz\u0105<br>Je\u015bli mnie nie usadz\u0105 jako\u015b<br>To oni si\u0119 b\u0119d\u0105 m\u015bci\u0107<br>Powszechn\u0105 przemoc\u0105 zbrodni na wszystkich<br>I oczywi\u015bcie nie na \u0142ajdakach<br>Wszelkich kt\u00f3rzy im s\u0142u\u017c\u0105 bydlactwami<br>Wobec nas naszego i naszych<br>Ci b\u0119d\u0105 chronieni przed bestiami<br>Pod\u0142ug z\u0142a kt\u00f3re nam czyni\u0105<br>Bestie totalne bo oskar\u017caj\u0105 niewinne<br>Dzieci Bo\u017ce za wszelkie swoje<br>Pod\u0142e zbrodnie czy cho\u0107by ich<br>Wszelkie totalne przemocowe zamiary<\/p>\n\n\n\n<p>Oskar\u017cenia szanta\u017c przemoc k\u0142amstwa zbrodnie<br>Jak \u017cesz to nie bestie<br>I jak nie \u0142ajdacy kt\u00f3rzy<br>W tych sprawach s\u0142u\u017c\u0105 bestiom<br>Przeciwko nam naszemu i naszym<br>I niewinnym innym Bo\u017cym dzieciom<br>Brak s\u0142\u00f3w ju\u017c po prostu<br>Jakie to \u0142ajdaki i bestie<br>Niesko\u0144czone w pod\u0142ym s\u0142u\u017ceniu z\u0142u<\/p>\n\n\n\n<figure class=\"wp-block-gallery has-nested-images columns-default is-cropped wp-block-gallery-1 is-layout-flex wp-block-gallery-is-layout-flex\">\n<figure class=\"wp-block-image size-large\"><a href=\"https:\/\/hubertpietka.bialystok.pl\/wp-content\/uploads\/2025\/09\/1000027748.jpg\"><img loading=\"lazy\" decoding=\"async\" width=\"771\" height=\"1024\" data-id=\"9739\" src=\"https:\/\/hubertpietka.bialystok.pl\/wp-content\/uploads\/2025\/09\/1000027748-771x1024.jpg\" alt=\"\" class=\"wp-image-9739\" srcset=\"https:\/\/hubertpietka.bialystok.pl\/wp-content\/uploads\/2025\/09\/1000027748-771x1024.jpg 771w, https:\/\/hubertpietka.bialystok.pl\/wp-content\/uploads\/2025\/09\/1000027748-226x300.jpg 226w, https:\/\/hubertpietka.bialystok.pl\/wp-content\/uploads\/2025\/09\/1000027748-768x1021.jpg 768w, https:\/\/hubertpietka.bialystok.pl\/wp-content\/uploads\/2025\/09\/1000027748-1156x1536.jpg 1156w, https:\/\/hubertpietka.bialystok.pl\/wp-content\/uploads\/2025\/09\/1000027748.jpg 1204w\" sizes=\"auto, (max-width: 771px) 100vw, 771px\" \/><\/a><\/figure>\n<\/figure>\n\n\n\n<p><em>(Na zdj. Obraz czyj nie wiem &#8211; og\u00f3lnie dost\u0119pna pewna przestrze\u0144 konkretna)<\/em><\/p>\n\n\n\n<p><em>&#8222;A oskar\u017cyciel braci naszych<br>Ten kt\u00f3ry nieustannie oskar\u017ca<br>O wszystko dzieci Bo\u017ce<br>I tak zostanie str\u0105cony&#8221;<br>I wszelcy s\u0142udzy diab\u0142a<br>Bestialsko i \u0142ajdacko mu s\u0142u\u017c\u0105cy<br>W zbrodniach k\u0142amstwach napa\u015bciach prowokacjach<br>W szanta\u017cach najgorszych wobec bezbronnych<br>I w przemocy szata\u0144skiej totalnej<br>Pod\u0142ug ob\u0142udy najpodlejszej ob\u0142\u0119dnej skrajnie<br>Te\u017c str\u0105ceni zostan\u0105 pod\u0142ug Boga<br>Nie k\u0142amstw szatana kt\u00f3ry przecie\u017c<br>Wy\u017csza bestie i \u0142ajdak\u00f3w<br>Za ho\u0142d nieustannie mu sk\u0142adany<br>Przez tych w\u0142a\u015bnie we wszelkich<br>Procederach zbrodni i ob\u0142udnych k\u0142amstwach<\/em><\/p>\n\n\n\n<p><strong>I zastan\u00f3wcie si\u0119 dobrze<br>Pod\u0142ug tego wszystkiego co powy\u017csze<br>Czy to nie s\u0105 bestie<\/strong><\/p>\n","protected":false},"excerpt":{"rendered":"<p>Czym si\u0119 najch\u0119tniej pos\u0142uguj\u0105 bestiePoza zbrodniami szanta\u017cem ku przemocyStawianiem ludzi w sytuacji kt\u00f3raSi\u0119 wydaje bez wyj\u015bciaMi\u0119dzy m\u0142otem a kowad\u0142emI oskar\u017caniem niewinnych za przemocZbrodnicz\u0105 i szata\u0144sk\u0105&hellip; <\/p>\n","protected":false},"author":1,"featured_media":0,"parent":0,"menu_order":0,"comment_status":"closed","ping_status":"closed","template":"","meta":{"footnotes":""},"class_list":["post-9738","page","type-page","status-publish","hentry"],"_links":{"self":[{"href":"https:\/\/hubertpietka.bialystok.pl\/index.php?rest_route=\/wp\/v2\/pages\/9738","targetHints":{"allow":["GET"]}}],"collection":[{"href":"https:\/\/hubertpietka.bialystok.pl\/index.php?rest_route=\/wp\/v2\/pages"}],"about":[{"href":"https:\/\/hubertpietka.bialystok.pl\/index.php?rest_route=\/wp\/v2\/types\/page"}],"author":[{"embeddable":true,"href":"https:\/\/hubertpietka.bialystok.pl\/index.php?rest_route=\/wp\/v2\/users\/1"}],"replies":[{"embeddable":true,"href":"https:\/\/hubertpietka.bialystok.pl\/index.php?rest_route=%2Fwp%2Fv2%2Fcomments&post=9738"}],"version-history":[{"count":2,"href":"https:\/\/hubertpietka.bialystok.pl\/index.php?rest_route=\/wp\/v2\/pages\/9738\/revisions"}],"predecessor-version":[{"id":9743,"href":"https:\/\/hubertpietka.bialystok.pl\/index.php?rest_route=\/wp\/v2\/pages\/9738\/revisions\/9743"}],"wp:attachment":[{"href":"https:\/\/hubertpietka.bialystok.pl\/index.php?rest_route=%2Fwp%2Fv2%2Fmedia&parent=9738"}],"curies":[{"name":"wp","href":"https:\/\/api.w.org\/{rel}","templated":true}]}}