{"id":9744,"date":"2025-10-03T13:37:11","date_gmt":"2025-10-03T13:37:11","guid":{"rendered":"https:\/\/hubertpietka.bialystok.pl\/?page_id=9744"},"modified":"2025-10-03T13:37:11","modified_gmt":"2025-10-03T13:37:11","slug":"wyraz-bozy-malzenstwa-wbrew-klamstwom-obludy-bestii","status":"publish","type":"page","link":"https:\/\/hubertpietka.bialystok.pl\/?page_id=9744","title":{"rendered":"Wyraz Bo\u017cy ma\u0142\u017ce\u0144stwa \/ wbrew k\u0142amstwom ob\u0142udy bestii"},"content":{"rendered":"\n<p>To nie prawda jest<br>\u017be wszystkich mo\u017cna zast\u0105pi\u0107<br>\u017be \u017cycie nie znosi pustki<br>I b\u0119dzie kto\u015b inny<br>Nie mo\u017cna zast\u0105pi\u0107 Boga i Maryji<br>Nie mo\u017cna tak\u017ce zast\u0105pi\u0107 partykularnie<br>Tu i mnie i \u017cony<br>Pod\u0142ug wyrok\u00f3w Opatrzno\u015bci Bo\u017cej<br>Jestem nie do podwa\u017cenia<br>Tak naprawd\u0119 nie wed\u0142ug siebie<br>Lecz tego co B\u00f3g uczyni\u0142<br>I podobnie \u017cona ma takie<br>U mnie i u Boga<br>Zas\u0142ugi \u017ce nic nie mo\u017ce<br>Chyba ich zachwia\u0107 poza zdrad\u0105<br>Dlatego si\u0119 mszcz\u0105 na niej<br>Tak \u017ce nie mog\u0105 jako\u015b<br>Tego szata\u0144sko u niej pozyska\u0107<\/p>\n\n\n\n<p>Ludzie na codzie\u0144 w sytuacjach<br>Tak zwanych formalnych zwykle nak\u0142adaj\u0105<br>Maski r\u00f3\u017cne w takim sensie<br>\u017be pr\u00f3buj\u0105 si\u0119 przedstawia\u0107 lepiej<br>A ma\u0142\u017ce\u0144stwo jest miejscem obna\u017cenia<br>Nie trzeba ju\u017c tu<br>Nic gra\u0107 pozorami na zewn\u0105trz<br>I nawet je\u015bli czasem tu<br>Du\u017c\u0105 rol\u0119 odgrywa czyja\u015b s\u0142abo\u015b\u0107<br>To jest niewa\u017cne bo mi\u0142o\u015b\u0107<br>W ma\u0142\u017ce\u0144stwie wiernym i czystym<br>Zakrywa to w Bogu wszystko<br>Tym si\u0119 r\u00f3\u017cni sakrament mi\u0142o\u015bci<br>Od jakichkolwiek formalnych nieformalnych zwi\u0105zk\u00f3w<br>\u017be to wszystko przenika B\u00f3g<br>Mimo r\u00f3\u017cnych jakichkolwiek s\u0142abo\u015bci ludzkich<br>Kt\u00f3re jednak nie dopuszczaj\u0105 zdrady<br>Najgorszej czyli ci\u0119\u017ckiego grzechu<\/p>\n\n\n\n<p>A teraz ma si\u0119 dalej<br>Eskalowa\u0107 przemoc zajad\u0142o\u015b\u0107 ob\u0142uda bandycka<br>W rozbestwieniu tym bestii wszelkim<br>I roz\u0142ajdaczeniu bydlak\u00f3w pod\u0142ug nich<br>Ma si\u0119 eskalowa\u0107 z\u0142o szata\u0144skie<br>Zbrodni i przemocy do pary<br>Jak jest zawsze z tym<br>Bandytami i z \u0142ajdakami wsp\u00f3\u0142graj\u0105cymi<br>Z nimi na przek\u00f3r ma\u0142\u017ce\u0144stwu<br>Kt\u00f3re wsp\u00f3\u0142brzmi przeciwko przemocy bestii<br>Wobec nas naszego i naszych<br>To wszystko i niewinnych innych<br>Nienawi\u015b\u0107 bestii bandyckich i \u0142ajdak\u00f3w<br>Prywatnych zawodowych s\u0142u\u017cbowych wszelakich<br>Zgodnych z bestiami w z\u0142u<br>Dyktowanym przez totalno\u015b\u0107 przemocy bestii<br>Eskalowa\u0107 ma si\u0119 dalej<br>Tak w\u0142a\u015bnie to wszystko<\/p>\n\n\n\n<figure class=\"wp-block-gallery has-nested-images columns-default is-cropped wp-block-gallery-1 is-layout-flex wp-block-gallery-is-layout-flex\">\n<figure class=\"wp-block-image size-large\"><a href=\"https:\/\/hubertpietka.bialystok.pl\/wp-content\/uploads\/2025\/10\/1000028219.jpg\"><img loading=\"lazy\" decoding=\"async\" width=\"1024\" height=\"771\" data-id=\"9745\" src=\"https:\/\/hubertpietka.bialystok.pl\/wp-content\/uploads\/2025\/10\/1000028219-1024x771.jpg\" alt=\"\" class=\"wp-image-9745\" srcset=\"https:\/\/hubertpietka.bialystok.pl\/wp-content\/uploads\/2025\/10\/1000028219-1024x771.jpg 1024w, https:\/\/hubertpietka.bialystok.pl\/wp-content\/uploads\/2025\/10\/1000028219-300x226.jpg 300w, https:\/\/hubertpietka.bialystok.pl\/wp-content\/uploads\/2025\/10\/1000028219-768x578.jpg 768w, https:\/\/hubertpietka.bialystok.pl\/wp-content\/uploads\/2025\/10\/1000028219-1536x1156.jpg 1536w, https:\/\/hubertpietka.bialystok.pl\/wp-content\/uploads\/2025\/10\/1000028219.jpg 1600w\" sizes=\"auto, (max-width: 1024px) 100vw, 1024px\" \/><\/a><\/figure>\n<\/figure>\n\n\n\n<p><em>Na zdj. Jak s\u0142o\u0144ce i ksi\u0119\u017cyc<br>Jest nie do zast\u0105pienia<br>Tak my wbrew k\u0142amstw ob\u0142udy<br>I z\u0142owrogim po\u017c\u0105daniom przemocy<br>Tych bestii i \u0142ajdak\u00f3w wszelkich<br>Nie my si\u0119 takimi uczynili\u015bmy<br>Lecz B\u00f3g posp\u00f3\u0142 z Maryj\u0105<br>Odzwierciedlenie to Bo\u017ce ma\u0142\u017ce\u0144stwa<br>I to nawet je\u015bli<br>Wydaje si\u0119 ono ma\u0142e s\u0142abe<br>To jest Bo\u017ce wbrew k\u0142amstwom<br>Ob\u0142udy bestii i im podobnych<br>Bo ono jest wyrazem<br>Mi\u0142osierdzia Bo\u017cego i Bo\u017cej sprawiedliwo\u015bci<br>Kt\u00f3ra dotknie ten \u015bwiat finalnie<br>Je\u015bli zostanie zniszczone to ma\u0142\u017ce\u0144stwo<br>I im dani czy dane<br>Te\u017c dobra wszelkie wbrew k\u0142amstwom<br>Szatana i bestii \u017ce nic<br>Si\u0119 nie stanie takiego<br>\u017be nic nie b\u0119dzie z\u0142ego<\/em><\/p>\n\n\n\n<hr class=\"wp-block-separator has-alpha-channel-opacity\"\/>\n\n\n\n<p><strong><em><a href=\"https:\/\/youtu.be\/FYrtU3ARt9s\">Przechery &#8211; Prokrastrynacja<\/a><\/em><\/strong><\/p>\n\n\n\n<p class=\"has-text-align-center\">\/<\/p>\n\n\n\n<p class=\"has-text-align-right\"><strong><em><a href=\"https:\/\/youtu.be\/mPO58xJ3w8g\">Nie zatrzymasz mnie \/ Mercik AI Studio<\/a><\/em><\/strong><\/p>\n\n\n\n<p class=\"has-text-align-right\"><strong><em><a href=\"https:\/\/youtu.be\/r8cNRakPVfY\">Jeszcze wstan\u0119 \/ Mercik AI Studio<\/a><\/em><\/strong><\/p>\n","protected":false},"excerpt":{"rendered":"<p>To nie prawda jest\u017be wszystkich mo\u017cna zast\u0105pi\u0107\u017be \u017cycie nie znosi pustkiI b\u0119dzie kto\u015b innyNie mo\u017cna zast\u0105pi\u0107 Boga i MaryjiNie mo\u017cna tak\u017ce zast\u0105pi\u0107 partykularnieTu i mnie&hellip; <\/p>\n","protected":false},"author":1,"featured_media":0,"parent":0,"menu_order":0,"comment_status":"closed","ping_status":"closed","template":"","meta":{"footnotes":""},"class_list":["post-9744","page","type-page","status-publish","hentry"],"_links":{"self":[{"href":"https:\/\/hubertpietka.bialystok.pl\/index.php?rest_route=\/wp\/v2\/pages\/9744","targetHints":{"allow":["GET"]}}],"collection":[{"href":"https:\/\/hubertpietka.bialystok.pl\/index.php?rest_route=\/wp\/v2\/pages"}],"about":[{"href":"https:\/\/hubertpietka.bialystok.pl\/index.php?rest_route=\/wp\/v2\/types\/page"}],"author":[{"embeddable":true,"href":"https:\/\/hubertpietka.bialystok.pl\/index.php?rest_route=\/wp\/v2\/users\/1"}],"replies":[{"embeddable":true,"href":"https:\/\/hubertpietka.bialystok.pl\/index.php?rest_route=%2Fwp%2Fv2%2Fcomments&post=9744"}],"version-history":[{"count":1,"href":"https:\/\/hubertpietka.bialystok.pl\/index.php?rest_route=\/wp\/v2\/pages\/9744\/revisions"}],"predecessor-version":[{"id":9746,"href":"https:\/\/hubertpietka.bialystok.pl\/index.php?rest_route=\/wp\/v2\/pages\/9744\/revisions\/9746"}],"wp:attachment":[{"href":"https:\/\/hubertpietka.bialystok.pl\/index.php?rest_route=%2Fwp%2Fv2%2Fmedia&parent=9744"}],"curies":[{"name":"wp","href":"https:\/\/api.w.org\/{rel}","templated":true}]}}