{"id":9748,"date":"2025-10-05T09:05:53","date_gmt":"2025-10-05T09:05:53","guid":{"rendered":"https:\/\/hubertpietka.bialystok.pl\/?page_id=9748"},"modified":"2025-10-05T09:05:53","modified_gmt":"2025-10-05T09:05:53","slug":"bestii-cele-numer-3-wedlug-rozgwiazdowania-metody-szatana","status":"publish","type":"page","link":"https:\/\/hubertpietka.bialystok.pl\/?page_id=9748","title":{"rendered":"Bestii \/ cele numer 3 &#8211; wed\u0142ug rozgwiazdowania \/ metody szatana"},"content":{"rendered":"\n<p>We mnie w \u017con\u0119<br>W nas naszych i nasze<br>Trzy cele bestii osobno razem<\/p>\n\n\n\n<p>Zabi\u0107 zniszczy\u0107 zniewoli\u0107 totalnie finalnie<br>3 cele bestii do kt\u00f3rych<br>Wykorzystuj\u0105 \u0142ajdak\u00f3w wszelkich zawsze wsz\u0119dzie<br>I r\u00f3\u017cne \u015brodki mordercze<br>Instrumenty z\u0142a wszelkie wobec nas<\/p>\n\n\n\n<p>3 cele bestii dzia\u0142a\u0144 bydlackich<br>Nasy\u0142anych odpowiednio przez te bestie<br>Blokowy mieszek rod\u00f3wka prawos\u0142awna wioska<br>3 nasze miejsca do zniszczenia<br>Gdzie mo\u017cna te\u017c szata\u0144sko nas<br>Napada\u0107 spokojnie pod\u0142ug totalno\u015bci przemocy<br>Tych bestii gwarantu dla bydlak\u00f3w<br>W napa\u015bciach pod\u0142ug ob\u0142udnych prowokacji<\/p>\n\n\n\n<p>3 cele bestii miejsca nasze<br>Nasze pojazdy inne dobra nasze<br>Cho\u0107by te zwierz\u0119ta nasza praca<br>3 cele bestii w kt\u00f3re<br>Ci uderzaj\u0105 nieustannie chc\u0105c zniszczy\u0107<br>Wszelkie dobra s\u0142u\u017c\u0105ce nam nasze<\/p>\n\n\n\n<p>3 cele bestii w aspekcie<br>Te\u017c tym szerszym nas zniszczy\u0107<br>Ko\u015bci\u00f3\u0142 ludzi wierz\u0105cych i te\u017c<br>Ludzi dobrej woli kt\u00f3rzy<br>Nie s\u0105 nam przeciwni<br>Czy\u017c nie to jest te\u017c<br>Podstaw\u0105 bestialstw bandyckich wobec tych<br>Niewinnych wsp\u00f3\u0142czesnych m\u0119czennik\u00f3w<\/p>\n\n\n\n<p>Ale oczywi\u015bcie cela numer \u2026<br>Dla mnie dla \u017cony bliskich<br>Pod\u0142ug tych bestii jak nie<br>Uda si\u0119 zabi\u0107 inaczej wcze\u015bniej<br>I \u0142ajdak\u00f3w wszelkich kt\u00f3rzy s\u0142u\u017c\u0105<br>Bestialstwu temu wobec niewinnych wszystkich<br>Zawodowych prywatnych i s\u0142u\u017cbowych<br>Bo temu przecie\u017c maj\u0105 s\u0142u\u017cy\u0107<br>Wszelkie prowokacje i napa\u015bci<br>Tych r\u00f3\u017cnych przydupas\u00f3w bestii \u0142ajdackich<\/p>\n\n\n\n<figure class=\"wp-block-image size-large\"><a href=\"https:\/\/hubertpietka.bialystok.pl\/wp-content\/uploads\/2025\/10\/1000028365.jpg\"><img loading=\"lazy\" decoding=\"async\" width=\"1024\" height=\"771\" src=\"https:\/\/hubertpietka.bialystok.pl\/wp-content\/uploads\/2025\/10\/1000028365-1024x771.jpg\" alt=\"\" class=\"wp-image-9749\" srcset=\"https:\/\/hubertpietka.bialystok.pl\/wp-content\/uploads\/2025\/10\/1000028365-1024x771.jpg 1024w, https:\/\/hubertpietka.bialystok.pl\/wp-content\/uploads\/2025\/10\/1000028365-300x226.jpg 300w, https:\/\/hubertpietka.bialystok.pl\/wp-content\/uploads\/2025\/10\/1000028365-768x578.jpg 768w, https:\/\/hubertpietka.bialystok.pl\/wp-content\/uploads\/2025\/10\/1000028365-1536x1156.jpg 1536w, https:\/\/hubertpietka.bialystok.pl\/wp-content\/uploads\/2025\/10\/1000028365.jpg 1600w\" sizes=\"auto, (max-width: 1024px) 100vw, 1024px\" \/><\/a><\/figure>\n\n\n\n<p><em>Na zdj. Kapela jak zawo\u0142anie w tytule<br>3 cele bestii inne<br>Zniszczy\u0107 muzyk\u00f3w kt\u00f3rzy nie s\u0142u\u017c\u0105<br>Szata\u0144stwu bestii i zniszczy\u0107 sport<br>Pi\u0142k\u0119 dla mnie rozrywki metody<br>Zatru\u0107 wszystko \u017cmijowym bestii jadem<br>A w knajpie nawet je\u015bli<br>Pozwol\u0105 bestie pos\u0142ucha\u0107 ludziom muzyki<br>To nie da\u0107 im je\u015b\u0107<br>I niech zapijaj\u0105 si\u0119<br>A mi zatrute jedzenie wsz\u0119dzie<br>3 kolejne cele bestii<br>Kt\u00f3re mo\u017cna mno\u017cy\u0107 zreszt\u0105 odpowiednio<br>Metod\u0105 rozgwiazdowania traktowan\u0105 szata\u0144sko<br>Byleby tylko uderza\u0107 w nas<br>Naszych i nasze pod\u0142ug totalno\u015bci<br>Z\u0142a szata\u0144skiego tych bestii<br>I \u0142ajdak\u00f3w wszelkich byleby tylko<br>Nas zniszczy\u0107 naszych nasze i<br>Wszystko te\u017c k\u0142amliwie i ob\u0142udnie<br>Przeciwko tym ma\u0142ym Bo\u017cym dzieciom<br>Niewinnym przecie\u017c nienawi\u015bci tych bestii<br>I \u0142ajdak\u00f3w upodlonych bestialsko wszelkich<\/em><\/p>\n\n\n\n<p><strong><em><a href=\"https:\/\/youtu.be\/504VFAw66ZE\">W\u0142ochaty &#8211; Ka\u017cdy krok niesie pok\u00f3j <\/a><\/em><\/strong>\/ #polandrock2023<\/p>\n\n\n\n<p class=\"has-text-align-center\">\/<\/p>\n\n\n\n<p class=\"has-text-align-right\">~ ( <strong><em><a href=\"https:\/\/youtu.be\/Tb3SXHRdfQs\">Przechery &#8211; Biegn\u0119 <\/a><\/em><\/strong>)<\/p>\n","protected":false},"excerpt":{"rendered":"<p>We mnie w \u017con\u0119W nas naszych i naszeTrzy cele bestii osobno razem Zabi\u0107 zniszczy\u0107 zniewoli\u0107 totalnie finalnie3 cele bestii do kt\u00f3rychWykorzystuj\u0105 \u0142ajdak\u00f3w wszelkich zawsze wsz\u0119dzieI&hellip; <\/p>\n","protected":false},"author":1,"featured_media":0,"parent":0,"menu_order":0,"comment_status":"closed","ping_status":"closed","template":"","meta":{"footnotes":""},"class_list":["post-9748","page","type-page","status-publish","hentry"],"_links":{"self":[{"href":"https:\/\/hubertpietka.bialystok.pl\/index.php?rest_route=\/wp\/v2\/pages\/9748","targetHints":{"allow":["GET"]}}],"collection":[{"href":"https:\/\/hubertpietka.bialystok.pl\/index.php?rest_route=\/wp\/v2\/pages"}],"about":[{"href":"https:\/\/hubertpietka.bialystok.pl\/index.php?rest_route=\/wp\/v2\/types\/page"}],"author":[{"embeddable":true,"href":"https:\/\/hubertpietka.bialystok.pl\/index.php?rest_route=\/wp\/v2\/users\/1"}],"replies":[{"embeddable":true,"href":"https:\/\/hubertpietka.bialystok.pl\/index.php?rest_route=%2Fwp%2Fv2%2Fcomments&post=9748"}],"version-history":[{"count":1,"href":"https:\/\/hubertpietka.bialystok.pl\/index.php?rest_route=\/wp\/v2\/pages\/9748\/revisions"}],"predecessor-version":[{"id":9750,"href":"https:\/\/hubertpietka.bialystok.pl\/index.php?rest_route=\/wp\/v2\/pages\/9748\/revisions\/9750"}],"wp:attachment":[{"href":"https:\/\/hubertpietka.bialystok.pl\/index.php?rest_route=%2Fwp%2Fv2%2Fmedia&parent=9748"}],"curies":[{"name":"wp","href":"https:\/\/api.w.org\/{rel}","templated":true}]}}