{"id":9752,"date":"2025-10-06T17:43:15","date_gmt":"2025-10-06T17:43:15","guid":{"rendered":"https:\/\/hubertpietka.bialystok.pl\/?page_id=9752"},"modified":"2025-10-06T17:43:15","modified_gmt":"2025-10-06T17:43:15","slug":"obluda-totalnie-podla-bestii-i-lajdakow-wszelkich-w-sluzbie-przemocy-zbrodni-juz-wola-do-boga-glosno","status":"publish","type":"page","link":"https:\/\/hubertpietka.bialystok.pl\/?page_id=9752","title":{"rendered":"Ob\u0142uda totalnie pod\u0142a \/ bestii i \u0142ajdak\u00f3w wszelkich &#8211; w s\u0142u\u017cbie przemocy zbrodni \/ ju\u017c wo\u0142a do Boga g\u0142o\u015bno"},"content":{"rendered":"\n<p>Kpi\u0105 se w \u017cywe oczy<br>Te bestie i ta podwija<br>I szemra\u0144cy zajadli czy wykoleje\u0144cy<br>I to ta\u0142atajstwo chach\u0142ackie pod\u0142e<br>I misie bandyckie i inni<br>Bandyccy s\u0142u\u017calcy wszyscy ca\u0142kowicie bestialscy<br>Kpi\u0105 se i szydz\u0105 perfidnie<br>Jak\u017ce\u017c ten \u015bwiat ma<br>Nie zgin\u0105\u0107 skoro wie<br>O tym wszystkim a ci\u0105gle<br>Ob\u0142udnie ob\u0142\u0119dnie oni wszyscy ca\u0142kowicie<br>Szata\u0144sko pod\u0142ug tych r\u00f3wnie zepsuci<br>I fa\u0142szywi bracia siostry<br>I wszelcy zgnili szata\u0144stwem bestii<\/p>\n\n\n\n<p>Ca\u0142y czas podle i perfidnie<br>Jak cho\u0107by ta bydlacka podwija<br>Wie zawsze kiedy wchodz\u0119 wychodz\u0119<br>No zobacz co za bestie<br>Co za \u0142ajdaki oczywi\u015bcie tym<br>Ob\u0142udnie ob\u0142\u0119dnym szata\u0144skim niby przypadkiem<br>Tak oni wszyscy i wszystkie<br>I te \u0142ajdaki sko\u0144czone<br>I te bestie w z\u0142u<br>Szata\u0144skim wszelkich zbrodni r\u00f3wnolegle<br>Wobec nas naszych i naszego<br>Jak\u017ce\u017c ten \u015bwiat ma<br>Nie zgin\u0105\u0107 skoro na to<br>Wszystko patrzy i nic<br>Pozwala dzia\u0142a\u0107 spokojnie takim pod\u0142ym<br>Bydlakom wszelkim i bestiom szata\u0144skim<br>I na boisku i zreszt\u0105<br>Wsz\u0119dzie maj\u0105 swych pod\u0142ych \u0142ajdak\u00f3w<br>Te chyba niesko\u0144czone w z\u0142u<br>Szata\u0144skim bestie cho\u0107 wszystko powtarzalne<br>Tu jest ci\u0105gle i wsz\u0119dzie<br>Kpi\u0105 se i szydz\u0105<br>Jak\u017ce\u017c ten \u015bwiat ma<br>Odpowiednio przecie\u017c nie zgin\u0105\u0107<br>Czy\u017c B\u00f3g tego nie widzi<br>Czy da si\u0119 omami\u0107 ob\u0142udnym<br>K\u0142amstwom tych bestii wszelkich \u0142ajdak\u00f3w<\/p>\n\n\n\n<figure class=\"wp-block-image size-large\"><a href=\"https:\/\/hubertpietka.bialystok.pl\/wp-content\/uploads\/2025\/10\/1000028531.jpg\"><img loading=\"lazy\" decoding=\"async\" width=\"771\" height=\"1024\" src=\"https:\/\/hubertpietka.bialystok.pl\/wp-content\/uploads\/2025\/10\/1000028531-771x1024.jpg\" alt=\"\" class=\"wp-image-9753\" srcset=\"https:\/\/hubertpietka.bialystok.pl\/wp-content\/uploads\/2025\/10\/1000028531-771x1024.jpg 771w, https:\/\/hubertpietka.bialystok.pl\/wp-content\/uploads\/2025\/10\/1000028531-226x300.jpg 226w, https:\/\/hubertpietka.bialystok.pl\/wp-content\/uploads\/2025\/10\/1000028531-768x1021.jpg 768w, https:\/\/hubertpietka.bialystok.pl\/wp-content\/uploads\/2025\/10\/1000028531-1156x1536.jpg 1156w, https:\/\/hubertpietka.bialystok.pl\/wp-content\/uploads\/2025\/10\/1000028531.jpg 1204w\" sizes=\"auto, (max-width: 771px) 100vw, 771px\" \/><\/a><\/figure>\n\n\n\n<p><em>Na zdj. Jutro R\u00f3\u017ca\u0144cowej Pani wspom\u00f3\u017c Maryjo<br>Wspomagaj zawsze bo czasami brakuje<br>Ju\u017c si\u0142 troch\u0119 w walce<br>Z t\u0105 ob\u0142ud\u0105 szata\u0144sk\u0105 totaln\u0105<br>Tych bestii i bydlak\u00f3w wszelakich<br>Dedykowanych bandycko dla przemocy bestii<br>Zwyci\u0119\u017caj wspom\u00f3\u017c szczeg\u00f3lnie gdy<br>I ten \u015bwiat sprzymierzy\u0142 si\u0119<br>A w ka\u017cdym razie zdaj\u0119 si\u0119<br>Tego nie widzie\u0107 a wie<br>O tym wszystkim odpowiednio przecie\u017c<br>Chyba by bestie mog\u0142y realizowa\u0107<br>Szata\u0144skie zap\u0119dy wszelkie dla nas<br>Naszych i naszego niewinnych innych<br>W z\u0142u \u015bmierci zniewolenia i zniszczenia<br>Tak\u017ce totalnego szata\u0144skich zbrodni wszelkich<br>A w ka\u017cdym razie jako\u015b<br>Te bestie i \u0142ajdaki pospo\u0142u<br>Ci\u0105gle ob\u0142udnie ob\u0142\u0119dnie d\u0105\u017c\u0105 do<br>Realizacji przemocowej po\u017c\u0105da\u0144 zbrodni bestii<br>I zepsutych zar\u00f3wno bydlak\u00f3w wszelkich<\/em><\/p>\n","protected":false},"excerpt":{"rendered":"<p>Kpi\u0105 se w \u017cywe oczyTe bestie i ta podwijaI szemra\u0144cy zajadli czy wykoleje\u0144cyI to ta\u0142atajstwo chach\u0142ackie pod\u0142eI misie bandyckie i inniBandyccy s\u0142u\u017calcy wszyscy ca\u0142kowicie bestialscyKpi\u0105&hellip; <\/p>\n","protected":false},"author":1,"featured_media":0,"parent":0,"menu_order":0,"comment_status":"closed","ping_status":"closed","template":"","meta":{"footnotes":""},"class_list":["post-9752","page","type-page","status-publish","hentry"],"_links":{"self":[{"href":"https:\/\/hubertpietka.bialystok.pl\/index.php?rest_route=\/wp\/v2\/pages\/9752","targetHints":{"allow":["GET"]}}],"collection":[{"href":"https:\/\/hubertpietka.bialystok.pl\/index.php?rest_route=\/wp\/v2\/pages"}],"about":[{"href":"https:\/\/hubertpietka.bialystok.pl\/index.php?rest_route=\/wp\/v2\/types\/page"}],"author":[{"embeddable":true,"href":"https:\/\/hubertpietka.bialystok.pl\/index.php?rest_route=\/wp\/v2\/users\/1"}],"replies":[{"embeddable":true,"href":"https:\/\/hubertpietka.bialystok.pl\/index.php?rest_route=%2Fwp%2Fv2%2Fcomments&post=9752"}],"version-history":[{"count":1,"href":"https:\/\/hubertpietka.bialystok.pl\/index.php?rest_route=\/wp\/v2\/pages\/9752\/revisions"}],"predecessor-version":[{"id":9754,"href":"https:\/\/hubertpietka.bialystok.pl\/index.php?rest_route=\/wp\/v2\/pages\/9752\/revisions\/9754"}],"wp:attachment":[{"href":"https:\/\/hubertpietka.bialystok.pl\/index.php?rest_route=%2Fwp%2Fv2%2Fmedia&parent=9752"}],"curies":[{"name":"wp","href":"https:\/\/api.w.org\/{rel}","templated":true}]}}