{"id":9756,"date":"2025-10-07T10:34:10","date_gmt":"2025-10-07T10:34:10","guid":{"rendered":"https:\/\/hubertpietka.bialystok.pl\/?page_id=9756"},"modified":"2025-10-07T10:34:10","modified_gmt":"2025-10-07T10:34:10","slug":"rozgrywki-bestii-perfidne-wykorzystujace-podle-lajdakow-roznych-ku-przemocy-wobec-niewinnych","status":"publish","type":"page","link":"https:\/\/hubertpietka.bialystok.pl\/?page_id=9756","title":{"rendered":"Rozgrywki bestii perfidne \/ wykorzystuj\u0105ce podle \u0142ajdak\u00f3w r\u00f3\u017cnych &#8211; ku przemocy wobec niewinnych"},"content":{"rendered":"\n<p>Czyli grabienie naszej ziemi<br>Mo\u017cna uzna\u0107 za rozpocz\u0119te<br>Zainicjowa\u0142a to ludowo\u015b\u0107 tego pa\u0144stwa<br>Czy tamtego bo ju\u017c zbytnio nie wiem<br>Ta sama kt\u00f3ra ma nas<br>Napada\u0107 nieustannie tam zreszt\u0105<br>A teraz ju\u017c przechodzi si\u0119 do rzeczy<br>I co za \u0142askawo\u015b\u0107 pod\u0142ug tych bestii<br>Nie ka\u017ce si\u0119 nam p\u0142aci\u0107<br>Za ogrodzenie tej ziemi<br>O kt\u00f3r\u0105 mogliby\u015bmy wyst\u0105pi\u0107<br>W kategorii prawnej zasiedzenia<br>Ale zaraz przeci\u0119\u0107 si\u0119<br>B\u0119dzie chcia\u0142o ogrodzenie wymieni\u0107 ca\u0142e<br>Z tej strony i wtedy<br>Zapewne si\u0119 sko\u0144czy \u0142askawo\u015b\u0107 bestii<br>I \u0142ajdacz\u0105cych pod\u0142ug nich<br>Wtedy nas si\u0119 zobliguje by\u015bmy<br>Partycypowali w kosztach tego ogrodzenia<br>Oczywi\u015bcie a jak nie<br>To \u017ali b\u0119dziemy odpowiednio<br>I wtedy kolejny kamyczek bestii<br>Do ogr\u00f3dka naszego<br>Byleby tylko wszyscy nam przeciwko<br>Cho\u0107 nam ogrodzenie stare<br>W niczym bynajmniej nie przeszkadza<br>Ale przecie\u017c przykaz bestii przykazem<br>Trzeba nas oskuba\u0107 odpowiednio<br>A jak nie to tacy<br>R\u00f3\u017cni \u0142ajdacz\u0105cy wszyscy nam przeciwko<br>Tak to si\u0119 bestialsko rozgrywa<br>Wykorzystuj\u0105c takich czy innych<br>Zreszt\u0105 wsz\u0119dzie i z tej<br>Strony drugiej zapewne te\u017c si\u0119<br>B\u0119dzie chcia\u0142o przesun\u0105\u0107 ogrodzenie<br>Pod\u0142ug tej \u015bciemy geodezyjnej prawnej<br>Przecie\u017c bestie i \u0142ajdaki k\u0142ami\u0105<br>W majestacie prawa kt\u00f3re rzeczywisto\u015b\u0107<br>Odpowiednio fa\u0142szuje ale co tam<br>I wtedy my znowu \u017ali<br>Tacy b\u0119dziemy dla tej spo\u0142eczno\u015bci<br>Je\u015bli nie b\u0119dziemy p\u0142aci\u0107 chcieli<br>Za ogrodzenie kt\u00f3re zagarnia<br>Kolejny do\u015b\u0107 du\u017cy tu przecie\u017c<br>Skrawek ziemi i koniecznie budynki<br>Te nasze te\u017c wyburzy\u0107<br>B\u0119dzie trzeba pod\u0142ug zalece\u0144 bestii<br>Tak to maj\u0105 rozgrywa\u0107 tam<br>\u0141ajdacz\u0105cy \u015bci\u015ble pod\u0142ug tych bestii<br>We wszystkim zreszt\u0105<br>A kt\u00f3\u017c ma\u0142ych obroni<br>Skoro wszystko ma by\u0107 rozgrywane<br>Przeciwko nim pod\u0142ug przemocy bestii<\/p>\n\n\n\n<p>A z drugiej strony<br>Co za \u0142ajdaki i co za bestie<br>Koniecznie chc\u0105 tak spowodowa\u0107<br>\u017be niby przeze mnie gdzie\u015b<br>Jaki\u015b po\u017car z popio\u0142u papierosa<br>Tak te\u017c to rozgrywaj\u0105 bestie<br>I \u0142ajdacy wszelcy id czasu<br>Ju\u017c do\u015b\u0107 d\u0142ugiego<br>I nie oczywi\u015bcie \u017ce ja<br>Co\u015b podpale byleby tylko wszystko<br>Tak wygl\u0105da\u0142o znajd\u0105 si\u0119 \u015bwiadkowie<br>Odpowiednio \u0142ajdacz\u0105cy pod\u0142ug bestii przecie\u017c<br>I wszystko si\u0119 te\u017c analogicznie<br>Odpowiednio rozegra zreszt\u0105 jak wsz\u0119dzie<br>Byleby tylko tak to wygl\u0105da\u0142o<br>Jak rzeczywisto\u015b\u0107 faktom przeczy<br>To trzeba naci\u0105gn\u0105\u0107 rzeczywisto\u015b\u0107 przecie\u017c<br>Pod\u0142ug starej zasady komunistycznej<br>Tak by mogli by\u0107 to<br>Rozegrane odpowiednio pod\u0142ug mistyfikacji bestii<br>I \u0142ajdak\u00f3w wszelkich przeciwko niewinnym<br>Tej zaciek\u0142ej chorej nienawi\u015bci bestii<\/p>\n\n\n\n<p>Czyli jak nie tak<br>To mo\u017ce inaczej byleby tylko<br>Dotkn\u0119\u0142a nas przemoc tych bestii<br>Wykorzystuj\u0105ca do tego \u0142ajdak\u00f3w wszelkich<br>Jak nie podwija to mi\u015bki<br>Te babdyckie jak nie \u0142ajdacy<br>S\u0142u\u017cbowi zawodowi to ci prywatni<br>I tak wsz\u0119dzie przeciwko nam<br>Rozgrywaj\u0105 to wszystko te bestie<\/p>\n\n\n\n<figure class=\"wp-block-gallery has-nested-images columns-default is-cropped wp-block-gallery-1 is-layout-flex wp-block-gallery-is-layout-flex\">\n<figure class=\"wp-block-image size-large\"><a href=\"https:\/\/hubertpietka.bialystok.pl\/wp-content\/uploads\/2025\/10\/1000028546.jpg\"><img loading=\"lazy\" decoding=\"async\" width=\"771\" height=\"1024\" data-id=\"9757\" src=\"https:\/\/hubertpietka.bialystok.pl\/wp-content\/uploads\/2025\/10\/1000028546-771x1024.jpg\" alt=\"\" class=\"wp-image-9757\" srcset=\"https:\/\/hubertpietka.bialystok.pl\/wp-content\/uploads\/2025\/10\/1000028546-771x1024.jpg 771w, https:\/\/hubertpietka.bialystok.pl\/wp-content\/uploads\/2025\/10\/1000028546-226x300.jpg 226w, https:\/\/hubertpietka.bialystok.pl\/wp-content\/uploads\/2025\/10\/1000028546-768x1021.jpg 768w, https:\/\/hubertpietka.bialystok.pl\/wp-content\/uploads\/2025\/10\/1000028546-1156x1536.jpg 1156w, https:\/\/hubertpietka.bialystok.pl\/wp-content\/uploads\/2025\/10\/1000028546.jpg 1204w\" sizes=\"auto, (max-width: 771px) 100vw, 771px\" \/><\/a><\/figure>\n<\/figure>\n\n\n\n<p><em>Na zdj. Dzi\u015b R\u00f3\u017ca\u0144cowej Pani Maryjo ochraniaj<br>Przed tymi wszystkimi bestialskimi sciemami<br>Ob\u0142udnymi \u017ce brak tu s\u0142\u00f3w<br>I wszelkimi \u0142ajdakami kt\u00f3rzy s\u0142u\u017c\u0105<br>Przemoc\u0105 swoj\u0105 i k\u0142amstwem<br>Przemocy i k\u0142amstwom bestii<br>I przy okazji szatana<br>Bo zbrodnie niemal zawsze<br>Id\u0105 w parze z ob\u0142ud\u0105<br>K\u0142amstw pod\u0142ych i mistyfikacji z\u0142a<br>Maryjo ochraniaj<\/em><\/p>\n","protected":false},"excerpt":{"rendered":"<p>Czyli grabienie naszej ziemiMo\u017cna uzna\u0107 za rozpocz\u0119teZainicjowa\u0142a to ludowo\u015b\u0107 tego pa\u0144stwaCzy tamtego bo ju\u017c zbytnio nie wiemTa sama kt\u00f3ra ma nasNapada\u0107 nieustannie tam zreszt\u0105A teraz&hellip; <\/p>\n","protected":false},"author":1,"featured_media":0,"parent":0,"menu_order":0,"comment_status":"closed","ping_status":"closed","template":"","meta":{"footnotes":""},"class_list":["post-9756","page","type-page","status-publish","hentry"],"_links":{"self":[{"href":"https:\/\/hubertpietka.bialystok.pl\/index.php?rest_route=\/wp\/v2\/pages\/9756","targetHints":{"allow":["GET"]}}],"collection":[{"href":"https:\/\/hubertpietka.bialystok.pl\/index.php?rest_route=\/wp\/v2\/pages"}],"about":[{"href":"https:\/\/hubertpietka.bialystok.pl\/index.php?rest_route=\/wp\/v2\/types\/page"}],"author":[{"embeddable":true,"href":"https:\/\/hubertpietka.bialystok.pl\/index.php?rest_route=\/wp\/v2\/users\/1"}],"replies":[{"embeddable":true,"href":"https:\/\/hubertpietka.bialystok.pl\/index.php?rest_route=%2Fwp%2Fv2%2Fcomments&post=9756"}],"version-history":[{"count":1,"href":"https:\/\/hubertpietka.bialystok.pl\/index.php?rest_route=\/wp\/v2\/pages\/9756\/revisions"}],"predecessor-version":[{"id":9758,"href":"https:\/\/hubertpietka.bialystok.pl\/index.php?rest_route=\/wp\/v2\/pages\/9756\/revisions\/9758"}],"wp:attachment":[{"href":"https:\/\/hubertpietka.bialystok.pl\/index.php?rest_route=%2Fwp%2Fv2%2Fmedia&parent=9756"}],"curies":[{"name":"wp","href":"https:\/\/api.w.org\/{rel}","templated":true}]}}