{"id":9761,"date":"2025-10-08T09:17:19","date_gmt":"2025-10-08T09:17:19","guid":{"rendered":"https:\/\/hubertpietka.bialystok.pl\/?page_id=9761"},"modified":"2025-10-08T09:18:07","modified_gmt":"2025-10-08T09:18:07","slug":"boze-dopomoz-przeciwko-przemocy-obludzie-totalnej-i-bestii-lajdakow-wszelakich","status":"publish","type":"page","link":"https:\/\/hubertpietka.bialystok.pl\/?page_id=9761","title":{"rendered":"Bo\u017ce dopom\u00f3\u017c przeciwko \/ przemocy ob\u0142udzie totalnej bestii i \u0142ajdak\u00f3w wszelakich"},"content":{"rendered":"\n<p>A teraz zastan\u00f3wcie si\u0119 dobrze<br>Jakie maj\u0105 intencje te bestie<br>Skoro m\u015bci\u0107 si\u0119 chc\u0105 nawet<br>Na tak zwanych kandydatkach i<br>Czy nie mam racji \u017ce<br>Skoro tak si\u0119 dzieje to<br>Nawet je\u015bli by si\u0119 spe\u0142ni\u0107<br>Mia\u0142y takie tam r\u00f3\u017cne oczekiwania<br>Czy nie by\u0142oby tak samo<br>Jak z t\u0105 moj\u0105 \u017con\u0105<br>Je\u015bliby okaza\u0142y si\u0119 wierne prosto<br>I to nawet je\u015bli mam<br>Jasny przykaz od Boga odno\u015bnie<br>Mojej \u017cony pod\u0142ug Jego woli<br>I czystej wierno\u015bci sakramentowi ma\u0142\u017ce\u0144stwa<br>Zastan\u00f3wcie si\u0119 dobrze jakie maj\u0105<br>Intencje te bestie a pewnie<br>Z tak zwan\u0105 kandydatk\u0105 pod\u0142ug<br>Tych bestii im pasuj\u0105cej odpowiednio<br>Na takiej m\u015bci\u0107 si\u0119 pewnie<br>Nie b\u0119d\u0105 ale w te<br>Kt\u00f3re im s\u0105 sol\u0105 w oku niejako<br>W takie mo\u017cna uderza\u0107 przecie\u017c<br>W nie w ich dobra<br>Nawet je\u015bli tylko zosta\u0142y<br>Tak zwanymi kandydatkami pomimo \u017ce<br>Ja przecie\u017c zawsze b\u0119d\u0119 sta\u0142<br>Przy tej mojej \u015blubnej \u017conie<\/p>\n\n\n\n<p><em>Dzi\u015b \u015bw. *<strong>Pelagii<\/strong>* i te\u017c<br>Zastan\u00f3wcie si\u0119 czy moje \u017cycie<br>Nasze \u017cycie mo\u017ce by\u0107 *<strong>plagiatem<\/strong>*<br>Jak by tym bestiom pasowa\u0142o<br>Czy to co jest te\u017c<br>Z nas czy kto\u015b wcze\u015bniej<br>Przechodzi\u0142 ju\u017c przez takie rzeczy<br>Z tymi ukrywaj\u0105cymi si\u0119 bestiami<br>Za zas\u0142on\u0105 \u0142ajdactw r\u00f3\u017cnych bydlak\u00f3w<br>Kt\u00f3rzy tak naprawd\u0119 w ich<br>Imieniu i z ich polecenia<br>Maj\u0105 nam \u017ale czyni\u0107 zawsze<br>I wsz\u0119dzie nie dawa\u0107 nam<br>Spokoju \u017cadnego nigdzie<br>Czy kto\u015b ju\u017c przechodzi\u0142<br>Przez to w ten spos\u00f3b<br>\u017be chc\u0105 nas naszych nasze<br>Zniszczy\u0107 uderzaj\u0105c zbrodniami wszelkimi pod\u0142ymi<br>Perfidnie i z premedytacj\u0105 udawaj\u0105c<br>Byleby tylko \u015bmier\u0107 zniewolenie zniszczenie<br>Komu odpowiednio i totalnie najlepiej<\/em><\/p>\n\n\n\n<p>I jeszcze tak na marginesie<br>Zobacz jak si\u0119 ustawiaj\u0105 sobie<br>Misiaki bandyckie tutaj ma by\u0107<br>Przecie\u017c wolny parking na ich<br>Tu \u0142ajdackie interwencje i tylko<br>No zobacz co za przypadek<br>Na tym parkingu by\u0107 mo\u017ce<br>Samoch\u00f3d tej podwijskiej bestyji gwiazdy<br>Poza tam wrakiem raczej jakim\u015b<br>Czy to do my\u015blenia jako\u015b<br>To nic nie daje<br>Skoro tak w\u0142a\u015bnie pod\u0142ug po\u017c\u0105da\u0144<br>Tych bestii szata\u0144skich ustawiaj\u0105 wszystko<br>Tak jak im to pasuje<br>Przez takich czy innych \u0142ajdak\u00f3w<br>Zawodowych s\u0142u\u017cbowych i prywatnych<br>Z perfidi\u0105 ob\u0142udy wprost osza\u0142amiaj\u0105c\u0105<br>Tych kt\u00f3rzy prosto pod\u0142ug Boga<br>My\u015bl\u0105 i podchodz\u0105 do \u017cycia<br>Takich trzeba przecie\u017c wyeliminowa\u0107 pod\u0142ug<br>Tych bestii pos\u0142uguj\u0105c si\u0119 \u0142ajdakami<br>Takimi czy innymi a wszystko<br>To z g\u00f3ry zaplanowane bestialsko<\/p>\n\n\n\n<figure class=\"wp-block-gallery has-nested-images columns-default is-cropped wp-block-gallery-1 is-layout-flex wp-block-gallery-is-layout-flex\">\n<figure class=\"wp-block-image size-large\"><a href=\"https:\/\/hubertpietka.bialystok.pl\/wp-content\/uploads\/2025\/10\/1000028693.jpg\"><img loading=\"lazy\" decoding=\"async\" width=\"771\" height=\"1024\" data-id=\"9762\" src=\"https:\/\/hubertpietka.bialystok.pl\/wp-content\/uploads\/2025\/10\/1000028693-771x1024.jpg\" alt=\"\" class=\"wp-image-9762\" srcset=\"https:\/\/hubertpietka.bialystok.pl\/wp-content\/uploads\/2025\/10\/1000028693-771x1024.jpg 771w, https:\/\/hubertpietka.bialystok.pl\/wp-content\/uploads\/2025\/10\/1000028693-226x300.jpg 226w, https:\/\/hubertpietka.bialystok.pl\/wp-content\/uploads\/2025\/10\/1000028693-768x1021.jpg 768w, https:\/\/hubertpietka.bialystok.pl\/wp-content\/uploads\/2025\/10\/1000028693-1156x1536.jpg 1156w, https:\/\/hubertpietka.bialystok.pl\/wp-content\/uploads\/2025\/10\/1000028693.jpg 1204w\" sizes=\"auto, (max-width: 771px) 100vw, 771px\" \/><\/a><\/figure>\n<\/figure>\n\n\n\n<p><strong>Na zdj. Ja ma\u0142y marny i n\u0119dzny<br>Ale przecie\u017c wielcy i lepsi<br>S\u0105 ci \u0142ajdacy wszelcy spe\u0142niaj\u0105cy<br>Przemoc\u0105 zapotrzebowania szata\u0144skie tych bestii<br>A ci to ju\u017c w og\u00f3le chyba<br>Giganty jakie\u015b to nic przecie\u017c<br>\u017be oni najpierw g\u00f3ruj\u0105 wsz\u0119dzie<br>W z\u0142u szata\u0144skim d\u0105\u017ce\u0144 perfidnych<br>I pod\u0142ych do wszelkich zbrodni<br>Ale ufam \u017ce zwyci\u0119\u017cymy<br>I tak jako\u015b z t\u0105<br>Bo\u017c\u0105 pomoc\u0105 przeciwko szatanowi bestiom<br>\u0141ajdakom wszelkim ich k\u0142amstwom i<br>Przemocy zbrodni do kt\u00f3rych nieustannie<br>D\u0105\u017c\u0105 wobec nas naszych naszego<br>I niewinnych te\u017c innych ma\u0142ych<br>W oczach \u015bwiata w stosunku<br>Do wielkiej przecie\u017c przemocy bestii<br>A nasze pieski uk\u0142adaj\u0105 si\u0119<br>Tak czasem w symbol Victorii<br>Co daj Bo\u017ce i dopom\u00f3\u017c<br>Zreszt\u0105 i tak to b\u0119dzie<br>Jakkolwiek by by\u0142o bo szatan<br>I jego s\u0142udzy definitywnie<br>Nie mog\u0105 z Bogiem wygra\u0107<br>Tym z\u0142em k\u0142amstwami przemoc\u0105 zbrodniami<br>B\u00f3g tak czy inaczej zwyci\u0119\u017cy<br>A my jeste\u015bmy tylko marnymi<br>Narz\u0119dziami Jego kt\u00f3re si\u0119 staraj\u0105<br>Spe\u0142nia\u0107 Jego powo\u0142ania i to<br>Jakkolwiek to w oczach \u015bwiata<br>Wychodzi czy jest widziane<br>Mamy i\u015b\u0107 jednak pod\u0142ug Boga<br>Najpierw i zawsze wbrew szatanowi<br>Bestiom i \u0142ajdakom wszelkim przest\u0119pczym<br>Bo przeciwko dzieciom Bo\u017cym niewinnym<br>I wszelkim warto\u015bciom Bo\u017cym ta<br>Szata\u0144ska bestii cywilizacja czarna \u015bmierci<\/strong><\/p>\n\n\n\n<p class=\"has-text-align-right\"><strong><em><a href=\"https:\/\/youtu.be\/zXLLe2nUai8\">The Bill &#8211; Druga w nocy<\/a><\/em><\/strong><\/p>\n","protected":false},"excerpt":{"rendered":"<p>A teraz zastan\u00f3wcie si\u0119 dobrzeJakie maj\u0105 intencje te bestieSkoro m\u015bci\u0107 si\u0119 chc\u0105 nawetNa tak zwanych kandydatkach iCzy nie mam racji \u017ceSkoro tak si\u0119 dzieje toNawet&hellip; <\/p>\n","protected":false},"author":1,"featured_media":0,"parent":0,"menu_order":0,"comment_status":"closed","ping_status":"closed","template":"","meta":{"footnotes":""},"class_list":["post-9761","page","type-page","status-publish","hentry"],"_links":{"self":[{"href":"https:\/\/hubertpietka.bialystok.pl\/index.php?rest_route=\/wp\/v2\/pages\/9761","targetHints":{"allow":["GET"]}}],"collection":[{"href":"https:\/\/hubertpietka.bialystok.pl\/index.php?rest_route=\/wp\/v2\/pages"}],"about":[{"href":"https:\/\/hubertpietka.bialystok.pl\/index.php?rest_route=\/wp\/v2\/types\/page"}],"author":[{"embeddable":true,"href":"https:\/\/hubertpietka.bialystok.pl\/index.php?rest_route=\/wp\/v2\/users\/1"}],"replies":[{"embeddable":true,"href":"https:\/\/hubertpietka.bialystok.pl\/index.php?rest_route=%2Fwp%2Fv2%2Fcomments&post=9761"}],"version-history":[{"count":2,"href":"https:\/\/hubertpietka.bialystok.pl\/index.php?rest_route=\/wp\/v2\/pages\/9761\/revisions"}],"predecessor-version":[{"id":9764,"href":"https:\/\/hubertpietka.bialystok.pl\/index.php?rest_route=\/wp\/v2\/pages\/9761\/revisions\/9764"}],"wp:attachment":[{"href":"https:\/\/hubertpietka.bialystok.pl\/index.php?rest_route=%2Fwp%2Fv2%2Fmedia&parent=9761"}],"curies":[{"name":"wp","href":"https:\/\/api.w.org\/{rel}","templated":true}]}}