{"id":9766,"date":"2025-10-09T09:07:19","date_gmt":"2025-10-09T09:07:19","guid":{"rendered":"https:\/\/hubertpietka.bialystok.pl\/?page_id=9766"},"modified":"2025-10-09T09:07:19","modified_gmt":"2025-10-09T09:07:19","slug":"nie-jest-pozadana-przez-bestie-i-lajdakow-samoobrona-zadna-wobec-przemocy-szatanskiej","status":"publish","type":"page","link":"https:\/\/hubertpietka.bialystok.pl\/?page_id=9766","title":{"rendered":"Nie jest po\u017c\u0105dana przez bestie i \u0142ajdak\u00f3w \/ samoobrona \u017cadna wobec przemocy szata\u0144skiej"},"content":{"rendered":"\n<p>Smoli\u0142o si\u0119 dzisiaj bardzo mg\u0142\u0105<br>Smole\u0144sk\u0105 niczym ze smo\u0142y<br>Lubi\u0105 to bestie szczeg\u00f3lnie tam<br>W lesie przy rod\u00f3wce<br>Wszystko wtedy mo\u017cna zrobi\u0107<br>Pod mg\u0142y zas\u0142on\u0105 z\u0142o wszelkie<br>Jakie po\u017c\u0105daj\u0105 nienawistnie te bestie<br>Zas\u0142ona bestii z\u0142a ma przecie\u017c<br>Nakry\u0107 kirem ca\u0142y ten \u015bwiat<\/p>\n\n\n\n<p>A jak wygl\u0105da tak zwana<br>Bestii \u0142askawo\u015b\u0107 nawet je\u015bli znajdziesz<br>Na parkingu miejsce to tak<br>Wystawi\u0107 by \u0142ajdacy mogli wobec<br>Bestii si\u0119 sprawi\u0107 nak\u0142adaj\u0105c mandaty<br>Jak ju\u017c nie pr\u00f3buj\u0105 inaczej<br>Jako\u015b pod\u0142ug z\u0142ych r\u00f3\u017cnych intencji<br>Ustawia\u0107 te nasze samochody<br>W odpowiedniej tam konfiguracji<\/p>\n\n\n\n<p>Ale przecie\u017c bestie najlepiej wiedz\u0105<br>Wszystko co ja my powinni\u015bmy<br>Lepiej nawet ni\u017c my sami<br>Cho\u0107 to nieustannie wyra\u017camy<br>Podobnie zreszt\u0105 ci wszyscy<br>Kt\u00f3rym chyba na r\u0119k\u0119 jest<br>Pewne z\u0142o bestii tych<br>A bestie wiedz\u0105 ni\u017c B\u00f3g<br>Lepiej przecie\u017c pod\u0142ug dominacji przemocy szata\u0144skiej<br>W tym \u015bwiecie i k\u0142amstw<br>Kt\u00f3re fabrykuj\u0105 nieustannie w ob\u0142udzie<br>Na wszelkie sposoby pod\u0142e<br>Byleby tylko spe\u0142nia\u0107 swe po\u017c\u0105dania<br>Obrzydliwe ku \u015bmierci zniewoleniu zniszczeniu<br>Dla nas naszych i naszego<br>I wszystkim kt\u00f3rzy podpadli bestiom<\/p>\n\n\n\n<p><em>Dzisiaj *<strong>Cyryla Bertrama<\/strong>* wspomnienie mamy<br>Jest technika w malarstwie nak\u0142adania<br>*<strong>Blejtramu<\/strong>* na p\u0142\u00f3tno maj\u0105ce impregnowa\u0107<br>Obraz kt\u00f3ry na nim powstanie<br>My pr\u00f3bujemy na wszystko nak\u0142ada\u0107<br>Dobro pod\u0142ug Boga by to<br>Wszystko by\u0142o obrazem Bo\u017cym<br>I pod\u0142ug Jego warto\u015bci<br>A co robi\u0105 te bestie<br>W obrazie \u015bwiata pod\u0142ug nas<br>I cho\u0107by pod wszystko chc\u0105<br>Podk\u0142ada\u0107 z\u0142o byleby tylko zi\u015bci\u0107<br>Wszelkie szata\u0144skie zap\u0119dy by powsta\u0142<br>Obraz zbrodni pod\u0142ug ich k\u0142amstw<br>W \u015bmierci zniewoleniu gwa\u0142cie zniszczeniu<br>Pod\u0142ug szatana ca\u0142kowicie cho\u0107 udaj\u0105<br>\u017be to jest niby sprawiedliwe oczekiwane<br>\u017be to wy\u017csza konieczno\u015b\u0107 jaka\u015b<br>Oni i ich towarzysze \u0142ajdacy<br>Bo ten \u015bwi\u0119ty dzisiejszy jest<br>Z nimi wspominany bo towarzyszami<br>By\u0107 mog\u0105 ludzie dobrej woli<br>Lub pod\u0142ug nomenklatury ideologicznej manipulacji<br>Wsp\u00f3\u0142uczestnicy zbrodni i k\u0142amstwa wsp\u00f3\u0142dziel\u0105cy<br>Dlatego my kre\u015blimy Bo\u017cym *<strong>cyrklem<\/strong>*<br>Bo pod\u0142ug warto\u015bci obrazy Bo\u017ce<br>Nawet je\u015bli nie doskona\u0142e idealne<br>A mo\u017ce z\u0142o szata\u0144skie wszelkie<br>Jest takie pod\u0142ug nich w\u0142a\u015bnie<br>Bo oni w\u0142a\u015bnie nakre\u015blaj\u0105 wsz\u0119dzie<br>R\u00f3\u017cne kszta\u0142ty szata\u0144stw najgorszych wszelkich<br>Bestie i ich kumotrzy \u0142ajdacy<\/em><\/p>\n\n\n\n<figure class=\"wp-block-image size-large\"><a href=\"https:\/\/hubertpietka.bialystok.pl\/wp-content\/uploads\/2025\/10\/1000028915.jpg\"><img loading=\"lazy\" decoding=\"async\" width=\"1024\" height=\"771\" src=\"https:\/\/hubertpietka.bialystok.pl\/wp-content\/uploads\/2025\/10\/1000028915-1024x771.jpg\" alt=\"\" class=\"wp-image-9767\" srcset=\"https:\/\/hubertpietka.bialystok.pl\/wp-content\/uploads\/2025\/10\/1000028915-1024x771.jpg 1024w, https:\/\/hubertpietka.bialystok.pl\/wp-content\/uploads\/2025\/10\/1000028915-300x226.jpg 300w, https:\/\/hubertpietka.bialystok.pl\/wp-content\/uploads\/2025\/10\/1000028915-768x578.jpg 768w, https:\/\/hubertpietka.bialystok.pl\/wp-content\/uploads\/2025\/10\/1000028915-1536x1156.jpg 1536w, https:\/\/hubertpietka.bialystok.pl\/wp-content\/uploads\/2025\/10\/1000028915.jpg 1600w\" sizes=\"auto, (max-width: 1024px) 100vw, 1024px\" \/><\/a><\/figure>\n\n\n\n<p><strong>Na zdj. Mo\u017cna robi\u0107 mgie\u0142 smole\u0144skich zas\u0142ony<br>A mo\u017cna i rozpina\u0107<br>Na niebie nas \u015bwiatem<br>Chmur stalow\u0105 zas\u0142on\u0119 manipuluj\u0105 pogod\u0105<br>Byleby tylko spe\u0142ni\u0107 zap\u0119dy bestii<br>Podobnie zreszt\u0105 z \u015bniegiem deszczem<br>Czy z temperatur\u0105 i tak\u017ce<br>Bo te powy\u017csze tak dzia\u0142aj\u0105<\/strong><\/p>\n\n\n\n<p>Nie podoba im si\u0119 wiadomo<br>Co ja tu pisz\u0119 sobie<br>Bo demaskuj\u0119 r\u00f3\u017cne z\u0142a dzia\u0142ania<br>Czego s\u0105 wyrazem te bestie<br>I \u0142ajdacy pod\u0142ug nich wszelcy<br>I pewnie \u017ce nie powinienem<br>Si\u0119 broni\u0107 s\u0142owem przed przemocy<br>Eskalacj\u0105 z\u0142a wszelkiego \u0142ajdak\u00f3w bestii<br>Nie powinienem kompromitowa\u0107 k\u0142amstw ob\u0142udy<br>Tych tam zreszt\u0105 i r\u00f3\u017cnych<br>Przecie\u017c o to chodzi<br>By z\u0142o dla nas by\u0142o<br>Zawsze pod\u0142ug bestii \u0142ajdak\u00f3w wszelkich<br>S\u0142u\u017calc\u00f3w ich k\u0142amstw i zbrodni<br>Zawodowych prywatnych s\u0142u\u017cbowych tam jakich<br>Dlatego trzeba mnie uciszy\u0107<br>Bo kompromituj\u0119 zbrodnie z\u0142a ob\u0142ud\u0119<\/p>\n\n\n\n<p class=\"has-text-align-right\">( <strong><a href=\"https:\/\/youtu.be\/SCrR7od_fck\"><em>Lombard &#8211; Szklana pogoda ) <\/em><\/a><\/strong><\/p>\n","protected":false},"excerpt":{"rendered":"<p>Smoli\u0142o si\u0119 dzisiaj bardzo mg\u0142\u0105Smole\u0144sk\u0105 niczym ze smo\u0142yLubi\u0105 to bestie szczeg\u00f3lnie tamW lesie przy rod\u00f3wceWszystko wtedy mo\u017cna zrobi\u0107Pod mg\u0142y zas\u0142on\u0105 z\u0142o wszelkieJakie po\u017c\u0105daj\u0105 nienawistnie te&hellip; <\/p>\n","protected":false},"author":1,"featured_media":0,"parent":0,"menu_order":0,"comment_status":"closed","ping_status":"closed","template":"","meta":{"footnotes":""},"class_list":["post-9766","page","type-page","status-publish","hentry"],"_links":{"self":[{"href":"https:\/\/hubertpietka.bialystok.pl\/index.php?rest_route=\/wp\/v2\/pages\/9766","targetHints":{"allow":["GET"]}}],"collection":[{"href":"https:\/\/hubertpietka.bialystok.pl\/index.php?rest_route=\/wp\/v2\/pages"}],"about":[{"href":"https:\/\/hubertpietka.bialystok.pl\/index.php?rest_route=\/wp\/v2\/types\/page"}],"author":[{"embeddable":true,"href":"https:\/\/hubertpietka.bialystok.pl\/index.php?rest_route=\/wp\/v2\/users\/1"}],"replies":[{"embeddable":true,"href":"https:\/\/hubertpietka.bialystok.pl\/index.php?rest_route=%2Fwp%2Fv2%2Fcomments&post=9766"}],"version-history":[{"count":1,"href":"https:\/\/hubertpietka.bialystok.pl\/index.php?rest_route=\/wp\/v2\/pages\/9766\/revisions"}],"predecessor-version":[{"id":9768,"href":"https:\/\/hubertpietka.bialystok.pl\/index.php?rest_route=\/wp\/v2\/pages\/9766\/revisions\/9768"}],"wp:attachment":[{"href":"https:\/\/hubertpietka.bialystok.pl\/index.php?rest_route=%2Fwp%2Fv2%2Fmedia&parent=9766"}],"curies":[{"name":"wp","href":"https:\/\/api.w.org\/{rel}","templated":true}]}}