{"id":977,"date":"2018-02-11T13:53:35","date_gmt":"2018-02-11T13:53:35","guid":{"rendered":"http:\/\/hubertpietka.bialystok.pl\/?page_id=977"},"modified":"2018-02-11T13:58:14","modified_gmt":"2018-02-11T13:58:14","slug":"response","status":"publish","type":"page","link":"https:\/\/hubertpietka.bialystok.pl\/?page_id=977","title":{"rendered":"Response"},"content":{"rendered":"<p><strong>Response<\/strong><\/p>\n<p>&nbsp;<\/p>\n<p><em>By\u0142a\u015b ze mn\u0105, Maryjo!<\/em><\/p>\n<p>&nbsp;<\/p>\n<p>Kiedy mnie trzykro\u0107 zdradzono<\/p>\n<p>zaparto si\u0119 mnie po trzykro\u0107<\/p>\n<p>prze\u015bladowano mnie<\/p>\n<p>z ka\u017cdej strony czyhano<\/p>\n<p>&nbsp;<\/p>\n<p><em>By\u0142a\u015b ze mn\u0105, Maryjo!<\/em><\/p>\n<p>&nbsp;<\/p>\n<p>Kiedy chowa\u0142em si\u0119<\/p>\n<p>w cieniu Katedry<\/p>\n<p>w schronie Ducha \u015awi\u0119tego<\/p>\n<p>kiedy na bagna ucieka\u0142em<\/p>\n<p>&nbsp;<\/p>\n<p><em>By\u0142a\u015b ze mn\u0105, Maryjo!<\/em><\/p>\n<p>&nbsp;<\/p>\n<p>Kiedy czeka\u0142em po trzykro\u0107<\/p>\n<p>transmisje wysy\u0142aj\u0105c w eter<\/p>\n<p>kiedy z psem chodzi\u0142em<\/p>\n<p>w k\u00f3\u0142ko wodzony przez z\u0142o<\/p>\n<p>&nbsp;<\/p>\n<p><em>By\u0142a\u015b ze mn\u0105, Maryjo!<\/em><\/p>\n<p>&nbsp;<\/p>\n<p>Kiedy na wsi pracowa\u0142em<\/p>\n<p>jednej i drugiej<\/p>\n<p>kuszony przez z\u0142ego<\/p>\n<p>kiedy dyskotek\u0119 sprz\u0105ta\u0142em<\/p>\n<p>pizze rozwozi\u0142em<\/p>\n<p>&nbsp;<\/p>\n<p><em>By\u0142a\u015b ze mn\u0105, Maryjo!<\/em><\/p>\n<p>&nbsp;<\/p>\n<p>Kiedy w podr\u00f3\u017c Zielon\u0105 Mil\u0105<\/p>\n<p>wyrusza\u0142em i Czarn\u0105 Per\u0142\u0105<\/p>\n<p>j\u0105 dope\u0142nia\u0142em<\/p>\n<p>&nbsp;<\/p>\n<p><em>By\u0142a\u015b ze mn\u0105, Maryjo!<\/em><\/p>\n<p>&nbsp;<\/p>\n<p>Kiedy na ka\u017cdym kroku<\/p>\n<p>otrzymywa\u0142em kuksaniec z boku<\/p>\n<p>kiedy \u015bledzono ka\u017cd\u0105 moj\u0105 my\u015bl<\/p>\n<p>i spojrzenie<\/p>\n<p>przegl\u0105dano map\u0119 cia\u0142a<\/p>\n<p>&nbsp;<\/p>\n<p><em>By\u0142a\u015b ze mn\u0105, Maryjo!<\/em><\/p>\n<p>&nbsp;<\/p>\n<p>Kiedy zamkni\u0119to przede mn\u0105<\/p>\n<p>przestrze\u0144 i zatrzymano czas<\/p>\n<p>Kiedy jak wykl\u0119ty wyrusza\u0142em<\/p>\n<p>w ludzki las<\/p>\n<p>by m\u00f3g\u0142 dope\u0142ni\u0107 si\u0119 los<\/p>\n<p>&nbsp;<\/p>\n<p><em>By\u0142a\u015b ze mn\u0105, Maryjo!<\/em><\/p>\n<p>&nbsp;<\/p>\n<p>Kiedy nie m\u015bci\u0142em si\u0119<\/p>\n<p>nie przeklina\u0142em tych<\/p>\n<p>kt\u00f3rzy skrzywdzili mnie<\/p>\n<p>lecz w Bogu oddawa\u0142em<\/p>\n<p>ca\u0142e to z\u0142o<\/p>\n<p>&nbsp;<\/p>\n<p><em>By\u0142a\u015b ze mn\u0105, Maryjo!<\/em><\/p>\n<p>&nbsp;<\/p>\n<p>I kiedy w\u0105tpi\u0142em<\/p>\n<p>kiedy z my\u015blami si\u0119 bi\u0142em<\/p>\n<p>i w pokusach<\/p>\n<p>i w zwyci\u0119stwach i w pora\u017ckach<\/p>\n<p>znoszonych z r\u00f3\u017cnym zabarwieniem<\/p>\n<p>w r\u00f3\u017cnym czasie<\/p>\n<p>&nbsp;<\/p>\n<p><em>By\u0142a\u015b ze mn\u0105, Maryjo!<\/em><\/p>\n<p>&nbsp;<\/p>\n<p>Wierz\u0119 \u017ce zawsze b\u0119dziesz<\/p>\n<p>\u017ce nie zostawisz mnie w b\u0142\u0119dzie<\/p>\n<p>lecz z ka\u017cdej pu\u0142apki wyprowadzisz<\/p>\n<p>bym zawsze m\u00f3g\u0142 Ci\u0119 chwali\u0107<\/p>\n<p>Bo Ty<\/p>\n<p>&nbsp;<\/p>\n<p><em>By\u0142a\u015b ze mn\u0105, Maryjo!<\/em><\/p>\n<p>&nbsp;<\/p>\n<p>I b\u0119dziesz pomaga\u0107<\/p>\n<p>pokonywa\u0107 ka\u017cde rozczarowanie<\/p>\n<p>wspiera\u0107 ka\u017cdy m\u00f3j trud<\/p>\n<p>w rado\u015bci i smutku<\/p>\n<p>w zwyci\u0119stwie i kl\u0119sce<\/p>\n<p>ze mn\u0105 b\u0119dziesz<\/p>\n<p>Ufam tak bo Ty zawsze<\/p>\n<p>i wsz\u0119dzie<\/p>\n<p>&nbsp;<\/p>\n<p><em>By\u0142a\u015b ze mn\u0105, Maryjo!<\/em><\/p>\n<p>&nbsp;<\/p>\n<p>I b\u0119dziesz<\/p>\n<p>&nbsp;<\/p>\n<p style=\"text-align: right;\">Bia\u0142ystok, 11.02.2018 r.<\/p>\n<p style=\"text-align: right;\">&#8211; Pisano we wspomnienie Matki Bo\u017cej z Lourdes &#8211;<\/p>\n<p>&nbsp;<\/p>\n<p style=\"text-align: center;\"><a href=\"https:\/\/www.youtube.com\/watch?v=zPWVtC1EfaI\">By\u0142a\u015b przy mnie<\/a><\/p>\n<p style=\"text-align: center;\"><a href=\"https:\/\/www.youtube.com\/watch?v=W3cc1r56kak\">Matko o twarzy jak polska ziemia czarnej<\/a><\/p>\n<p style=\"text-align: center;\"><a href=\"https:\/\/www.youtube.com\/watch?v=5eh4S6MYzGM\">Dok\u0105d id\u0119<\/a><\/p>\n","protected":false},"excerpt":{"rendered":"<p>Response &nbsp; By\u0142a\u015b ze mn\u0105, Maryjo! &nbsp; Kiedy mnie trzykro\u0107 zdradzono zaparto si\u0119 mnie po trzykro\u0107 prze\u015bladowano mnie z ka\u017cdej strony czyhano &nbsp; By\u0142a\u015b ze&hellip; <\/p>\n","protected":false},"author":1,"featured_media":0,"parent":0,"menu_order":0,"comment_status":"closed","ping_status":"closed","template":"","meta":{"footnotes":""},"class_list":["post-977","page","type-page","status-publish","hentry"],"_links":{"self":[{"href":"https:\/\/hubertpietka.bialystok.pl\/index.php?rest_route=\/wp\/v2\/pages\/977","targetHints":{"allow":["GET"]}}],"collection":[{"href":"https:\/\/hubertpietka.bialystok.pl\/index.php?rest_route=\/wp\/v2\/pages"}],"about":[{"href":"https:\/\/hubertpietka.bialystok.pl\/index.php?rest_route=\/wp\/v2\/types\/page"}],"author":[{"embeddable":true,"href":"https:\/\/hubertpietka.bialystok.pl\/index.php?rest_route=\/wp\/v2\/users\/1"}],"replies":[{"embeddable":true,"href":"https:\/\/hubertpietka.bialystok.pl\/index.php?rest_route=%2Fwp%2Fv2%2Fcomments&post=977"}],"version-history":[{"count":3,"href":"https:\/\/hubertpietka.bialystok.pl\/index.php?rest_route=\/wp\/v2\/pages\/977\/revisions"}],"predecessor-version":[{"id":980,"href":"https:\/\/hubertpietka.bialystok.pl\/index.php?rest_route=\/wp\/v2\/pages\/977\/revisions\/980"}],"wp:attachment":[{"href":"https:\/\/hubertpietka.bialystok.pl\/index.php?rest_route=%2Fwp%2Fv2%2Fmedia&parent=977"}],"curies":[{"name":"wp","href":"https:\/\/api.w.org\/{rel}","templated":true}]}}