{"id":9774,"date":"2025-10-12T09:44:13","date_gmt":"2025-10-12T09:44:13","guid":{"rendered":"https:\/\/hubertpietka.bialystok.pl\/?page_id=9774"},"modified":"2025-10-12T09:44:13","modified_gmt":"2025-10-12T09:44:13","slug":"odklamywanie-rzeczywistosci-obludnie-przekrecanej-przez-bestie-i-lajdakow-wszelkich-przeciwko-bozym-dzieciom","status":"publish","type":"page","link":"https:\/\/hubertpietka.bialystok.pl\/?page_id=9774","title":{"rendered":"Odk\u0142amywanie rzeczywisto\u015bci \/ ob\u0142udnie przekr\u0119canej &#8211; przez bestie i \u0142ajdak\u00f3w wszelkich \/ przeciwko Bo\u017cym dzieciom"},"content":{"rendered":"\n<p>Te bestie wykorzystuj\u0105 przeciwko<br>Mojej \u017conie wszystko<br>Nawet \u015bwi\u0119ci z kalendarza liturgicznego<br>Maj\u0105 ich bestialstwom s\u0142u\u017cy\u0107<br>Cho\u0107by jak jaki\u015b jest zwi\u0105zany<br>Z jakimi\u015b miejsami czy imiennie<br>Tak jak to pasuje bestiom<br>Je\u015bli kto\u015b cho\u0107by jest<br>Z *<strong>An-kara<\/strong>* to ma by\u0107<br>Pod\u0142ug tych bestii dla<br>*<strong>An kara<\/strong>* a mo\u017ce bydlaki<br>Powinno by\u0107 *<strong>An cara<\/strong>* ma<br>Czyli ma samoch\u00f3d ale to<br>Przecie\u017c nie pasuje ob\u0142udzie bestii<br>Albo kto\u015b jest z *<strong>An-kona<\/strong>*<br>To pod\u0142ug bydlak\u00f3w szata\u0144skich ma<br>Przecie\u017c *<strong>An kona\u0107<\/strong>* a mo\u017ce<br>Bestie jednak *<strong>An come<\/strong>* czyli<br>*<strong>An przyjd\u017a<\/strong>* do mnie b\u0105d\u017a<br>Bydlaki i tak bestialsko szata\u0144sko<br>Pod\u0142ug ob\u0142udy pod\u0142ej interpretuj\u0105 wszystko<br>Byleby tylko realizowa\u0107 swe zbrodnie<br>Albo jak *<strong>Cel-ina<\/strong>* to<br>Oczywi\u015bcie pod\u0142ug bestii zbrodni szata\u0144skich<br>*<strong>Celem Ina<\/strong>* bo przecie\u017c nie<br>Celem d\u00f3br wszelkich mi\u0142o\u015bci sprawiedliwo\u015bci<br>Pod\u0142ug Boga nie szata\u0144stw bestii<br>Albo inaczej *<strong>Ina w celi<\/strong>*<br>I tak wszystko ob\u0142udnie przek\u0142amuj\u0105<br>Pod\u0142ug d\u0105\u017ce\u0144 swych szata\u0144skich zbrodniczych<br>Te bestie byleby tylko spe\u0142nia\u0107<br>Wszelkie swe cele zbrodnicze<br>Mo\u017cna by tu jeszcze mno\u017cy\u0107 troch\u0119<br>Bestii ob\u0142ud\u0119 pod\u0142\u0105 w wa\u017ckim<br>Tym temacie ale to chyba<br>Tu wystarczy by pokaza\u0107 ob\u0142ud\u0119<br>Szata\u0144stw pod\u0142ych tych bestii pokr\u0119tnych<br>Byleby tylko ku z\u0142u<br>Dla nas naszych i naszego<br>A dzisiejszy \u015bwi\u0119ty to<br>Tak na koniec w\u0105tku tego<br>Ojciec *<strong>Bey-zym<\/strong>* to oczywi\u015bcie<br>Pod\u0142ug tych niesko\u0144czonych w ob\u0142udzie<br>Szata\u0144skich bestii ma oznacza\u0107 oczywi\u015bcie<br>*<strong>Bez niej<\/strong>* a jak\u017ce bestie<br>A mo\u017ce jednak przy wspomnieniu<br>Ojca *<strong>Bey-zyma<\/strong>* ma oznacza\u0107 bydlaki<br>Pod\u0142ug mnie *<strong>bez innych<\/strong>* \u017cadnych<br>I takie przyk\u0142ady i podobne<br>Mo\u017cna by mno\u017cy\u0107 bo przecie\u017c<br>Te bestie wszystko chc\u0105 przekr\u0119ca\u0107<br>Na nasz\u0105 niekorzy\u015b\u0107 nam przeciwko<br>A zw\u0142aszcza przeciw tej \u017conie<br>Byleby tylko realizowa\u0107 pod\u0142e szata\u0144skie<br>Wszelkie zbrodnie swoje<\/p>\n\n\n\n<p>I nawet je\u015bli ja te\u017c<br>Czasem w t\u0105 \u017con\u0119 moj\u0105<br>Uderzam niestety jako\u015b poddany s\u0142abo\u015bci<br>I pod\u015bwiadomie manipulacjom tych bestii<br>Nad czym potem bolej\u0119 bardzo<br>Bo to z gruntu niesprawiedliwe jest<br>Ta nagonka zajad\u0142a na ni\u0105<br>Zreszt\u0105 nie tylko bestii<br>Te\u017c \u0142ajdak\u00f3w zepsutych wszelkich<br>To nie zmienia sytuacji<br>\u017be ona jest mi dana<br>Ku wi\u0119kszym Bo\u017cym sprawom zawsze<br>I \u017ce jest Bo\u017c\u0105 \u0142ask\u0105<br>Nie tylko dla mnie<br>Ale i dla \u015bwiata tego<br>Dlatego tak bardzo w ni\u0105<br>Uderzaj\u0105 pod\u0142ug szatana te bestie<br>I \u0142ajdacy wszelcy bo z\u0142o<br>Zawsze chce niszczy\u0107 dzie\u0142a Bo\u017ce<br>A \u017ce ja bywam s\u0142aby<br>Do czego te\u017c przyczyniaj\u0105 si\u0119<br>Przecie\u017c wymiernie te bestie \u0142ajdacy<br>Na wszelkie sposoby to<br>Nie zmienia sytuacji w \u017caden tu spos\u00f3b<br>\u017be ona w\u0142a\u015bnie jest<br>Dla mnie najwi\u0119kszym Bo\u017cym darem<br>Wbrew wierutnym k\u0142amstwom ob\u0142udy bestii<br>I wszelkich nieugruntowanych w prawdziwych<br>Warto\u015bciach Bo\u017cych nie w k\u0142amstwach<br>R\u00f3\u017cnych \u015bwiatowych \u017ce nie wiem<br>Seks czy dzieci s\u0105 wa\u017cniejsze<br>Od Bo\u017cego sakramentu ma\u0142\u017ce\u0144stwa<br>Kt\u00f3ry dla nas jest drog\u0105<br>Wiern\u0105 ku realizacji dzie\u0142 Bo\u017cych<br>W tym zepsutym \u015bwiecie sk\u0105din\u0105d<br>Cho\u0107by takim patrzeniem przewrotnym ob\u0142udnym<br>Nie pod\u0142ug prawd warto\u015bci Bo\u017cych<br>Lecz relatywnych \u015bwiatowych niby korzy\u015bci<br>Najcz\u0119\u015bciej pod\u0142ug k\u0142amstw szata\u0144skich wszelkich<br>A ja od tej drogi z \u017con\u0105<br>Wiernej w Bogu nawet<br>Na krok nie odst\u0105pi\u0119<br>I nawet mimo mych s\u0142abo\u015bci<br>Tak mi Bo\u017ce dopom\u00f3\u017c<br>A\u017c do mego skonu<\/p>\n\n\n\n<p>A teraz inny w\u0105tek troch\u0119<br>Odszed\u0142 niedawno bo w kwietniu<br>Bardzo zas\u0142u\u017cony trener w moim<br>Tym mie\u015bcie rodzinnym dzieci\u0144stwa<br>Dla bardzo wielu pokole\u0144 pi\u0142karskich<br>Dzi\u0119kuj\u0119 Ci Panie Ry\u015bku<br>Te\u017c za mnie pi\u0142karskie ukszta\u0142towanie<br>A teraz wiem w Bogu<br>\u017be mota si\u0119 tam bardzo<br>Pod\u0142ug tych bestii w tym<br>G\u00f3rniczym klubie pi\u0142karskim gdzie wierchuszka<br>Przekr\u0119ca i histori\u0119 i rzeczywisto\u015b\u0107<br>A przecie\u017c w zeszytach Ry\u015bka<br>By\u0142o wszystko i z WF-u<br>I z klubu i pami\u0119taj\u0105<br>Te\u017c my\u015bl\u0119 ch\u0142opaki jak wtedy<br>By\u0142o i mo\u017cna to zweryfikowa\u0107<br>Nawet je\u015bli pojawiaj\u0105 si\u0119 tam<br>R\u00f3\u017cne fa\u0142szerstwa pod\u0142ug tych bestii<br>Ludzi egoistycznych i karierowicz\u00f3w<br>Kt\u00f3rzy b\u0119d\u0105c sportowcami bardzo s\u0142abymi<br>Ale za to rozpieszczonymi synkami<br>Pani nauczycielki teraz tam przekr\u0119caj\u0105<br>Cho\u0107by tacy histori\u0119 i rzeczywisto\u015b\u0107<br>Sami cho\u0107by te\u017c no zobacz<br>Rozbijaj\u0105c ma\u0142\u017ce\u0144stwo zwyk\u0142ych prostych ludzi<br>Egoizm z dzieci\u0144stwa wida\u0107<br>I zadufana w sobie ambicja<br>Tu si\u0119 przek\u0142ada cho\u0107by tak<br>To te\u017c pokazuje ich moralne<br>Rozprz\u0119\u017cenie i zepsucie a tam<br>Zawsze te\u017c wchodz\u0105 w to<br>W s\u0142abo\u015bci niemoralne takie<br>Bestie by wykorzysta\u0107 to przeciwko<br>Tym ma\u0142ym Bo\u017cym dzieciom odpowiednio<br>Ale ufam \u017ce prawda si\u0119<br>Obroni wbrew tym bestiom<br>I \u0142ajdakom sprzedajnym cho\u0107by takim<br>\u017be zreszt\u0105 obroni\u0105 si\u0119 jeszcze<br>Prawdy Bo\u017ce wsz\u0119dzie wbrew takiej<br>Cho\u0107by tu ob\u0142udzie uderzaj\u0105cej celowo<br>Oczywi\u015bcie w tych kt\u00f3rzy podpadli<br>Nienawi\u015bci bestii i wszelkich \u0142ajdak\u00f3w<br>Spoczywaj w pokoju Panie Ry\u015bku<br>A pocieszenie dla wszystkich \u017cegnaj\u0105cych<br>Ci\u0119 w prawdzie nie pod\u0142ug<br>K\u0142amstw i ob\u0142udy bestii<br>I \u0142ajdak\u00f3w wszelkich<\/p>\n\n\n\n<figure class=\"wp-block-gallery has-nested-images columns-default is-cropped wp-block-gallery-1 is-layout-flex wp-block-gallery-is-layout-flex\">\n<figure class=\"wp-block-image size-large\"><a href=\"https:\/\/hubertpietka.bialystok.pl\/wp-content\/uploads\/2025\/10\/1000029422.jpg\"><img loading=\"lazy\" decoding=\"async\" width=\"1024\" height=\"771\" data-id=\"9775\" src=\"https:\/\/hubertpietka.bialystok.pl\/wp-content\/uploads\/2025\/10\/1000029422-1024x771.jpg\" alt=\"\" class=\"wp-image-9775\" srcset=\"https:\/\/hubertpietka.bialystok.pl\/wp-content\/uploads\/2025\/10\/1000029422-1024x771.jpg 1024w, https:\/\/hubertpietka.bialystok.pl\/wp-content\/uploads\/2025\/10\/1000029422-300x226.jpg 300w, https:\/\/hubertpietka.bialystok.pl\/wp-content\/uploads\/2025\/10\/1000029422-768x578.jpg 768w, https:\/\/hubertpietka.bialystok.pl\/wp-content\/uploads\/2025\/10\/1000029422-1536x1156.jpg 1536w, https:\/\/hubertpietka.bialystok.pl\/wp-content\/uploads\/2025\/10\/1000029422.jpg 1600w\" sizes=\"auto, (max-width: 1024px) 100vw, 1024px\" \/><\/a><\/figure>\n<\/figure>\n\n\n\n<p><em>Na zdj. W pewnym sensie moje dzieci\u0144stwo<br>I m\u0142odo\u015b\u0107 imi\u0119 Ry\u015bka mia\u0142y<br>Chyba najbardziej w dw\u00f3ch najwa\u017cniejszych<br>Dla mnie wtedy \u017cycia sfer<br>W tej pi\u0142karskiej \u015bp. Trenera<br>Kt\u00f3ry ukszta\u0142towa\u0142 mnie dobrze pi\u0142karsko<br>\u017be po przyje\u017adzie tutaj jak<br>Bym tak trafi\u0142 mog\u0142em gra\u0107<br>Nawet w Jagiellonii by\u0142em<br>Do tego dobrze przygotowany<br>Kto zna prawd\u0119 ten to<br>Te\u017c przyzna niestety trafi\u0142em tu<br>W pustk\u0119 w pewnym sensie<br>Nie by\u0142o dla mnie<br>Z tym warunk\u00f3w odpowiednich<br>I wtedy pojawi\u0142 si\u0119 inny<br>Rysiek Riedel z D\u017cemem<br>Kt\u00f3ry podni\u00f3s\u0142 t\u0105 moj\u0105 m\u0142odo\u015b\u0107<br>On z t\u0105 muzyk\u0105 s\u0142owami<br>Przemawia\u0142 do mego serca<br>Wype\u0142ni\u0142 pustk\u0119 samotno\u015bci i alienacji<br>Nada\u0142 kolor\u00f3w mojej m\u0142odo\u015bci szarej<br>Chodzi\u0142em z walkmenen wsz\u0119dzie<br>S\u0142uchaj\u0105c muzyki Ry\u015bka i D\u017cemu<br>I nic mi wi\u0119cej czasem<br>Nie by\u0142o trzeba<\/em><\/p>\n\n\n\n<p><em>I teraz te bestie<br>Przez \u0142ajdak\u00f3w r\u00f3\u017cnych wszelakich<br>Uderzaj\u0105 w te moje rzeczywisto\u015bci<br>W pi\u0142karsk\u0105 pr\u00f3buj\u0105c mnie kompromitowa\u0107<br>Na przek\u00f3r prawdzie historii i<br>Tej rzeczywisto\u015bci bo przecie\u017c<br>Przed pandemi\u0105 gra\u0142em jeszcze<br>Ca\u0142kiem nie\u017ale mimo swego wieku<br>I mog\u0119 do tego powr\u00f3ci\u0107<br>Jeszcze jako\u015b mimo \u017ce bestie<br>Przecie\u017c uderzaj\u0105 we mnie<br>W moje zdrowie przez<br>Takie czy inne czynniki<br>Na ka\u017cdym kroku co ma<br>Niestety te\u017c swoje teraz prze\u0142o\u017cenia<br>Ale to mo\u017cna jeszcze przezwyci\u0119\u017cy\u0107<br>Pi\u0142ka nadal daje mi rado\u015b\u0107<br>Mimo frustracji \u017ce nie mog\u0119<br>Sprosta\u0107 przez te bestie<br>Ich dzia\u0142ania temu co jest<br>We mnie i jak m\u00f3g\u0142bym<br>Gra\u0107 i jeszcze wiem to<br>Ale tak jeszcze b\u0119dzie<br>Jak to ca\u0142e z\u0142o<br>Si\u0119 przezwyci\u0119\u017cy odpowiednio<br>Mam w sobie jeszcze potencja\u0142<br>W tym wzgl\u0119dzie kt\u00f3ry mo\u017ce<br>By\u0107 zrealizowany jeszcze przy warunkach<br>W\u0142a\u015bciwych dobrych dla mojego zdrowia<br>I bynajmniej nie o to<br>Tu bestie i \u0142ajdaki chodzi<br>\u017be ja tylko zawsze<br>Wszystko o sobie<br>Bo to jest taka ilustracja<br>Dziej\u00f3w cz\u0142owieka w walce<br>Ze z\u0142em szata\u0144skim wszelkim k\u0142amliwym<\/em><\/p>\n\n\n\n<p><em>Podobnie te bestie uderzaj\u0105<br>W tych pozosta\u0142ych D\u017cemu muzyk\u00f3w<br>W kolejnych tam wokalist\u00f3w<br>I w innych kt\u00f3rzy<br>Nie graj\u0105 na m\u0142yn bestii<br>K\u0142amstw zbrodni i ob\u0142udy wszelkiej<br>Bestie chc\u0105 przecie\u017c zniszczy\u0107 wszystko<br>Co jest dla mnie cenne<br>Bliskie dobre co mi s\u0142u\u017cy<br>Bo szatan i jego s\u0142udzy<br>Te bestie i \u0142ajdacy wszelcy<br>Upatrzyli sobie odpowiednio mnie nas<br>Naszych i nasze jako obiekty<br>Do zniszczenia najpierw bo stajemy<br>Na przek\u00f3r bestii celom zbrodniczym<br>W kt\u00f3rym ma dominowa\u0107 z\u0142o<br>Dla wszystkich tych bestii przeciwnik\u00f3w<br>A korzy\u015bci materialne i wszelakie<br>Maj\u0105 osi\u0105ga\u0107 tylko oni<br>Tak s\u0105 szata\u0144sko zepsuci<br>Dlatego uderzaj\u0105 cho\u0107by w bliskich<br>Mi muzyk\u00f3w a ilu ju\u017c<br>Zniszczyli i zabili pod\u0142ug paradygmatu<br>Wszechogarniaj\u0105cej przemocy przeciwnik\u00f3w tych bestii<br>A ilu jeszcze maj\u0105 zabi\u0107<br>Zniszczy\u0107 ilu i z r\u00f3\u017cnych<br>\u015arodowisk bliskich sercu Bo\u017cemu cz\u0142owiekowi<br>Jest jeszcze na czarnej li\u015bcie<br>Tych bestii niesko\u0144czonych w zbrodniach<br>Ob\u0142udnych szata\u0144skich pod\u0142ych i zawsze<br>Podpartych k\u0142amstwami wszelkimi bo przecie\u017c<br>Nie ukrywa\u0142y by przede mn\u0105<br>Tego wszystkiego bestie i \u0142ajdacy<br>Jakby to by\u0142o dobre jakie\u015b<br>Szatan i jego s\u0142udzy<br>Bestie i \u0142ajdacy zawsze ukrywaj\u0105<br>Swe z\u0142e intencje przed tymi<br>Kt\u00f3rzy mog\u0105 przeciwdzia\u0142a\u0107 przemocy zbrodni<br>Bestii i wszelkich im podobnych<br>By k\u0142amstwa nie mog\u0142y by\u0107<br>Poddane weryfikacji Bo\u017cej prawdy<br>Tego si\u0119 bestie \u0142ajdacy boj\u0105<br>Chyba najbardziej bo to ich<br>Kompromituje od g\u00f3ry do do\u0142u<br>I ich wszelkie z\u0142e intencje<\/em><\/p>\n\n\n\n<p class=\"has-text-align-right\">( <strong><em><a href=\"https:\/\/youtu.be\/-R1vxezOIjQ\">Ryszard Riedel &#8211; Pu\u015b\u0107 mnie matko<\/a><\/em><\/strong> )<\/p>\n","protected":false},"excerpt":{"rendered":"<p>Te bestie wykorzystuj\u0105 przeciwkoMojej \u017conie wszystkoNawet \u015bwi\u0119ci z kalendarza liturgicznegoMaj\u0105 ich bestialstwom s\u0142u\u017cy\u0107Cho\u0107by jak jaki\u015b jest zwi\u0105zanyZ jakimi\u015b miejsami czy imiennieTak jak to pasuje bestiomJe\u015bli&hellip; <\/p>\n","protected":false},"author":1,"featured_media":0,"parent":0,"menu_order":0,"comment_status":"closed","ping_status":"closed","template":"","meta":{"footnotes":""},"class_list":["post-9774","page","type-page","status-publish","hentry"],"_links":{"self":[{"href":"https:\/\/hubertpietka.bialystok.pl\/index.php?rest_route=\/wp\/v2\/pages\/9774","targetHints":{"allow":["GET"]}}],"collection":[{"href":"https:\/\/hubertpietka.bialystok.pl\/index.php?rest_route=\/wp\/v2\/pages"}],"about":[{"href":"https:\/\/hubertpietka.bialystok.pl\/index.php?rest_route=\/wp\/v2\/types\/page"}],"author":[{"embeddable":true,"href":"https:\/\/hubertpietka.bialystok.pl\/index.php?rest_route=\/wp\/v2\/users\/1"}],"replies":[{"embeddable":true,"href":"https:\/\/hubertpietka.bialystok.pl\/index.php?rest_route=%2Fwp%2Fv2%2Fcomments&post=9774"}],"version-history":[{"count":1,"href":"https:\/\/hubertpietka.bialystok.pl\/index.php?rest_route=\/wp\/v2\/pages\/9774\/revisions"}],"predecessor-version":[{"id":9776,"href":"https:\/\/hubertpietka.bialystok.pl\/index.php?rest_route=\/wp\/v2\/pages\/9774\/revisions\/9776"}],"wp:attachment":[{"href":"https:\/\/hubertpietka.bialystok.pl\/index.php?rest_route=%2Fwp%2Fv2%2Fmedia&parent=9774"}],"curies":[{"name":"wp","href":"https:\/\/api.w.org\/{rel}","templated":true}]}}