{"id":9782,"date":"2025-10-15T11:45:37","date_gmt":"2025-10-15T11:45:37","guid":{"rendered":"https:\/\/hubertpietka.bialystok.pl\/?page_id=9782"},"modified":"2025-10-15T11:45:37","modified_gmt":"2025-10-15T11:45:37","slug":"oskarzeniem-o-mowe-nienawisci-chca-zamknac-mi-usta-nienawistni-na-wszelkie-sposoby-mozliwe-i-w-slowie-w-zlorzeczeniach-i-w-czynie","status":"publish","type":"page","link":"https:\/\/hubertpietka.bialystok.pl\/?page_id=9782","title":{"rendered":"Oskar\u017ceniem o mow\u0119 nienawi\u015bci \/ chc\u0105 zamkn\u0105\u0107 mi usta &#8211; nienawistni na wszelkie sposoby mo\u017cliwe \/ i w s\u0142owie, w z\u0142orzeczeniach, i w czynie"},"content":{"rendered":"\n<p>Oskar\u017caj\u0105 mnie o mow\u0119 nienawi\u015bci<br>3b betony bydlaki i bestie<br>A w czym przejawia si\u0119<br>Nienawi\u015b\u0107 realnie i tak naprawd\u0119<br>W dzia\u0142aniu przeciwko komu\u015b z\u0142a<br>Czy ja cokolwiek zrobi\u0142em z\u0142ego<br>Tym bestiom betonom i bydlakom<br>Czy to raczej oni chc\u0105<br>Nieustannie \u017ale nam czyni\u0107<br>Naszemu i naszym i po\u017c\u0105daj\u0105<br>Te\u017c dla nas tego z\u0142a<br>Czy ja chocia\u017c im<br>Tak jak oni nam z\u0142orzecz\u0119<br>Czy przyzywam z\u0142a dla nich<br>Co oni czyni\u0105 chyba nieustannie<br>Wi\u0119c gdzie ta niby nienawi\u015b\u0107<br>U mnie w imi\u0119 kt\u00f3rej<br>Oczywi\u015bcie chc\u0105 nam z\u0142o czyni\u0107<\/p>\n\n\n\n<p>A \u017ce nazywam ich tak<br>Dobrze po kolei a czy\u017c<br>Adam Mickiewicz nie nazywa\u0142 niewiast<br>Tak w\u0142a\u015bnie *<strong>bestyje<\/strong>* najwi\u0119kszy chyba<br>Wieszcz polski chocia\u017c one maj\u0105<br>Zdecydowanie pi\u0119kniejsze oblicze ni\u017c ci<br>Dla patrz\u0105cych normalnie na \u015bwiat<br>Ale u nich przecie\u017c<br>Brak mowy nienawi\u015bci si\u0119 wi\u0105\u017ce<br>Z aprobat\u0105 i chwaleniem ich<br>Oraz ich k\u0142amstw i zbrodni<br>Wtedy mo\u017ce by\u0142bym ok<br>Ale raczej chyba nied\u0142ugo<br>Poza tym kto\u015b jak oni<br>*<strong>Kto pope\u0142nia bestialstwa jest besti\u0105<\/strong>*<br>Nawet pod\u0142ug najprostszych kategorii moralnych<br>Tak naprawd\u0119 im chodzi<br>O to bym nie m\u00f3g\u0142<br>Si\u0119 broni\u0107 bo mam tylko<br>To s\u0142owo i Boga<br>Na swoj\u0105 obron\u0119 swojego swoich<br>A przecie\u017c te\u017c kt\u00f3\u017c<br>Jak nie bestie uderzaj\u0105<br>W Ko\u015bci\u00f3\u0142 Bo\u017cy wierny nieprzerwanie<br>W tradycji g\u0142oszenia Jezusa Chrystusa<br>I w dzieci Bo\u017ce<br>Kto tu jest nienawistny ku\u017awa<br>Kto d\u0105\u017cy do zbrodni szata\u0144skich<br>Bo takimi s\u0105 one w\u0142a\u015bnie<br>Pod\u0142ug szatana przecie\u017c uderza si\u0119<br>W Bo\u017ce dzieci i wtedy<br>Jest si\u0119 szatanem przeciwnikiem Boga<\/p>\n\n\n\n<p>A \u017ce przyzywam im piek\u0142a<br>Niczego nie przyzywam nazywam tylko<br>Konsekwencje trwania w zbrodniach k\u0142amstwach<br>Czyli w grzechach ci\u0119\u017ckich<br>Wo\u0142aj\u0105cych o pomst\u0119 do nieba<br>Nie tego im nie \u017cycz\u0119<br>Ale je\u015bli si\u0119 nie nawr\u00f3c\u0105<br>Z wszelkiego szata\u0144skiego z\u0142a zbrodni<br>To ich naturalna konsekwencja czeka<br>Tak\u017ce tych kt\u00f3rzy wsp\u00f3\u0142pracuj\u0105<br>Z ich zbrodniami i k\u0142amstwami<br>Kimkolwiek by nie byli zreszt\u0105<br>A \u017ce bydlaki i betony<br>A kto nieustannie dybie<br>Ku z\u0142u i napa\u015bciom<br>Na dzieci Bo\u017ce niewinne<br>Kpi se w \u017cywe oczy<br>Z wszystkiego i wszystkich<br>Jak nie tacy nominalnie \u0142ajdacy<br>Chc\u0105c czyni\u0107 wszelkie zbrodnie bestii<br>By co\u015b tym ugrywa\u0107<br>Te\u017c dla siebie i swoich<br>A kto chwali te zbrodnie<br>Nie czyny dobre pod\u0142ug Boga<br>Kto si\u0119 zamyka na \u015bwiat\u0142o<br>Bo\u017ce wobec tego<br>Si\u0119 zamurowuje niejako od \u015brodka<br>Na wszelkie logiczne argumenty dobra<br>Jak nie betony takie w\u0142a\u015bnie<\/p>\n\n\n\n<p>A \u017ce *<strong>kana-lia<\/strong>* si\u0119 wyrazi\u0142em<br>To skr\u00f3t my\u015blowy jest pewien<br>*<strong>Kana i ja<\/strong>* cudy Bo\u017ce Jezusa<br>Wobec tego ma\u0142\u017ce\u0144stwa w Bogu<br>I ci wszyscy kt\u00f3rzy chc\u0105<br>Uderza\u0107 w t\u0105 Bo\u017c\u0105 rzeczywisto\u015b\u0107<br>I chc\u0105 niszczy\u0107 wszelkie stongwie<br>Wody kt\u00f3ra mo\u017ce przemieni\u0107 si\u0119<br>W wino z Bo\u017c\u0105 pomoc\u0105<br>W tym ma\u0142\u017ce\u0144stwie<br>Wszelkie ich aktywno\u015bci ku dobru<br>Jak\u017ce\u017c to nie kanalie<br>Skoro tak i w\u0142a\u015bnie<\/p>\n\n\n\n<p>A \u017ce *<strong>szuje<\/strong>* te\u017c mo\u017ce<br>Bo wszystko *<strong>szyj\u0105<\/strong>* grubymi k\u0142amstw i ob\u0142udy<br>Ni\u0107mi nie tylko wobec nas<br>U nich chyba tylko nienawi\u015b\u0107<br>Jest tylko prawdziwa ta w\u0142a\u015bnie<br>O kt\u00f3r\u0105 mnie oskar\u017caj\u0105<br>A w imi\u0119 te\u017c kt\u00f3rej<br>Chc\u0105 czyni\u0107 wszelkie zbrodnie bestii<\/p>\n\n\n\n<p>A \u017ce ob\u0142udniki a jak<br>Nazywa\u0142 Jezus to &#8222;plemi\u0119 \u017cmijowe<br>\u017be nie ujd\u0105 pot\u0119pienia<br>W piekle&#8221; tak On m\u00f3wi\u0142<br>Do tych kt\u00f3rzy uwa\u017caj\u0105c si\u0119<br>Za lepszych zniszczyli Syna Boga<br>Kt\u00f3rzy przek\u0142amywali wszystko byleby tylko<br>Uderza\u0107 we wszelkie rzeczywisto\u015bci Bo\u017ce<br>I wiernie s\u0142u\u017c\u0105cych Bogu<br>Tak samo czyni\u0105 oni<br>Bydlaki i bestie<br>W adoracji i ochronie wzajemnej<br>A temu wszystkiemu przyklaskuj\u0105 betony<br><br>Wi\u0119c si\u0119 odpieprzcie za przeproszeniem<br>Bo ta nomenklatura nazw<br>Z Boga jest i nazywa<br>\u015aci\u015ble wszelkie z\u0142o i prze\u015bladowania<br>Tych bestii bydlak\u00f3w i beton\u00f3w<br>Ona ma konkretnie nazywania funkcj\u0119<br>Tych kanalii i szuj niesko\u0144czonych<br>Zapami\u0119ta\u0142ych bez ko\u0144ca we wszelkich<br>Szata\u0144skich ob\u0142udnych k\u0142amstwach i zbrodniach<br>Tyle do powiedzenia mam<br>W tym temacie si\u0119 odpieprzcie<br>Wy wszyscy r\u0119ce precz<br>Od dzieci i s\u0142ug Bo\u017cych<\/p>\n\n\n\n<figure class=\"wp-block-gallery has-nested-images columns-default is-cropped wp-block-gallery-1 is-layout-flex wp-block-gallery-is-layout-flex\">\n<figure class=\"wp-block-image size-large\"><a href=\"https:\/\/hubertpietka.bialystok.pl\/wp-content\/uploads\/2025\/10\/1000029858.jpg\"><img loading=\"lazy\" decoding=\"async\" width=\"1024\" height=\"771\" data-id=\"9783\" src=\"https:\/\/hubertpietka.bialystok.pl\/wp-content\/uploads\/2025\/10\/1000029858-1024x771.jpg\" alt=\"\" class=\"wp-image-9783\" srcset=\"https:\/\/hubertpietka.bialystok.pl\/wp-content\/uploads\/2025\/10\/1000029858-1024x771.jpg 1024w, https:\/\/hubertpietka.bialystok.pl\/wp-content\/uploads\/2025\/10\/1000029858-300x226.jpg 300w, https:\/\/hubertpietka.bialystok.pl\/wp-content\/uploads\/2025\/10\/1000029858-768x578.jpg 768w, https:\/\/hubertpietka.bialystok.pl\/wp-content\/uploads\/2025\/10\/1000029858-1536x1156.jpg 1536w, https:\/\/hubertpietka.bialystok.pl\/wp-content\/uploads\/2025\/10\/1000029858.jpg 1600w\" sizes=\"auto, (max-width: 1024px) 100vw, 1024px\" \/><\/a><\/figure>\n<\/figure>\n\n\n\n<p><em>Na zdj. Jezu ufam Tobie<br>To co oni czyni\u0105<br>W ob\u0142\u0119dzie ob\u0142udy nienawistnej<br>Przekracza ju\u017c chyba wszelkie granice<br>Byleby tylko zabi\u0107 zniewoli\u0107 zniszczy\u0107<br>Nas naszych i nasze<br>I innych niewinnych<br>Mo\u017cna by to by\u0142o nazywa\u0107 nawet<br>Najgorszymi wulgaryzmami t\u0105 s\u0142u\u017cb\u0119 szatanowi<br>Ca\u0142kowit\u0105 pod\u0142ug totalno\u015bci z\u0142a wszelkiego<br>Kt\u00f3rego chc\u0105 dla wobec siebie<br>Tych nienawistnych i kt\u00f3re czyni\u0105<br>Przez takich czy innych bydlak\u00f3w<br>Te bestie te szatany w\u0142a\u015bnie<br>A betony bezwolnie przyklaskuj\u0105 zbrodniom<br>I k\u0142amstwom bydlak\u00f3w i bestii<br>I tak si\u0119 zamyka<br>To chore ko\u0142o z\u0142a szata\u0144skiego<br>Gdzie ob\u0142uda i k\u0142amstwa maj\u0105<br>Broni\u0107 i potwierdza\u0107 zbrodnie wszelkie<br>Przeciwko dzieciom Bo\u017cym zawsze wszystko<br>Byleby tylko a najlepiej by<br>Zabra\u0107 ostatni\u0105 desk\u0119 obrony ratunku<br>Tym kt\u00f3rzy si\u0119 pr\u00f3buj\u0105 ochroni\u0107<br>Przed t\u0105 ca\u0142\u0105 zgraj\u0105 nienawistn\u0105<br>Gdzie r\u0119k\u0105 r\u0119k\u0119 myje<br>By\u0142yby ty\u0142ko zap\u0119dy z\u0142a szata\u0144skiego<br>Pierwotnie tych bestii zi\u015bci\u0107<br>I ich wszelkich zepsutych poplecznik\u00f3w<br>Z\u0142em k\u0142amstwami i zbrodni aprobowaniem<br>A ja nigdy nie b\u0119d\u0119<br>Chwali\u0142 i si\u0119 zgadza\u0142<br>Na czyny szata\u0144skie tych bestii<br>I im podobnych argumentowane k\u0142amstwami<br>W ten spos\u00f3b zaprzeczy\u0142bym dziedzictwu<br>Wiernych dzieci Bo\u017cych Jego s\u0142ug<br>A ja najpierw mam<br>Si\u0119 podoba\u0107 Bogu nie ludzkiom<br>I post\u0119powa\u0107 \u015bci\u015ble wed\u0142ug Niego<br>Od czego nie mog\u0119 odst\u0105pi\u0107<br>Nawet je\u015bli chcia\u0142bym jako\u015b inaczej<br>Tak mi Bo\u017ce dopom\u00f3\u017c<br>By nie da\u0107 si\u0119 zwie\u015b\u0107<br>\u017badnej ob\u0142udnej pokr\u0119tnej k\u0142amliwej mowie<\/em><\/p>\n","protected":false},"excerpt":{"rendered":"<p>Oskar\u017caj\u0105 mnie o mow\u0119 nienawi\u015bci3b betony bydlaki i bestieA w czym przejawia si\u0119Nienawi\u015b\u0107 realnie i tak naprawd\u0119W dzia\u0142aniu przeciwko komu\u015b z\u0142aCzy ja cokolwiek zrobi\u0142em z\u0142egoTym&hellip; <\/p>\n","protected":false},"author":1,"featured_media":0,"parent":0,"menu_order":0,"comment_status":"closed","ping_status":"closed","template":"","meta":{"footnotes":""},"class_list":["post-9782","page","type-page","status-publish","hentry"],"_links":{"self":[{"href":"https:\/\/hubertpietka.bialystok.pl\/index.php?rest_route=\/wp\/v2\/pages\/9782","targetHints":{"allow":["GET"]}}],"collection":[{"href":"https:\/\/hubertpietka.bialystok.pl\/index.php?rest_route=\/wp\/v2\/pages"}],"about":[{"href":"https:\/\/hubertpietka.bialystok.pl\/index.php?rest_route=\/wp\/v2\/types\/page"}],"author":[{"embeddable":true,"href":"https:\/\/hubertpietka.bialystok.pl\/index.php?rest_route=\/wp\/v2\/users\/1"}],"replies":[{"embeddable":true,"href":"https:\/\/hubertpietka.bialystok.pl\/index.php?rest_route=%2Fwp%2Fv2%2Fcomments&post=9782"}],"version-history":[{"count":1,"href":"https:\/\/hubertpietka.bialystok.pl\/index.php?rest_route=\/wp\/v2\/pages\/9782\/revisions"}],"predecessor-version":[{"id":9784,"href":"https:\/\/hubertpietka.bialystok.pl\/index.php?rest_route=\/wp\/v2\/pages\/9782\/revisions\/9784"}],"wp:attachment":[{"href":"https:\/\/hubertpietka.bialystok.pl\/index.php?rest_route=%2Fwp%2Fv2%2Fmedia&parent=9782"}],"curies":[{"name":"wp","href":"https:\/\/api.w.org\/{rel}","templated":true}]}}