{"id":9786,"date":"2025-10-16T11:12:47","date_gmt":"2025-10-16T11:12:47","guid":{"rendered":"https:\/\/hubertpietka.bialystok.pl\/?page_id=9786"},"modified":"2025-10-16T11:12:47","modified_gmt":"2025-10-16T11:12:47","slug":"miski-obok-zwyklych-lajdakow-w-procederze-zbrodni-agresji-bestii-wobec-tych-bozych-dzieci","status":"publish","type":"page","link":"https:\/\/hubertpietka.bialystok.pl\/?page_id=9786","title":{"rendered":"Mi\u015bki obok zwyk\u0142ych \u0142ajdak\u00f3w \/ w procederze zbrodni agresji bestii &#8211; wobec tych Bo\u017cych dzieci"},"content":{"rendered":"\n<p>Bestie lubi\u0105 m\u015bci\u0107 sobie przecie\u017c<br>M\u0119\u017ca za ochron\u0119 \u017cony<br>I odwrotnie za dobro sobie<br>Wzajemnie wyrz\u0105dzone i jakiekolwiek nam<br>Jak\u017ce\u017c to nie bestie<br>Skoro mszcz\u0105 si\u0119 z\u0142em najgorszym<br>Za dobro czynione dzieciom Bo\u017cym<\/p>\n\n\n\n<p>A teraz wykorzystuj\u0105 do tego<br>Bydlak\u00f3w r\u00f3\u017cnych prywatnych zawodowych s\u0142u\u017cbowych<br>Wszystko jedno zreszt\u0105 jakich i<br>Kim by nie byli<br>Byleby tylko bestii po\u017c\u0105dania zbrodni<br>Szata\u0144skich dla nas by\u0142o wykorzystane<br>W \u015bmierci zniewoleniu zniszczeniu gwa\u0142cie<br>W zbrodniach szata\u0144skich wszelkich<br>Adekwatnie do zepsucia tych bestii<\/p>\n\n\n\n<p>A teraz uczestnicz\u0105 w tym<br>Tak\u017ce obok pospolitych cho\u0107by bandyt\u00f3w<br>Kt\u00f3rzy nas napada\u0107 maj\u0105 prowokowa\u0107<br>Tak\u017ce te bandyckie mi\u015bki<br>I inni s\u0142u\u017calcy zawodowi bestii<br>Jak\u017ce\u017c to nie jest kraj<br>Totalitarny skoro s\u0142u\u017cby si\u0119 staj\u0105<br>Aparatem represji tych bestii<br>W totalno\u015bci z\u0142a dla podpadni\u0119tych<br>Nienawi\u015bci szata\u0144skiej tych bestii<br>I \u0142ajdak\u00f3w te\u017c zreszt\u0105 wszelkich<\/p>\n\n\n\n<p>Tak\u017ce te mi\u015bki tworz\u0105 nawet<br>Pod\u0142ug tych bestii r\u00f3\u017cne zbrodni<br>Procedery ci kt\u00f3rzy maj\u0105 chroni\u0107<br>Niewinnych z bestiami wytwarzaj\u0105 zbrodnie<br>Nie tylko \u015brodki r\u00f3\u017cne represji<br>Ale tak w\u0142a\u015bnie jak dzi\u015b<br>Kiedy przy rod\u00f3wce z psami<br>Dybaki na mnie kiedy zwyk\u0142em<br>Wychodzi\u0107 tam z pieskami swymi<br>Czy\u017c nie tak mia\u0142a wygl\u0105da\u0107<br>Ta mi\u015bk\u00f3w zbrodnia \u017ce ich<br>Psy odpowiednio wyszkolone mia\u0142y wyko\u0144czy\u0107<br>Te moje a przy okazji i mo\u017ce <br>Pod\u0142ug agresji bestii mnie usadzi\u0107<br>Te\u017c przy okazji by\u0142o trzeba<br>Jak\u017ce\u017c to nie proceder zbrodni<br>Przecie\u017c wiadomo \u017ce bydlakom wszelkim<br>Tych bestii bardzo przeszkadzaj\u0105<br>Te nasze pieski w ich<br>Napa\u015bciach agresji podobnie pod\u0142ug bestii<br>Te se wymy\u015blili misi\u00f3w bandyckch<br>W takiej konfiguracji \u017ceby bydlakom<br>Wszelkim na us\u0142ugach tych bestii<br>By\u0142o nas napada\u0107 odpowiednio \u0142atwiej<br>Zreszt\u0105 te bandyckie mi\u015bki<br>I inni s\u0142u\u017calcy bandyccy<br>Od dawna uczestnicz\u0105<br>W procederach zbrodni tych bestii<br>Na sposoby chyba mo\u017cliwe wszelkie<br>Cho\u0107 udaj\u0105 wszyscy ze przypadkiem<br>\u017be oni nic tak w\u0142a\u015bnie<br>Jak te bestie bydlacy wszelcy \u0142ajdacy<br>Lubi\u0105 najbardziej pod\u0142ug ob\u0142udy pod\u0142ej<\/p>\n\n\n\n<p>A teraz moja \u017cona zosta\u0142a<br>Oczywi\u015bcie wezwana do misiarni<br>W sprawie kt\u00f3ra te\u017c zapewne<br>Pod\u0142ug tych bestii ma by\u0107<br>Rozegrana przy okazji przeciw niej<br>Z wszelkimi mo\u017cliwymi \u015brodkami represji<br>Cho\u0107 jest Bogu ducha winna<br>Wykonywa\u0142a tylko swoje obowi\u0105zki<br>I to bardzo dobrze<br>Ale to nie wa\u017cne<br>Pod\u0142ug bestii i us\u0142u\u017cnych bydlak\u00f3w<br>Trzeba j\u0105 przecie\u017c odpowiednio usadzi\u0107<br>I mnie przy okazji<br>Takie to bestie i takie<br>Mi\u015bki bydlackie na us\u0142ugach bestii<br>Jak ci inni pospolici rzezimieszki<br>Maj\u0105ce w inny spos\u00f3b czyni\u0107<br>Napa\u015bci pod\u0142ug agresywnej nienawi\u015bci bestii<br>Terroryzm bestii w tym kraju<br>Ma by\u0107 wobec ich ofiar<br>Przecie\u017c na wszelkie sposoby<br>I bez jakichkolwiek granic przyzwoito\u015bci<\/p>\n\n\n\n<figure class=\"wp-block-gallery has-nested-images columns-default is-cropped wp-block-gallery-1 is-layout-flex wp-block-gallery-is-layout-flex\">\n<figure class=\"wp-block-image size-large\"><a href=\"https:\/\/hubertpietka.bialystok.pl\/wp-content\/uploads\/2025\/10\/1000030056.jpg\"><img loading=\"lazy\" decoding=\"async\" width=\"1024\" height=\"771\" data-id=\"9787\" src=\"https:\/\/hubertpietka.bialystok.pl\/wp-content\/uploads\/2025\/10\/1000030056-1024x771.jpg\" alt=\"\" class=\"wp-image-9787\" srcset=\"https:\/\/hubertpietka.bialystok.pl\/wp-content\/uploads\/2025\/10\/1000030056-1024x771.jpg 1024w, https:\/\/hubertpietka.bialystok.pl\/wp-content\/uploads\/2025\/10\/1000030056-300x226.jpg 300w, https:\/\/hubertpietka.bialystok.pl\/wp-content\/uploads\/2025\/10\/1000030056-768x578.jpg 768w, https:\/\/hubertpietka.bialystok.pl\/wp-content\/uploads\/2025\/10\/1000030056-1536x1156.jpg 1536w, https:\/\/hubertpietka.bialystok.pl\/wp-content\/uploads\/2025\/10\/1000030056.jpg 1600w\" sizes=\"auto, (max-width: 1024px) 100vw, 1024px\" \/><\/a><\/figure>\n<\/figure>\n\n\n\n<p><strong>I ani mi Ani bydlaki<br>Bo popami\u0119tacie na zawsze<br>Na amen jak nale\u017cy post\u0119powa\u0107<br>Wiernie pod\u0142ug spraw Bo\u017cych<br>A nie przemocy totalnej bestii<br>Z nami naszymi i naszym<br>I niech spadaj\u0105 ci wszelcy<br>Skorumpowani z\u0142em tych bestii \u0142ajdacy<\/strong><\/p>\n\n\n\n<p class=\"has-text-align-center\"><em>Uwaga! Nie dla dzieci!!!<\/em><\/p>\n\n\n\n<p>&#8211;<\/p>\n\n\n\n<p class=\"has-text-align-right\"><strong><em><a href=\"https:\/\/youtu.be\/KaCPB8tF1EU\">Apteka &#8211; Menda <\/a><\/em><\/strong><\/p>\n","protected":false},"excerpt":{"rendered":"<p>Bestie lubi\u0105 m\u015bci\u0107 sobie przecie\u017cM\u0119\u017ca za ochron\u0119 \u017conyI odwrotnie za dobro sobieWzajemnie wyrz\u0105dzone i jakiekolwiek namJak\u017ce\u017c to nie bestieSkoro mszcz\u0105 si\u0119 z\u0142em najgorszymZa dobro czynione&hellip; <\/p>\n","protected":false},"author":1,"featured_media":0,"parent":0,"menu_order":0,"comment_status":"closed","ping_status":"closed","template":"","meta":{"footnotes":""},"class_list":["post-9786","page","type-page","status-publish","hentry"],"_links":{"self":[{"href":"https:\/\/hubertpietka.bialystok.pl\/index.php?rest_route=\/wp\/v2\/pages\/9786","targetHints":{"allow":["GET"]}}],"collection":[{"href":"https:\/\/hubertpietka.bialystok.pl\/index.php?rest_route=\/wp\/v2\/pages"}],"about":[{"href":"https:\/\/hubertpietka.bialystok.pl\/index.php?rest_route=\/wp\/v2\/types\/page"}],"author":[{"embeddable":true,"href":"https:\/\/hubertpietka.bialystok.pl\/index.php?rest_route=\/wp\/v2\/users\/1"}],"replies":[{"embeddable":true,"href":"https:\/\/hubertpietka.bialystok.pl\/index.php?rest_route=%2Fwp%2Fv2%2Fcomments&post=9786"}],"version-history":[{"count":1,"href":"https:\/\/hubertpietka.bialystok.pl\/index.php?rest_route=\/wp\/v2\/pages\/9786\/revisions"}],"predecessor-version":[{"id":9788,"href":"https:\/\/hubertpietka.bialystok.pl\/index.php?rest_route=\/wp\/v2\/pages\/9786\/revisions\/9788"}],"wp:attachment":[{"href":"https:\/\/hubertpietka.bialystok.pl\/index.php?rest_route=%2Fwp%2Fv2%2Fmedia&parent=9786"}],"curies":[{"name":"wp","href":"https:\/\/api.w.org\/{rel}","templated":true}]}}