{"id":9790,"date":"2025-10-16T22:41:46","date_gmt":"2025-10-16T22:41:46","guid":{"rendered":"https:\/\/hubertpietka.bialystok.pl\/?page_id=9790"},"modified":"2025-10-16T22:41:46","modified_gmt":"2025-10-16T22:41:46","slug":"chcecie-bbe-to-prosze-black-ie-bydlaki-i-betony-na-uslugach-bestii-i-obludy","status":"publish","type":"page","link":"https:\/\/hubertpietka.bialystok.pl\/?page_id=9790","title":{"rendered":"Chcecie &#8222;bbe&#8221; to prosz\u0119 \/ *black-ie* bydlaki i betony &#8211; na us\u0142ugach bestii i ob\u0142udy"},"content":{"rendered":"\n<p>\u017be ja nie wiem co chc\u0119<br>I co robi\u0119 co za<br>Sk\u00f3rsyny Panie m\u00f3j kochany Bo\u017ce<br>Byleby tylko wszystko pod\u0142ug tych<br>Bestii i bydlak\u00f3w wszelakich<br>Byleby tylko caly \u015bwiat zszatani\u0107<br>To si\u0119 ku\u017awa zdziwicie<br>Takie the bille<br>Wmawiaj\u0105c to co jest ca\u0142kowicie<br>I z gruntu przeciwne mi<br>I w Bogu warto\u015bciom Bo\u017cym<\/p>\n\n\n\n<p>I chyba ich ca\u0142kowicie popieprzy\u0142o<br>\u017be nie do\u015b\u0107 \u017ce mam<br>Si\u0119 zgodzi\u0107 na \u015bmier\u0107 \u017cony<br>To jeszcze b\u0119d\u0105 mi mo\u017ce<br>Bestie czy bydlaki wybiera\u0107 nast\u0119pczyni\u0119<br>Gdzie\u015b si\u0119 poca\u0142ujcie bo nawet<br>Gdyby by\u0142a taka opcja nikogo<br>By\u015bcie mi nie wybierali<br>Nawet je\u015bli ale tak nie jest i<br>Nie b\u0119dzie powiedzia\u0142em i tego<br>Nie zmieni\u0119 tak\u017ce te gwiazdy<br>Niech se szukaj\u0105 innych miejsc<br>Na spe\u0142nianie swych wy\u017cszych cel\u00f3w<br>Swej egzystencji na pewno bynajmniej<br>Nie przy mnie tak<br>Nie b\u0119dzie nigdy powiedzia\u0142em tak\u017ce<br>Wasze plebiscyty se mo\u017cecie wsadzi\u0107<br>Wiecie gdzie chyba<br>Czy mam si\u0119 wyrazi\u0107 dosadnie<\/p>\n\n\n\n<p>A teraz to bydle podwijskie<br>Jest tak *<strong>black-ie<\/strong>* pod\u0142ug bestii<br>W zacie\u015bnianiu szata\u0144skim z nimi<br>Zgodnym ca\u0142kowicie w ich zbrodniach<br>\u017be nale\u017cy mu si\u0119 to<br>Miano wymiernie bardzo czy tam<br>Zreszt\u0105 i jakim \u0142ajdacz\u0105cym bydlakom<br>Tam na rod\u00f3wce na wsi<br>Czy gdziekolwiek zreszt\u0105 zawodowym prywatnym<br>I wreszcie chyba znalaz\u0142em miano<br>Odpowiednie dla tych wszystkich bydlak\u00f3w<br>Bo zaciemniaj\u0105 rzeczywisto\u015b\u0107 ku napa\u015bciom<br>Ca\u0142kowicie pod\u0142ug tych szata\u0144skich bestii<br>Takie te\u017c s\u0105 i betony<br>Akceptuj\u0105ce ich zbrodnie ku celom<br>Pod\u0142ug ob\u0142udy prostej niby wy\u017cszym<br>Ca\u0142kowicie przecie\u017c pod\u0142ug tych bestii<br>Niesko\u0144czonej w szata\u0144stwach zbrodniach k\u0142amstwach<br>W ich mno\u017ceniu chyba nigdy<\/p>\n\n\n\n<figure class=\"wp-block-gallery has-nested-images columns-default is-cropped wp-block-gallery-1 is-layout-flex wp-block-gallery-is-layout-flex\">\n<figure class=\"wp-block-image size-large\"><a href=\"https:\/\/hubertpietka.bialystok.pl\/wp-content\/uploads\/2025\/10\/1000030115.jpg\"><img loading=\"lazy\" decoding=\"async\" width=\"1024\" height=\"771\" data-id=\"9791\" src=\"https:\/\/hubertpietka.bialystok.pl\/wp-content\/uploads\/2025\/10\/1000030115-1024x771.jpg\" alt=\"\" class=\"wp-image-9791\" srcset=\"https:\/\/hubertpietka.bialystok.pl\/wp-content\/uploads\/2025\/10\/1000030115-1024x771.jpg 1024w, https:\/\/hubertpietka.bialystok.pl\/wp-content\/uploads\/2025\/10\/1000030115-300x226.jpg 300w, https:\/\/hubertpietka.bialystok.pl\/wp-content\/uploads\/2025\/10\/1000030115-768x578.jpg 768w, https:\/\/hubertpietka.bialystok.pl\/wp-content\/uploads\/2025\/10\/1000030115-1536x1156.jpg 1536w, https:\/\/hubertpietka.bialystok.pl\/wp-content\/uploads\/2025\/10\/1000030115.jpg 1600w\" sizes=\"auto, (max-width: 1024px) 100vw, 1024px\" \/><\/a><\/figure>\n<\/figure>\n\n\n\n<p><em>Na zdj. I zobacz pod\u0142ug tych bestii<br>Mo\u017cna to przedstawi\u0107 nast\u0119puj\u0105co \u017ce<br>\u015aw. Micha\u0142 Archanio\u0142 ma uderza\u0107<br>W Matk\u0119 Bo\u017c\u0105 ob\u0142\u0119d to sko\u0144czony po to<br>By te bestie szata\u0144skie<br>I wszelcy \u0142ajdacy mogli spe\u0142nia\u0107<br>Wszelkie swe zbrodnie pod\u0142ug k\u0142amstw<br>Ob\u0142udy najgorszej zawsze i wsz\u0119dzie<br>A zw\u0142aszcza wobec tych<br>Dzieci Bo\u017cych niewinnych nienawi\u015bci<br>Szatana i post\u0119puj\u0105cych pod\u0142ug niego<br>Ca\u0142kowicie tych bestii bydlak\u00f3w beton\u00f3w<br>*<strong>Black-ich<\/strong>* ca\u0142kowicie szata\u0144stwami tych bestii<\/em><\/p>\n\n\n\n<p><strong>I lepiej \u017ceby\u015bcie si\u0119<br>Nie przekonali czy ja wiem<br>Czy nie wiem co robi\u0119<br>I co m\u00f3wi\u0119 i czy to wszystko<br>B\u0119dzie mia\u0142o odniesienia swoje<br>Bo si\u0119 przekonacie raz tylko<\/strong><\/p>\n\n\n\n<p>Ps. A jutro pewna komisja<br>Pod\u0142ug tych bestii zapewne<br>Nie mo\u017cemy liczy\u0107 na wsparcie<br>Chyba \u017cadne a zw\u0142aszcza materialne<br>Takie to bestie i bydlaki<br>Na ich us\u0142ugach zreszt\u0105 wsz\u0119dzie<br>A mo\u017ce b\u0119d\u0105 te\u017c chcieli<br>Wykorzysta\u0107 s\u0142u\u017cbist\u00f3w zdrowia do innych<br>Jeszcze zbrodni swoich do kt\u00f3rych<br>D\u0105\u017c\u0105 ci\u0105gle przecie\u017c przez takich<br>Czy innych zepsutych moralnie<br>W z\u0142u bestii i ob\u0142udzie<br>Wymiernie *<strong>black-ich<\/strong>* \u0142ajdak\u00f3w<\/p>\n","protected":false},"excerpt":{"rendered":"<p>\u017be ja nie wiem co chc\u0119I co robi\u0119 co zaSk\u00f3rsyny Panie m\u00f3j kochany Bo\u017ceByleby tylko wszystko pod\u0142ug tychBestii i bydlak\u00f3w wszelakichByleby tylko caly \u015bwiat zszatani\u0107To&hellip; <\/p>\n","protected":false},"author":1,"featured_media":0,"parent":0,"menu_order":0,"comment_status":"closed","ping_status":"closed","template":"","meta":{"footnotes":""},"class_list":["post-9790","page","type-page","status-publish","hentry"],"_links":{"self":[{"href":"https:\/\/hubertpietka.bialystok.pl\/index.php?rest_route=\/wp\/v2\/pages\/9790","targetHints":{"allow":["GET"]}}],"collection":[{"href":"https:\/\/hubertpietka.bialystok.pl\/index.php?rest_route=\/wp\/v2\/pages"}],"about":[{"href":"https:\/\/hubertpietka.bialystok.pl\/index.php?rest_route=\/wp\/v2\/types\/page"}],"author":[{"embeddable":true,"href":"https:\/\/hubertpietka.bialystok.pl\/index.php?rest_route=\/wp\/v2\/users\/1"}],"replies":[{"embeddable":true,"href":"https:\/\/hubertpietka.bialystok.pl\/index.php?rest_route=%2Fwp%2Fv2%2Fcomments&post=9790"}],"version-history":[{"count":1,"href":"https:\/\/hubertpietka.bialystok.pl\/index.php?rest_route=\/wp\/v2\/pages\/9790\/revisions"}],"predecessor-version":[{"id":9792,"href":"https:\/\/hubertpietka.bialystok.pl\/index.php?rest_route=\/wp\/v2\/pages\/9790\/revisions\/9792"}],"wp:attachment":[{"href":"https:\/\/hubertpietka.bialystok.pl\/index.php?rest_route=%2Fwp%2Fv2%2Fmedia&parent=9790"}],"curies":[{"name":"wp","href":"https:\/\/api.w.org\/{rel}","templated":true}]}}