{"id":9794,"date":"2025-10-17T21:50:07","date_gmt":"2025-10-17T21:50:07","guid":{"rendered":"https:\/\/hubertpietka.bialystok.pl\/?page_id=9794"},"modified":"2025-10-17T21:50:07","modified_gmt":"2025-10-17T21:50:07","slug":"intencje-bydlakow-i-bestii-a-nasza-praca-ku-dobru","status":"publish","type":"page","link":"https:\/\/hubertpietka.bialystok.pl\/?page_id=9794","title":{"rendered":"Intencje bydlak\u00f3w i bestii \/ a nasza praca ku dobru"},"content":{"rendered":"\n<p>A teraz rozeznajcie sami<br>Jakie to bydle podwijskie<br>Ma intencje i te bestie<br>Bo on wszystko pod\u0142ug nich<br>Taki to jest \u0142ajdak black-i<br>\u017be udaje \u017ce nic nie wie tego<br>\u017be wyrz\u0105dzi\u0142em im dzisiaj przys\u0142ug\u0119<br>I ma ta wij\u0105ca si\u0119<br>Zawsze wok\u00f3\u0142 bestii black-o\u015b\u0107 pod\u0142a<br>Napada\u0107 teraz na t\u0105 kobiet\u0119<br>Kt\u00f3ra jest tam beze mnie<br>To bydle pod\u0142ug tych bestii<br>Wyprze si\u0119 przecie\u017c ka\u017cdej prawdy<br>Byleby tylko pod\u0142ug nich \u0142ajdaczy\u0107<br>Ale zobaczcie sami za chwil\u0119<br>Po tej mojej interwencji<br>Sami widzicie \u017ce bez<br>Z\u0142ych jakich\u015b moich zamys\u0142\u00f3w<br>Wr\u0119cz przeciwnie ta jego gwiazda<br>Przestawi\u0142a samoch\u00f3d i dzi\u0119ki temu<br>Robotnicy mogli doko\u0144czy\u0107 swoj\u0105 prac\u0119<br>Skan w za\u0142\u0105czniku tej rozmowy<br>Sami os\u0105d\u017acie jakie intencje<br>Ma zatem to bydle<br>I steruj\u0105ce nim zawsze bestie<br>We wszystkim bo to pewnie<br>Te\u017c z ich podst\u0119pnego poduszczenia<br>By ten \u0142ajdak m\u00f3g\u0142 napa\u015b\u0107<br>Co za ob\u0142uda ob\u0142\u0119dnie sroga<\/p>\n\n\n\n<figure class=\"wp-block-gallery has-nested-images columns-default is-cropped wp-block-gallery-1 is-layout-flex wp-block-gallery-is-layout-flex\">\n<figure class=\"wp-block-image size-large\"><a href=\"https:\/\/hubertpietka.bialystok.pl\/wp-content\/uploads\/2025\/10\/1000030215.jpg\"><img loading=\"lazy\" decoding=\"async\" width=\"444\" height=\"1024\" data-id=\"9795\" src=\"https:\/\/hubertpietka.bialystok.pl\/wp-content\/uploads\/2025\/10\/1000030215-444x1024.jpg\" alt=\"\" class=\"wp-image-9795\" srcset=\"https:\/\/hubertpietka.bialystok.pl\/wp-content\/uploads\/2025\/10\/1000030215-444x1024.jpg 444w, https:\/\/hubertpietka.bialystok.pl\/wp-content\/uploads\/2025\/10\/1000030215-130x300.jpg 130w, https:\/\/hubertpietka.bialystok.pl\/wp-content\/uploads\/2025\/10\/1000030215-768x1770.jpg 768w, https:\/\/hubertpietka.bialystok.pl\/wp-content\/uploads\/2025\/10\/1000030215-889x2048.jpg 889w, https:\/\/hubertpietka.bialystok.pl\/wp-content\/uploads\/2025\/10\/1000030215.jpg 936w\" sizes=\"auto, (max-width: 444px) 100vw, 444px\" \/><\/a><\/figure>\n<\/figure>\n\n\n\n<p>Zreszt\u0105 sami to os\u0105d\u017acie<br>Jego ich i moje nasze<br>Intencje i rol\u0119 w tym<br>Tych w\u0142a\u015bnie bestii<br>Kt\u00f3re przecie\u017c jak terrory\u015bci zbrodniczy<br>Uderzaj\u0105 cho\u0107by przez takich bydlak\u00f3w<br>W ka\u017cd\u0105 nasz\u0105 rzeczywisto\u015b\u0107<br>W nasz\u0105 prac\u0119 pojazdy schronienie<br>W te zwierz\u0119ta i bliskich<br>I oczywi\u015bcie w zdrowie<br>W wolno\u015b\u0107 i w \u017cycie<br>Przez bydlak\u00f3w \u0142ajdackich w ka\u017cdym<br>Mo\u017cliwym tylko miejscu i wsz\u0119dzie<br>Maj\u0105 przecie\u017c bydlak\u00f3w black-ich wsz\u0119dzie<br>Prywatnych zawodowych i tych s\u0142u\u017cbist\u00f3w bestii bandyckich<br>Tam ta podwija bydlak okrutny<br>Tu na rod\u00f3wce i tam na wsi<br>Wsz\u0119dzie odpowiednie pod\u0142ug bestii bydlaki<br>A \u0142ajdacz\u0105 si\u0119 tak\u017ce pod\u0142ug<br>Tych bestii cho\u0107by misie bandyckie<br>Bo moja \u017cona zosta\u0142a wezwana<br>Do mi\u015bkowni w charakterze \u015bwiadka<br>Ale znaj\u0105c te bestie<br>I im podleg\u0142ych \u0142ajdak\u00f3w<br>Mo\u017cna zmieni\u0107 zapewne kwalifikacj\u0119 sprawy<br>Z \u015bwiadka na oskar\u017conego<br>Przecie\u017c te bestie i ich<br>\u0141ajdacy wszelcy s\u0105 w z\u0142u<br>Dla nas naszego i naszych<br>Bezwzgl\u0119dni tak\u017ce te mi\u015bki bandyckie<\/p>\n\n\n\n<p class=\"has-text-align-center\"><em>Uwaga : nie dla dzieci!<\/em><\/p>\n\n\n\n<p class=\"has-text-align-right\"><strong><em><a href=\"https:\/\/youtu.be\/mVEbEjWPT1g\">Kult &#8211; Krew jak \u015bnieg <\/a><\/em><\/strong><\/p>\n","protected":false},"excerpt":{"rendered":"<p>A teraz rozeznajcie samiJakie to bydle podwijskieMa intencje i te bestieBo on wszystko pod\u0142ug nichTaki to jest \u0142ajdak black-i\u017be udaje \u017ce nic nie wie tego\u017be&hellip; <\/p>\n","protected":false},"author":1,"featured_media":0,"parent":0,"menu_order":0,"comment_status":"closed","ping_status":"closed","template":"","meta":{"footnotes":""},"class_list":["post-9794","page","type-page","status-publish","hentry"],"_links":{"self":[{"href":"https:\/\/hubertpietka.bialystok.pl\/index.php?rest_route=\/wp\/v2\/pages\/9794","targetHints":{"allow":["GET"]}}],"collection":[{"href":"https:\/\/hubertpietka.bialystok.pl\/index.php?rest_route=\/wp\/v2\/pages"}],"about":[{"href":"https:\/\/hubertpietka.bialystok.pl\/index.php?rest_route=\/wp\/v2\/types\/page"}],"author":[{"embeddable":true,"href":"https:\/\/hubertpietka.bialystok.pl\/index.php?rest_route=\/wp\/v2\/users\/1"}],"replies":[{"embeddable":true,"href":"https:\/\/hubertpietka.bialystok.pl\/index.php?rest_route=%2Fwp%2Fv2%2Fcomments&post=9794"}],"version-history":[{"count":1,"href":"https:\/\/hubertpietka.bialystok.pl\/index.php?rest_route=\/wp\/v2\/pages\/9794\/revisions"}],"predecessor-version":[{"id":9796,"href":"https:\/\/hubertpietka.bialystok.pl\/index.php?rest_route=\/wp\/v2\/pages\/9794\/revisions\/9796"}],"wp:attachment":[{"href":"https:\/\/hubertpietka.bialystok.pl\/index.php?rest_route=%2Fwp%2Fv2%2Fmedia&parent=9794"}],"curies":[{"name":"wp","href":"https:\/\/api.w.org\/{rel}","templated":true}]}}