{"id":9799,"date":"2025-10-18T23:58:03","date_gmt":"2025-10-18T23:58:03","guid":{"rendered":"https:\/\/hubertpietka.bialystok.pl\/?page_id=9799"},"modified":"2025-10-18T23:58:03","modified_gmt":"2025-10-18T23:58:03","slug":"doczepic-klony-ktore-maja-kompromitowac-postawy-boze-szatanstwo-besti-niewypowiedziane-i-nieskonczone","status":"publish","type":"page","link":"https:\/\/hubertpietka.bialystok.pl\/?page_id=9799","title":{"rendered":"Doczepi\u0107 klony \/ kt\u00f3re maj\u0105 kompromitowa\u0107 postawy Bo\u017ce &#8211; szata\u0144stwo besti niewypowiedziane i niesko\u0144czone"},"content":{"rendered":"\n<p>B\u00f3g objawi\u0142 mi jedn\u0105 spraw\u0119<br>Wa\u017cn\u0105 i wa\u017ck\u0105 wra\u017cliw\u0105 tak\u017ce<br>Da\u0142 mi to odpowiednio pozna\u0107<br>\u017be te bestie chc\u0105 odpowiednio<br>Do mnie klona przyczepi\u0107<br>S\u0105 dzi\u015b takie mo\u017cliwo\u015bci<br>By mnie kompromitowa\u0107<br>Na wszelkie sposoby pr\u00f3buj\u0105 przecie\u017c<br>A takie mo\u017cliwo\u015b\u0107 AI daje tu cho\u0107by<br>Fabrykowania czyjej\u015b postaci<br>W r\u00f3\u017cnych sytuacjach w zale\u017cno\u015bci<br>Od tu niecnych postaw wstr\u0119tnych<br>Tak\u017ce je\u015bli mnie zobaczycie w takich<br>W\u0105tpliwych sytuacjach odmiennych od postawy<br>Mojej kt\u00f3r\u0105 wiernie prezentuj\u0119<br>Ju\u017c od lat tylu<br>To nie wierzcie<br>Ale uwierzcie tak dzia\u0142aj\u0105 bestie<br>Tak te\u017c w\u0142a\u015bnie chc\u0105 uderza\u0107<br>By podwa\u017cy\u0107 moj\u0105 za warto\u015bciami<br>Tymi Bo\u017cymi i uniwersalnymi<br>D\u0105\u017cno\u015b\u0107 wiern\u0105 i nieustann\u0105<br>Powiedzia\u0142em wam o tym<br>Bo Ci chc\u0105 wykorzysta\u0107<br>Ka\u017cde mo\u017cliwe z\u0142o by uderza\u0107<br>W nas naszych i nasze<br>I gwarantuj\u0119 te\u017c wam<br>\u017be moja postawa jest niezmienna<br>W tych wszystkich postawach fundamentalnych<br>Tak\u017ce jak zobaczycie sytuacje takie<br>Uderzaj\u0105ce w moj\u0105 czyst\u0105 podstaw\u0119<br>To nie wierzcie bydlakom bestiom<\/p>\n\n\n\n<p>A moja postawa si\u0119 tu<br>Nie zmieni tak\u017ce wobec \u017cony<br>I wszystkiego co jest wa\u017cne<br>Bo ona jest z Boga<br>Ja tylko absorbuj\u0119 i przekazuj\u0119<br>Spu\u015bcizn\u0119 ca\u0142\u0105 wiernych warto\u015bci Bo\u017cych<br>Je\u015bli zobaczycie co\u015b co to<br>Podwa\u017ca o\u015bmiesza czy temu przeczy<br>To nie wierzcie szata\u0144skim bestiom<\/p>\n\n\n\n<p>I ani mi Ani<br>Z nami naszymi i naszym<br>Przecie\u017c to s\u0105 bestie<br>Maj\u0105ce na us\u0142ugach r\u00f3\u017cnych bydlak\u00f3w<br>Zawodowych s\u0142u\u017cbowych i prywatnych<br>Pod\u0142ug zreszt\u0105 ich zepsucia wewn\u0119trznego<br>Bo na tym bazuj\u0105<br>Te szata\u0144skie bestie na z\u0142u<br>Wszelkim najpierw w cz\u0142owieku<br>By to znale\u017a\u0107 te\u017c mog\u0142o<br>Odd\u017awi\u0119k odpowiedni w ich<br>K\u0142amstwach ob\u0142udnych i zbrodniach wszelkich<br>W \u015bmierci zniewoleniu gwa\u0142cie zniszczeniu<br>Kt\u00f3re te bestie szata\u0144skie propaguj\u0105<br>Ceni\u0105 i tym determinuj\u0105 wszystko<\/p>\n\n\n\n<p><em>Dzi\u015b wspominany \u015bw. *<strong>\u0141-ukasz<\/strong>*<br>Ty Bo\u017ce te bestie<br>I \u0142ajdak\u00f3w wszelkich<br>Na ich us\u0142ugach sam *<strong>uka\u017c<\/strong>*<br>Pod\u0142ug Twej sprawiedliwo\u015bci wobec<br>Szyderc\u00f3w kpiarzy z\u0142oczy\u0144c\u00f3w oszust\u00f3w wszelkich<\/em><\/p>\n\n\n\n<figure class=\"wp-block-gallery has-nested-images columns-default is-cropped wp-block-gallery-1 is-layout-flex wp-block-gallery-is-layout-flex\">\n<figure class=\"wp-block-image size-large\"><a href=\"https:\/\/hubertpietka.bialystok.pl\/wp-content\/uploads\/2025\/10\/1000030230.jpg\"><img loading=\"lazy\" decoding=\"async\" width=\"771\" height=\"1024\" data-id=\"9800\" src=\"https:\/\/hubertpietka.bialystok.pl\/wp-content\/uploads\/2025\/10\/1000030230-771x1024.jpg\" alt=\"\" class=\"wp-image-9800\" srcset=\"https:\/\/hubertpietka.bialystok.pl\/wp-content\/uploads\/2025\/10\/1000030230-771x1024.jpg 771w, https:\/\/hubertpietka.bialystok.pl\/wp-content\/uploads\/2025\/10\/1000030230-226x300.jpg 226w, https:\/\/hubertpietka.bialystok.pl\/wp-content\/uploads\/2025\/10\/1000030230-768x1021.jpg 768w, https:\/\/hubertpietka.bialystok.pl\/wp-content\/uploads\/2025\/10\/1000030230-1156x1536.jpg 1156w, https:\/\/hubertpietka.bialystok.pl\/wp-content\/uploads\/2025\/10\/1000030230.jpg 1204w\" sizes=\"auto, (max-width: 771px) 100vw, 771px\" \/><\/a><\/figure>\n<\/figure>\n\n\n\n<p><strong>Na zdj. Kr\u00f3lowa R\u00f3\u017ca\u0144ca \u015awi\u0119tego<br>Niech zawsze otacza nas<br>Naszych i nasze i ludzi<br>Dobrej woli wszelkich kr\u0105g modlitwy<br>Zgodnej koherentnej te\u017c z \u017cyciem<br>Wtedy jedno\u015b\u0107 z Bogiem<br>Tu uzupe\u0142nia si\u0119 i dope\u0142nia<br>Wbrew z\u0142u szata\u0144skiemu bestii<br>\u0141ajdak\u00f3w i beton\u00f3w<br>Aspirant\u00f3w i aprobant\u00f3w wszelakich<br>Wobec k\u0142amstw ob\u0142udy zbrodni bestii<\/strong><\/p>\n","protected":false},"excerpt":{"rendered":"<p>B\u00f3g objawi\u0142 mi jedn\u0105 spraw\u0119Wa\u017cn\u0105 i wa\u017ck\u0105 wra\u017cliw\u0105 tak\u017ceDa\u0142 mi to odpowiednio pozna\u0107\u017be te bestie chc\u0105 odpowiednioDo mnie klona przyczepi\u0107S\u0105 dzi\u015b takie mo\u017cliwo\u015bciBy mnie kompromitowa\u0107Na&hellip; <\/p>\n","protected":false},"author":1,"featured_media":0,"parent":0,"menu_order":0,"comment_status":"closed","ping_status":"closed","template":"","meta":{"footnotes":""},"class_list":["post-9799","page","type-page","status-publish","hentry"],"_links":{"self":[{"href":"https:\/\/hubertpietka.bialystok.pl\/index.php?rest_route=\/wp\/v2\/pages\/9799","targetHints":{"allow":["GET"]}}],"collection":[{"href":"https:\/\/hubertpietka.bialystok.pl\/index.php?rest_route=\/wp\/v2\/pages"}],"about":[{"href":"https:\/\/hubertpietka.bialystok.pl\/index.php?rest_route=\/wp\/v2\/types\/page"}],"author":[{"embeddable":true,"href":"https:\/\/hubertpietka.bialystok.pl\/index.php?rest_route=\/wp\/v2\/users\/1"}],"replies":[{"embeddable":true,"href":"https:\/\/hubertpietka.bialystok.pl\/index.php?rest_route=%2Fwp%2Fv2%2Fcomments&post=9799"}],"version-history":[{"count":1,"href":"https:\/\/hubertpietka.bialystok.pl\/index.php?rest_route=\/wp\/v2\/pages\/9799\/revisions"}],"predecessor-version":[{"id":9801,"href":"https:\/\/hubertpietka.bialystok.pl\/index.php?rest_route=\/wp\/v2\/pages\/9799\/revisions\/9801"}],"wp:attachment":[{"href":"https:\/\/hubertpietka.bialystok.pl\/index.php?rest_route=%2Fwp%2Fv2%2Fmedia&parent=9799"}],"curies":[{"name":"wp","href":"https:\/\/api.w.org\/{rel}","templated":true}]}}