{"id":9811,"date":"2025-10-25T08:49:38","date_gmt":"2025-10-25T08:49:38","guid":{"rendered":"https:\/\/hubertpietka.bialystok.pl\/?page_id=9811"},"modified":"2025-10-25T08:49:38","modified_gmt":"2025-10-25T08:49:38","slug":"scigaja-zajadle-bestie-boze-dzieci","status":"publish","type":"page","link":"https:\/\/hubertpietka.bialystok.pl\/?page_id=9811","title":{"rendered":"\u015acigaj\u0105 zajadle bestie \/ Bo\u017ce dzieci"},"content":{"rendered":"\n<p>Bestie<br>Bo \u015bcigaj\u0105 nieustannie zawsze<br>Nienawistnie szata\u0144sko z\u0142owrogo<br>\u015amierci\u0105 zniewoleniem gwa\u0142tem i zniszczeniem<br>Dzieci Bo\u017ce w pokorze<br>Przemoc\u0105 wszelkich zideologizowanych my\u015bleniem bestii<\/p>\n\n\n\n<p>Bo maj\u0105 na to<br>Bydlak\u00f3w \u0142ajdacz\u0105cych wsz\u0119dzie i zawsze<br>Ca\u0142kowicie wed\u0142ug po\u017c\u0105da\u0144 tych bestii<br>Wszystko jedno w jaki spos\u00f3b<br>Ma si\u0119 objawia\u0107 bestii szata\u0144stwo<br>I kogokolwiek by tego<br>Jakichkolwiek sprzedawczyk\u00f3w by wykorzystali<br>Zawodowych prywatnych czy<br>s\u0142u\u017cbistowych jakich<\/p>\n\n\n\n<figure class=\"wp-block-gallery has-nested-images columns-default is-cropped wp-block-gallery-1 is-layout-flex wp-block-gallery-is-layout-flex\">\n<figure class=\"wp-block-image size-large\"><a href=\"https:\/\/hubertpietka.bialystok.pl\/wp-content\/uploads\/2025\/10\/1000031075.jpg\"><img loading=\"lazy\" decoding=\"async\" width=\"771\" height=\"1024\" data-id=\"9812\" src=\"https:\/\/hubertpietka.bialystok.pl\/wp-content\/uploads\/2025\/10\/1000031075-771x1024.jpg\" alt=\"\" class=\"wp-image-9812\" srcset=\"https:\/\/hubertpietka.bialystok.pl\/wp-content\/uploads\/2025\/10\/1000031075-771x1024.jpg 771w, https:\/\/hubertpietka.bialystok.pl\/wp-content\/uploads\/2025\/10\/1000031075-226x300.jpg 226w, https:\/\/hubertpietka.bialystok.pl\/wp-content\/uploads\/2025\/10\/1000031075-768x1021.jpg 768w, https:\/\/hubertpietka.bialystok.pl\/wp-content\/uploads\/2025\/10\/1000031075-1156x1536.jpg 1156w, https:\/\/hubertpietka.bialystok.pl\/wp-content\/uploads\/2025\/10\/1000031075.jpg 1204w\" sizes=\"auto, (max-width: 771px) 100vw, 771px\" \/><\/a><\/figure>\n<\/figure>\n\n\n\n<p>&#8222;A ty winnico Izraela<br>Podlewana okopana nawo\u017cona zyciodajnie<br>Zamiast winogron dobrych<br>Chcesz cierpkie ci\u0105gle wydawa\u0107 jagody&#8221;<br>Parafrazuj\u0105c S\u0142owa Bo\u017ce<br>Bli\u017csze wam k\u0142amstwa ob\u0142udy bestii<br>Ni\u017c prawda pokory i czysto\u015bci<br>Tych dzieci Bo\u017cych<\/p>\n\n\n\n<p><em>&#8222;Id\u017acie do J\u00f3zefa&#8221;<br>Mimo \u017ce wsz\u0119dzie przecie\u017c<br>B\u0119dzie was \u015bciga\u0142a pod\u0142o\u015b\u0107 perfidia<br>Bestii i bydlak\u00f3w wszelkich<br>Kt\u00f3rzy nie potrafi\u0105 chyba inaczej<br>Ni\u017c byle tylko \u0142ajdaczy\u0107<br>Id\u017acie mimo tego<br>W Bogu sk\u0142adaj\u0105c wszelkie<br>Swe oczekiwania i nadzieje<br>Wbrew bestialstwom i \u0142ajdactwom<br>Zideologizowanych komunistyczn\u0105 poprawno\u015bci\u0105 polityczn\u0105<\/em><\/p>\n\n\n\n<figure class=\"wp-block-gallery has-nested-images columns-default is-cropped wp-block-gallery-2 is-layout-flex wp-block-gallery-is-layout-flex\">\n<figure class=\"wp-block-image size-large\"><a href=\"https:\/\/hubertpietka.bialystok.pl\/wp-content\/uploads\/2025\/10\/1000031076.jpg\"><img loading=\"lazy\" decoding=\"async\" width=\"771\" height=\"1024\" data-id=\"9813\" src=\"https:\/\/hubertpietka.bialystok.pl\/wp-content\/uploads\/2025\/10\/1000031076-771x1024.jpg\" alt=\"\" class=\"wp-image-9813\" srcset=\"https:\/\/hubertpietka.bialystok.pl\/wp-content\/uploads\/2025\/10\/1000031076-771x1024.jpg 771w, https:\/\/hubertpietka.bialystok.pl\/wp-content\/uploads\/2025\/10\/1000031076-226x300.jpg 226w, https:\/\/hubertpietka.bialystok.pl\/wp-content\/uploads\/2025\/10\/1000031076-768x1021.jpg 768w, https:\/\/hubertpietka.bialystok.pl\/wp-content\/uploads\/2025\/10\/1000031076-1156x1536.jpg 1156w, https:\/\/hubertpietka.bialystok.pl\/wp-content\/uploads\/2025\/10\/1000031076.jpg 1204w\" sizes=\"auto, (max-width: 771px) 100vw, 771px\" \/><\/a><\/figure>\n<\/figure>\n","protected":false},"excerpt":{"rendered":"<p>BestieBo \u015bcigaj\u0105 nieustannie zawszeNienawistnie szata\u0144sko z\u0142owrogo\u015amierci\u0105 zniewoleniem gwa\u0142tem i zniszczeniemDzieci Bo\u017ce w pokorzePrzemoc\u0105 wszelkich zideologizowanych my\u015bleniem bestii Bo maj\u0105 na toBydlak\u00f3w \u0142ajdacz\u0105cych wsz\u0119dzie i zawszeCa\u0142kowicie&hellip; <\/p>\n","protected":false},"author":1,"featured_media":0,"parent":0,"menu_order":0,"comment_status":"closed","ping_status":"closed","template":"","meta":{"footnotes":""},"class_list":["post-9811","page","type-page","status-publish","hentry"],"_links":{"self":[{"href":"https:\/\/hubertpietka.bialystok.pl\/index.php?rest_route=\/wp\/v2\/pages\/9811","targetHints":{"allow":["GET"]}}],"collection":[{"href":"https:\/\/hubertpietka.bialystok.pl\/index.php?rest_route=\/wp\/v2\/pages"}],"about":[{"href":"https:\/\/hubertpietka.bialystok.pl\/index.php?rest_route=\/wp\/v2\/types\/page"}],"author":[{"embeddable":true,"href":"https:\/\/hubertpietka.bialystok.pl\/index.php?rest_route=\/wp\/v2\/users\/1"}],"replies":[{"embeddable":true,"href":"https:\/\/hubertpietka.bialystok.pl\/index.php?rest_route=%2Fwp%2Fv2%2Fcomments&post=9811"}],"version-history":[{"count":1,"href":"https:\/\/hubertpietka.bialystok.pl\/index.php?rest_route=\/wp\/v2\/pages\/9811\/revisions"}],"predecessor-version":[{"id":9814,"href":"https:\/\/hubertpietka.bialystok.pl\/index.php?rest_route=\/wp\/v2\/pages\/9811\/revisions\/9814"}],"wp:attachment":[{"href":"https:\/\/hubertpietka.bialystok.pl\/index.php?rest_route=%2Fwp%2Fv2%2Fmedia&parent=9811"}],"curies":[{"name":"wp","href":"https:\/\/api.w.org\/{rel}","templated":true}]}}