{"id":9816,"date":"2025-10-25T22:10:41","date_gmt":"2025-10-25T22:10:41","guid":{"rendered":"https:\/\/hubertpietka.bialystok.pl\/?page_id=9816"},"modified":"2025-10-25T22:10:41","modified_gmt":"2025-10-25T22:10:41","slug":"szly-szwy-szewca-wbrew-szemranym-szefom-diabelstwa","status":"publish","type":"page","link":"https:\/\/hubertpietka.bialystok.pl\/?page_id=9816","title":{"rendered":"Sz\u0142y szwy szewca \/ wbrew szemranym szefom diabelstwa"},"content":{"rendered":"\n<p>Bardzo spodoba\u0142o mi si\u0119<br>Dzisiejsze \u015bwi\u0119to czyli Dzie\u0144 *<strong>Szewca<\/strong>*<br>A poniewa\u017c ostatnio zdarza<br>Mi si\u0119 czasem te\u017c<br>&#8222;Kln\u0105\u0107 jak szewc&#8221;<br>To czuj\u0119 si\u0119 uprawniony specjalnie<br>Do uczczenia tego \u015bwi\u0119towania<br>Ale i z innych powod\u00f3w<br>Tak\u017ce a jak\u017ce<br>A bestie przecie\u017c nie kln\u0105<br>Jak szewce oni *<strong>szefuj\u0105<\/strong>* odpowiednio<br>Im i tym pod\u0142ug nich<br>Mo\u017cna przecie\u017c wi\u0119cej<br>Je\u015bli i nie wszystko zupe\u0142nie<br>Tak\u017ce *<strong>szafowa\u0107<\/strong>* odpowiednim warto\u015bciowaniem<br>Oczywi\u015bcie przeciwko nam naszemu naszym<br>We wszystkim a raczej antywarto\u015bciowaniem<br>\u015aci\u015ble pod\u0142ug szatana<br>To\u017c bestie i bydlaki *<strong>szermuj\u0105<\/strong>*<br>Odpowiednio wszelkimi ob\u0142udnymi k\u0142amstwami<\/p>\n\n\n\n<p>I dalej poniewa\u017c te bestie<br>Uwa\u017caj\u0105 \u017ce tru\u0107 nas mo\u017cna<br>Naszych i nasze wsz\u0119dzie<br>Gdzie by\u015bmy nie byli<br>W ka\u017cdym prawie lokalu<br>I oczywi\u015bcie repertuar kapel koncertowych<br>Musi by\u0107 ustalany z bestiami<br>Podobnie zreszt\u0105 muzyka w radiu<br>Chyba we wszystkich stacjach<br>Tak by ci mogli propagowa\u0107<br>Swoje pod\u0142e k\u0142amstwa ideologiczne<br>To ja zapodam tu repertuar<br>Sw\u00f3j raczej nie pod\u0142ug bestii<br>Zreszt\u0105 jak wszystko co robi\u0119<br>Czy pisz\u0119 ale to nic<br>Byleby z nami by\u0142 B\u00f3g<br>Na opini bydlak\u00f3w bestii mi<br>Zbytnio nie zale\u017cy bo to<br>Opinie szata\u0144skie chyba \u017ce<br>Na tak zwanej zasadzie kontrastu<\/p>\n\n\n\n<p class=\"has-text-align-right\"><strong><em><a href=\"https:\/\/youtu.be\/3Li4YcfjndI\">Siekiera &#8211; Misiowie puszy\u015bci<\/a><\/em><\/strong><\/p>\n\n\n\n<p>&#8222;Szewc zabija szewca&#8221;<br>A mo\u017ce szewc zabija siebie<br>Jako szewc<br>Co za bestie<br>Cho\u0107by pokraki diab\u0142a warto\u015bci wszelkich<br>Na zasadzie protestu zbrodniom bestii<\/p>\n\n\n\n<p>A teraz inne przys\u0142owie<br>&#8222;Szewc bez but\u00f3w chodzi&#8221;<br>Do tego nigdy nie dojdzie<br>Bo moja \u017cona jest najlepszymi<br>Butami wybranymi na moje nogi<br>Dopasowanymi pod\u0142ug Boga nie bynajmniej<br>Pod\u0142ug k\u0142amstw i zbrodni bestii<br>I bydlak\u00f3w \u0142ajdacz\u0105cych z nimi<br>Zreszt\u0105 wszelakich kim by se<br>Oni i nie byli<br>A teraz tam jaki cz\u0142owieku<br>Masz moje stopy do\u015bwiadczenia znasz<br>Kt\u00f3re przesz\u0142y z autopsji<br>Tak zwanej i chodzi\u0142e\u015b mo\u017ce<br>W butach moich przemierzy\u0142e\u015b nimi<br>Cho\u0107by te wszelkie do\u015bwiadczenia z tymi<br>Zbrodniarzami bestiami i wszelkimi \u0142ajdakami<br>To dlaczego oceniasz wy\u0142\u0105cznie tylko<br>Z pozycji tych swoich but\u00f3w<\/p>\n\n\n\n<p class=\"has-text-align-center\"><strong><em><a href=\"https:\/\/youtu.be\/Vmt-XMCwAhk\">T.Love &#8211; Buty<\/a><\/em><\/strong><\/p>\n\n\n\n<p>A poniewa\u017c skarpetki stopom najbli\u017csze<br>To mam tu co\u015b jeszcze<br>Jako obraz \u0142aski Bo\u017cej<br>Pomi\u0119dzy mn\u0105 a \u017con\u0105<br>I w *<strong>komunii<\/strong>* nie *<strong>komunie<\/strong>*<br>Z innymi dzie\u0107mi Bo\u017cymi<\/p>\n\n\n\n<figure class=\"wp-block-image size-large\"><a href=\"https:\/\/hubertpietka.bialystok.pl\/wp-content\/uploads\/2025\/10\/1000031123-scaled.jpg\"><img loading=\"lazy\" decoding=\"async\" width=\"1024\" height=\"771\" src=\"https:\/\/hubertpietka.bialystok.pl\/wp-content\/uploads\/2025\/10\/1000031123-1024x771.jpg\" alt=\"\" class=\"wp-image-9817\" srcset=\"https:\/\/hubertpietka.bialystok.pl\/wp-content\/uploads\/2025\/10\/1000031123-1024x771.jpg 1024w, https:\/\/hubertpietka.bialystok.pl\/wp-content\/uploads\/2025\/10\/1000031123-300x226.jpg 300w, https:\/\/hubertpietka.bialystok.pl\/wp-content\/uploads\/2025\/10\/1000031123-768x578.jpg 768w, https:\/\/hubertpietka.bialystok.pl\/wp-content\/uploads\/2025\/10\/1000031123-1536x1157.jpg 1536w, https:\/\/hubertpietka.bialystok.pl\/wp-content\/uploads\/2025\/10\/1000031123-2048x1542.jpg 2048w\" sizes=\"auto, (max-width: 1024px) 100vw, 1024px\" \/><\/a><\/figure>\n\n\n\n<p>Nawet na dzisiejszym koncercie<br>D. Ma\u0142ego Jelonka wybrzmia\u0142y tylko<br>Dwie trzy piosenki dla mnie<br>Tak wa\u017cne z chyba 20<br>Kt\u00f3re tu wybrzmie\u0107 przecie\u017c powinny<br>Bo bestie ograniczaj\u0105 wszelkie warto\u015bci<br>Im przeciwne na rzecz antywarto\u015bci<br>Dla mnie to smutne<br>I czasami zadaje sobie pytanie<br>Te\u017c niestety czy warto wog\u00f3le<br>Chodzi\u0107 na takie koncerty<br>Bo troch\u0119 mnie to m\u0119czy<br>I wykrzywia rzeczywisto\u015b\u0107 pod\u0142ug bestii<br>Tak\u017ce wyd\u017awi\u0119k muzyczny r\u00f3\u017cnych zespo\u0142\u00f3w<\/p>\n\n\n\n<p>No ale c\u00f3\u017c smutne to<br>Ale jest jak jest<br>W kr\u0119gu wszechobecnej dominacji bestii<br>Ale na koniec warto jednak<br>Przywo\u0142a\u0107 mo\u017ce akcent jaki\u015b dobry<br>Mo\u017ce taki \u017ce te stopy<br>I tak b\u0119d\u0105 sz\u0142y zawsze<br>W stron\u0119 wi\u0119kszych spraw Bo\u017cych<br>Oczywi\u015bcie je\u015bli nie spe\u0142ni\u0105 swych<br>Wobec nas naszego i naszych<br>Zbrodniczych zap\u0119d\u00f3w te bestie \u0142ajdacy<br>Wtedy wszystko p\u00f3jdzie niestety<br>Po tak zwanym *<strong>szwie<\/strong>*<br>I zostanie porwana tkanina \u015bwiata<br>Ale akcent pozytywny tu jest<br>\u017be opadnie zas\u0142ona z\u0142a wszelkiego tu te\u017c<\/p>\n\n\n\n<p><strong><em><a href=\"https:\/\/youtu.be\/Vmt-XMCwAhk\">AYA RL &#8211; Sk\u00f3ra <\/a><\/em><\/strong><\/p>\n","protected":false},"excerpt":{"rendered":"<p>Bardzo spodoba\u0142o mi si\u0119Dzisiejsze \u015bwi\u0119to czyli Dzie\u0144 *Szewca*A poniewa\u017c ostatnio zdarzaMi si\u0119 czasem te\u017c&#8222;Kln\u0105\u0107 jak szewc&#8221;To czuj\u0119 si\u0119 uprawniony specjalnieDo uczczenia tego \u015bwi\u0119towaniaAle i z&hellip; <\/p>\n","protected":false},"author":1,"featured_media":0,"parent":0,"menu_order":0,"comment_status":"closed","ping_status":"closed","template":"","meta":{"footnotes":""},"class_list":["post-9816","page","type-page","status-publish","hentry"],"_links":{"self":[{"href":"https:\/\/hubertpietka.bialystok.pl\/index.php?rest_route=\/wp\/v2\/pages\/9816","targetHints":{"allow":["GET"]}}],"collection":[{"href":"https:\/\/hubertpietka.bialystok.pl\/index.php?rest_route=\/wp\/v2\/pages"}],"about":[{"href":"https:\/\/hubertpietka.bialystok.pl\/index.php?rest_route=\/wp\/v2\/types\/page"}],"author":[{"embeddable":true,"href":"https:\/\/hubertpietka.bialystok.pl\/index.php?rest_route=\/wp\/v2\/users\/1"}],"replies":[{"embeddable":true,"href":"https:\/\/hubertpietka.bialystok.pl\/index.php?rest_route=%2Fwp%2Fv2%2Fcomments&post=9816"}],"version-history":[{"count":1,"href":"https:\/\/hubertpietka.bialystok.pl\/index.php?rest_route=\/wp\/v2\/pages\/9816\/revisions"}],"predecessor-version":[{"id":9818,"href":"https:\/\/hubertpietka.bialystok.pl\/index.php?rest_route=\/wp\/v2\/pages\/9816\/revisions\/9818"}],"wp:attachment":[{"href":"https:\/\/hubertpietka.bialystok.pl\/index.php?rest_route=%2Fwp%2Fv2%2Fmedia&parent=9816"}],"curies":[{"name":"wp","href":"https:\/\/api.w.org\/{rel}","templated":true}]}}