{"id":9820,"date":"2025-10-31T05:37:36","date_gmt":"2025-10-31T05:37:36","guid":{"rendered":"https:\/\/hubertpietka.bialystok.pl\/?page_id=9820"},"modified":"2025-10-31T05:40:59","modified_gmt":"2025-10-31T05:40:59","slug":"nienawisc-bestii-ku-zbrodniom-wszelkim-wobec-dzieci-bozych-w-prawdzie","status":"publish","type":"page","link":"https:\/\/hubertpietka.bialystok.pl\/?page_id=9820","title":{"rendered":"Nienawi\u015b\u0107 bestii ku zbrodniom wszelkim \/ wobec dzieci Bo\u017cych w dobru &#8211; wzajemnym sobie"},"content":{"rendered":"\n<p>\u0141atwo jest nam z\u0142o czyni\u0107<br>Bo wiedz\u0105 zawsze bestie<br>Gdzie akurat jeste\u015bmy i<br>Co robimy dzi\u0119ki pods\u0142uchiwaniu<br>I \u015bledzeniu naszych telefon\u00f3w<br>A tak\u017ce dedukcji prostej<br>\u017be z punktu A do B<br>I tak dalej dlatego zawsze<br>Mog\u0105 posy\u0142a\u0107 odpowiednich bydlak\u00f3w<br>I wsz\u0119dzie by ci mogli<br>Po\u0142ajdaczy\u0107 sobie \u015bmierci\u0105 napa\u015bci\u0105 zniszczeniem<br>Pod\u0142ug bestii ca\u0142kowicie niby przypadkiem<br>Czy zupe\u0142nie ob\u0142\u0119dnie ob\u0142udnie perfidnie<br>&#8222;Bu\u0142ka z mas\u0142em&#8221; dla bestii<br>I dla bydlak\u00f3w trzeba tylko<br>Dopasowa\u0107 odpowiednie narz\u0119dzia metod\u0119 pretekst<br>By m\u00f3c spe\u0142nia\u0107 bestii po\u017c\u0105dania<br>Nam wszelkiego i wsz\u0119dzie z\u0142oczynienia<\/p>\n\n\n\n<p>A w innym temacie<br>Jest powiedzenie takie<br>&#8222;Elektryka pr\u0105d nie tyka&#8221;<br>No chyba \u017ce podpadnie bestiom<br>Nam uczynieniem jakiego\u015b dobra<br>Wtedy porazi\u0107 go mo\u017ce z\u0142o<br>Zbrodnie tych bestii jak nas<br>Naszych i nasze zawsze wsz\u0119dzie<br>Bo bestie jak to bestie<br>Nie wybaczaj\u0105 nam dobra uczynienia<br>A z\u0142o dla nas zawsze<br>Chwal\u0105 i doceniaj\u0105 pod\u0142ug zepsucia<br>\u0141ajdak\u00f3w wszelkich i pod\u0142ug szatana<br>Kt\u00f3ry z\u0142ych chwali dobrych gani<\/p>\n\n\n\n<p>\u2026<\/p>\n\n\n\n<p>Jak si\u0119 najlepiej zas\u0142ugiwa\u0107 bestiom<br>Ich szata\u0144skiej nienawi\u015bci<br>Z\u0142em dla nas naszych naszego<br>Bo za dobra nam bestie<br>Kara\u0107 chc\u0105 nawet \u015bmierci\u0105 zniewoleniem<br>W przeciwie\u0144stwie do Boga<br>A w zgodzie z szatanem ca\u0142kowicie<br>Bo B\u00f3g za z\u0142o karze<br>A za dobro nagradza<br>Zw\u0142aszcza wobec dzieci Bo\u017cych ma\u0142ych<br>A te bestie tak w\u0142a\u015bnie wprost przeciwnie<br>Jednak wszystkie te dzieci Bo\u017ce<br>Kt\u00f3re uczyni\u0142y innym dobro<br>Maj\u0105 ju\u017c w niebie<br>Sw\u0105 nagrod\u0119 na przek\u00f3r<br>Tej szata\u0144skiej z\u0142owrogo\u015bci tych bestii<\/p>\n\n\n\n<p>Jednak \u017ceby\u015bcie si\u0119 przekonali<br>\u017be mam \u015bwiadomo\u015b\u0107 wielu rzeczy<br>Powiem to co powiem<br>O tych kt\u00f3rzy podpadli<br>Z\u0142owrogiej nienawi\u015bci tych bestii<br>Dobrem dla nas naszych naszego<br>To b\u0119dzie tylko ma\u0142y przekr\u00f3j<br>Nie jestem w stanie tu<br>Chyba wszystkiego wyrazi\u0107 i uj\u0105\u0107<br>Wszystkich kt\u00f3rzy dobro czyni\u0105 innym<br>Dlatego ten ca\u0142y chyba nar\u00f3d<br>Ma by\u0107 poddany nienawi\u015bci bestii<br>Pod\u0142ug zreszt\u0105 totalno\u015bci z\u0142a szatana<br>Z kt\u00f3rym te bestie wsp\u00f3\u0142czyni\u0105<br>Wszelkie zbrodnie tutaj chyba najgorsze<br>Cho\u0107by z tymi m\u0119czennikami niewinnymi<br>Ich bestialstw wyrafinowanych i pod\u0142ych<br>By powoli wytraci\u0107 nar\u00f3d ca\u0142y<br>Zbrodnia przeciwko ludzko\u015bci trwa ju\u017c<br>Przecie\u017c tutaj i nie tylko<br>Do\u015b\u0107 d\u0142ugo pod\u0142ug szata\u0144stw bestii<br>A uchroni\u0107 si\u0119 maj\u0105<br>Co za paradoks szatana<br>Wszelcy z\u0142oczyni\u0105cy tym Bo\u017cym dzieciom<br>Paradoks szatana ten paradoks bestii<\/p>\n\n\n\n<p>A teraz co nast\u0119puje<br>Najbardziej nienawidz\u0105 bestie mojej \u017cony<br>Bo o sobie nie wspomn\u0119<br>Bo ta stoi na przek\u00f3r<br>Ich bestialstwom co do mnie<br>Nienawidz\u0105 zawsze i ca\u0142kowicie<br>I ona jest zawsze najpierw<br>Na ich szata\u0144skim zbrodni celowniku<br>Podobnie zreszt\u0105 jak nienawidz\u0105<br>Tych naszych zwierz\u0105t<br>Bo nas chroni\u0105 przed atakami<br>Bydlak\u00f3w tych bestii odpowiednio<\/p>\n\n\n\n<p>Nienawidz\u0105 moich rodzic\u00f3w bo ci<br>Wsparli nas poniek\u0105d w sytuacjach<br>Materialnie bardzo trudnych<br>Nienawidz\u0105 Radka i Szymona<br>Moich pracodawc\u00f3w wsp\u00f3\u0142pracownik\u00f3w te\u017c naszych<br>Bo dzi\u0119ki nim mam prac\u0119<br>Dlatego tych te\u017c chc\u0105 niszczy\u0107<br>Czytaj zabija\u0107 szkodzi\u0107 im zawsze<br>Ci te\u017c chyba s\u0105 na<br>Nieustannej szata\u0144skiej tych bestii<br>Pod tak zwan\u0105 kresk\u0105<br>I Eweliny bo nam schronienia<br>Udzieli\u0142a przed nimi i jej<br>Te\u017c tam bliskich<br>Nienawidz\u0105 przecie\u017c wszystkich i chc\u0105<br>Tym z\u0142oczyni\u0107 kt\u00f3rzy sprzyjaj\u0105 zw\u0142aszcza<br>Naszej pracy czy naszemu schronieniu<br>Kt\u00f3rzy wspomagaj\u0105 nasze samochody<br>Mechanika Andrzeja I Rafa\u0142a Edzia<br>I Grze\u015bka kt\u00f3ry przecie\u017c<br>Wspomaga\u0142 nas w tym busem<br>Ci s\u0105 chyba najbardziej<br>Na czarnej li\u015bcie tych bestii<br>Do zniszczenia i eksterminacji<br>Bo naturalnie te\u017c przecie\u017c<br>Nienawidz\u0105 wszystkich naszych bliskich<br>Rodziny przyjaci\u00f3\u0142 znajomych kt\u00f3rzy<br>Nie s\u0105 nam przeciwni<br>Czyni\u0105c nam dobra jakiekolwiek<br>Patrz cho\u0107by wy\u017cej elektryk Adam<br>I zreszt\u0105 to ca\u0142e \u015brodowisko \u0142om\u017cy\u0144skie<\/p>\n\n\n\n<p>Nienawidz\u0105 bestie tych z kt\u00f3rymi<br>Dzielimy nasz\u0105 rozrywk\u0119 koncerty pi\u0142k\u0119<br>Nienawidz\u0105 tw\u00f3rc\u00f3w te\u017c takich kt\u00f3rzy<br>Nie tworz\u0105 pod\u0142ug nienawi\u015bci bestii<br>Nienawidz\u0105 Ko\u015bcio\u0142a \u015awi\u0119tego wreszcie<br>Bo tam mamy w wierze<br>Utwierdzenie swe zawsze<br>I w duchowie\u0144stwie<br>I w ludzie Bo\u017cym wiernym<br>Mo\u017cna rzec \u017ce te bestie<br>Nienawidz\u0105 chyba wszystkich i chc\u0105<br>Ca\u0142y ten \u015bwiat zniszczy\u0107<br>I chyba nie tylko tutaj<br>Bo nienawi\u015b\u0107 bestii si\u0119ga z\u0142owrogo<br>Te\u017c poza granice tego pa\u0144stwa<br>Chc\u0105c zala\u0107 szata\u0144stwem ca\u0142y \u015bwiat<\/p>\n\n\n\n<p>Si\u0142\u0105 rzeczy to s\u0105 tylko<br>Pewne wyimki ilustracje nienawi\u015bci bestii<br>I z\u0142owrogich ich po\u017c\u0105da\u0144 zbrodniczych<br>Bo chyba z ka\u017cdego \u015brodowiska<br>Nas otaczaj\u0105cego chc\u0105 bestie wyeliminowa\u0107<br>Tych wszystkich kt\u00f3rzy nie chc\u0105<br>Nam z\u0142owrogo szata\u0144sko z\u0142oczyni\u0107<br>To jak\u017ce\u017c to nie bestie<br>A tych kt\u00f3rzy si\u0119 poddali<br>Ich nienawi\u015bci nazywa\u0107 trzeba bydlakami<br>Czy \u0142ajdakami tak w\u0142a\u015bnie<br>Bo wsp\u00f3\u0142pracuj\u0105 sprzedajnie z bestii<br>Wszelkimi zbrodniami przeciwko Bo\u017cym dzieciom<br>A B\u00f3g mi \u015bwiadkiem<br>\u017be m\u00f3wi\u0119 prawd\u0119 bo tak<br>Staram si\u0119 te\u017c zawsze<br>A tutaj zw\u0142aszcza<br>Nawet je\u015bli przetworzone<br>To jest wszystko zamys\u0142em poetyckim<\/p>\n\n\n\n<figure class=\"wp-block-image size-large\"><a href=\"https:\/\/hubertpietka.bialystok.pl\/wp-content\/uploads\/2025\/10\/1000031941.jpg\"><img loading=\"lazy\" decoding=\"async\" width=\"771\" height=\"1024\" src=\"https:\/\/hubertpietka.bialystok.pl\/wp-content\/uploads\/2025\/10\/1000031941-771x1024.jpg\" alt=\"\" class=\"wp-image-9821\" srcset=\"https:\/\/hubertpietka.bialystok.pl\/wp-content\/uploads\/2025\/10\/1000031941-771x1024.jpg 771w, https:\/\/hubertpietka.bialystok.pl\/wp-content\/uploads\/2025\/10\/1000031941-226x300.jpg 226w, https:\/\/hubertpietka.bialystok.pl\/wp-content\/uploads\/2025\/10\/1000031941-768x1021.jpg 768w, https:\/\/hubertpietka.bialystok.pl\/wp-content\/uploads\/2025\/10\/1000031941-1156x1536.jpg 1156w, https:\/\/hubertpietka.bialystok.pl\/wp-content\/uploads\/2025\/10\/1000031941.jpg 1204w\" sizes=\"auto, (max-width: 771px) 100vw, 771px\" \/><\/a><\/figure>\n\n\n\n<p><em>Na zdj. Baranek Bo\u017cy dzieci\u0119 Jezus<br>I jego owieczki a bestie<br>I ich nienawi\u015b\u0107 niesko\u0144czona z\u0142owroga<br>I R\u00f3\u017ca\u0144ca \u015awi\u0119tego Kr\u00f3lowa<br>Wspieraj Maryjo Bo\u017ce dzieci<br>By wbrew nienawi\u015bci tych bestii<br>Nie ustawa\u0142y w czynieniu dobra<br>Bo tak jak za dobro<br>Jest niebo nagrod\u0105<br>Tak i piek\u0142o zreszt\u0105<br>Dla tych z\u0142owrogich nienawistnych bestii<br>I wszelkich \u0142ajdacz\u0105cych w zbrodniach<br>Pod\u0142ug nich nie pod\u0142ug<br>Poprawno\u015bci politycznej zideoligizowanej bestii<br>Lecz wed\u0142ug Bo\u017cej sprawiedliwo\u015bci<br>Jako naturalna konsekwencja wybor\u00f3w \u017cyciowych<br>Wybierania dobra lub z\u0142a<br>I tego co jest nast\u0119pstwem<br>Wszelkim tego nie tylko eschatologicznym<br>I wbrew relatywizacji bestii wszelkiej<br>Kt\u00f3ra dobro nazywa z\u0142em<br>I te\u017c przeciwnie zbrodnie dobrem<br>I za z\u0142o chc\u0105 p\u0142aci\u0107<br>R\u00f3\u017cnymi zyskami nieprawymi<br>A za dobro kara\u0107 wszystkich<br>Pod\u0142ug przewrotno\u015bci szatana<br>I jego w z\u0142u wyrafinowania<br>I perfidii ob\u0142udnej k\u0142amliwego przypisywanie<br>Fa\u0142szywych asygnat\u00f3w odwiecznym podmiotom przedmiotom<br>W porz\u0105dku moralnym warto\u015bci uniwersalnych<br>I pod\u0142ug rozporz\u0105dze\u0144 prawdy Bo\u017cej<br>A ja tu tylko<br>To wszystko opisuj\u0119 jako kronikarz<br>Walki Bo\u017cych spraw z wszelkimi<br>Dzie\u0107mi diab\u0142a w z\u0142owrogiej nienawi\u015bci<br>Czego my i nasi jeste\u015bmy<br>Chyba bardzo pe\u0142nym wyrazem<br>I walki te\u017c przecie\u017c<br>Szatana z Bogiem jego s\u0142ug<br>Z Bo\u017cymi dzie\u0107mi to tu<br>Jest odzwierciedlone ca\u0142kowicie<br>Tak\u017ce w duchu Fatimy<\/em><\/p>\n","protected":false},"excerpt":{"rendered":"<p>\u0141atwo jest nam z\u0142o czyni\u0107Bo wiedz\u0105 zawsze bestieGdzie akurat jeste\u015bmy iCo robimy dzi\u0119ki pods\u0142uchiwaniuI \u015bledzeniu naszych telefon\u00f3wA tak\u017ce dedukcji prostej\u017be z punktu A do BI&hellip; <\/p>\n","protected":false},"author":1,"featured_media":0,"parent":0,"menu_order":0,"comment_status":"closed","ping_status":"closed","template":"","meta":{"footnotes":""},"class_list":["post-9820","page","type-page","status-publish","hentry"],"_links":{"self":[{"href":"https:\/\/hubertpietka.bialystok.pl\/index.php?rest_route=\/wp\/v2\/pages\/9820","targetHints":{"allow":["GET"]}}],"collection":[{"href":"https:\/\/hubertpietka.bialystok.pl\/index.php?rest_route=\/wp\/v2\/pages"}],"about":[{"href":"https:\/\/hubertpietka.bialystok.pl\/index.php?rest_route=\/wp\/v2\/types\/page"}],"author":[{"embeddable":true,"href":"https:\/\/hubertpietka.bialystok.pl\/index.php?rest_route=\/wp\/v2\/users\/1"}],"replies":[{"embeddable":true,"href":"https:\/\/hubertpietka.bialystok.pl\/index.php?rest_route=%2Fwp%2Fv2%2Fcomments&post=9820"}],"version-history":[{"count":2,"href":"https:\/\/hubertpietka.bialystok.pl\/index.php?rest_route=\/wp\/v2\/pages\/9820\/revisions"}],"predecessor-version":[{"id":9824,"href":"https:\/\/hubertpietka.bialystok.pl\/index.php?rest_route=\/wp\/v2\/pages\/9820\/revisions\/9824"}],"wp:attachment":[{"href":"https:\/\/hubertpietka.bialystok.pl\/index.php?rest_route=%2Fwp%2Fv2%2Fmedia&parent=9820"}],"curies":[{"name":"wp","href":"https:\/\/api.w.org\/{rel}","templated":true}]}}