{"id":9825,"date":"2025-11-02T10:07:17","date_gmt":"2025-11-02T10:07:17","guid":{"rendered":"https:\/\/hubertpietka.bialystok.pl\/?page_id=9825"},"modified":"2025-11-02T10:14:04","modified_gmt":"2025-11-02T10:14:04","slug":"byleby-tylko-uderzac-zniszczyc-nas-naszych-nasze-wszelkich-niepodleglych-przemocy-obludnej-bestii","status":"publish","type":"page","link":"https:\/\/hubertpietka.bialystok.pl\/?page_id=9825","title":{"rendered":"Byleby tylko uderza\u0107 zniszczy\u0107 \/ nas naszych nasze &#8211; wszelkich niepodleg\u0142ych przemocy ob\u0142udy bestii"},"content":{"rendered":"\n<p>Jak nas nie gazowa\u0107<br>To przez wykoleje\u0144c\u00f3w r\u00f3\u017cnych injektowa\u0107<br>Jak nie wypadek niby przypadkowy<br>To mo\u017cna nas raczej mnie<br>Wykr\u0119ca\u0107 szata\u0144sko w jakie\u015b podpalenia<br>Czy w co tam jeszcze<br>W jak\u0105\u015b kradzie\u017c cho\u0107by<br>Lubi\u0105 to bestie i te<br>\u0141ajdaki wszelkie pod\u0142ug nich<\/p>\n\n\n\n<p>Jak nas nie zabija\u0107 bezpo\u015brednio<br>To chocia\u017c zniewoli\u0107 czy napada\u0107<br>Maj\u0105 na to te\u017c r\u00f3\u017cnych<br>\u0141ajdak\u00f3w wsz\u0119dzie zawodowych prywatnych s\u0142u\u017cbistowych<br>Jak nie w nas uderza\u0107<br>To w nasze czy naszych<\/p>\n\n\n\n<p>Jak nie nas zabija\u0107 napada\u0107<br>To mo\u017ce bliskich<br>Jak nie w nas<br>To chocia\u017c w nasze samochody<br>Bo jak ju\u017c nawet umyte<br>To mo\u017cna \u0142ajdaczy\u0107 inaczej mandatami<br>\u017be chocia\u017cby stoj\u0105 na nieutwardzonym<br>Jakby tu tak nie sta\u0142y<br>Prawie wszystkie wsz\u0119dzie wok\u00f3\u0142<\/p>\n\n\n\n<p>Jak nie nagonka bezpo\u015brednio<br>Na nas bo przecie\u017c<br>Nie tryskamy z\u0142ot\u0105 energi\u0105<br>W obliczu tych prze\u015bladowa\u0144 wszystkich<br>To nagonka na tego psa<br>Bo bardzo przeszkadza bestiom<br>\u017be w nim mamy obro\u0144c\u0119<\/p>\n\n\n\n<p>Przecie\u017c pr\u00f3buj\u0105 zniszczy\u0107 nam wszelkie<br>Nasze miejsca by\u015bmy nie mogli<br>Przebywa\u0107 nigdzie sobie spokojniej<br>Jak to zrobili z rod\u00f3wk\u0105<\/p>\n\n\n\n<p>To znowu uderzaj\u0105 w te<br>Nasze prace jak\u017ce\u017c to<br>Nie bestie i \u0142ajdaki bydlackie<br>Skoro byleby tylko zabi\u0107 zniewoli\u0107<br>Napada\u0107 gwa\u0142t jaki\u015b zada\u0107 zniszczy\u0107<br>A wszystko zawsze perfidnie ob\u0142udnie<br>Byleby tylko eskalowa\u0107 przemoc bestii<br>Wszelk\u0105 im dost\u0119pn\u0105 i poprzez<br>\u0141ajdak\u00f3w zbydlaczonych te\u017c wszelkich<br>A je\u015bli se tacy owacy<br>My\u015blicie \u017ce ja m\u00f3g\u0142bym sprzeda\u0107<br>Za jakie\u015b korzy\u015bci cho\u0107by t\u0105<br>Moj\u0105 \u017con\u0119 naszych nasze<br>To si\u0119 grubo mylicie<br>By\u0142bym podobnie jak wy zreszt\u0105<br>Kur-skim sprzedawczykiem tego nie zrobi\u0119<br>I nigdy wol\u0119 ju\u017c zgin\u0105\u0107<br>Nic sta\u0107 si\u0119 takim sk\u00f3r-synem<\/p>\n\n\n\n<figure class=\"wp-block-gallery has-nested-images columns-default is-cropped wp-block-gallery-1 is-layout-flex wp-block-gallery-is-layout-flex\">\n<figure class=\"wp-block-image size-large\"><a href=\"https:\/\/hubertpietka.bialystok.pl\/wp-content\/uploads\/2025\/11\/1000032120-scaled.jpg\"><img loading=\"lazy\" decoding=\"async\" width=\"1024\" height=\"771\" data-id=\"9826\" src=\"https:\/\/hubertpietka.bialystok.pl\/wp-content\/uploads\/2025\/11\/1000032120-1024x771.jpg\" alt=\"\" class=\"wp-image-9826\" srcset=\"https:\/\/hubertpietka.bialystok.pl\/wp-content\/uploads\/2025\/11\/1000032120-1024x771.jpg 1024w, https:\/\/hubertpietka.bialystok.pl\/wp-content\/uploads\/2025\/11\/1000032120-300x226.jpg 300w, https:\/\/hubertpietka.bialystok.pl\/wp-content\/uploads\/2025\/11\/1000032120-768x578.jpg 768w, https:\/\/hubertpietka.bialystok.pl\/wp-content\/uploads\/2025\/11\/1000032120-1536x1157.jpg 1536w, https:\/\/hubertpietka.bialystok.pl\/wp-content\/uploads\/2025\/11\/1000032120-2048x1542.jpg 2048w\" sizes=\"auto, (max-width: 1024px) 100vw, 1024px\" \/><\/a><\/figure>\n<\/figure>\n\n\n\n<p><em>Na zdj. Dzisiaj w Bia\u0142ymstoku<br>*<strong>Rak\u00f3w<\/strong>* gra z Jagiellonii\u0105<br>Czy ja mia\u0142bym si\u0119<br>Z tego wszystkiego co broni\u0119<br>Przed t\u0105 eskalacj\u0105 z\u0142a szata\u0144skiego<br>Wszelkiego wycofa\u0107 *<strong>rakiem<\/strong>* tak zwanym<br>Nigdy to si\u0119 nie stanie<br>Wol\u0119 zgin\u0105\u0107 i raczej<br>A b\u0119d\u0105 mia\u0142 t\u0105 satysfakcj\u0119<br>\u017be pod\u0142ug rozporz\u0105dzenia Bo\u017cego<br>Zgin\u0105 te\u017c wszelkie bestie \u0142ajdaki<br>A \u017ce zgin\u0105 te\u017c inni<br>A teraz to nie gin\u0105<br>Oni mo\u017ce cho\u0107by w obliczu<br>Ludob\u00f3jstwa niewinnych przez te bestie<br>By\u0107 mo\u017ce mnie zniszcz\u0105<br>Jak do tego nieustanie d\u0105\u017c\u0105<br>Te bestie i \u0142ajdaki wszelkie<br>Ale wtedy i \u015bwiat zginie<br>Wbrew k\u0142amstwom szata\u0144skim tych bestii<br>Kt\u00f3re wszystko buduj\u0105 na k\u0142amstwie<br>Najgorszym ob\u0142udy i na przemocy<br>I tych wszelkich \u0142ajdak\u00f3w bydlak\u00f3w<br>Pod\u0142ug nich w perfidii piekielnej<br>Ale ufam \u017ce w Panu<br>Przetrwamy te wszelkie napa\u015bci diabelskie<br>Prowad\u017a Bo\u017ce w naszej obronie<br>Jezu ufam Tobie<\/em><\/p>\n","protected":false},"excerpt":{"rendered":"<p>Jak nas nie gazowa\u0107To przez wykoleje\u0144c\u00f3w r\u00f3\u017cnych injektowa\u0107Jak nie wypadek niby przypadkowyTo mo\u017cna nas raczej mnieWykr\u0119ca\u0107 szata\u0144sko w jakie\u015b podpaleniaCzy w co tam jeszczeW jak\u0105\u015b&hellip; <\/p>\n","protected":false},"author":1,"featured_media":0,"parent":0,"menu_order":0,"comment_status":"closed","ping_status":"closed","template":"","meta":{"footnotes":""},"class_list":["post-9825","page","type-page","status-publish","hentry"],"_links":{"self":[{"href":"https:\/\/hubertpietka.bialystok.pl\/index.php?rest_route=\/wp\/v2\/pages\/9825","targetHints":{"allow":["GET"]}}],"collection":[{"href":"https:\/\/hubertpietka.bialystok.pl\/index.php?rest_route=\/wp\/v2\/pages"}],"about":[{"href":"https:\/\/hubertpietka.bialystok.pl\/index.php?rest_route=\/wp\/v2\/types\/page"}],"author":[{"embeddable":true,"href":"https:\/\/hubertpietka.bialystok.pl\/index.php?rest_route=\/wp\/v2\/users\/1"}],"replies":[{"embeddable":true,"href":"https:\/\/hubertpietka.bialystok.pl\/index.php?rest_route=%2Fwp%2Fv2%2Fcomments&post=9825"}],"version-history":[{"count":2,"href":"https:\/\/hubertpietka.bialystok.pl\/index.php?rest_route=\/wp\/v2\/pages\/9825\/revisions"}],"predecessor-version":[{"id":9829,"href":"https:\/\/hubertpietka.bialystok.pl\/index.php?rest_route=\/wp\/v2\/pages\/9825\/revisions\/9829"}],"wp:attachment":[{"href":"https:\/\/hubertpietka.bialystok.pl\/index.php?rest_route=%2Fwp%2Fv2%2Fmedia&parent=9825"}],"curies":[{"name":"wp","href":"https:\/\/api.w.org\/{rel}","templated":true}]}}