{"id":9830,"date":"2025-11-10T23:04:41","date_gmt":"2025-11-10T23:04:41","guid":{"rendered":"https:\/\/hubertpietka.bialystok.pl\/?page_id=9830"},"modified":"2025-11-10T23:04:41","modified_gmt":"2025-11-10T23:04:41","slug":"patrioci-prawdziwi-a-bestie-i-lajdaki-sprzedawczyki","status":"publish","type":"page","link":"https:\/\/hubertpietka.bialystok.pl\/?page_id=9830","title":{"rendered":"Patrioci prawdziwi \/ a bestie &#8211; i \u0142ajdaki sprzedawczyki"},"content":{"rendered":"\n<p>Dzie\u0144 Niepodleg\u0142o\u015bci jest pi\u0119kny<br>Dla wszystkich Polak\u00f3w prawdziwych patriot\u00f3w<br>I tych kt\u00f3rzy prawdziwie<br>Wspieraj\u0105 nar\u00f3d polski<br>W dobru te\u017c wsp\u00f3lnym uniwersalnym<br>W ho\u0142dzie warto\u015bciom sta\u0142ym<br>I przeciwko wszystkim ideologiom lewackim<br>Bo w ich interesie kosmopolitycznym<br>Nie le\u017cy prawdziwe dobro Polski<\/p>\n\n\n\n<p>A jaki dzie\u0144 niepodleg\u0142o\u015bci<br>\u015awi\u0119tuj\u0105 te bestie i wszelkie<br>\u0141ajdaki pod\u0142ug nich bydlacz\u0105ce<br>Bo o ile intuicja mnie<br>Nie myli to nie s\u0105<br>Polacy te bestie a<br>W ka\u017cdym razie na pewno<br>Ich cz\u0119\u015b\u0107 jaka\u015b a mo\u017ce<br>Bestie w interesie kosmopolitycznym ideologicznym<br>\u015awi\u0119tuj\u0105 po prostu dzie\u0144<br>Totalnej przemocy bestii ku zbrodniom<br>Zreszt\u0105 chyba ka\u017cdy dzie\u0144 noc<br>Mog\u0105 by\u0107 takie pod\u0142ug nich<br>Zw\u0142aszcza wobec nas naszego naszych<br>I innych niewinnych a podpadni\u0119tych<br>Z\u0142owrogo\u015bci nienawistnej w szatanie ca\u0142kowicie<br>Tych bestii no i bydlak\u00f3w<br>Skoro na bestiach si\u0119 bogac\u0105<br>Wybijaj\u0105 na \u0142ajdactwie jak cho\u0107by<br>Ta podwija bydlacka to zapewne<br>Nie \u015bwi\u0119tuj\u0105 Niepodleg\u0142o\u015bci Polski dnia<br>Bo to nie jest te\u017c<br>W interesie tych bestii<br>Skoro sprzedawczykami si\u0119 stali braci<br>Pod\u0142ug narodu w imi\u0119 antywarto\u015bci<br>K\u0142amstw i zbrodni tych bestii<br>I przecie\u017c wszelkie \u0142ajdaki lewackie<br>Jak by by\u0142a dla nich<br>Niezale\u017cno\u015b\u0107 narodu w\u0142asnego wa\u017cna<br>Nie chcieliby wita\u0107 okupant\u00f3w ruskich<br>Kt\u00f3rzy tu jak na Ukrain\u0119<br>Maj\u0105 zbrojnie wkroczy\u0107 a wiadomo<br>\u017be bestiom jest to<br>Na r\u0119k\u0119 nieszcz\u0119\u015bcie utraty niepodleg\u0142o\u015bci<br>Przez Polsk\u0119 i dla bydlak\u00f3w<br>Te\u017c wszelkich i \u015bmier\u0107 zniszczenie<br>Byleby tylko ich to<br>Nie dotyka\u0142o jako\u015b ale spokojnie<br>Jako potencjalnym kolaborantom<br>Bo wsp\u00f3\u0142pracownikon bestii im<br>To nie grozi i zapewne<br>Dla takich smutne to \u015bwi\u0119to<br>Niepodleg\u0142o\u015bci Polski jak i zreszt\u0105<br>Inne \u015bwi\u0119ta narodowe i ko\u015bcielne<br>Bo patriotyzm polski prawdziwy<br>Opiera si\u0119 te\u017c na wierze<\/p>\n\n\n\n<p>Tak\u017ce takie to moje raczej<br>Gorzkie refleksje o bestiach<br>I bydlakach \u0142ajdacz\u0105cych wsz\u0119dzie<br>Pod\u0142ug tych bestii na r\u00f3\u017cne<br>Te\u017c sposoby i na p\u0142aszczyznach wszelkich<br>\u017bycia Polak\u00f3w tak\u017ce tych najwy\u017cszych<br>Bo przecie\u017c nie w interesie<br>Tym narodowym lecz w interesie<br>Bestii i cho\u0107by potencjalnych zaborc\u00f3w<br>Historia lubi si\u0119 powtarza\u0107<br>A przecie\u017c w ka\u017cdym narodzie<br>S\u0105 patrioci prawdziwi i \u015bwinie<br>Tak zwane kt\u00f3re si\u0119 \u0142ajdacz\u0105<br>Chyba wsz\u0119dzie gdzie popadnie<br>W imi\u0119 egoizmu w\u0142asnego<br>Bo nie przecie\u017c prawdziwie narodowego<\/p>\n\n\n\n<figure class=\"wp-block-gallery has-nested-images columns-default is-cropped wp-block-gallery-1 is-layout-flex wp-block-gallery-is-layout-flex\">\n<figure class=\"wp-block-image size-large\"><a href=\"https:\/\/hubertpietka.bialystok.pl\/wp-content\/uploads\/2025\/11\/1000034092.jpg\"><img loading=\"lazy\" decoding=\"async\" width=\"1024\" height=\"771\" data-id=\"9831\" src=\"https:\/\/hubertpietka.bialystok.pl\/wp-content\/uploads\/2025\/11\/1000034092-1024x771.jpg\" alt=\"\" class=\"wp-image-9831\" srcset=\"https:\/\/hubertpietka.bialystok.pl\/wp-content\/uploads\/2025\/11\/1000034092-1024x771.jpg 1024w, https:\/\/hubertpietka.bialystok.pl\/wp-content\/uploads\/2025\/11\/1000034092-300x226.jpg 300w, https:\/\/hubertpietka.bialystok.pl\/wp-content\/uploads\/2025\/11\/1000034092-768x578.jpg 768w, https:\/\/hubertpietka.bialystok.pl\/wp-content\/uploads\/2025\/11\/1000034092-1536x1156.jpg 1536w, https:\/\/hubertpietka.bialystok.pl\/wp-content\/uploads\/2025\/11\/1000034092.jpg 1600w\" sizes=\"auto, (max-width: 1024px) 100vw, 1024px\" \/><\/a><\/figure>\n<\/figure>\n\n\n\n<p><em>Na zdj. Bia\u0142o czerwona g\u0142o\u015bno wo\u0142a<br>Do nieba o prawdziw\u0105 sprawiedliwo\u015b\u0107<br>I warto\u015bci dla dobra Polski<br>O warto\u015bci czysto\u015bci pokory cnoty<br>I dobr\u0105 mi\u0142o\u015bci drog\u0119<br>Te\u017c w prawdzie wsp\u00f3lnoty narodowej<br>A dla bestii to staje<br>Na przek\u00f3r w drodze zbrodni<br>Ich pod\u0142ug k\u0142amstw ob\u0142udnych szatana<br>I dla wszelkich bydlak\u00f3w<br>Chc\u0105cych si\u0119 bogaci\u0107 kosztem tak\u017ce<br>W\u0142asnych rodak\u00f3w byleby tylko zaspokojony<br>By\u0142 ich egoizm nie wa\u017cne<br>Przecie\u017c \u017ce w imi\u0119 zdrady<br>Boga Ojczyzny i wszelkich warto\u015bci<br>Wobec cnotliwych w czynie prostym<br>I w s\u0142owach honoru jasnych<\/em><\/p>\n\n\n\n<p><strong>UWAGA<\/strong> : <em>nie dla dzieci\u00f3w!<\/em><\/p>\n\n\n\n<p>( <strong><em><a href=\"https:\/\/youtu.be\/olqyyYywZuI\">The Bill feat. Soko &#8211; \u015awinie<\/a><\/em><\/strong> )<\/p>\n\n\n\n<p class=\"has-text-align-center\">&#8217; \/ &#8211;<\/p>\n\n\n\n<p class=\"has-text-align-right\"><strong><em><a href=\"https:\/\/youtu.be\/I9KyMNhzRRo?si=KMeNnoRO06DHlKoX\">Marsz Niepodleg\u0142o\u015bci &#8211; Echo Pami\u0119ci \/ Piosenki od serca<\/a><\/em><\/strong><\/p>\n","protected":false},"excerpt":{"rendered":"<p>Dzie\u0144 Niepodleg\u0142o\u015bci jest pi\u0119knyDla wszystkich Polak\u00f3w prawdziwych patriot\u00f3wI tych kt\u00f3rzy prawdziwieWspieraj\u0105 nar\u00f3d polskiW dobru te\u017c wsp\u00f3lnym uniwersalnymW ho\u0142dzie warto\u015bciom sta\u0142ymI przeciwko wszystkim ideologiom lewackimBo w&hellip; <\/p>\n","protected":false},"author":1,"featured_media":0,"parent":0,"menu_order":0,"comment_status":"closed","ping_status":"closed","template":"","meta":{"footnotes":""},"class_list":["post-9830","page","type-page","status-publish","hentry"],"_links":{"self":[{"href":"https:\/\/hubertpietka.bialystok.pl\/index.php?rest_route=\/wp\/v2\/pages\/9830","targetHints":{"allow":["GET"]}}],"collection":[{"href":"https:\/\/hubertpietka.bialystok.pl\/index.php?rest_route=\/wp\/v2\/pages"}],"about":[{"href":"https:\/\/hubertpietka.bialystok.pl\/index.php?rest_route=\/wp\/v2\/types\/page"}],"author":[{"embeddable":true,"href":"https:\/\/hubertpietka.bialystok.pl\/index.php?rest_route=\/wp\/v2\/users\/1"}],"replies":[{"embeddable":true,"href":"https:\/\/hubertpietka.bialystok.pl\/index.php?rest_route=%2Fwp%2Fv2%2Fcomments&post=9830"}],"version-history":[{"count":1,"href":"https:\/\/hubertpietka.bialystok.pl\/index.php?rest_route=\/wp\/v2\/pages\/9830\/revisions"}],"predecessor-version":[{"id":9832,"href":"https:\/\/hubertpietka.bialystok.pl\/index.php?rest_route=\/wp\/v2\/pages\/9830\/revisions\/9832"}],"wp:attachment":[{"href":"https:\/\/hubertpietka.bialystok.pl\/index.php?rest_route=%2Fwp%2Fv2%2Fmedia&parent=9830"}],"curies":[{"name":"wp","href":"https:\/\/api.w.org\/{rel}","templated":true}]}}