{"id":9841,"date":"2025-11-13T16:47:56","date_gmt":"2025-11-13T16:47:56","guid":{"rendered":"https:\/\/hubertpietka.bialystok.pl\/?page_id=9841"},"modified":"2025-11-13T16:47:56","modified_gmt":"2025-11-13T16:47:56","slug":"wydatek-obludy-ku-przemocy-bestii-i-lajdakow-wszelkich-musi-tez-kosztowac-obrony-wydatek-wewnetrzny-w-rownowazeniu-pozadan-ich-zbrodni","status":"publish","type":"page","link":"https:\/\/hubertpietka.bialystok.pl\/?page_id=9841","title":{"rendered":"Wydatek ob\u0142udy ku przemocy bestii i \u0142ajdak\u00f3w wszelkich \/ musi te\u017c kosztowa\u0107 obrony wydatek wewn\u0119trzny &#8211; w r\u00f3wnowa\u017ceniu po\u017c\u0105da\u0144 ich zbrodni"},"content":{"rendered":"\n<p>1.<br>Poniewa\u017c ten \u015bwiat ma by\u0107<br>Pod\u0142ug ob\u0142udy bestii i \u0142ajdak\u00f3w<br>Ku przemocy dla nienawistnych z\u0142owrogim<br>To mo\u017cna mie\u0107 czasem<br>Te\u017c do\u015b\u0107 takiego czarnego scenariusza<br>Dla \u015bwiata bestii i \u0142ajdak\u00f3w<br>Pod\u0142ug optyki wszelkiej z\u0142o\u015bci szata\u0144skiej<br>Na kt\u00f3rej ci w\u0142a\u015bnie kumotersko<br>Maj\u0105 si\u0119 bogaci\u0107 p\u0142awi\u0107 egoizmem<br>W\u0142asnym i im podobnych<br>A zbrodnie wszelkie ich przeciwnikom<br>Nawet je\u015bli wynikaj\u0105cym tylko<br>Z opozycji s\u0142u\u017ceniu dobrem<br>W Bogu i z\u0142em analogicznie<br>W szatanie co te bestie<br>Czyni\u0105 nieustannie i bydlaki wszelkie<br>Pod\u0142ug nich \u0142ajdacz\u0105ce ob\u0142udnie bezwzgl\u0119dnie<\/p>\n\n\n\n<p>2.<br>Jak to bydle podwijskie cho\u0107by<br>Wczoraj mia\u0142 mnie napada\u0107<br>Z kolesiami a dzisiaj niewini\u0105tko<br>&#8222;Dzie\u0144 dobry, dzi\u0119kuj\u0119&#8221; kiedy go<br>Przez drzwi przepu\u015bci\u0142em ale oczywi\u015bcie<br>Pojawia si\u0119 zawsze odpowiednio<br>Pod\u0142ug tych bestii gdy<br>Wchodz\u0119 czy wychodz\u0119 przecie\u017c nibyprzypadkowo<br>Tak najlepiej przecie\u017c przeprowadza\u0107 napa\u015bci<br>Wszelkie pod\u0142ug tych bestii<br>Tak\u017ce dzisiaj taki zobacz grzeczny<br>A ju\u017c zaraz niebawem<br>To bydle znowu ma nas<br>Odpowiednio napada\u0107 kiedy trzeba b\u0119dzie<br>Odwr\u00f3ci\u0107 konstelacj\u0119 ku agresji bestii<\/p>\n\n\n\n<p>A oto wyimek moich notatek<br>Z wczoraj bo ja<br>Za nic nie wierz\u0119<br>Temu k\u0142amcu wierutnego i ob\u0142udzie<br>Bestii pod\u0142ug kt\u00f3rej nieustannie post\u0119puje<br>Zreszt\u0105 wszelkie bydlaki dzia\u0142aj\u0105 \u015bci\u015ble<br>Pod\u0142ug tych bestii ob\u0142udy nienawistnej<\/p>\n\n\n\n<p>3.<br>Ta podwija to jest prawdziwe<br>Bydle tak pod\u0142e perfidne<br>I ob\u0142\u0119dnie ob\u0142udne<br>\u017be brak mi s\u0142\u00f3w<br>Ale za co mu przecie\u017c<br>Zapewniaj\u0105 wszelki dostatek te bestie<br>Za takie totalne z\u0142o ob\u0142udne<br>Kt\u00f3re koniecznie ma przybra\u0107<br>Wyraz napa\u015bci a najlepiej z kolesiem\/amj<br>Jest przecie\u017c i tak zreszt\u0105<br>Wszelcy \u0142ajdacy post\u0119puj\u0105 totalnie ob\u0142udnie<br>Pod\u0142ug tych bestii w d\u0105\u017ceniach<br>Wszelkich zbrodniczych zawodowi prywatni s\u0142u\u017cbowi<br>Brak s\u0142\u00f3w po prostu<br>Jak sprzedawczykowstwo podli szmaci takich<br>W z\u0142u szata\u0144skim tych bestii<\/p>\n\n\n\n<p>Jacy oni kiedy\u015b b\u0119d\u0105 biedni<br>Ci wszyscy kt\u00f3rzy \u0142ajdacz\u0105cy ob\u0142udnie<br>Ob\u0142\u0119dnie pod\u0142ug tych bestii<br>S\u0105 na prostej drodze<br>Do piek\u0142a i to ich<br>Te\u017c spotka je\u015bli si\u0119<br>Nie nawr\u00f3c\u0105 wraz z tymi<br>Bestiami trafi\u0105 tam gdzie id\u0105<br>Z nimi pod\u0142ug zbrodni perfidnych<br>I wszelkich ob\u0142udnych k\u0142amstw bestii<\/p>\n\n\n\n<p>4.<br>Dzi\u015b \u015bw. *<strong>A-bb-ona<\/strong>* bestie bydlaki<br>Przecie\u017c zawsze *<strong>a bo on<\/strong>*<br>I *<strong>a bo ona<\/strong>* bo to<br>Niby mamy by\u0107 winni ich<br>Przemocowym w ob\u0142udzie zawsze ob\u0142\u0119dnej<br>D\u0105\u017ceniom do wszelkich zbrodni<br>Na niewinnych zreszt\u0105 wszystkich<br>A poniewa\u017c nieustannie nas dotyka<br>Na wszelkie sposoby czas pogardy<br>Tych bestii dla Boga maluczkich<br>To i my czasem<br>Na skutek wszelkich ich czynnik\u00f3w<br>Zipiemy ledwo i to si\u0119<br>Odbija na naszej relacji<br>Za co nas dodatkowo oskar\u017ca\u0107 trzeba zawsze<br>Wszystko u nich pod\u0142ug szatana<br>Kt\u00f3ry dzieci Bo\u017ce oskar\u017ca nieustannie<br>Byleby tylko m\u00f3c realizowa\u0107 swe<br>Wszelkie pod\u0142e szata\u0144skie ob\u0142\u0119dnie zbrodnie<br>Na mnie na \u017conie<br>Na nas naszych i naszym<br>I innych niewinnych przecie\u017c<br>Nienawi\u015bci tych bestii i \u0142ajdak\u00f3w<br>Te\u017c wszelkich zaawansowanych<br>W egoizmie ob\u0142udy \u017ce niby<br>Im mo\u017cna wi\u0119cej \u017ce oni<br>Te\u017c przecie\u017c ci niby lepsi<\/p>\n\n\n\n<p>I nawet je\u015bli ja czasem<br>Wyra\u017cam co\u015b co mog\u0142oby brzmie\u0107<br>Przeciwko mojej \u017conie to wynika<br>To tylko i wy\u0142\u0105cznie<br>Z przeci\u0105\u017cenia w kt\u00f3re wp\u0119dzaj\u0105<br>Mnie i nas nieustannie te<br>Bestie i wszelkie \u0142ajdaki \u015bci\u015ble<br>Ob\u0142udne pod\u0142ug nich<br>A w rozdra\u017cnieniu wyra\u017ca si\u0119<br>Czasem co\u015b co by<br>Nie mog\u0142o zaistnie\u0107 nawet<br>W spokojno\u015bci stanie<br>I za to oni niby<br>Maj\u0105 pow\u00f3d by kierowa\u0107 agresj\u0119<br>Swoj\u0105 przeciwko mojej kochanej \u017conie<br>No i mnie tak\u017ce<br>Tudzie\u017c mno\u017cy\u0107 r\u00f3\u017cne pindzie pieprzone<br>Kt\u00f3re niech spadaj\u0105 ta\u0144cowa\u0107<br>Z tymi bestiami i bydlakami<br>Bo pod\u0142ug nich to wszystko<br>Na ich m\u0142yn z\u0142o\u015bci w\u0142a\u015bnie<br>A \u017ce bestie pods\u0142uchuj\u0105 wszystko<br>Wi\u0119c oczywi\u015bcie te\u017c wszystko<br>Chc\u0105 przeciwko nam wykorzystywa\u0107<br>Ku realizacji swych zbrodni szata\u0144skich<br>Byleby tak naprawd\u0119 to wszystko<br>Byleby jakkolwiek nas zniszczy\u0107<\/p>\n\n\n\n<figure class=\"wp-block-gallery has-nested-images columns-default is-cropped wp-block-gallery-1 is-layout-flex wp-block-gallery-is-layout-flex\">\n<figure class=\"wp-block-image size-large\"><a href=\"https:\/\/hubertpietka.bialystok.pl\/wp-content\/uploads\/2025\/11\/1000034712.jpg\"><img loading=\"lazy\" decoding=\"async\" width=\"771\" height=\"1024\" data-id=\"9842\" src=\"https:\/\/hubertpietka.bialystok.pl\/wp-content\/uploads\/2025\/11\/1000034712-771x1024.jpg\" alt=\"\" class=\"wp-image-9842\" srcset=\"https:\/\/hubertpietka.bialystok.pl\/wp-content\/uploads\/2025\/11\/1000034712-771x1024.jpg 771w, https:\/\/hubertpietka.bialystok.pl\/wp-content\/uploads\/2025\/11\/1000034712-226x300.jpg 226w, https:\/\/hubertpietka.bialystok.pl\/wp-content\/uploads\/2025\/11\/1000034712-768x1020.jpg 768w, https:\/\/hubertpietka.bialystok.pl\/wp-content\/uploads\/2025\/11\/1000034712-1157x1536.jpg 1157w, https:\/\/hubertpietka.bialystok.pl\/wp-content\/uploads\/2025\/11\/1000034712.jpg 1536w\" sizes=\"auto, (max-width: 771px) 100vw, 771px\" \/><\/a><\/figure>\n<\/figure>\n\n\n\n<p><em>Na zdj. Du\u017co musimy wycierpie\u0107 w walce<br>Z ob\u0142ud\u0105 bestii i bydlak\u00f3w<br>W d\u0105\u017ceniach do zbrodni wszelkich<br>Na nas naszych i naszym<br>I taka obrona kosztuje sporo<br>Ma swoje koszty cho\u0107by ten<br>Wydatek wewn\u0119trzny w walce<br>Z przemoc\u0105 bezwzgl\u0119dn\u0105 totaln\u0105 bestii \u0142ajdak\u00f3w<br>Ku z\u0142u dla nas<br>A szatan wykorzystuje wszystko<br>Ku z\u0142u dla dzieci Bo\u017cych<br>Tak samo te bestie<br>I \u0142ajdaki bydlacz\u0105ce pod\u0142ug nich wsz\u0119dzie<br>Zawodowe prywatne i s\u0142u\u017cbowe<br>Pomimo wszelkich ob\u0142udnych pozor\u00f3w<br>\u017be oni niby nic<br>A byle tylko spe\u0142ni\u0107 po\u017c\u0105dania<br>Wszelkiego z\u0142a dla nas naszego<br>I naszych tych bestii szata\u0144skich<\/em><\/p>\n","protected":false},"excerpt":{"rendered":"<p>1.Poniewa\u017c ten \u015bwiat ma by\u0107Pod\u0142ug ob\u0142udy bestii i \u0142ajdak\u00f3wKu przemocy dla nienawistnych z\u0142owrogimTo mo\u017cna mie\u0107 czasemTe\u017c do\u015b\u0107 takiego czarnego scenariuszaDla \u015bwiata bestii i \u0142ajdak\u00f3wPod\u0142ug optyki&hellip; <\/p>\n","protected":false},"author":1,"featured_media":0,"parent":0,"menu_order":0,"comment_status":"closed","ping_status":"closed","template":"","meta":{"footnotes":""},"class_list":["post-9841","page","type-page","status-publish","hentry"],"_links":{"self":[{"href":"https:\/\/hubertpietka.bialystok.pl\/index.php?rest_route=\/wp\/v2\/pages\/9841","targetHints":{"allow":["GET"]}}],"collection":[{"href":"https:\/\/hubertpietka.bialystok.pl\/index.php?rest_route=\/wp\/v2\/pages"}],"about":[{"href":"https:\/\/hubertpietka.bialystok.pl\/index.php?rest_route=\/wp\/v2\/types\/page"}],"author":[{"embeddable":true,"href":"https:\/\/hubertpietka.bialystok.pl\/index.php?rest_route=\/wp\/v2\/users\/1"}],"replies":[{"embeddable":true,"href":"https:\/\/hubertpietka.bialystok.pl\/index.php?rest_route=%2Fwp%2Fv2%2Fcomments&post=9841"}],"version-history":[{"count":1,"href":"https:\/\/hubertpietka.bialystok.pl\/index.php?rest_route=\/wp\/v2\/pages\/9841\/revisions"}],"predecessor-version":[{"id":9843,"href":"https:\/\/hubertpietka.bialystok.pl\/index.php?rest_route=\/wp\/v2\/pages\/9841\/revisions\/9843"}],"wp:attachment":[{"href":"https:\/\/hubertpietka.bialystok.pl\/index.php?rest_route=%2Fwp%2Fv2%2Fmedia&parent=9841"}],"curies":[{"name":"wp","href":"https:\/\/api.w.org\/{rel}","templated":true}]}}