{"id":9845,"date":"2025-11-15T09:37:27","date_gmt":"2025-11-15T09:37:27","guid":{"rendered":"https:\/\/hubertpietka.bialystok.pl\/?page_id=9845"},"modified":"2025-11-15T09:37:27","modified_gmt":"2025-11-15T09:37:27","slug":"chore-obledem-paranoi-zbrodni-bestie-i-bydlaki-podlug-nich","status":"publish","type":"page","link":"https:\/\/hubertpietka.bialystok.pl\/?page_id=9845","title":{"rendered":"Chore ob\u0142\u0119dem paranoi zbrodni \/ bestie i bydlaki pod\u0142ug nich"},"content":{"rendered":"\n<p>Sk\u00f3rsynskie szata\u0144skie totalne bestie<br>Oni z siebie i \u0142ajdacz\u0105cych<br>Pod\u0142ug nich bydlak\u00f3w uczynili paranoik\u00f3w<br>Nie mog\u0105cych si\u0119 wyinklinowa\u0107<br>Z \u017c\u0105dzy \u015bmierci zniewolenia zniszczenia<\/p>\n\n\n\n<p>Nawet ze s\u0142u\u017calc\u00f3w medycznych<br>Uczynili narz\u0119dzia potworne przeciwko cz\u0142owiekowi<br>Bo jak krwi badania<br>Cho\u0107by \u017cony to mo\u017cna<br>J\u0105 k\u0142u\u0107 wielokrotnie przy okazji<br>Wstrzykuj\u0105c jej co\u015b albo j\u0105<br>Po bestialsku ca\u0142kowicie<br>Jak oni zreszt\u0105 wszystko<br>Czym\u015b cho\u0107by zarazi\u0107 albo sfabrykowa\u0107<br>Wyniki by to s\u0142u\u017cy\u0142o tym<br>Piekielnym bestiom ich popapraniu szata\u0144skiemu<\/p>\n\n\n\n<p>Zabija\u0107 wsz\u0119dzie i zawsze<br>I przez wszystkich szkodzi\u0107 jakkolwiek<br>Zepsuty totalnie szata\u0144stwem idea\u0142 chory<br>Tych bestii totalnie zwyrodnia\u0142ych<br>I wszelkich pod\u0142ug z\u0142a \u0142ajdak\u00f3w<\/p>\n\n\n\n<p>Podobnie z napa\u015bciami i prowokacjami<br>Wszelkich bydlak\u00f3w prywatnych zawodowych s\u0142u\u017cbowych<br>Niesko\u0144czone nigdy w paranoi szata\u0144stwa<br>Przeciwko cz\u0142owiekowi we wszystkim<br>Te popaprane zbrodniami i ob\u0142ud\u0105<br>Bestie i \u0142ajdaki bydlackie wszelkie<\/p>\n\n\n\n<p>Podobnie z tym psem<br>Jak przeszkadza on strasznie bestiom<br>Jego obronno\u015b\u0107 wierno\u015b\u0107 przywi\u0105zanie<br>Do nas w napa\u015bciach agresji<br>Bydlak\u00f3w pod\u0142ych wszelkich jak on<br>Strasznie przeszkadza tym bestiom<br>I bydlakom maj\u0105cym nas napada\u0107<br>Bez niego dla nich<br>By\u0142aby &#8222;bu\u0142ka z mas\u0142em&#8221;<br>I do tego nieustannie d\u0105\u017c\u0105<br>Te potworne bestie i \u0142ajdacy<br>By go nam zabra\u0107 zabi\u0107<br>Sk\u00f3rsyny potworne byleby tylko ob\u0142udnie<br>Do swych wszelkich zbrodni<br>Paranoicy popaprani zaklinowaniem si\u0119 szata\u0144skim<br>W zbrodniach wszelkich bydlacy niesko\u0144czeni<br>Nigdy w zepsuciu chorym ob\u0142\u0119dem<br>Szata\u0144skim zbrodni wszelkich tych bestii<br>Zawodowi prywatni i s\u0142u\u017cbowi wszelcy<br>Byleby tylko te szatany<br>Nas w ko\u0144cu dopad\u0142y zniszczy\u0142y<\/p>\n\n\n\n<figure class=\"wp-block-gallery has-nested-images columns-default is-cropped wp-block-gallery-1 is-layout-flex wp-block-gallery-is-layout-flex\">\n<figure class=\"wp-block-image size-large\"><a href=\"https:\/\/hubertpietka.bialystok.pl\/wp-content\/uploads\/2025\/11\/1000035026.jpg\"><img loading=\"lazy\" decoding=\"async\" width=\"771\" height=\"1024\" data-id=\"9846\" src=\"https:\/\/hubertpietka.bialystok.pl\/wp-content\/uploads\/2025\/11\/1000035026-771x1024.jpg\" alt=\"\" class=\"wp-image-9846\" srcset=\"https:\/\/hubertpietka.bialystok.pl\/wp-content\/uploads\/2025\/11\/1000035026-771x1024.jpg 771w, https:\/\/hubertpietka.bialystok.pl\/wp-content\/uploads\/2025\/11\/1000035026-226x300.jpg 226w, https:\/\/hubertpietka.bialystok.pl\/wp-content\/uploads\/2025\/11\/1000035026-768x1021.jpg 768w, https:\/\/hubertpietka.bialystok.pl\/wp-content\/uploads\/2025\/11\/1000035026-1156x1536.jpg 1156w, https:\/\/hubertpietka.bialystok.pl\/wp-content\/uploads\/2025\/11\/1000035026.jpg 1204w\" sizes=\"auto, (max-width: 771px) 100vw, 771px\" \/><\/a><\/figure>\n<\/figure>\n\n\n\n<p><em>Na zdj. I nikt nam w tym<br>Za bardzo nie pomaga chyba<br>W tych prze\u015bladowaniach tych bestii<br>I \u0142ajdak\u00f3w wszelkich sprzedajnych<br>Pod\u0142ug nich zainklinowanych w wszelkiej<br>Paranoi chorych zbrodni szata\u0144stw wszelkich<br>Tych zwyrodnia\u0142ych ca\u0142kowicie bestii<br>Codzienna nadludzka nasza walka<br>Z t\u0105 przemoc\u0105 szata\u0144sk\u0105<br>Tego wyrazem jest w Bogu<br>Przeciwko tym szata\u0144stwom zepsutym zdegenerowanym<br>Tych bestii i \u0142ajdak\u00f3w wszelkich<br>Jezu ufam Tobie Maryjo wspom\u00f3\u017c<br>Byleby tylko ob\u0142\u0119d potworny zbrodni<br>Tych szata\u0144stwem wszelkich chorych<br>M\u00f3g\u0142 by\u0107 w ko\u0144cu skonsumowany<br>Na zniszczeniu nas naszego naszych<br>Niewymowna potworno\u015b\u0107 zregenerowania r\u00f3\u017cnych bydlak\u00f3w<br>Pod\u0142ug tych bestii cechuje ich<br>Kim by zreszt\u0105 nie byli<\/em><\/p>\n","protected":false},"excerpt":{"rendered":"<p>Sk\u00f3rsynskie szata\u0144skie totalne bestieOni z siebie i \u0142ajdacz\u0105cychPod\u0142ug nich bydlak\u00f3w uczynili paranoik\u00f3wNie mog\u0105cych si\u0119 wyinklinowa\u0107Z \u017c\u0105dzy \u015bmierci zniewolenia zniszczenia Nawet ze s\u0142u\u017calc\u00f3w medycznychUczynili narz\u0119dzia potworne&hellip; <\/p>\n","protected":false},"author":1,"featured_media":0,"parent":0,"menu_order":0,"comment_status":"closed","ping_status":"closed","template":"","meta":{"footnotes":""},"class_list":["post-9845","page","type-page","status-publish","hentry"],"_links":{"self":[{"href":"https:\/\/hubertpietka.bialystok.pl\/index.php?rest_route=\/wp\/v2\/pages\/9845","targetHints":{"allow":["GET"]}}],"collection":[{"href":"https:\/\/hubertpietka.bialystok.pl\/index.php?rest_route=\/wp\/v2\/pages"}],"about":[{"href":"https:\/\/hubertpietka.bialystok.pl\/index.php?rest_route=\/wp\/v2\/types\/page"}],"author":[{"embeddable":true,"href":"https:\/\/hubertpietka.bialystok.pl\/index.php?rest_route=\/wp\/v2\/users\/1"}],"replies":[{"embeddable":true,"href":"https:\/\/hubertpietka.bialystok.pl\/index.php?rest_route=%2Fwp%2Fv2%2Fcomments&post=9845"}],"version-history":[{"count":1,"href":"https:\/\/hubertpietka.bialystok.pl\/index.php?rest_route=\/wp\/v2\/pages\/9845\/revisions"}],"predecessor-version":[{"id":9847,"href":"https:\/\/hubertpietka.bialystok.pl\/index.php?rest_route=\/wp\/v2\/pages\/9845\/revisions\/9847"}],"wp:attachment":[{"href":"https:\/\/hubertpietka.bialystok.pl\/index.php?rest_route=%2Fwp%2Fv2%2Fmedia&parent=9845"}],"curies":[{"name":"wp","href":"https:\/\/api.w.org\/{rel}","templated":true}]}}