{"id":9866,"date":"2025-11-18T23:10:32","date_gmt":"2025-11-18T23:10:32","guid":{"rendered":"https:\/\/hubertpietka.bialystok.pl\/?page_id=9866"},"modified":"2025-11-18T23:10:32","modified_gmt":"2025-11-18T23:10:32","slug":"znaczonymi-kartami-obludy-szatana-te-bestie-i-lajdacy-w-tysiaca-graja-z-nami-powtorzen-wszelkich-zla-schematow-ku-zbrodniom-szatanskich-skor-wiele","status":"publish","type":"page","link":"https:\/\/hubertpietka.bialystok.pl\/?page_id=9866","title":{"rendered":"Znaczonymi kartami ob\u0142udy szatana \/ te bestie i \u0142ajdacy &#8211; w Tysi\u0105ca graj\u0105 z nami \/ powt\u00f3rze\u0144 wszelkich z\u0142a schemat\u00f3w &#8211; ku zbrodniom szata\u0144skich sk\u00f3r wiele"},"content":{"rendered":"\n<p>Dlaczego te bestie mo\u017cna nazwa\u0107<br>Sk\u00f3r szata\u0144skie bo tysi\u0105c razy<br>Szatany ob\u0142udne chc\u0105 to samo<br>Z\u0142o wobec nas powtarza\u0107<br>Udaj\u0105c ob\u0142udnie ob\u0142\u0119dnie \u017ce<br>Niby przypadkiem \u017ce niby nic<br>Podobnie ci bydlacy \u0142ajdaccy tych<br>Bestii tysi\u0105c razy przecie\u017c mog\u0105<br>Se napada\u0107 nastawa\u0107 prowokowa\u0107<br>Pod tym samym szata\u0144skim pozorem<br>Wi\u0119c to sk\u00f3r szata\u0144skie identycznie<\/p>\n\n\n\n<p>Tak mo\u017cna te\u017c wypadek powodowa\u0107<br>Czy samochodowy czy jaki<br>Tysi\u0105c razy bo sk\u00f3r wiele szata\u0144skich<br>Maj\u0105 w tym sadystyczne upodobanie<br>Tak mo\u017cna zreszt\u0105 wszystko<br>Tysi\u0105c razy zabija\u0107 zniewala\u0107 niszczy\u0107<br>Tak samo tymi samymi z\u0142a<br>Schematami ob\u0142udnymi tak przecie\u017c mo\u017cna<br>Wszystko powtarza\u0107 ka\u017cde pod\u0142e z\u0142o<br>I to przez \u0142ajdak\u00f3w wielu<br>Zawodowych s\u0142u\u017cbowych i prywatnych<br>W Tysi\u0105ca z nami graj\u0105<br>Bestie i \u0142ajdacy wszelcy<br>W powtarzanie tysi\u0105ce razy<br>D\u0105\u017ce\u0144 wszelkich ob\u0142udnych ku zbrodniom<br>Besti jest jak s\u0105dz\u0119 przecie\u017c<br>Szatanskich sk\u00f3r wiele<br>I maj\u0105 te\u017c podobnie<br>W\u015br\u00f3d \u0142ajdak\u00f3w szata\u0144skich sk\u00f3r wiele<\/p>\n\n\n\n<p>I oni tak se mog\u0105<br>&#8222;Gra\u0107 w kulki&#8221; niejako<br>Z nami powtarzalnymi wszystkimi zbrodniami<br>A jak ja przepowiadam to<br>Po wielokro\u0107 podobn\u0105 ilo\u015b\u0107 razy<br>To jestem nie\u015bwiadomy to trzeba<br>Mnie usadzi\u0107 bo jak ja<br>\u015amiem sprzeciwia\u0107 si\u0119 przemocy niesko\u0144czonej<br>Bestii i \u0142ajdak\u00f3w wszelkich<br>Takich r\u00f3\u017cnych wszelkich maj\u0105 oni<br>Przecie\u017c szata\u0144skich sk\u00f3r wiele<br>Bo jeszcze przecie\u017c masz<br>W punkt trafi\u0107 pod\u0142ug szata\u0144skich<br>Totalnie sk\u00f3r wiele maj\u0105 przecie\u017c<br>Mo\u017cliwo\u015bci zbrodni wszelkich takich wiele<br>I ty mo\u017cesz tysi\u0105c razy<br>Powtarza\u0107 nawet w punt trafia\u0107<br>Tych bestii i \u0142ajdak\u00f3w ob\u0142\u0119dny<br>A i tak zawsze \u017ale<br>Zawsze znajd\u0105 pow\u00f3d do podwa\u017cania<br>Bestie i \u0142ajdaki sk\u00f3r wiele<br>Szata\u0144skie to s\u0105 przecie\u017c totalnie<\/p>\n\n\n\n<p>To powt\u00f3rz\u0119 po raz tysi\u0105c<br>Pierwszy szata\u0144skie bestie i \u0142ajdaki<br>Se mo\u017cecie samochody jak chcecie<br>Szatany ustawia\u0107 a ja stanowczo<br>Wbrew ob\u0142udzie \u0142ajdak\u00f3w i bestii<br>To powt\u00f3rz\u0119 to po raz<br>Tysi\u0105c pierwszy \u017ce nie b\u0119dzie<br>\u017badnej <em>pindzi pedzia dzidzi<\/em><br>I co tam zreszt\u0105 jeszcze<br>Se szatany wymy\u015ble\u0107 chcecie<br>Zap\u0142acicie za wasze zbrodnie<br>Nie przede mn\u0105 przed Bogiem<br>A ja co mam zrobi\u0107<br>Na pewno zrobi\u0119 bo te<br>Wszelkie szata\u0144stwa zbrodnicze tych bestii<br>I \u0142ajdak\u00f3w wszelkich sk\u00f3r wiele<br>Przekracza ju\u017c chyba ludzkie poj\u0119cie<br>Wi\u0119c se mo\u017cecie mno\u017cy\u0107 szatany<br>Wasze wariacje r\u00f3\u017cnych opcji<br>A nie b\u0119dzie pod\u0142ug ob\u0142udy<br>Tej pod\u0142ej stricte te\u017c szatana<br>Lecz pod\u0142ug warto\u015bci Bo\u017cych<br>I Chrystusa Pana<\/p>\n\n\n\n<figure class=\"wp-block-gallery has-nested-images columns-default is-cropped wp-block-gallery-1 is-layout-flex wp-block-gallery-is-layout-flex\">\n<figure class=\"wp-block-image size-large\"><a href=\"https:\/\/hubertpietka.bialystok.pl\/wp-content\/uploads\/2025\/11\/1000035397.jpg\"><img loading=\"lazy\" decoding=\"async\" width=\"771\" height=\"1024\" data-id=\"9867\" src=\"https:\/\/hubertpietka.bialystok.pl\/wp-content\/uploads\/2025\/11\/1000035397-771x1024.jpg\" alt=\"\" class=\"wp-image-9867\" srcset=\"https:\/\/hubertpietka.bialystok.pl\/wp-content\/uploads\/2025\/11\/1000035397-771x1024.jpg 771w, https:\/\/hubertpietka.bialystok.pl\/wp-content\/uploads\/2025\/11\/1000035397-226x300.jpg 226w, https:\/\/hubertpietka.bialystok.pl\/wp-content\/uploads\/2025\/11\/1000035397-768x1020.jpg 768w, https:\/\/hubertpietka.bialystok.pl\/wp-content\/uploads\/2025\/11\/1000035397-1157x1536.jpg 1157w, https:\/\/hubertpietka.bialystok.pl\/wp-content\/uploads\/2025\/11\/1000035397.jpg 1536w\" sizes=\"auto, (max-width: 771px) 100vw, 771px\" \/><\/a><\/figure>\n<\/figure>\n\n\n\n<p><em>Na zdj. Tysi\u0105c razy to samo<br>Mog\u0105 ob\u0142udnie czyni\u0107 wszelkie szatany<br>Ty mo\u017cesz to te\u017c tysi\u0105c<br>Razy przepowiada\u0107 a i tak<br>Znajd\u0105 szatany wykr\u0119ty dla szata\u0144skich<br>Zbrodni swoich wszelkich by je<br>Powtarza\u0107 ob\u0142udnie ob\u0142\u0119dnie kolejne tysi\u0105c<br>Razy mo\u017ce te same szata\u0144skie<br>Ob\u0142udne schematy d\u0105\u017ce\u0144 do z\u0142a<br>Zbrodni swych wszelkich<br>To ja powt\u00f3rz\u0119 to<br>Po raz tysi\u0105c te\u017c kolejny<br>To wszystko co powtarzam tu<br>Niemal nieustannie a i tak<br>Te szatany &#8222;jak nie kul\u0105<br>To kamieniem czy lag\u0105&#8221;<br>Byleby tylko z\u0142em szata\u0144skim ok\u0142ada\u0107<br>Ci\u0105gle &#8222;goni\u0105 w pi\u0119tk\u0119&#8221; przecie\u017c<br>Te szata\u0144skie bestie i \u0142ajdacy<br>Pod\u0142ug nich wszelcy ale im<br>Mo\u017cna pod\u0142ug ob\u0142udy szata\u0144skiej<br>I przemocy kt\u00f3r\u0105 dysponuj\u0105<br>Tak\u017ce tej zorganizowanej s\u0142u\u017cbist\u00f3w bestii<\/em><\/p>\n\n\n\n<p><strong><em><a href=\"https:\/\/youtu.be\/4FiaojhV7sE\">Dryskull &amp; Zalewski &#8211; M\u00f3wi\u0119 ci nie<\/a><\/em><\/strong><\/p>\n","protected":false},"excerpt":{"rendered":"<p>Dlaczego te bestie mo\u017cna nazwa\u0107Sk\u00f3r szata\u0144skie bo tysi\u0105c razySzatany ob\u0142udne chc\u0105 to samoZ\u0142o wobec nas powtarza\u0107Udaj\u0105c ob\u0142udnie ob\u0142\u0119dnie \u017ceNiby przypadkiem \u017ce niby nicPodobnie ci bydlacy&hellip; <\/p>\n","protected":false},"author":1,"featured_media":0,"parent":0,"menu_order":0,"comment_status":"closed","ping_status":"closed","template":"","meta":{"footnotes":""},"class_list":["post-9866","page","type-page","status-publish","hentry"],"_links":{"self":[{"href":"https:\/\/hubertpietka.bialystok.pl\/index.php?rest_route=\/wp\/v2\/pages\/9866","targetHints":{"allow":["GET"]}}],"collection":[{"href":"https:\/\/hubertpietka.bialystok.pl\/index.php?rest_route=\/wp\/v2\/pages"}],"about":[{"href":"https:\/\/hubertpietka.bialystok.pl\/index.php?rest_route=\/wp\/v2\/types\/page"}],"author":[{"embeddable":true,"href":"https:\/\/hubertpietka.bialystok.pl\/index.php?rest_route=\/wp\/v2\/users\/1"}],"replies":[{"embeddable":true,"href":"https:\/\/hubertpietka.bialystok.pl\/index.php?rest_route=%2Fwp%2Fv2%2Fcomments&post=9866"}],"version-history":[{"count":1,"href":"https:\/\/hubertpietka.bialystok.pl\/index.php?rest_route=\/wp\/v2\/pages\/9866\/revisions"}],"predecessor-version":[{"id":9868,"href":"https:\/\/hubertpietka.bialystok.pl\/index.php?rest_route=\/wp\/v2\/pages\/9866\/revisions\/9868"}],"wp:attachment":[{"href":"https:\/\/hubertpietka.bialystok.pl\/index.php?rest_route=%2Fwp%2Fv2%2Fmedia&parent=9866"}],"curies":[{"name":"wp","href":"https:\/\/api.w.org\/{rel}","templated":true}]}}