{"id":9870,"date":"2025-11-19T10:14:37","date_gmt":"2025-11-19T10:14:37","guid":{"rendered":"https:\/\/hubertpietka.bialystok.pl\/?page_id=9870"},"modified":"2025-11-19T10:14:37","modified_gmt":"2025-11-19T10:14:37","slug":"obludne-skorsyny-sluzbowe-hipokryzja-w-sluzbie-bestii-ich-klamstw-i-zbrodni","status":"publish","type":"page","link":"https:\/\/hubertpietka.bialystok.pl\/?page_id=9870","title":{"rendered":"Ob\u0142udne sk\u00f3rsyny s\u0142u\u017cbowe \/ hipokryzja w s\u0142u\u017cbie bestii &#8211; ich k\u0142amstw i zbrodni"},"content":{"rendered":"\n<p>1.<br>B\u00f3g mi pokaza\u0142 tej nocy<br>Jakie sk\u00f3rsyny s\u0105 te wszystkie<br>S\u0142u\u017cby s\u0142u\u017calc\u00f3w bandyckich kt\u00f3re ewidentnie<br>Nie maj\u0105 s\u0142u\u017cy\u0107 ludziom narodowi<br>Demokratycznemu prawu lecz bezprawiu<br>Bestii ich zbrodniom i k\u0142amstwom<br>I to jeszcze ob\u0142udnie<br>Kartuj\u0105 tak wszystko przeciwko niewinnym<br>Tym kt\u00f3rzy podpadli bestii nienawi\u015bci<\/p>\n\n\n\n<p>Mianowicie taki obrazek mi adekwatnie<br>B\u00f3g ukaza\u0142 \u017ce wczoraj<br>Kiedy samoch\u00f3d przy \u015bmietniku<br>Stoi tam chyba od roku<br>Nagle zacz\u0119\u0142y si\u0119 tam kr\u0119ci\u0107<br>S\u0142u\u017calcy grodzcy a B\u00f3g<br>Mi ukaza\u0142 jakie maj\u0105 by\u0107<br>Nast\u0119pstwa tej ich nag\u0142ej troski<br>Pod\u0142ug k\u0142amstw ob\u0142udy tych bestii<br>Oni si\u0119 do tego<br>Nie przyznaj\u0105 oczywi\u015bcie<br>Pod\u0142ug zmowy w przemocy bestii<br>Na zapart i ich szanta\u017c\u00f3w<\/p>\n\n\n\n<p>Mianowicie co\u015b tam a jak\u017ce<br>W tym samochodzie sobie wypatrzyli<br>I trzeba przyjecha\u0107 z psami<br>By tu przy okazji<br>Jak si\u0119 co\u015b podrzuci<br>Do mojego samochodu to wtedy<br>Te psy no zobacz<br>Maj\u0105 wyniucha\u0107 substytut dla ludzi<br>I to nawet w butelkach<br>Szklanych szczelnie zamkni\u0119tych<br>Wiedz\u0105 przecie\u017c \u017ce to mam<br>Dla kogo\u015b te bestie<br>I tak ma si\u0119 rozp\u0119ta\u0107<br>Afera ob\u0142udy tych s\u0142u\u017cb piek\u0142a<br>\u017be kontrabanda niby czy co<br>Tom i jeszcze oczywi\u015bcie sk\u00f3rsyny<br>Wiedz\u0105 \u017ce by\u0142 ju\u017c proceder<br>Odpowiednio ukartowane z tytoniem wcze\u015bniej<br>Wi\u0119c to ca\u0142kowicie na m\u0142yn<br>Ob\u0142udnych d\u0105\u017ce\u0144 do zbrodni bestii<br>Tego w\u0142a\u015bnie mnie zniewolenia<br>Do tego im s\u0142u\u017c\u0105<br>R\u00f3\u017cne preteksty ob\u0142udnie ukartowane<br>By osi\u0105gn\u0105\u0107 ten cel zniewolenia<br>Tych bestii ob\u0142udnik\u00f3w dla mnie<br>W tych w\u0142a\u015bnie akcjach prowokacjach<br>Maj\u0105 uczestniczy\u0107 wszelkie s\u0142u\u017cby<br>W tego typu wszelkie sk\u00f3rsyny<br>S\u0142u\u017c\u0105ce ob\u0142udnie zbrodniom tych bestii<br>S\u0105 zaanga\u017cowane w ca\u0142ej rozpi\u0119to\u015bci<br>S\u0142u\u017cbie przemoc\u0105 bestii k\u0142amstwom szata\u0144skim<\/p>\n\n\n\n<p>Bo co maj\u0105 do mnie<br>Te skarbeczki bandyckie ulubie\u0144cy bestii<br>To w\u0142a\u015bnie \u017ce wystarczy<br>Mi co\u015b podrzuci\u0107 by by\u0142o<br>Powt\u00f3rzenie niby tych zbrodni moich<br>Przeciwko temu choremu pa\u0144stwu bestii<br>Gdzie wszystko i wszyscy<br>Maj\u0105 s\u0142u\u017cy\u0107 totalno\u015bci ich przemocy<br>\u017be niby recydywa w przest\u0119pstwach<br>Odpowiednich podlug k\u0142amstw bestii<br>Jest tu jaka\u015b moja<\/p>\n\n\n\n<p>A co maj\u0105 do mnie<br>Te krokodyle kt\u00f3re kiedy\u015b mia\u0142y<br>Bada\u0107 tylko i wy\u0142\u0105cznie tiry<br>A teraz wiadomo \u017ce jak<br>To mo\u017ce pos\u0142u\u017cy\u0107 bestii zbrodniom<br>To mo\u017cna co\u015b znale\u017a\u0107 odpowiednio<br>W samochodach naszych koniecznie je<br>Trzeba odpowiednio pod\u0142ug bestii bada\u0107<br>Z efektem zbrodni s\u0142usznym jedynie<\/p>\n\n\n\n<p>A te pograniczuchy jak skarbeczki<br>Maj\u0105 uczestniczy\u0107 tak\u017ce w sfingowanych akcjach<br>Tych bestii niby \u017ce co\u015b<br>Wina jest nasza jaka\u015b kontrabanda<br>Czy co tam jeszcze<br>Wymy\u015bl\u0105 te ob\u0142udne bestie<br>I s\u0142u\u017calcy zbrodni sk\u00f3rsyny s\u0142u\u017cbowe<br>R\u00f3\u017cne pod\u0142ug w\u0142a\u015bnie tego<\/p>\n\n\n\n<p>A te mi\u015bki bandyckie<br>Z tymi to ju\u017c mi<br>S\u0142\u00f3w brak nawet jak oni<br>Totalnie s\u0142u\u017c\u0105 bestii zbrodniom<br>Prowokacjom r\u00f3\u017cnym i bestii ob\u0142udnej<br>Wszelkiej propagandzie \u017ce my<br>Co\u015b nie tak niby<br>Fa\u0142szywe niby nasze pieni\u0105dze itp<br>Jakie\u015b chore niby nasze kradzie\u017ce<br>Te mi\u015bki sk\u00f3rsyny s\u0142u\u017c\u0105 zbrodniom<br>Tych bestii we wszystkim<br>Pod\u0142ug ka\u017cdego k\u0142amstwa ob\u0142udnego<br>R\u00f3\u017cne bydlaki tworz\u0105 chore nagrania<br>Niby z naszymi jakimi\u015b przest\u0119pstwami<br>A te bydlaki misiowe \u0142ajdaczy\u0107<br>Maj\u0105 w\u0142a\u015bnie pod\u0142ug tego<br>Ze \u015brodkami przymusu bezpo\u015bredniego<br>Ku zbrodniom szata\u0144skim tych bestii<\/p>\n\n\n\n<p>A ci r\u00f3\u017cni s\u0142u\u017calcy medyczni<br>Wiedz\u0105 jakie mamy przecie\u017c jednostki<br>A \u017ce przykaz tych bestii<br>Jako warunek konieczny jest<br>Zbrodnia dla nas odpowiedniego zniewolenia<br>Wi\u0119c i te bydlaki medyczne<br>Maj\u0105 przykazy bestii jasne<br>Jak maj\u0105 post\u0119powa\u0107 z nami<br>Byleby tylko osi\u0105gn\u0105\u0107 te cele<br>Zbrodni bestii pod\u0142ug k\u0142amstw wszelkich<\/p>\n\n\n\n<p>Zreszt\u0105 wszelkie s\u0142u\u017cby na us\u0142ugach<br>Tych bestii ich k\u0142amstw zbrodni<br>Dla nas naszych i naszego<br>Idea\u0142 bestii osi\u0105gni\u0119ty by wszyscy<br>Walczyli z nami dla cel\u00f3w<br>Zbrodni tych bestii ob\u0142udy szata\u0144skiej<br>I jak\u017ce\u017c to nie sk\u00f3rsyny<br>Oni wszyscy skoro tak w\u0142a\u015bnie<br>Walcz\u0105 z nami pod\u0142ug ob\u0142udy<br>Niesko\u0144czonej chyba w kt\u00f3rej uczestnicz\u0105<br>Oni wszyscy i wszelcy inni<br>Wymienia\u0107 mo\u017cna by analogicznie<br>Bior\u0105c pod uwag\u0119 r\u00f3\u017cne<br>Grupy spo\u0142eczne i d\u0142ugo jeszcze<\/p>\n\n\n\n<p class=\"has-text-align-center\"><strong>Uwaga<\/strong>: <em>Nie dla dzieci\u00f3w &#8211; po raz kolejny!<\/em><\/p>\n\n\n\n<p class=\"has-text-align-right\">~ ( <strong><em><a href=\"https:\/\/youtu.be\/zkPKLE0nDkc\">DPK &#8211; Wszystkich nas nie zabijecie<\/a> \/ &#8211; ku pami\u0119ci \u015bp. Dawida) <\/em><\/strong>~<\/p>\n\n\n\n<p class=\"has-text-align-center\"><strong><em><a href=\"https:\/\/youtu.be\/yVF4Fv2glcY\">Aurora &#8211; Wszyscy przeciwko wszystkim<\/a><\/em><\/strong> <\/p>\n\n\n\n<p class=\"has-text-align-left\"> <strong><em><a href=\"https:\/\/youtu.be\/OoRG4-AgrFg\">Dezerter &#8211; By\u0107 rz\u0105dzonym <\/a><\/em><\/strong> <\/p>\n\n\n\n<p>2.<br>A ci wszyscy kt\u00f3rzy<br>W tej ob\u0142udzie bestii<br>Ku zbrodniach na nas uczestnicz\u0105<br>W jakikolwiek spos\u00f3b<br>Zawodowi prywatni i s\u0142u\u017cbowi<br>To samo odziedzicz\u0105 czyli zbrodnie<br>Pod\u0142ug ob\u0142udy w kt\u00f3rej uczestnicz\u0105<br>Nie pod\u0142ug mnie lecz Boga<br>Wtedy poznaj\u0105 r\u00f3\u017cnice co znaczy<br>S\u0142u\u017cy\u0107 Bogu i Bo\u017cym dzieciom<br>A co znaczy s\u0142u\u017cy\u0107 bestiom<br>I szatanowi w totalno\u015bci z\u0142a<br>Ale to si\u0119 oka\u017ce jeszcze<br>Wszelcy ob\u0142udnicy zreszt\u0105 skonsumuj\u0105<br>To w\u0142a\u015bnie<br>Przyjdzie to na nich analogicznie<br>Pod\u0142ug ob\u0142udy s\u0142u\u017c\u0105cej zbrodniom bestii<\/p>\n\n\n\n<p>Szata\u0144skie sk\u00f3r wiele<br>I twarzy wiele maj\u0105 hipokryci<br>Nak\u0142adaj\u0105 na siebie r\u00f3\u017cne sk\u00f3ry<br>Czyli p\u0142aszcze maj\u0105ce nakry\u0107 ich<br>Wsp\u00f3\u0142udzia\u0142 w zbrodniach wszelkich bestii<br>Te bestie i im s\u0142u\u017c\u0105cy<br>Wszelcy ob\u0142udnicy bo te\u017c niby<br>Pod przykrywk\u0105 jakiego\u015b dobra<br>Pr\u00f3buj\u0105 pope\u0142nia\u0107 wszelkie szata\u0144skie zbrodnie<br>Hipokryci s\u0142u\u017c\u0105cy te\u017c szatanowi<br>Udawaniem wszelkim niby niewinnych rzeczy<\/p>\n\n\n\n<p>Te bestie mordercy i z\u0142odzieje<br>Przedstawiaj\u0105 si\u0119 zatem jako<br>Dobrodzieje ludzko\u015bci eliminuj\u0105cy niepo\u017c\u0105dany element<br>A robi\u0105 to oczywi\u015bcie<br>W ten spos\u00f3b by si\u0119<br>Bogaci\u0107 nachapa\u0107 na krzywdzie ludzkiej<br>Prostaccy mordercy a niby<br>Jak lubi\u0105 komuni\u015bci w imi\u0119<br>Jakiej\u015b wy\u017cszej idei eksterminuj\u0105 niewinnych<br>By si\u0119 bogaci\u0107 na tym<\/p>\n\n\n\n<p>A ob\u0142udnicy r\u00f3\u017cni s\u0142u\u017cbi\u015bci bestii<br>Niby w imi\u0119 prawa<br>Te wszelkie sfingowania rodem<br>Z PRL-u s\u0142u\u017cb specjalnych komunistycznych<br>Byleby tylko spe\u0142nia\u0107 po\u017c\u0105dania bestii<br>Zbrodni wszelkich na tych niewinnych<br>Podobnie czyni\u0105 wszelcy ob\u0142udnicy wsz\u0119dzie<br>Niewini\u0105tka pod przykrywk\u0105 pretekst\u00f3w r\u00f3\u017cnych<br>S\u0142u\u017c\u0105 ob\u0142udzie bestii ku zbrodniom<br>I to chyba na ka\u017cdym<br>Kroku naszego \u017cycia wszelcy wszystko<br>Tak w\u0142a\u015bnie byleby cho\u0107 rykoszetem<br>W nas trafi\u0107 ku zbrodniom<br>Bestii ta ob\u0142uda pod\u0142a ca\u0142a<br>Ukazywanie r\u00f3\u017cnych twarzy a jednocze\u015bnie<br>Genetycznie byleby ku z\u0142u<br>Dla nas naszych i naszego<br>I innych niewinnych zbrodni bestii<\/p>\n\n\n\n<figure class=\"wp-block-gallery has-nested-images columns-default is-cropped wp-block-gallery-1 is-layout-flex wp-block-gallery-is-layout-flex\">\n<figure class=\"wp-block-image size-large\"><a href=\"https:\/\/hubertpietka.bialystok.pl\/wp-content\/uploads\/2025\/11\/1000035415.jpg\"><img loading=\"lazy\" decoding=\"async\" width=\"771\" height=\"1024\" data-id=\"9871\" src=\"https:\/\/hubertpietka.bialystok.pl\/wp-content\/uploads\/2025\/11\/1000035415-771x1024.jpg\" alt=\"\" class=\"wp-image-9871\" srcset=\"https:\/\/hubertpietka.bialystok.pl\/wp-content\/uploads\/2025\/11\/1000035415-771x1024.jpg 771w, https:\/\/hubertpietka.bialystok.pl\/wp-content\/uploads\/2025\/11\/1000035415-226x300.jpg 226w, https:\/\/hubertpietka.bialystok.pl\/wp-content\/uploads\/2025\/11\/1000035415-768x1021.jpg 768w, https:\/\/hubertpietka.bialystok.pl\/wp-content\/uploads\/2025\/11\/1000035415-1156x1536.jpg 1156w, https:\/\/hubertpietka.bialystok.pl\/wp-content\/uploads\/2025\/11\/1000035415.jpg 1204w\" sizes=\"auto, (max-width: 771px) 100vw, 771px\" \/><\/a><\/figure>\n<\/figure>\n\n\n\n<p><em>Ta analiza by\u0142a tu potrzebna<br>By ukaza\u0107 ob\u0142ud\u0119 s\u0142u\u017c\u0105cych k\u0142amliwie<br>Zbrodniom wszelkich tych bestii<br>Zawodowych prywatnych i s\u0142u\u017cbowych<br>To ju\u017c do nieba<br>Bardzo mocno wo\u0142a<br>I dostanie si\u0119 kiedy\u015b<br>Odpowiedz odpowiednia tym ob\u0142udnikom<br>Wszelkim nie ze mnie<br>A w Bogu w\u0142a\u015bnie<br>Bo te k\u0142amstwa ku zbrodniom<br>Tych bestii przekraczaj\u0105 ju\u017c chyba<br>Wszelkie ludzkie granice przyzwoito\u015bci jakiejkolwiek<br>Jezu ufam Tobie wbrew tej<br>Wszelkiej ob\u0142udzie ku przemocy<br>Zbrodni tych bestii \u0142ajdak\u00f3w wszelkich<\/em><\/p>\n","protected":false},"excerpt":{"rendered":"<p>1.B\u00f3g mi pokaza\u0142 tej nocyJakie sk\u00f3rsyny s\u0105 te wszystkieS\u0142u\u017cby s\u0142u\u017calc\u00f3w bandyckich kt\u00f3re ewidentnieNie maj\u0105 s\u0142u\u017cy\u0107 ludziom narodowiDemokratycznemu prawu lecz bezprawiuBestii ich zbrodniom i k\u0142amstwomI to&hellip; <\/p>\n","protected":false},"author":1,"featured_media":0,"parent":0,"menu_order":0,"comment_status":"closed","ping_status":"closed","template":"","meta":{"footnotes":""},"class_list":["post-9870","page","type-page","status-publish","hentry"],"_links":{"self":[{"href":"https:\/\/hubertpietka.bialystok.pl\/index.php?rest_route=\/wp\/v2\/pages\/9870","targetHints":{"allow":["GET"]}}],"collection":[{"href":"https:\/\/hubertpietka.bialystok.pl\/index.php?rest_route=\/wp\/v2\/pages"}],"about":[{"href":"https:\/\/hubertpietka.bialystok.pl\/index.php?rest_route=\/wp\/v2\/types\/page"}],"author":[{"embeddable":true,"href":"https:\/\/hubertpietka.bialystok.pl\/index.php?rest_route=\/wp\/v2\/users\/1"}],"replies":[{"embeddable":true,"href":"https:\/\/hubertpietka.bialystok.pl\/index.php?rest_route=%2Fwp%2Fv2%2Fcomments&post=9870"}],"version-history":[{"count":1,"href":"https:\/\/hubertpietka.bialystok.pl\/index.php?rest_route=\/wp\/v2\/pages\/9870\/revisions"}],"predecessor-version":[{"id":9872,"href":"https:\/\/hubertpietka.bialystok.pl\/index.php?rest_route=\/wp\/v2\/pages\/9870\/revisions\/9872"}],"wp:attachment":[{"href":"https:\/\/hubertpietka.bialystok.pl\/index.php?rest_route=%2Fwp%2Fv2%2Fmedia&parent=9870"}],"curies":[{"name":"wp","href":"https:\/\/api.w.org\/{rel}","templated":true}]}}