{"id":9875,"date":"2025-11-22T15:07:18","date_gmt":"2025-11-22T15:07:18","guid":{"rendered":"https:\/\/hubertpietka.bialystok.pl\/?page_id=9875"},"modified":"2025-11-22T15:07:18","modified_gmt":"2025-11-22T15:07:18","slug":"zbrodnicze-bestie-podlug-obludy-wierutnej-wszelkie-ich-zlo-szatanskie-i-lajdakow-wszelakich","status":"publish","type":"page","link":"https:\/\/hubertpietka.bialystok.pl\/?page_id=9875","title":{"rendered":"Zbrodnicze bestie \/ pod\u0142ug ob\u0142udy wierutnej &#8211; wszelkie ich z\u0142o szata\u0144skie i \u0142ajdak\u00f3w wszelakich"},"content":{"rendered":"\n<p>1.<br>Bestie zaciek\u0142e we wszelkim szata\u0144stwie<br>B\u00f3g powiedzia\u0142 \u017ce &#8222;dom ich ka\u017cdy<br>Ma by\u0107 miejscem modlitwy<br>A oni uczynili z nich<br>Jaskinie zb\u00f3jc\u00f3w&#8221; zab\u00f3jc\u00f3w agresor\u00f3w wszelkich<br>Ka\u017cdy dom w kt\u00f3rym si\u0119<br>My znajdziemy jako\u015b<br>B\u00f3g m\u00f3wi &#8222;go\u015b\u0107 w dom<br>B\u00f3g w dom&#8221; a te<br>Szata\u0144skie ze wszech miar bestie<br>Chc\u0105 potwornie wed\u0142ug swej zdegradowanej<br>Szata\u0144skiej natury bestii niszczy\u0107 wszystkich<br>Kt\u00f3rzy udzielaj\u0105 nam jakiejkolwiek go\u015bciny<br>Zepsuci na wskro\u015b szanta\u017cuj\u0105 wpierw<br>Te bestie a potem chc\u0105<br>Z\u0142o czyni\u0107 tym kt\u00f3rzy<br>Nam jakiekolwiek nawet ograniczone dobro<br>Pod\u0142ug woli dobrej chc\u0105 uczyni\u0107<br>I tak te sko\u0144czone szatany<br>Przegenerowuj\u0105 ludzi my\u015blenie i czyny<br>Ku swym wszelkim szata\u0144skim zbrodniom<br>Pod\u0142ug swej ob\u0142udy niewyra\u017cenie pod\u0142ej<br>Zamiast wzbudza\u0107 w ludziach intencje<br>Dobra dla tych dzieci Bo\u017cych<br>To te szatany szanta\u017cem chc\u0105 niszczy\u0107<br>Wszystko i tych kt\u00f3rzy chc\u0105<br>Dobro nawet ca\u0142kowicie opustosza\u0142e niejako<br>Dzi\u0119ki ich zbrodniczo\u015bci szata\u0144skiej<br>Czyni\u0107 tym dzieciom Bo\u017cym<br>Pod\u0142ug prawdy nie k\u0142amstw szata\u0144skich<br>Oto te\u017c prawdziwy wyraz tych<br>Szata\u0144skich potwornie bestii z\u0142oczyni\u0107 nam<br>Mordowa\u0107 zniewala\u0107 nas naszych nasze<br>Zawsze i wsz\u0119dzie pod\u0142ug szata\u0144stw<br>Najgorszych kt\u00f3rymi \u017cyj\u0105 te bestie<br>I tak degraduj\u0105 tu ludzko\u015b\u0107<br>Zreszt\u0105 ca\u0142\u0105 i wsz\u0119dzie<br>I wmawiaj\u0105 szatany \u017ce nam<br>Trzeba z\u0142o zawsze wsz\u0119dzie czyni\u0107<br>I za to chc\u0105 szata\u0144sko podle<br>Ludzi nagradza\u0107 czyni\u0105c z nich<br>Sprzedawczyk\u00f3w \u0142ajdackich a za dobro<br>Nawet \u015bci\u015ble ograniczone kara\u0107<br>Ca\u0142kowicie przeciwnie do istoty<br>Warto\u015bci i spraw wszelkich Bo\u017cych<br>A z szatanem w zgodzie<br>Z jego zepsuciem degraduj\u0105c moralnie<br>Wszystkich i wsz\u0119dzie ludzi<br>Szatany wierutne i pr\u00f3buj\u0105 wmawia\u0107<br>\u017be tak ma by\u0107<br>Byleby tylko m\u00f3c zabija\u0107 zniewala\u0107<br>I niszczy\u0107 nas naszych nasze<br>I tych kt\u00f3rzy nie s\u0105<br>Nam z gruntu ich szata\u0144stw<br>Przeciwni we wszystkim jako\u015b<br>Byleby zbrodnie tylko szatany niesko\u0144czone<br>W z\u0142u ka\u017cdym zepsutym pod\u0142ym<\/p>\n\n\n\n<p>2.<br>A dlaczego te bestie<br>Tak d\u0105\u017c\u0105 na zatracenie szata\u0144skie<br>Ku zabiciu mojej \u017cony cho\u0107by<br>Czy innych bliskich i mnie<br>Na wszelkie sposoby<br>Bo to ma by\u0107 piecz\u0119\u0107<br>Nad niby obowi\u0105zuj\u0105cym paradygmatem zbrodni<br>Oczywi\u015bcie nie w Bogu<br>Lecz w szatanie bo on<br>Jest zbrodni i k\u0142amstw maj\u0105cych<br>Niby to usprawiedliwia\u0107 jakby zbrodnie<br>Na niewinnych mo\u017cna by\u0142o<br>Czymkolwiek zreszt\u0105 usprawiedliwi\u0107 poza przemoc\u0105<br>Tych bestii kt\u00f3r\u0105 chc\u0105 \u015bwiat<br>Chyba ca\u0142y ten zdominowa\u0107 szata\u0144sko<br>A tak naprawd\u0119 to ma<br>By\u0107 kolejny przyczynek potwierdzenie eksterminacji <br>Chyba narodu ca\u0142ego tego<br>I nie tylko tutaj zreszt\u0105<br>Ludzi dobrej woli wszelkich<br>Przez te bestie<br>Nie \u0142ud\u017acie si\u0119 to jest<br>Celowe dzia\u0142anie jak hitlerowskich Niemiec<br>Najpierw wobec \u017byd\u00f3w w Holokau\u015bcie<br>Ale tak\u017ce i Polak\u00f3w wtedy<br>Szatan i r\u00f3\u017cne bestie<br>Jak wida\u0107 nie nawidz\u0105 strasznie<br>Tego narodu ca\u0142ego ludzi wiary<br>I wszelkich dobrej woli<br>Tak jak te bestie z\u0142a chyba<br>Dla wszystkich nie tylko tutaj<br>No mo\u017ce poza czerwon\u0105 now\u0105<br>Armi\u0105 wszelkich \u0142ajdak\u00f3w kt\u00f3rzy wierutnie<br>S\u0142u\u017c\u0105 ich zbrodniom od tego<br>Tam pijaczka odpowiedniego na wsi<br>Jak jeste\u015bmy tu na po\u0142udniu<br>Po jakichkolwiek zawodowych prywatnych s\u0142u\u017cbowych<br>Bestiom przecie\u017c mo\u017cna si\u0119 zas\u0142ugiwa\u0107<br>Tylko przez zbrodnie na nas<br>Naszych i naszym niewinnych innych<br>Dlatego pod\u0142ug k\u0142amstw i zbrodni<br>Stworzyli tak\u0105 now\u0105 armi\u0119 komunist\u00f3w<br>Bo ludzi warto\u015bci czystych intencji<br>Nie tak \u0142atwo przekabaci\u0107 ku<br>Z\u0142u szata\u0144skiemu zbrodni wszelkich<br>Tych niesko\u0144czonych w szata\u0144stwach bestii<br>Si\u0119 nie \u0142ud\u017acie oni chc\u0105<br>Wyko\u0144czy\u0107 wszystkich kt\u00f3rzy \u0142ajdacko<br>Nie chc\u0105 w ich zbrodniach<br>I k\u0142amstwach ob\u0142udy wszelkiej wsp\u00f3\u0142uczestniczy\u0107<br>Kt\u00f3rzy nie chc\u0105 si\u0119 zdegradowa\u0107<br>Swego cz\u0142owiecze\u0144stwa zbrodniami tych bestii<\/p>\n\n\n\n<figure class=\"wp-block-gallery has-nested-images columns-default is-cropped wp-block-gallery-1 is-layout-flex wp-block-gallery-is-layout-flex\">\n<figure class=\"wp-block-image size-large\"><a href=\"https:\/\/hubertpietka.bialystok.pl\/wp-content\/uploads\/2025\/11\/1000035865-scaled.jpg\"><img loading=\"lazy\" decoding=\"async\" width=\"1024\" height=\"771\" data-id=\"9876\" src=\"https:\/\/hubertpietka.bialystok.pl\/wp-content\/uploads\/2025\/11\/1000035865-1024x771.jpg\" alt=\"\" class=\"wp-image-9876\" srcset=\"https:\/\/hubertpietka.bialystok.pl\/wp-content\/uploads\/2025\/11\/1000035865-1024x771.jpg 1024w, https:\/\/hubertpietka.bialystok.pl\/wp-content\/uploads\/2025\/11\/1000035865-300x226.jpg 300w, https:\/\/hubertpietka.bialystok.pl\/wp-content\/uploads\/2025\/11\/1000035865-768x578.jpg 768w, https:\/\/hubertpietka.bialystok.pl\/wp-content\/uploads\/2025\/11\/1000035865-1536x1157.jpg 1536w, https:\/\/hubertpietka.bialystok.pl\/wp-content\/uploads\/2025\/11\/1000035865-2048x1542.jpg 2048w\" sizes=\"auto, (max-width: 1024px) 100vw, 1024px\" \/><\/a><\/figure>\n<\/figure>\n\n\n\n<p><em>Na zdj. Sanatorium *<strong>Marc-oni<\/strong>* w Busku<br>*<strong>Mar oni<\/strong>* czyli my nasi<br>Czy mo\u017ce wszyscy kt\u00f3rzy sprzeciwiaj\u0105<br>Si\u0119 jako\u015b szata\u0144stwom tych bestii<br>Ich zbrodni wszelkich pod\u0142ug k\u0142amstw<br>Chyba najgorszych bo ob\u0142udy pod\u0142ej<br>Ku wszelkiemu z\u0142u lubi\u0105 to<br>Te bestie tak sobie przyk\u0142ada\u0107<br>Wszystko by pasowa\u0142o ich zbrodniom<br>A cho\u0107by te\u017c po szata\u0144sku<br>Zamyka\u0107 nas w bestii &#8222;6&#8230;&#8221;<br>Czy innych ludzi dobrej woli<br>By czyni\u0107 wszelkie szata\u0144skie zbrodnie<br>Bo swoje bestii i szatana<br>Zar\u00f3wno r\u00f3wnolegle i z\u0142owrogo wsp\u00f3\u0142miernie<\/em><\/p>\n\n\n\n<p class=\"has-text-align-right\"><strong><em><a href=\"https:\/\/youtu.be\/T11mxuQsJDo\">Pie\u015b\u0144 Watahy <\/a><\/em><\/strong><\/p>\n","protected":false},"excerpt":{"rendered":"<p>1.Bestie zaciek\u0142e we wszelkim szata\u0144stwieB\u00f3g powiedzia\u0142 \u017ce &#8222;dom ich ka\u017cdyMa by\u0107 miejscem modlitwyA oni uczynili z nichJaskinie zb\u00f3jc\u00f3w&#8221; zab\u00f3jc\u00f3w agresor\u00f3w wszelkichKa\u017cdy dom w kt\u00f3rym si\u0119My&hellip; <\/p>\n","protected":false},"author":1,"featured_media":0,"parent":0,"menu_order":0,"comment_status":"closed","ping_status":"closed","template":"","meta":{"footnotes":""},"class_list":["post-9875","page","type-page","status-publish","hentry"],"_links":{"self":[{"href":"https:\/\/hubertpietka.bialystok.pl\/index.php?rest_route=\/wp\/v2\/pages\/9875","targetHints":{"allow":["GET"]}}],"collection":[{"href":"https:\/\/hubertpietka.bialystok.pl\/index.php?rest_route=\/wp\/v2\/pages"}],"about":[{"href":"https:\/\/hubertpietka.bialystok.pl\/index.php?rest_route=\/wp\/v2\/types\/page"}],"author":[{"embeddable":true,"href":"https:\/\/hubertpietka.bialystok.pl\/index.php?rest_route=\/wp\/v2\/users\/1"}],"replies":[{"embeddable":true,"href":"https:\/\/hubertpietka.bialystok.pl\/index.php?rest_route=%2Fwp%2Fv2%2Fcomments&post=9875"}],"version-history":[{"count":1,"href":"https:\/\/hubertpietka.bialystok.pl\/index.php?rest_route=\/wp\/v2\/pages\/9875\/revisions"}],"predecessor-version":[{"id":9877,"href":"https:\/\/hubertpietka.bialystok.pl\/index.php?rest_route=\/wp\/v2\/pages\/9875\/revisions\/9877"}],"wp:attachment":[{"href":"https:\/\/hubertpietka.bialystok.pl\/index.php?rest_route=%2Fwp%2Fv2%2Fmedia&parent=9875"}],"curies":[{"name":"wp","href":"https:\/\/api.w.org\/{rel}","templated":true}]}}